{"id":8711,"date":"2023-02-23T22:28:14","date_gmt":"2023-02-24T04:28:14","guid":{"rendered":"https:\/\/tecsecmty.com\/index.php\/producto\/zkteco-fr1500s-lector-esclavo-de-huella-silk-id-tarjetas-id-125-khz-ip65-rs485-y-led-indicador-de-estado-compatible-con-paneles-inbio\/"},"modified":"2023-03-22T23:25:20","modified_gmt":"2023-03-23T05:25:20","slug":"zkteco-fr1500s-lector-esclavo-de-huella-silk-id-tarjetas-id-125-khz-ip65-rs485-y-led-indicador-de-estado-compatible-con-paneles-inbio","status":"publish","type":"product","link":"https:\/\/tecsecmty.com\/index.php\/producto\/zkteco-fr1500s-lector-esclavo-de-huella-silk-id-tarjetas-id-125-khz-ip65-rs485-y-led-indicador-de-estado-compatible-con-paneles-inbio\/","title":{"rendered":"ZKTECO FR1500S &#8211; Lector Esclavo De Huella SILK ID Tarjetas ID 125 Khz \/ IP65 \/ RS485 y Led Indicador de Estado \/ Compatible con Paneles InBio"},"content":{"rendered":"<p>Informaci\u00f3n General<br \/>\nEl dispositivo biom\u00e9trico FR1500 es un lector esclavo de huella digital (con tecnolog\u00eda SilkID) y tarjetas ID, cuenta con interfaz de comunicaci\u00f3n RS485 para funcionar en conjunto con paneles de acceso de la serie InBio. InBio PRO y lectores StandAlone compatibles.<\/p>\n<p>El FR1500captura la huella digital o tarjeta y env\u00eda la informaci\u00f3n al dispositivo maestro para ser realizar la verificaci\u00f3n del usuario.<\/p>\n<p>Con una estructura resistente y un \u00edndice de protecci\u00f3n IP65 a prueba de agua y polvo, el FR1500 ofrece una mayor durabilidad en aplicaciones de uso en exteriores.<\/p>\n<p style=\"text-align: right\"><img decoding=\"async\" class=\"size-medium wp-image-9656 aligncenter\" src=\"https:\/\/tecsecmty.com\/wp-content\/uploads\/2023\/02\/Lector-Esclavo-Huella-SilkID-TarjetaID-125Khz-IP65-FR1500S-Banner-300x63.png\" alt=\"\" width=\"300\" height=\"63\" \/><\/p>\n<p>Principales Caracter\u00edsticas<br \/>\nSensor de huella digital SilkID.<br \/>\n<img decoding=\"async\" class=\"wp-image-9657 alignleft\" src=\"https:\/\/tecsecmty.com\/wp-content\/uploads\/2023\/02\/Lector-Esclavo-Huella-SilkID-TarjetaID-125Khz-IP65-FR1500S-Complemento2-300x225.png\" alt=\"\" width=\"223\" height=\"167\" \/>Elegante dise\u00f1o para empotrar sobre pared y\/o superficies planas.<br \/>\nCarcasa frontal de acero inoxidable.<br \/>\nCaja de conexiones est\u00e1ndar.<br \/>\nCubierta protectora de sensor huellas.<br \/>\nResistente al agua.<\/p>\n<p>Especificaciones T\u00e9cnicas<br \/>\n<img fetchpriority=\"high\" decoding=\"async\" class=\"size-medium wp-image-9658 alignleft\" src=\"https:\/\/tecsecmty.com\/wp-content\/uploads\/2023\/02\/Lector-Esclavo-Huella-SilkID-TarjetaID-125Khz-IP65-FR1500S-Complemento-300x225.png\" alt=\"\" width=\"300\" height=\"225\" \/>Comunicaci\u00f3n: RS485<br \/>\n\u00cdndice de Protecci\u00f3n: IP65<br \/>\nTemperatura de Operaci\u00f3n: -10\u00b0c a 45\u00b0C<br \/>\nHumedad de Operaci\u00f3n: 20%- 95%<br \/>\nDimensiones: 121.3 x 77.3 x 38 mm<br \/>\nVersi\u00f3n de Algoritmo: ZKFinger VX10.0<br \/>\nFuente de Alimentaci\u00f3n: 12VDC<br \/>\nLector de Tarjeta: RFID 125KHz<br \/>\nCompatibilidad: Paneles InBio, InBio Pro y Dispositivos StandAlone (con comunicaci\u00f3n RS485)<\/p>\n","protected":false},"excerpt":{"rendered":"<p>Informaci\u00f3n General El dispositivo biom\u00e9trico FR1500 es un lector esclavo de huella digital (con tecnolog\u00eda SilkID) y tarjetas ID, cuenta con interfaz de comunicaci\u00f3n RS485 para funcionar en conjunto con paneles de acceso de la serie InBio. InBio PRO y lectores StandAlone compatibles. El FR1500captura&hellip;<\/p>\n","protected":false},"featured_media":8710,"comment_status":"open","ping_status":"closed","template":"","meta":{"om_disable_all_campaigns":false,"_monsterinsights_skip_tracking":false,"_monsterinsights_sitenote_active":false,"_monsterinsights_sitenote_note":"","_monsterinsights_sitenote_category":0},"product_brand":[],"product_cat":[812],"product_tag":[81,727,730,66,731,728,729],"class_list":{"0":"post-8711","1":"product","2":"type-product","3":"status-publish","4":"has-post-thumbnail","6":"product_cat-lectoras-biometricas-control-de-acceso-zkteco-acceso-asistencia","7":"product_tag-acceso-y-asistencia","8":"product_tag-cerraduras","9":"product_tag-commax-wulian","10":"product_tag-dahua","11":"product_tag-wejoin","12":"product_tag-yli","13":"product_tag-zkteco","15":"first","16":"instock","17":"sale","18":"taxable","19":"shipping-taxable","20":"purchasable","21":"product-type-simple"},"aioseo_notices":[],"_links":{"self":[{"href":"https:\/\/tecsecmty.com\/index.php\/wp-json\/wp\/v2\/product\/8711","targetHints":{"allow":["GET"]}}],"collection":[{"href":"https:\/\/tecsecmty.com\/index.php\/wp-json\/wp\/v2\/product"}],"about":[{"href":"https:\/\/tecsecmty.com\/index.php\/wp-json\/wp\/v2\/types\/product"}],"replies":[{"embeddable":true,"href":"https:\/\/tecsecmty.com\/index.php\/wp-json\/wp\/v2\/comments?post=8711"}],"version-history":[{"count":0,"href":"https:\/\/tecsecmty.com\/index.php\/wp-json\/wp\/v2\/product\/8711\/revisions"}],"wp:featuredmedia":[{"embeddable":true,"href":"https:\/\/tecsecmty.com\/index.php\/wp-json\/wp\/v2\/media\/8710"}],"wp:attachment":[{"href":"https:\/\/tecsecmty.com\/index.php\/wp-json\/wp\/v2\/media?parent=8711"}],"wp:term":[{"taxonomy":"product_brand","embeddable":true,"href":"https:\/\/tecsecmty.com\/index.php\/wp-json\/wp\/v2\/product_brand?post=8711"},{"taxonomy":"product_cat","embeddable":true,"href":"https:\/\/tecsecmty.com\/index.php\/wp-json\/wp\/v2\/product_cat?post=8711"},{"taxonomy":"product_tag","embeddable":true,"href":"https:\/\/tecsecmty.com\/index.php\/wp-json\/wp\/v2\/product_tag?post=8711"}],"curies":[{"name":"wp","href":"https:\/\/api.w.org\/{rel}","templated":true}]}}