{"id":8715,"date":"2023-02-23T22:28:21","date_gmt":"2023-02-24T04:28:21","guid":{"rendered":"https:\/\/tecsecmty.com\/index.php\/producto\/zkteco-g4l-control-de-acceso-y-asistencia-de-reconocimiento-facial-visible-light-green-label-10000-huellas-10000-tarjetas-id-10000-rostros-1000-000-de-eventos-mtd-exitosos\/"},"modified":"2023-03-22T23:25:20","modified_gmt":"2023-03-23T05:25:20","slug":"zkteco-g4l-control-de-acceso-y-asistencia-de-reconocimiento-facial-visible-light-green-label-10000-huellas-10000-tarjetas-id-10000-rostros-1000-000-de-eventos-mtd-exitosos","status":"publish","type":"product","link":"https:\/\/tecsecmty.com\/index.php\/producto\/zkteco-g4l-control-de-acceso-y-asistencia-de-reconocimiento-facial-visible-light-green-label-10000-huellas-10000-tarjetas-id-10000-rostros-1000-000-de-eventos-mtd-exitosos\/","title":{"rendered":"ZKTECO G4L &#8211; Control de Acceso y Asistencia de Reconocimiento Facial Visible Light \/ Green Label \/ 10000 Huellas \/ 10000 Tarjetas ID \/ 10000 Rostros \/ 1,000 000 de Eventos \/ #MTD \/ #Exitosos \/"},"content":{"rendered":"<div class=\"row aling-items-center padding-bottom-2x\">\n<div class=\"col-lg-12\">\n<h5 class=\"card-title text-center\">Informaci\u00f3n General<\/h5>\n<p class=\"ql-align-justify\">La terminal Multi-biom\u00e9trica G4L, que ofrece notablemente reconocimiento facial mejorado de luz visible y tecnolog\u00eda de autenticaci\u00f3n de huellas dactilares SilkID.<\/p>\n<p class=\"ql-align-justify\">En comparaci\u00f3n con otros dispositivos de identificaci\u00f3n facial de infrarrojo cercano, el G4L, equipado con tecnolog\u00eda avanzada de reconocimiento facial con luz visible, permite una detecci\u00f3n de rostros autom\u00e1tica m\u00e1s r\u00e1pida y reconocimiento facial cuando un objetivo ingresa su distancia de detecci\u00f3n de 0.5 ma 2.5 m. Con la aplicaci\u00f3n de nuevos algoritmos de aprendizaje profundo, el rendimiento de la tecnolog\u00eda anti-spoofing se ha incrementado drasticamente y puede prevenir diferentes tipos de ataques de fotos y videos.<\/p>\n<p class=\"ql-align-justify\">Adem\u00e1s, con el innovador algoritmo de huellas digitales de neuronas 3D, G4L autentica con precisi\u00f3n las huellas dactilares secas, h\u00famedas o rugosas de manera eficiente y precisa. Adem\u00e1s del reconocimiento facial Visible Light y la autenticaci\u00f3n de huellas dactilares SilkID, G4L tambi\u00e9n admite la identificaci\u00f3n con tarjetas RFID y contrase\u00f1as.<\/p>\n<p><img decoding=\"async\" class=\"overview-center-img-web\" src=\"https:\/\/tvc.mx\/media\/321059\/Control-Acceso-Asistencia-GreenLabel-Huellas-TarjetasID-Rostros-G4L-ZK-Banner.png\" alt=\"\" \/><\/div>\n<\/div>\n<div class=\"row align-items-center padding-bottom-2x\">\n<div class=\"col-md-5 order-md-2\"><img decoding=\"async\" class=\"d-block m-auto img-thumbnail\" src=\"https:\/\/tvc.mx\/media\/321067\/Control-Acceso-Asistencia-GreenLabel-Huellas-TarjetasID-Rostros-G4L-ZK-Complemento2.png\" alt=\" \" \/><\/div>\n<div class=\"col-md-7 order-md-1 text-md-left text-center\">\n<h2>Principales Caracter\u00edsticas<\/h2>\n<p class=\"text-muted\">\n<p><strong>Almacenamiento:<\/strong><\/p>\n<ul>\n<li>10,000 Rostros (Visible Light)<\/li>\n<li>10,000 Tarjetas (RF-ID)<\/li>\n<li>10,000 Huellas (Sensor SilkID)<\/li>\n<li>1,000,000 Eventos<\/li>\n<\/ul>\n<p><strong>Interfaz de Comunicaci\u00f3n:<\/strong>\u00a0TCP\/IP, USB(Host)<\/p>\n<p><strong>Funci\u00f3n ADMS<\/strong>\u00a0Ready<\/p>\n<p><strong>Interfaz de Acceso:<\/strong><\/p>\n<ul>\n<li>Relevador para Control de Acceso<\/li>\n<li>Conexi\u00f3n para Bot\u00f3n de Salida<\/li>\n<li>Conexi\u00f3n para Sensor de Puerta<\/li>\n<li>Salida de Alarma<\/li>\n<li>Entrada y Salida Wiegand<\/li>\n<li>Conexi\u00f3n para Esclavo (RS485)<\/li>\n<\/ul>\n<p><strong>Software Compatible:<\/strong>\u00a0BioTime PRO, BioSecurity (Modulo Asistencia)<\/p>\n<p>&nbsp;<\/p>\n<\/div>\n<\/div>\n<hr class=\"padding-bottom-2x\" \/>\n<div class=\"row align-items-center padding-bottom-2x\">\n<div class=\"col-md-5\"><img decoding=\"async\" class=\"d-block m-auto img-thumbnail\" src=\"https:\/\/tvc.mx\/media\/321071\/Control-Acceso-Asistencia-GreenLabel-Huellas-TarjetasID-Rostros-G4L-ZK-Complemento.png\" alt=\" \" \/><\/div>\n<div class=\"col-md-7 text-md-left text-center\">\n<h2>Especificaciones T\u00e9cnicas<\/h2>\n<p class=\"text-muted\">\n<p><strong>Pantalla:<\/strong>\u00a0T\u00e1ctil de 7 Pulgadas<\/p>\n<p><strong>Fuente de Alimentaci\u00f3n:<\/strong>\u00a0DC 12V 3A<\/p>\n<p><strong>Temperatura de Operaci\u00f3n:<\/strong>\u00a00\u00b0c a 50\u00b0c<\/p>\n<p><strong>Humedad de Operaci\u00f3n:<\/strong>\u00a010% ~ 90%<\/p>\n<p><strong>Dimensiones<\/strong>:\u00a0264 * 112 * 54.8 mm<\/p>\n<p><strong>Algoritmos:<\/strong>\u00a0ZKFace V5.8, ZKFinger V10.0<\/p>\n<p><strong>Distancia de Reconocimiento Facial:<\/strong>\u00a00.5m ~ 2.5m<\/p>\n<\/div>\n<\/div>\n","protected":false},"excerpt":{"rendered":"<p>Informaci\u00f3n General La terminal Multi-biom\u00e9trica G4L, que ofrece notablemente reconocimiento facial mejorado de luz visible y tecnolog\u00eda de autenticaci\u00f3n de huellas dactilares SilkID. En comparaci\u00f3n con otros dispositivos de identificaci\u00f3n facial de infrarrojo cercano, el G4L, equipado con tecnolog\u00eda avanzada de reconocimiento facial con luz&hellip;<\/p>\n","protected":false},"featured_media":8714,"comment_status":"open","ping_status":"closed","template":"","meta":{"om_disable_all_campaigns":false,"_monsterinsights_skip_tracking":false,"_monsterinsights_sitenote_active":false,"_monsterinsights_sitenote_note":"","_monsterinsights_sitenote_category":0},"product_brand":[],"product_cat":[812],"product_tag":[81,727,730,66,731,728,729],"class_list":{"0":"post-8715","1":"product","2":"type-product","3":"status-publish","4":"has-post-thumbnail","6":"product_cat-lectoras-biometricas-control-de-acceso-zkteco-acceso-asistencia","7":"product_tag-acceso-y-asistencia","8":"product_tag-cerraduras","9":"product_tag-commax-wulian","10":"product_tag-dahua","11":"product_tag-wejoin","12":"product_tag-yli","13":"product_tag-zkteco","15":"first","16":"instock","17":"sale","18":"taxable","19":"shipping-taxable","20":"purchasable","21":"product-type-simple"},"aioseo_notices":[],"_links":{"self":[{"href":"https:\/\/tecsecmty.com\/index.php\/wp-json\/wp\/v2\/product\/8715","targetHints":{"allow":["GET"]}}],"collection":[{"href":"https:\/\/tecsecmty.com\/index.php\/wp-json\/wp\/v2\/product"}],"about":[{"href":"https:\/\/tecsecmty.com\/index.php\/wp-json\/wp\/v2\/types\/product"}],"replies":[{"embeddable":true,"href":"https:\/\/tecsecmty.com\/index.php\/wp-json\/wp\/v2\/comments?post=8715"}],"version-history":[{"count":0,"href":"https:\/\/tecsecmty.com\/index.php\/wp-json\/wp\/v2\/product\/8715\/revisions"}],"wp:featuredmedia":[{"embeddable":true,"href":"https:\/\/tecsecmty.com\/index.php\/wp-json\/wp\/v2\/media\/8714"}],"wp:attachment":[{"href":"https:\/\/tecsecmty.com\/index.php\/wp-json\/wp\/v2\/media?parent=8715"}],"wp:term":[{"taxonomy":"product_brand","embeddable":true,"href":"https:\/\/tecsecmty.com\/index.php\/wp-json\/wp\/v2\/product_brand?post=8715"},{"taxonomy":"product_cat","embeddable":true,"href":"https:\/\/tecsecmty.com\/index.php\/wp-json\/wp\/v2\/product_cat?post=8715"},{"taxonomy":"product_tag","embeddable":true,"href":"https:\/\/tecsecmty.com\/index.php\/wp-json\/wp\/v2\/product_tag?post=8715"}],"curies":[{"name":"wp","href":"https:\/\/api.w.org\/{rel}","templated":true}]}}