{"id":8717,"date":"2023-02-23T22:28:23","date_gmt":"2023-02-24T04:28:23","guid":{"rendered":"https:\/\/tecsecmty.com\/index.php\/producto\/zkteco-ma500-control-de-acceso-profesional-3000-huellas-30000-tarjetas-rfid-conexion-tcpip-ip65\/"},"modified":"2023-03-22T23:25:26","modified_gmt":"2023-03-23T05:25:26","slug":"zkteco-ma500-control-de-acceso-profesional-3000-huellas-30000-tarjetas-rfid-conexion-tcpip-ip65","status":"publish","type":"product","link":"https:\/\/tecsecmty.com\/index.php\/producto\/zkteco-ma500-control-de-acceso-profesional-3000-huellas-30000-tarjetas-rfid-conexion-tcpip-ip65\/","title":{"rendered":"ZKTECO MA500 &#8211; Control de Acceso Profesional \/ 3,000 Huellas \/ 30,000 Tarjetas RFID \/ Conexi\u00f3n TCPIP \/ IP65"},"content":{"rendered":"<div class=\"row aling-items-center padding-bottom-2x\">\n<div class=\"col-lg-12\">\n<h5 class=\"card-title text-center\">Informaci\u00f3n General<\/h5>\n<p>El dispositivo modelo\u00a0<strong>MA500<\/strong>\u00a0es una robusta terminal biom\u00e9trica para exteriores. Su cubierta met\u00e1lica anti-vand\u00e1lica y su grado de protecci\u00f3n IP65 la hacen ideal para su instalaci\u00f3n en ambientes hostiles y de alto tr\u00e1fico de usuarios. Cuenta con interfaces para la conexi\u00f3n de cerradura el\u00e9ctrica, sensor de puerta, alarma y bot\u00f3n de salida para utilizarse como un sistema de acceso aut\u00f3nomo.<\/p>\n<p>Ofrece la flexibilidad de la funci\u00f3n maestro-esclavo para la conexi\u00f3n de otro MA500 o un FR1200 mediante su interfaz RS485.<\/p>\n<p><img decoding=\"async\" class=\"overview-center-img-web\" src=\"https:\/\/tvc.mx\/media\/485464\/Control-Acceso-Profesional-Huellas-Tarjetas-RFID-IP65-Banner.png\" alt=\"\" \/><\/div>\n<\/div>\n<div class=\"row align-items-center padding-bottom-2x\">\n<div class=\"col-md-5 order-md-2\"><img decoding=\"async\" class=\"d-block m-auto img-thumbnail\" src=\"https:\/\/tvc.mx\/media\/485466\/Control-Acceso-Profesional-Huellas-Tarjetas-RFID-IP65-Complemento.png\" alt=\" \" \/><\/div>\n<div class=\"col-md-7 order-md-1 text-md-left text-center\">\n<h2>Principales Caracter\u00edsticas<\/h2>\n<p class=\"text-muted\">\n<p><strong>Almacenamiento:<\/strong><\/p>\n<ul>\n<li>3,000 Huellas<\/li>\n<li>30,000 Tarjetas (RF-ID)<\/li>\n<li>30,000 Contrase\u00f1as<\/li>\n<li>100,000 Eventos<\/li>\n<\/ul>\n<p><strong>Interfaz de Comunicaci\u00f3n:<\/strong>\u00a0TCP\/IP, RS485<\/p>\n<p><strong>Interfaz de Acceso:<\/strong><\/p>\n<ul>\n<li>Relevador para Control de Acceso<\/li>\n<li>Conexi\u00f3n para Bot\u00f3n de Salida<\/li>\n<li>Conexi\u00f3n para Sensor de Puerta<\/li>\n<li>Salida y Entrada Wiegand<\/li>\n<li>Conexi\u00f3n RS485 (para Lector Esclavo)<\/li>\n<li>Salida de Alarma<\/li>\n<\/ul>\n<p><strong>Software Compatible:<\/strong>\u00a0ZK Access3.5<\/p>\n<p>&nbsp;<\/p>\n<\/div>\n<\/div>\n<hr class=\"padding-bottom-2x\" \/>\n<div class=\"row align-items-center padding-bottom-2x\">\n<div class=\"col-md-5\"><img decoding=\"async\" class=\"d-block m-auto img-thumbnail\" src=\"https:\/\/tvc.mx\/media\/485470\/Control-Acceso-Profesional-Huellas-Tarjetas-RFID-IP65-Complemento2.png\" alt=\" \" \/><\/div>\n<div class=\"col-md-7 text-md-left text-center\">\n<h2>Especificaciones T\u00e9cnicas<\/h2>\n<p class=\"text-muted\">\n<p><strong>Fuente de Alimentaci\u00f3n:<\/strong>\u00a012VDC 3A<\/p>\n<p><strong>Caracter\u00edsticas Especiales:<\/strong>\u00a0IP65<\/p>\n<p><strong>Temperatura de Operaci\u00f3n:<\/strong>\u00a00\u00b0C a 45\u00b0C<\/p>\n<p><strong>Humedad de Operaci\u00f3n:<\/strong>\u00a010% &#8211; 90%<\/p>\n<p><strong>Dimensiones:<\/strong>\u00a083 x 127.5 x 74 mm<\/p>\n<p><strong>Versi\u00f3n de Algoritmo:<\/strong>\u00a0ZKFinger VX10.0<\/p>\n<\/div>\n<\/div>\n","protected":false},"excerpt":{"rendered":"<p>Informaci\u00f3n General El dispositivo modelo\u00a0MA500\u00a0es una robusta terminal biom\u00e9trica para exteriores. Su cubierta met\u00e1lica anti-vand\u00e1lica y su grado de protecci\u00f3n IP65 la hacen ideal para su instalaci\u00f3n en ambientes hostiles y de alto tr\u00e1fico de usuarios. Cuenta con interfaces para la conexi\u00f3n de cerradura el\u00e9ctrica,&hellip;<\/p>\n","protected":false},"featured_media":8716,"comment_status":"open","ping_status":"closed","template":"","meta":{"om_disable_all_campaigns":false,"_monsterinsights_skip_tracking":false,"_monsterinsights_sitenote_active":false,"_monsterinsights_sitenote_note":"","_monsterinsights_sitenote_category":0},"product_brand":[],"product_cat":[812],"product_tag":[81,727,730,66,731,728,729],"class_list":{"0":"post-8717","1":"product","2":"type-product","3":"status-publish","4":"has-post-thumbnail","6":"product_cat-lectoras-biometricas-control-de-acceso-zkteco-acceso-asistencia","7":"product_tag-acceso-y-asistencia","8":"product_tag-cerraduras","9":"product_tag-commax-wulian","10":"product_tag-dahua","11":"product_tag-wejoin","12":"product_tag-yli","13":"product_tag-zkteco","15":"first","16":"instock","17":"sale","18":"taxable","19":"shipping-taxable","20":"purchasable","21":"product-type-simple"},"aioseo_notices":[],"_links":{"self":[{"href":"https:\/\/tecsecmty.com\/index.php\/wp-json\/wp\/v2\/product\/8717","targetHints":{"allow":["GET"]}}],"collection":[{"href":"https:\/\/tecsecmty.com\/index.php\/wp-json\/wp\/v2\/product"}],"about":[{"href":"https:\/\/tecsecmty.com\/index.php\/wp-json\/wp\/v2\/types\/product"}],"replies":[{"embeddable":true,"href":"https:\/\/tecsecmty.com\/index.php\/wp-json\/wp\/v2\/comments?post=8717"}],"version-history":[{"count":0,"href":"https:\/\/tecsecmty.com\/index.php\/wp-json\/wp\/v2\/product\/8717\/revisions"}],"wp:featuredmedia":[{"embeddable":true,"href":"https:\/\/tecsecmty.com\/index.php\/wp-json\/wp\/v2\/media\/8716"}],"wp:attachment":[{"href":"https:\/\/tecsecmty.com\/index.php\/wp-json\/wp\/v2\/media?parent=8717"}],"wp:term":[{"taxonomy":"product_brand","embeddable":true,"href":"https:\/\/tecsecmty.com\/index.php\/wp-json\/wp\/v2\/product_brand?post=8717"},{"taxonomy":"product_cat","embeddable":true,"href":"https:\/\/tecsecmty.com\/index.php\/wp-json\/wp\/v2\/product_cat?post=8717"},{"taxonomy":"product_tag","embeddable":true,"href":"https:\/\/tecsecmty.com\/index.php\/wp-json\/wp\/v2\/product_tag?post=8717"}],"curies":[{"name":"wp","href":"https:\/\/api.w.org\/{rel}","templated":true}]}}