{"id":8719,"date":"2023-02-23T22:28:25","date_gmt":"2023-02-24T04:28:25","guid":{"rendered":"https:\/\/tecsecmty.com\/index.php\/producto\/zkteco-multibio800-terminal-multi-biometrica-de-alta-capacidad-para-control-de-acceso-y-gestion-de-asistencia\/"},"modified":"2023-03-22T23:25:28","modified_gmt":"2023-03-23T05:25:28","slug":"zkteco-multibio800-terminal-multi-biometrica-de-alta-capacidad-para-control-de-acceso-y-gestion-de-asistencia","status":"publish","type":"product","link":"https:\/\/tecsecmty.com\/index.php\/producto\/zkteco-multibio800-terminal-multi-biometrica-de-alta-capacidad-para-control-de-acceso-y-gestion-de-asistencia\/","title":{"rendered":"ZKTECO MULTIBIO800 &#8211; Terminal Multi-Biom\u00e9trica de Alta Capacidad para Control de Acceso y Gesti\u00f3n de Asistencia"},"content":{"rendered":"<div class=\"row aling-items-center padding-bottom-2x\">\n<div class=\"col-lg-12\">\n<h5 class=\"card-title text-center\">Informaci\u00f3n General<\/h5>\n<p>El Dispositivo multi-biom\u00e9trico\u00a0<strong>MultiBio 800<\/strong>\u00a0es un equipo de alta capacidad para el control de acceso y gesti\u00f3n del tiempo y asistencia con verificaci\u00f3n de rostro y huella. Integrado con el \u00faltimo algoritmo ZKFace 7.0 que incorpora un veloz reconocimiento de rostro y una baja probabilidad de fallo.<\/p>\n<p>El\u00a0<strong>MultiBio 800<\/strong>\u00a0puede llevar a cabo la verificaci\u00f3n por medio de rostro, huella, contrase\u00f1a y diversos m\u00e9todos de combinaci\u00f3n que permiten satisfacer las necesidades de los diferentes usuarios. Gracias a su c\u00e1mara profesional y la alta resoluci\u00f3n con la que cuenta, el\u00a0<strong>Multibio 800<\/strong>\u00a0ofrece un alto rendimiento a\u00fan en ambientes con poca luz.<\/p>\n<p><img decoding=\"async\" class=\"overview-center-img-web\" src=\"https:\/\/tvc.mx\/media\/534839\/Control-Acceso-Asistencia-Simple-Huellas-Rostros-MULTIBIO800-ZKTeco-TVC-Banner.png\" alt=\"\" \/><\/div>\n<\/div>\n<div class=\"row align-items-center padding-bottom-2x\">\n<div class=\"col-md-5 order-md-2\"><img decoding=\"async\" class=\"d-block m-auto img-thumbnail\" src=\"https:\/\/tvc.mx\/media\/534843\/Control-Acceso-Asistencia-Simple-Huellas-Rostros-MULTIBIO800-ZKTeco-TVC-Complemento.png\" alt=\" \" \/><\/div>\n<div class=\"col-md-7 order-md-1 text-md-left text-center\">\n<h2>Principales Caracter\u00edsticas<\/h2>\n<p class=\"text-muted\">\n<p><strong>Almacenamiento:<\/strong><\/p>\n<ul>\n<li>1,500 Rostros<\/li>\n<li>4,000 Huellas<\/li>\n<li>4,000 Contrase\u00f1as<\/li>\n<li>100,000 Eventos<\/li>\n<\/ul>\n<p><strong>Interfaz de Comunicaci\u00f3n:\u00a0<\/strong>TCP\/IP, USB(Host)<\/p>\n<p><strong>Funci\u00f3n ADMS<\/strong>\u00a0Ready<\/p>\n<p><strong>Interfaz de Acceso:<\/strong><\/p>\n<ul>\n<li>Relevador para Control de Acceso<\/li>\n<li>Conexi\u00f3n para Bot\u00f3n de Salida<\/li>\n<li>Conexi\u00f3n para Sensor de Puerta<\/li>\n<li>Salida y Entrada Wiegand<\/li>\n<li>Conexi\u00f3n RS485 (para Lector Esclavo)<\/li>\n<li>Entrada Auxiliar<\/li>\n<li>Salida de Alarma<\/li>\n<li>Conexi\u00f3n de Timbre<\/li>\n<\/ul>\n<p><strong>Funci\u00f3n opcional de paga (Actualizaci\u00f3n de Firmware)(Clave:\u00a0<\/strong><strong>67067<\/strong><strong>)<\/strong><\/p>\n<ul>\n<li>Activaci\u00f3n de Relevador por Timbre Programado<\/li>\n<\/ul>\n<p><strong>Software Compatible:<\/strong>\u00a0ZK Time.Net Lite,\u00a0ZK Time.Net 3.0,\u00a0BioTime PRO.<\/p>\n<p>&nbsp;<\/p>\n<\/div>\n<\/div>\n<hr class=\"padding-bottom-2x\" \/>\n<div class=\"row align-items-center padding-bottom-2x\">\n<div class=\"col-md-5\"><img decoding=\"async\" class=\"d-block m-auto img-thumbnail\" src=\"https:\/\/tvc.mx\/media\/534863\/Control-Acceso-Asistencia-Simple-Huellas-Rostros-MULTIBIO800-ZKTeco-TVC-Complemento2.png\" alt=\" \" \/><\/div>\n<div class=\"col-md-7 text-md-left text-center\">\n<h2>Especificaciones T\u00e9cnicas<\/h2>\n<p class=\"text-muted\">\n<p><strong>Pantalla:<\/strong>\u00a02.8 Pulgadas TFT<\/p>\n<p><strong>Fuente de Alimentaci\u00f3n:\u00a0<\/strong>DC 12V 3A<\/p>\n<p><strong>Temperatura de Operaci\u00f3n:\u00a0<\/strong>0\u00b0c a 45\u00b0c<\/p>\n<p><strong>Humedad de Operaci\u00f3n:<\/strong>\u00a020% &#8211; 80%<\/p>\n<p><strong>Dimensiones:<\/strong>\u00a087.7 x 187.7 x 62.51 mm<\/p>\n<\/div>\n<\/div>\n","protected":false},"excerpt":{"rendered":"<p>Informaci\u00f3n General El Dispositivo multi-biom\u00e9trico\u00a0MultiBio 800\u00a0es un equipo de alta capacidad para el control de acceso y gesti\u00f3n del tiempo y asistencia con verificaci\u00f3n de rostro y huella. Integrado con el \u00faltimo algoritmo ZKFace 7.0 que incorpora un veloz reconocimiento de rostro y una baja&hellip;<\/p>\n","protected":false},"featured_media":8718,"comment_status":"open","ping_status":"closed","template":"","meta":{"om_disable_all_campaigns":false,"_monsterinsights_skip_tracking":false,"_monsterinsights_sitenote_active":false,"_monsterinsights_sitenote_note":"","_monsterinsights_sitenote_category":0},"product_brand":[],"product_cat":[812],"product_tag":[81,727,730,66,731,728,729],"class_list":{"0":"post-8719","1":"product","2":"type-product","3":"status-publish","4":"has-post-thumbnail","6":"product_cat-lectoras-biometricas-control-de-acceso-zkteco-acceso-asistencia","7":"product_tag-acceso-y-asistencia","8":"product_tag-cerraduras","9":"product_tag-commax-wulian","10":"product_tag-dahua","11":"product_tag-wejoin","12":"product_tag-yli","13":"product_tag-zkteco","15":"first","16":"instock","17":"sale","18":"taxable","19":"shipping-taxable","20":"purchasable","21":"product-type-simple"},"aioseo_notices":[],"_links":{"self":[{"href":"https:\/\/tecsecmty.com\/index.php\/wp-json\/wp\/v2\/product\/8719","targetHints":{"allow":["GET"]}}],"collection":[{"href":"https:\/\/tecsecmty.com\/index.php\/wp-json\/wp\/v2\/product"}],"about":[{"href":"https:\/\/tecsecmty.com\/index.php\/wp-json\/wp\/v2\/types\/product"}],"replies":[{"embeddable":true,"href":"https:\/\/tecsecmty.com\/index.php\/wp-json\/wp\/v2\/comments?post=8719"}],"version-history":[{"count":0,"href":"https:\/\/tecsecmty.com\/index.php\/wp-json\/wp\/v2\/product\/8719\/revisions"}],"wp:featuredmedia":[{"embeddable":true,"href":"https:\/\/tecsecmty.com\/index.php\/wp-json\/wp\/v2\/media\/8718"}],"wp:attachment":[{"href":"https:\/\/tecsecmty.com\/index.php\/wp-json\/wp\/v2\/media?parent=8719"}],"wp:term":[{"taxonomy":"product_brand","embeddable":true,"href":"https:\/\/tecsecmty.com\/index.php\/wp-json\/wp\/v2\/product_brand?post=8719"},{"taxonomy":"product_cat","embeddable":true,"href":"https:\/\/tecsecmty.com\/index.php\/wp-json\/wp\/v2\/product_cat?post=8719"},{"taxonomy":"product_tag","embeddable":true,"href":"https:\/\/tecsecmty.com\/index.php\/wp-json\/wp\/v2\/product_tag?post=8719"}],"curies":[{"name":"wp","href":"https:\/\/api.w.org\/{rel}","templated":true}]}}