{"id":8721,"date":"2023-02-23T22:28:27","date_gmt":"2023-02-24T04:28:27","guid":{"rendered":"https:\/\/tecsecmty.com\/index.php\/producto\/zkteco-proface-x-ti-terminal-de-control-de-acceso-y-asistencia-facial-y-palma-con-medicion-de-temperatura-y-deteccion-de-cubrebocas-lectura-de-qr-e-intercom-30000-rostros-serie-visible-light\/"},"modified":"2023-03-22T23:25:29","modified_gmt":"2023-03-23T05:25:29","slug":"zkteco-proface-x-ti-terminal-de-control-de-acceso-y-asistencia-facial-y-palma-con-medicion-de-temperatura-y-deteccion-de-cubrebocas-lectura-de-qr-e-intercom-30000-rostros-serie-visible-light","status":"publish","type":"product","link":"https:\/\/tecsecmty.com\/index.php\/producto\/zkteco-proface-x-ti-terminal-de-control-de-acceso-y-asistencia-facial-y-palma-con-medicion-de-temperatura-y-deteccion-de-cubrebocas-lectura-de-qr-e-intercom-30000-rostros-serie-visible-light\/","title":{"rendered":"ZKTECO PROFACE X TI &#8211; Terminal de Control de Acceso y Asistencia Facial y Palma con Medici\u00f3n de Temperatura y Detecci\u00f3n de Cubrebocas \/ Lectura de QR e Intercom \/ 30000 Rostros \/ Serie Visible Light \/ #MTD"},"content":{"rendered":"<div class=\"row aling-items-center padding-bottom-2x\">\n<div class=\"col-lg-12\">\n<h5 class=\"card-title text-center\">Informaci\u00f3n General<\/h5>\n<p>La Terminal Biom\u00e9trica\u00a0<strong>ProFace X [TI]<\/strong>\u00a0es una versi\u00f3n totalmente actualizada de la l\u00ednea de productos\u00a0<u>ProFace<\/u>, que est\u00e1 dise\u00f1ada para hacer frente a todo tipo de escenarios. Desarrollado por la CPU personalizada ZKTeco para ejecutar el algoritmo de reconocimiento facial de ingenier\u00eda intelectualizado y la \u00faltima tecnolog\u00eda de visi\u00f3n por computadora,\u00a0<strong>ProFace X [TI]<\/strong>\u00a0admite la verificaci\u00f3n facial, palma, lectura de C\u00f3digo QR gran capacidad de reconocimiento r\u00e1pido, aumentando el rendimiento de seguridad en todos los aspectos.<\/p>\n<p><strong>ProFace X [TI]<\/strong>\u00a0tambi\u00e9n ayuda a eliminar problemas de higiene; no solo por la tecnolog\u00eda de reconocimiento sin contacto, si no a las nuevas funciones de la detecci\u00f3n de temperatura corporal y la identificaci\u00f3n individual con mascara. La capacidad de reconocimiento facial ha alcanzado una nueva altura en la industria de la tecnolog\u00eda biom\u00e9trica con velocidad de reconocimiento de menos de 0.3 segundos por cara y la capacidad anti-falsificaci\u00f3n definitiva contra casi todos los tipos de falsificaciones, ataque de fotos y videos.<\/p>\n<p>Adem\u00e1s, el reconocimiento de palma 3 en 1 (forma de palma, impresi\u00f3n de palma y vena de palma) se realiza en 0,35 segundos por mano. Como se mencion\u00f3 anteriormente,\u00a0<strong>ProFace X [TI]<\/strong>\u00a0puede ayudar a reducir el riesgo de infecci\u00f3n y propagaci\u00f3n de g\u00e9rmenes durante la reciente crisis mundial y problema de salud p\u00fablica. Permite la medici\u00f3n r\u00e1pida y precisa de la temperatura corporal y la identificaci\u00f3n individual con mascara durante la verificaci\u00f3n facial y de la palma de la mano en todos los puntos de acceso, especialmente en hospitales, f\u00e1bricas, escuelas, edificios comerciales, aeropuertos, estaciones y otras \u00e1reas p\u00fablicas.<\/p>\n<p>Equipos con detecci\u00f3n de temperatura [TI] no son aptos para uso en exteriores<\/p>\n<p><img decoding=\"async\" class=\"overview-center-img-web\" src=\"https:\/\/tvc.mx\/media\/415111\/Terminal-Control-Acceso-Asistencia-Facial-Palma-Medici%C3%B3n-Temperatura-PROFACEX-TI-ZK-TVC-Banner.png\" alt=\"\" \/><\/div>\n<\/div>\n<div class=\"row align-items-center padding-bottom-2x\">\n<div class=\"col-md-5 order-md-2\"><img decoding=\"async\" class=\"d-block m-auto img-thumbnail\" src=\"https:\/\/tvc.mx\/media\/324951\/Terminal-Control-Acceso-Asistencia-Facial-Palma-Medici%C3%B3n-Temperatura-PROFACEX-TI-ZK-TVC-Complemento2.png\" alt=\" \" \/><\/div>\n<div class=\"col-md-7 order-md-1 text-md-left text-center\">\n<h2>Principales Caracter\u00edsticas<\/h2>\n<p class=\"text-muted\">\n<p><strong>Almacenamiento:<\/strong><\/p>\n<ul>\n<li>5,000 Palmas<\/li>\n<li>30,000 Rostros\u00a0(Visible Light)<\/li>\n<li>50,000 Contrase\u00f1a<\/li>\n<li>2,000,000 Eventos<\/li>\n<\/ul>\n<p><strong>Interfaz de Comunicaci\u00f3n:<\/strong>\u00a0TCP\/IP<\/p>\n<p><strong>Funci\u00f3n ADMS<\/strong>\u00a0Ready<\/p>\n<p><strong>Interfaz de Acceso:<\/strong><\/p>\n<ul>\n<li>Relevador para Control de Acceso<\/li>\n<li>Conexi\u00f3n para Bot\u00f3n de Salida<\/li>\n<li>Conexion para Sensor de Puerta<\/li>\n<li>Conexi\u00f3n para Impresora (RS232)<\/li>\n<li>Salida y Entrada Wiegand<\/li>\n<li>Conexi\u00f3n RS485 (para Lector Esclavo)<\/li>\n<li>Entrada Auxiliar<\/li>\n<li>Salida de Alarma<\/li>\n<\/ul>\n<p class=\"ql-align-justify\"><strong>Software Compatible:<\/strong>\u00a0BioSecurity,\u00a0BioAccess,\u00a0BioTime PRO<\/p>\n<p>&nbsp;<\/p>\n<\/div>\n<\/div>\n<hr class=\"padding-bottom-2x\" \/>\n<div class=\"row align-items-center padding-bottom-2x\">\n<div class=\"col-md-5\"><img decoding=\"async\" class=\"d-block m-auto img-thumbnail\" src=\"https:\/\/tvc.mx\/media\/324955\/Terminal-Control-Acceso-Asistencia-Facial-Palma-Medici%C3%B3n-Temperatura-PROFACEX-TI-ZK-TVC-Complemento.png\" alt=\" \" \/><\/div>\n<div class=\"col-md-7 text-md-left text-center\">\n<h2>Especificaciones T\u00e9cnicas<\/h2>\n<p class=\"text-muted\">\n<p><strong>Pantalla:<\/strong>\u00a0LCD t\u00e1ctil IPS de 8&#8243;<\/p>\n<p><strong>Luz LED:<\/strong>\u00a0Brillo Ajustable<\/p>\n<p><strong>Distancia de medici\u00f3n de temperatura:<\/strong>\u00a030cm ~ 120cm (0.98ft ~ 3.94ft)<\/p>\n<p><strong>Rango de medici\u00f3n de temperatura:<\/strong>\u00a020 \u00b0 C ~ 50 \u00b0 C (68 \u00b0 F ~ 122 \u00b0 F)<\/p>\n<p><strong>Rango Lectura QR:\u00a0<\/strong>hasta 10 cm<\/p>\n<p><strong>Fuente de Alimentaci\u00f3n:<\/strong>\u00a0DC 12V 2A<\/p>\n<p><strong>Temperatura de Operaci\u00f3n:<\/strong>\u00a016\u00b0C ~ 35\u00b0C<\/p>\n<p><strong>Humedad de Operaci\u00f3n:<\/strong>\u00a010% ~ 90%<\/p>\n<p><strong>Dimensiones:<\/strong>\u00a0227 * 143 * 27\u00a0\u00a0mm \/ 54.1 * 110 * 21.5 mm<\/p>\n<p><strong>Algoritmos:<\/strong>\u00a0ZKFace V5.8<\/p>\n<p><strong>Peso neto:<\/strong>\u00a0853g<\/p>\n<p>&nbsp;<\/p>\n<\/div>\n<\/div>\n<hr class=\"padding-bottom-2x\" \/>\n<div class=\"row aling-items-center padding-bottom-2x\">\n<div class=\"col-lg-12\">\n<h5 class=\"card-title text-center\">Modo de Medici\u00f3n de Temperatura Corporal<\/h5>\n<p>El dispositivo requiere que la cara est\u00e9 dentro del marco de reconocimiento, por lo que el usuario debe ajustar la posici\u00f3n de la cara.<\/p>\n<p>La altura de instalaci\u00f3n recomendada desde el suelo es de 1.5 a 1.7m. Las personas que son m\u00e1s altas que esta altura necesitar\u00e1n doblar las rodillas para detectar la temperatura. Se recomienda elegir una altura adecuada en funci\u00f3n de la altura promedio de los empleados.<\/p>\n<p>&#8211; Se recomienda elegir una altura adecuada en funci\u00f3n de la altura promedio de los empleados.<\/p>\n<p>Detecci\u00f3n de temperatura de la palma (en desarrollo) Despu\u00e9s de encender el dispositivo, el reconocimiento de la palma y la detecci\u00f3n de temperatura se realizan juntos. El dispositivo es f\u00e1cil de usar. La temperatura de la mano se ve relativamente afectada al frotarla, sostener objetos calientes o fr\u00edos y, por lo tanto, la precisi\u00f3n puede verse afectada. Para la instalaci\u00f3n del dispositivo, los usuarios con diferentes alturas pueden tener una mejor adaptabilidad al identificarse con palma.<\/p>\n<p><img decoding=\"async\" class=\"overview-center-img-web\" src=\"https:\/\/tvc.mx\/media\/355215\/Terminal-Control-Acceso-Asistencia-Facial-Palma-Medici%C3%B3n-Temperatura-PROFACEX-TI-ZK-TVCBanner-Modo-Medici%C3%B3n-Temperatural.png\" alt=\"\" \/><\/div>\n<\/div>\n","protected":false},"excerpt":{"rendered":"<p>Informaci\u00f3n General La Terminal Biom\u00e9trica\u00a0ProFace X [TI]\u00a0es una versi\u00f3n totalmente actualizada de la l\u00ednea de productos\u00a0ProFace, que est\u00e1 dise\u00f1ada para hacer frente a todo tipo de escenarios. Desarrollado por la CPU personalizada ZKTeco para ejecutar el algoritmo de reconocimiento facial de ingenier\u00eda intelectualizado y la&hellip;<\/p>\n","protected":false},"featured_media":8720,"comment_status":"open","ping_status":"closed","template":"","meta":{"om_disable_all_campaigns":false,"_monsterinsights_skip_tracking":false,"_monsterinsights_sitenote_active":false,"_monsterinsights_sitenote_note":"","_monsterinsights_sitenote_category":0},"product_brand":[],"product_cat":[812],"product_tag":[81,727,730,66,731,728,729],"class_list":{"0":"post-8721","1":"product","2":"type-product","3":"status-publish","4":"has-post-thumbnail","6":"product_cat-lectoras-biometricas-control-de-acceso-zkteco-acceso-asistencia","7":"product_tag-acceso-y-asistencia","8":"product_tag-cerraduras","9":"product_tag-commax-wulian","10":"product_tag-dahua","11":"product_tag-wejoin","12":"product_tag-yli","13":"product_tag-zkteco","15":"first","16":"instock","17":"sale","18":"taxable","19":"shipping-taxable","20":"purchasable","21":"product-type-simple"},"aioseo_notices":[],"_links":{"self":[{"href":"https:\/\/tecsecmty.com\/index.php\/wp-json\/wp\/v2\/product\/8721","targetHints":{"allow":["GET"]}}],"collection":[{"href":"https:\/\/tecsecmty.com\/index.php\/wp-json\/wp\/v2\/product"}],"about":[{"href":"https:\/\/tecsecmty.com\/index.php\/wp-json\/wp\/v2\/types\/product"}],"replies":[{"embeddable":true,"href":"https:\/\/tecsecmty.com\/index.php\/wp-json\/wp\/v2\/comments?post=8721"}],"version-history":[{"count":0,"href":"https:\/\/tecsecmty.com\/index.php\/wp-json\/wp\/v2\/product\/8721\/revisions"}],"wp:featuredmedia":[{"embeddable":true,"href":"https:\/\/tecsecmty.com\/index.php\/wp-json\/wp\/v2\/media\/8720"}],"wp:attachment":[{"href":"https:\/\/tecsecmty.com\/index.php\/wp-json\/wp\/v2\/media?parent=8721"}],"wp:term":[{"taxonomy":"product_brand","embeddable":true,"href":"https:\/\/tecsecmty.com\/index.php\/wp-json\/wp\/v2\/product_brand?post=8721"},{"taxonomy":"product_cat","embeddable":true,"href":"https:\/\/tecsecmty.com\/index.php\/wp-json\/wp\/v2\/product_cat?post=8721"},{"taxonomy":"product_tag","embeddable":true,"href":"https:\/\/tecsecmty.com\/index.php\/wp-json\/wp\/v2\/product_tag?post=8721"}],"curies":[{"name":"wp","href":"https:\/\/api.w.org\/{rel}","templated":true}]}}