{"id":8725,"date":"2023-02-23T22:28:30","date_gmt":"2023-02-24T04:28:30","guid":{"rendered":"https:\/\/tecsecmty.com\/index.php\/producto\/zkteco-sfv4l1acpak-control-de-acceso-facial-y-tarjeta-una-puerta-de-madera-o-metal-200-kg-reconocimiento-facial-a-2m-registro-facial-con-selfie-gratis-software-de-administracion-con-bio-ac\/"},"modified":"2023-03-22T23:25:32","modified_gmt":"2023-03-23T05:25:32","slug":"zkteco-sfv4l1acpak-control-de-acceso-facial-y-tarjeta-una-puerta-de-madera-o-metal-200-kg-reconocimiento-facial-a-2m-registro-facial-con-selfie-gratis-software-de-administracion-con-bio-ac","status":"publish","type":"product","link":"https:\/\/tecsecmty.com\/index.php\/producto\/zkteco-sfv4l1acpak-control-de-acceso-facial-y-tarjeta-una-puerta-de-madera-o-metal-200-kg-reconocimiento-facial-a-2m-registro-facial-con-selfie-gratis-software-de-administracion-con-bio-ac\/","title":{"rendered":"ZKTECO SFV4L1ACPak &#8211; Control de Acceso Facial y Tarjeta \/ una Puerta de Madera o Metal \/ 200 kg \/ Reconocimiento Facial a 2m \/ Registro Facial con Selfie \/ Gratis Software de Administraci\u00f3n con Bio Access MTD (ZKT0740006)"},"content":{"rendered":"<div class=\"row aling-items-center padding-bottom-2x\">\n<div class=\"col-lg-12\">\n<h5 class=\"card-title text-center\">Informaci\u00f3n General<\/h5>\n<p>El\u00a0SpeedFace V4L\u00a0es una terminal de control de acceso biom\u00e9trico h\u00edbrido basado en Linux, terminal de tiempo y asistencia con reconocimiento facial visible ligth y Reconocimiento de Palma.<\/p>\n<p>La distancia de reconocimiento se ha incrementado considerablemente hasta 2 metros, lo que mejora significativamente la tasa m\u00e1xima de tr\u00e1fico.<\/p>\n<p>Tiene una tolerancia en el \u00e1ngulo de reconocimiento de rostro de +\/- 30 \u00b0 en t\u00e9rminos de rotaci\u00f3n e inclinaci\u00f3n a +\/- 30 \u00b0, superando los +\/- 15 \u00b0 que ofrecen otros equipos convencionales.<\/p>\n<p>El m\u00e9todo de autenticaci\u00f3n de palma sin contacto con una novedosa t\u00e9cnica de seguimiento de manos permite una tolerancia de \u00e1ngulo de hasta +\/- 60 \u00b0 en el eje y una distancia de reconocimiento de hasta 50 cm.<\/p>\n<p><img decoding=\"async\" class=\"overview-center-img-web\" src=\"https:\/\/tvc.mx\/media\/211912\/Control-Acceso-Facial-Tarjeta-Una-Puerta-Madera-Metal-FaceV4L1DPack-ZK-TVC-Banner.png\" alt=\"\" \/><\/div>\n<\/div>\n<div class=\"row align-items-center padding-bottom-2x\">\n<div class=\"col-md-5\"><img decoding=\"async\" class=\"d-block m-auto img-thumbnail\" src=\"https:\/\/tvc.mx\/media\/211914\/Control-Acceso-Facial-Tarjeta-Una-Puerta-Madera-Metal-FaceV4L1DPack-ZK-TVC-Complement3.png\" alt=\" \" \/><\/div>\n<div class=\"col-md-7 text-md-left text-center\">\n<h2>ZKTECO SpeedFaceV4L<\/h2>\n<p class=\"text-muted\">\n<ul>\n<li>Reconocimiento facial con tecnolog\u00eda Visible Ligth<\/li>\n<li>M\u00faltiples m\u00e9todos de verificaci\u00f3n: Rostro \/ Palma \/ Tarjeta \/ Contrase\u00f1a<\/li>\n<li>Lectura de tarjeta ID (125 khz)<\/li>\n<li>Iluminaci\u00f3n suplementaria LED ajustable<\/li>\n<li>Capacidad de 800 plantillas faciales, 800 plantillas de palma<\/li>\n<li>Capacidad de almacenamiento de eventos de hasta 150,000<\/li>\n<li>Sistema Operativo Linux<\/li>\n<li>Dimensiones 72.94 * 157.94 * 23 (mm)<\/li>\n<\/ul>\n<p>&nbsp;<\/p>\n<\/div>\n<\/div>\n<hr class=\"padding-bottom-2x\" \/>\n<div class=\"row align-items-center padding-bottom-2x\">\n<div class=\"col-md-5 order-md-2\"><img decoding=\"async\" class=\"d-block m-auto img-thumbnail\" src=\"https:\/\/tvc.mx\/media\/211916\/Control-Acceso-Facial-Tarjeta-Una-Puerta-Madera-Metal-FaceV4L1DPack-ZK-TVC-Complemento.png\" alt=\" \" \/><\/div>\n<div class=\"col-md-7 order-md-1 text-md-left text-center\">\n<h2>ZKTECO K11(TLEB102)<\/h2>\n<p class=\"text-muted\">\n<ul>\n<li>Voltaje de entrada: DC12V.<\/li>\n<li>F\u00e1cil operaci\u00f3n.<\/li>\n<li>Rango de temperatura de operaci\u00f3n: 20\u00b0C~55\u00b0C.<\/li>\n<li>Tiempo de vida: Hasta 500,000 aperturas.<\/li>\n<li>Base de acero inoxidable.<\/li>\n<li>LED Azul: En Espera<\/li>\n<li>LED Rojo: Detecci\u00f3n de Visitante<\/li>\n<li>Dimensiones: 115*70*29(mm).<\/li>\n<li>Peso: 85 gramos.<\/li>\n<li>Rango de detecci\u00f3n: 0.1 a 10 cm.<\/li>\n<li>IP-55.<\/li>\n<\/ul>\n<p>&nbsp;<\/p>\n<\/div>\n<\/div>\n<hr class=\"padding-bottom-2x\" \/>\n<div class=\"row align-items-center padding-bottom-2x\">\n<div class=\"col-md-5\"><img decoding=\"async\" class=\"d-block m-auto img-thumbnail\" src=\"https:\/\/tvc.mx\/media\/211918\/Control-Acceso-Facial-Tarjeta-Una-Puerta-Madera-Metal-FaceV4L1DPack-ZK-TVC-Complemento1.png\" alt=\" \" \/><\/div>\n<div class=\"col-md-7 text-md-left text-center\">\n<h2>ZKTECO LM2805<\/h2>\n<p class=\"text-muted\">\n<ul>\n<li>Cerradura magn\u00e9tica: 280<\/li>\n<li>Voltaje de entrada: DC12V<\/li>\n<li>Fuerza de retenci\u00f3n 200Kg (440Lbs).<\/li>\n<li>Tama\u00f1o del cuerpo de la cerradura: 250 \u00d7 47 \u00d7 25.5 (mm)<\/li>\n<li>Tama\u00f1o de la placa de hierro: 180 \u00d7 38 \u00d7 11 (mm)<\/li>\n<li>Indicador LED<\/li>\n<li>Adecuado para puerta de: Vidrio, madera, metal entre otras.<\/li>\n<\/ul>\n<p>&nbsp;<\/p>\n<\/div>\n<\/div>\n<hr class=\"padding-bottom-2x\" \/>\n<div class=\"row align-items-center padding-bottom-2x\">\n<div class=\"col-md-5 order-md-2\"><img decoding=\"async\" class=\"d-block m-auto img-thumbnail\" src=\"https:\/\/tvc.mx\/media\/211920\/Control-Acceso-Facial-Tarjeta-Una-Puerta-Madera-Metal-FaceV4L1DPack-ZK-TVC-Complemento2.png\" alt=\" \" \/><\/div>\n<div class=\"col-md-7 order-md-1 text-md-left text-center\">\n<h2>ZKTECO LMB280ZL<\/h2>\n<p class=\"text-muted\">\n<ul>\n<li>Adecuado para todo tipo de puertas de madera, metal, etc.<\/li>\n<li>Modo abierto: puerta 90 grados.<\/li>\n<li>Material: Aluminio anodizado.<\/li>\n<li>Soporte ZL para cerradura EM 280Kg<\/li>\n<li>Varios modos de instalaci\u00f3n<\/li>\n<li>f\u00e1cil de instalar.<\/li>\n<\/ul>\n<\/div>\n<\/div>\n","protected":false},"excerpt":{"rendered":"<p>Informaci\u00f3n General El\u00a0SpeedFace V4L\u00a0es una terminal de control de acceso biom\u00e9trico h\u00edbrido basado en Linux, terminal de tiempo y asistencia con reconocimiento facial visible ligth y Reconocimiento de Palma. La distancia de reconocimiento se ha incrementado considerablemente hasta 2 metros, lo que mejora significativamente la&hellip;<\/p>\n","protected":false},"featured_media":8724,"comment_status":"open","ping_status":"closed","template":"","meta":{"om_disable_all_campaigns":false,"_monsterinsights_skip_tracking":false,"_monsterinsights_sitenote_active":false,"_monsterinsights_sitenote_note":"","_monsterinsights_sitenote_category":0},"product_brand":[],"product_cat":[812],"product_tag":[81,727,730,66,731,728,729],"class_list":{"0":"post-8725","1":"product","2":"type-product","3":"status-publish","4":"has-post-thumbnail","6":"product_cat-lectoras-biometricas-control-de-acceso-zkteco-acceso-asistencia","7":"product_tag-acceso-y-asistencia","8":"product_tag-cerraduras","9":"product_tag-commax-wulian","10":"product_tag-dahua","11":"product_tag-wejoin","12":"product_tag-yli","13":"product_tag-zkteco","15":"first","16":"instock","17":"sale","18":"taxable","19":"shipping-taxable","20":"purchasable","21":"product-type-simple"},"aioseo_notices":[],"_links":{"self":[{"href":"https:\/\/tecsecmty.com\/index.php\/wp-json\/wp\/v2\/product\/8725","targetHints":{"allow":["GET"]}}],"collection":[{"href":"https:\/\/tecsecmty.com\/index.php\/wp-json\/wp\/v2\/product"}],"about":[{"href":"https:\/\/tecsecmty.com\/index.php\/wp-json\/wp\/v2\/types\/product"}],"replies":[{"embeddable":true,"href":"https:\/\/tecsecmty.com\/index.php\/wp-json\/wp\/v2\/comments?post=8725"}],"version-history":[{"count":0,"href":"https:\/\/tecsecmty.com\/index.php\/wp-json\/wp\/v2\/product\/8725\/revisions"}],"wp:featuredmedia":[{"embeddable":true,"href":"https:\/\/tecsecmty.com\/index.php\/wp-json\/wp\/v2\/media\/8724"}],"wp:attachment":[{"href":"https:\/\/tecsecmty.com\/index.php\/wp-json\/wp\/v2\/media?parent=8725"}],"wp:term":[{"taxonomy":"product_brand","embeddable":true,"href":"https:\/\/tecsecmty.com\/index.php\/wp-json\/wp\/v2\/product_brand?post=8725"},{"taxonomy":"product_cat","embeddable":true,"href":"https:\/\/tecsecmty.com\/index.php\/wp-json\/wp\/v2\/product_cat?post=8725"},{"taxonomy":"product_tag","embeddable":true,"href":"https:\/\/tecsecmty.com\/index.php\/wp-json\/wp\/v2\/product_tag?post=8725"}],"curies":[{"name":"wp","href":"https:\/\/api.w.org\/{rel}","templated":true}]}}