{"id":8727,"date":"2023-02-23T22:28:32","date_gmt":"2023-02-24T04:28:32","guid":{"rendered":"https:\/\/tecsecmty.com\/index.php\/producto\/zkteco-speedfacev5lti-terminal-de-reconocimiento-facial-palma-huella-con-medicion-de-temperatura-y-deteccion-de-cubrebocas-codigo-qr-e-intercom-interior-serie-visible-light-anti-suplantac\/"},"modified":"2023-03-22T23:25:33","modified_gmt":"2023-03-23T05:25:33","slug":"zkteco-speedfacev5lti-terminal-de-reconocimiento-facial-palma-huella-con-medicion-de-temperatura-y-deteccion-de-cubrebocas-codigo-qr-e-intercom-interior-serie-visible-light-anti-suplantac","status":"publish","type":"product","link":"https:\/\/tecsecmty.com\/index.php\/producto\/zkteco-speedfacev5lti-terminal-de-reconocimiento-facial-palma-huella-con-medicion-de-temperatura-y-deteccion-de-cubrebocas-codigo-qr-e-intercom-interior-serie-visible-light-anti-suplantac\/","title":{"rendered":"ZKTECO SPEEDFACEV5LTI -Terminal de Reconocimiento Facial \/ Palma \/ Huella con Medici\u00f3n de Temperatura y Detecci\u00f3n de Cubrebocas \/ C\u00f3digo QR e Intercom \/ Interior \/ Serie Visible Light \/ Anti-Suplantaci\u00f3n \/ #MTD"},"content":{"rendered":"<div class=\"row aling-items-center padding-bottom-2x\">\n<div class=\"col-lg-12\">\n<h5 class=\"card-title text-center\">Informaci\u00f3n General<\/h5>\n<p class=\"ql-align-justify\">La Terminal Biom\u00e9trica<strong>SpeedFace-V5L [TI]<\/strong>\u00a0utiliza algoritmos de reconocimiento facial de ingenier\u00eda inteligente de imagen t\u00e9rmica y la \u00faltima tecnolog\u00eda de visi\u00f3n por computadora. Admite verificaci\u00f3n facial y de palma con gran capacidad, rapidez y reconocimiento, as\u00ed como mejora en el rendimiento de seguridad en todos los aspectos.<\/p>\n<p class=\"ql-align-justify\">Los\u00a0<strong>SpeedFace V5L[TI]<\/strong>\u00a0adopta tecnolog\u00eda de reconocimiento sin contacto y nuevas funciones de lectura de c\u00f3digo QR y V\u00eddeo Portero, detecci\u00f3n de temperatura e identificaci\u00f3n individual con mascara que elimina los problemas de higiene de manera efectiva. Tambi\u00e9n est\u00e1 equipado con ultima tecnolog\u00eda de algoritmo antispoofing para reconocimiento facial contra casi todos los tipos de ataques de fotos y videos falsos. El reconocimiento de palma 3 en 1 (forma de palma, impresi\u00f3n de palma y vena de palma) se realiza en 0,35 segundos por mano; los datos de la palma adquirido se comparar\u00e1 con un m\u00e1ximo de 3.000 plantillas de palma.<\/p>\n<p class=\"ql-align-justify\">El terminal con detecci\u00f3n de temperatura y m\u00e1scara ser\u00e1 una elecci\u00f3n perfecta para ayudar a reducir la propagaci\u00f3n de g\u00e9rmenes y ayudar a prevenir infecciones directamente en cada punto de acceso de cualquier local y \u00e1rea p\u00fablica como hospitales, f\u00e1bricas, escuelas, edificios comerciales, estaciones durante el reciente problema de salud p\u00fablica mundial con su cuerpo r\u00e1pido y preciso, medici\u00f3n de temperatura y funciones de identificaci\u00f3n individual con mascara durante la verificaci\u00f3n facial y de la palma.<\/p>\n<p>Equipos con detecci\u00f3n de temperatura [TI] no son aptos para uso en exteriores<\/p>\n<p><img decoding=\"async\" class=\"overview-center-img-web\" src=\"https:\/\/tvc.mx\/media\/422019\/Control-Acceso-Asistencia-Facial-Rostro-Palma-QR-Huella-SpeedFaceV5LP-ZK-TVC-Banner.png\" alt=\"\" \/><\/div>\n<\/div>\n<div class=\"row align-items-center padding-bottom-2x\">\n<div class=\"col-md-5 order-md-2\"><img decoding=\"async\" class=\"d-block m-auto img-thumbnail\" src=\"https:\/\/tvc.mx\/media\/322567\/Control-Acceso-Asistencia-Facial-Rostro-Palma-QR-Huella-SpeedFaceV5LP-ZK-TVC-Complemento2.png\" alt=\" \" \/><\/div>\n<div class=\"col-md-7 order-md-1 text-md-left text-center\">\n<h2>Principales Caracter\u00edsticas<\/h2>\n<p class=\"text-muted\">\n<p><strong>Almacenamiento:<\/strong><\/p>\n<ul>\n<li>3,000 Palmas<\/li>\n<li>6,000 Rostros (Visible Light)<\/li>\n<li>6,000 Huellas (Sensor SilkID)<\/li>\n<li>200,000 Eventos<\/li>\n<\/ul>\n<p><strong>Interfaz de Comunicaci\u00f3n:<\/strong>\u00a0TCP\/IP<\/p>\n<p><strong>Funci\u00f3n ADMS<\/strong>\u00a0Ready<\/p>\n<p><strong>Interfaz de Acceso:<\/strong><\/p>\n<ul>\n<li>Relevador para Control de Acceso<\/li>\n<li>Conexi\u00f3n para Bot\u00f3n de Salida<\/li>\n<li>Conexion para Sensor de Puerta<\/li>\n<li>Conexi\u00f3n para Impresora (RS232)<\/li>\n<li>Salida y Entrada Wiegand<\/li>\n<li>Conexi\u00f3n RS485 (para Lector Esclavo)<\/li>\n<li>Entrada Auxiliar<\/li>\n<li>Salida de Alarma<\/li>\n<\/ul>\n<p><strong>Software Compatible:<\/strong>\u00a0BioCVSecurity,\u00a0BioAccess,\u00a0BioTime PRO(<em>Actualizaci\u00f3n Gratuita<\/em>)<\/p>\n<p>&nbsp;<\/p>\n<\/div>\n<\/div>\n<hr class=\"padding-bottom-2x\" \/>\n<div class=\"row align-items-center padding-bottom-2x\">\n<div class=\"col-md-5\"><img decoding=\"async\" class=\"d-block m-auto img-thumbnail\" src=\"https:\/\/tvc.mx\/media\/322571\/Control-Acceso-Asistencia-Facial-Rostro-Palma-QR-Huella-SpeedFaceV5LP-ZK-TVC-Complemento.png\" alt=\" \" \/><\/div>\n<div class=\"col-md-7 text-md-left text-center\">\n<h2>Especificaciones T\u00e9cnicas<\/h2>\n<p class=\"text-muted\">\n<p><strong>Pantalla:\u00a0<\/strong>T\u00e1ctil de 5 Pulgadas<\/p>\n<p><strong>Luz LED:<\/strong>\u00a0Brillo Ajustable<\/p>\n<p><strong>Distancia de medici\u00f3n de temperatura:<\/strong>\u00a030cm ~ 120cm (0.98ft ~ 3.94ft)<\/p>\n<p><strong>Rango de medici\u00f3n de temperatura:<\/strong>\u00a020 \u00b0 C ~ 50 \u00b0 C (68 \u00b0 F ~ 122 \u00b0 F)<\/p>\n<p><strong>Fuente de Alimentaci\u00f3n:<\/strong>\u00a0DC 12V 3A<\/p>\n<p><strong>Temperatura de Operaci\u00f3n:<\/strong>\u00a016\u00b0C ~ 35\u00b0C<\/p>\n<p><strong>Humedad de Operaci\u00f3n:<\/strong>\u00a010% ~ 90%<\/p>\n<p><strong>Dimensiones:<\/strong>\u00a092.0 * 262 * 23.5\u00a0mm<\/p>\n<p><strong>Algoritmos:<\/strong>\u00a0ZKFace V5.8 &amp; ZKFinger V10.0 &amp; ZKPalm V12.0<\/p>\n<p>&nbsp;<\/p>\n<\/div>\n<\/div>\n<hr class=\"padding-bottom-2x\" \/>\n<div class=\"row aling-items-center padding-bottom-2x\">\n<div class=\"col-lg-12\">\n<h5 class=\"card-title text-center\">Modo de Medici\u00f3n de Temperatura Corporal<\/h5>\n<p>El dispositivo requiere que la cara est\u00e9 dentro del marco de reconocimiento, por lo que el usuario debe ajustar la posici\u00f3n de la cara.<\/p>\n<p>La altura de instalaci\u00f3n recomendada desde el suelo es de 1.5 a 1.7m. Las personas que son m\u00e1s altas que esta altura necesitar\u00e1n doblar las rodillas para detectar la temperatura. Se recomienda elegir una altura adecuada en funci\u00f3n de la altura promedio de los empleados.<\/p>\n<p>&#8211; Se recomienda elegir una altura adecuada en funci\u00f3n de la altura promedio de los empleados.<\/p>\n<p>Detecci\u00f3n de temperatura de la palma (en desarrollo) Despu\u00e9s de encender el dispositivo, el reconocimiento de la palma y la detecci\u00f3n de temperatura se realizan juntos. El dispositivo es f\u00e1cil de usar. La temperatura de la mano se ve relativamente afectada al frotarla, sostener objetos calientes o fr\u00edos y, por lo tanto, la precisi\u00f3n puede verse afectada. Para la instalaci\u00f3n del dispositivo, los usuarios con diferentes alturas pueden tener una mejor adaptabilidad al identificarse con palma.<\/p>\n<p><img decoding=\"async\" class=\"overview-center-img-web\" src=\"https:\/\/tvc.mx\/media\/355247\/Control-Acceso-Asistencia-Facial-Rostro-Palma-QR-Huella-SpeedFaceV5LP-ZK-TVC-modo-medici%C3%B3n-temperatura.png\" alt=\"\" \/><\/div>\n<\/div>\n<div class=\"row align-items-center padding-bottom-2x\">\n<div class=\"col-md-5 order-md-2\"><img decoding=\"async\" class=\"d-block m-auto img-thumbnail\" src=\"https:\/\/tvc.mx\/media\/375411\/Control-Acceso-Asistencia-Facial-Rostro-Palma-QR-Huella-SpeedFaceV5LP-ZK-TVC-Complemento3.png\" alt=\" \" \/><\/div>\n<div class=\"col-md-7 order-md-1 text-md-left text-center\">\n<h2>Incluye<\/h2>\n<p class=\"text-muted\">\n<ul>\n<li>Soporte de pared<\/li>\n<li>Plantilla de montaje<\/li>\n<li>Torniller\u00eda de montaje<\/li>\n<li>Arn\u00e9s de conexi\u00f3n para fuente de poder<\/li>\n<li>Arn\u00e9s de conexi\u00f3n para Ethernet<\/li>\n<li>Arn\u00e9s de conexi\u00f3n para control de Acceso<\/li>\n<li>Fuente de Poder (12V 3A)<\/li>\n<\/ul>\n<\/div>\n<\/div>\n","protected":false},"excerpt":{"rendered":"<p>Informaci\u00f3n General La Terminal Biom\u00e9tricaSpeedFace-V5L [TI]\u00a0utiliza algoritmos de reconocimiento facial de ingenier\u00eda inteligente de imagen t\u00e9rmica y la \u00faltima tecnolog\u00eda de visi\u00f3n por computadora. Admite verificaci\u00f3n facial y de palma con gran capacidad, rapidez y reconocimiento, as\u00ed como mejora en el rendimiento de seguridad en&hellip;<\/p>\n","protected":false},"featured_media":8726,"comment_status":"open","ping_status":"closed","template":"","meta":{"om_disable_all_campaigns":false,"_monsterinsights_skip_tracking":false,"_monsterinsights_sitenote_active":false,"_monsterinsights_sitenote_note":"","_monsterinsights_sitenote_category":0},"product_brand":[],"product_cat":[812],"product_tag":[81,727,730,66,731,728,729],"class_list":{"0":"post-8727","1":"product","2":"type-product","3":"status-publish","4":"has-post-thumbnail","6":"product_cat-lectoras-biometricas-control-de-acceso-zkteco-acceso-asistencia","7":"product_tag-acceso-y-asistencia","8":"product_tag-cerraduras","9":"product_tag-commax-wulian","10":"product_tag-dahua","11":"product_tag-wejoin","12":"product_tag-yli","13":"product_tag-zkteco","15":"first","16":"instock","17":"sale","18":"taxable","19":"shipping-taxable","20":"purchasable","21":"product-type-simple"},"aioseo_notices":[],"_links":{"self":[{"href":"https:\/\/tecsecmty.com\/index.php\/wp-json\/wp\/v2\/product\/8727","targetHints":{"allow":["GET"]}}],"collection":[{"href":"https:\/\/tecsecmty.com\/index.php\/wp-json\/wp\/v2\/product"}],"about":[{"href":"https:\/\/tecsecmty.com\/index.php\/wp-json\/wp\/v2\/types\/product"}],"replies":[{"embeddable":true,"href":"https:\/\/tecsecmty.com\/index.php\/wp-json\/wp\/v2\/comments?post=8727"}],"version-history":[{"count":0,"href":"https:\/\/tecsecmty.com\/index.php\/wp-json\/wp\/v2\/product\/8727\/revisions"}],"wp:featuredmedia":[{"embeddable":true,"href":"https:\/\/tecsecmty.com\/index.php\/wp-json\/wp\/v2\/media\/8726"}],"wp:attachment":[{"href":"https:\/\/tecsecmty.com\/index.php\/wp-json\/wp\/v2\/media?parent=8727"}],"wp:term":[{"taxonomy":"product_brand","embeddable":true,"href":"https:\/\/tecsecmty.com\/index.php\/wp-json\/wp\/v2\/product_brand?post=8727"},{"taxonomy":"product_cat","embeddable":true,"href":"https:\/\/tecsecmty.com\/index.php\/wp-json\/wp\/v2\/product_cat?post=8727"},{"taxonomy":"product_tag","embeddable":true,"href":"https:\/\/tecsecmty.com\/index.php\/wp-json\/wp\/v2\/product_tag?post=8727"}],"curies":[{"name":"wp","href":"https:\/\/api.w.org\/{rel}","templated":true}]}}