{"id":8731,"date":"2023-02-23T22:28:35","date_gmt":"2023-02-24T04:28:35","guid":{"rendered":"https:\/\/tecsecmty.com\/index.php\/producto\/bosch-a_ardaybs6260-lectora-de-proximidad-lectus-duo-3000-mifare-ip65\/"},"modified":"2023-03-22T23:20:59","modified_gmt":"2023-03-23T05:20:59","slug":"bosch-a_ardaybs6260-lectora-de-proximidad-lectus-duo-3000-mifare-ip65","status":"publish","type":"product","link":"https:\/\/tecsecmty.com\/index.php\/producto\/bosch-a_ardaybs6260-lectora-de-proximidad-lectus-duo-3000-mifare-ip65\/","title":{"rendered":"BOSCH A_ARDAYBS6260 &#8211; Lectora de proximidad LECTUS duo 3000 \/ MIFARE \/ IP65"},"content":{"rendered":"<p class=\"ql-align-justify\"><strong>Principales Caracter\u00edsticas:<\/strong><\/p>\n<ul>\n<li class=\"ql-align-justify\">Interfaz RS485\/OSDP y Wiegand de 26 bits.<\/li>\n<li class=\"ql-align-justify\">Para usar con las tarjetas y los llaveros MIFARE classic.<\/li>\n<li class=\"ql-align-justify\">Con valoraci\u00f3n IP65 para uso en exteriores e interiores.<\/li>\n<li class=\"ql-align-justify\">Para instalar en paredes o parteluz.<\/li>\n<li class=\"ql-align-justify\">Interruptor de alarma.<\/li>\n<\/ul>\n<p class=\"ql-align-justify\">\n<p class=\"ql-align-justify\"><strong>Especificaciones:<\/strong><\/p>\n<p class=\"ql-align-justify\"><strong>El\u00e9ctricas<\/strong><\/p>\n<ul>\n<li class=\"ql-align-justify\">Voltaje de entrada: De 8.5 V a 16 Vcc \u2013 m\u00e1x. 18 Vcc.<\/li>\n<li class=\"ql-align-justify\">Consumo de electricidad: 65 mA a 12 Vcc M\u00e1x.: 130 mA a 12 Vdc.<\/li>\n<\/ul>\n<p class=\"ql-align-justify\"><strong>Operativas<\/strong><\/p>\n<ul>\n<li class=\"ql-align-justify\">Salida de alarma: Colector abierto, activa en baja, corriente de drenaje m\u00e1x. 32 mA. Tecnolog\u00eda \u00f3ptica<\/li>\n<li class=\"ql-align-justify\">Salida Wiegand D0: 5 V (TTL).<\/li>\n<li class=\"ql-align-justify\">Salida Wiegand: D1 5 V (TTL).<\/li>\n<li class=\"ql-align-justify\">Entrada de control LED verde: Activa en baja.<\/li>\n<li class=\"ql-align-justify\">Entrada de control LED rojo: Activa en baja.<\/li>\n<li class=\"ql-align-justify\">Entrada de control del zumbador: Activa en baja.<\/li>\n<li class=\"ql-align-justify\">RS485: Protocolo OSDP.<\/li>\n<li class=\"ql-align-justify\">Wiegand IF: Protocolo Wiegand D0\/D1.<\/li>\n<li class=\"ql-align-justify\">Teclado: LECTUS duo 3000 C: ninguno y LECTUS duo 3000 CK: 2&#215;6.<\/li>\n<\/ul>\n<p class=\"ql-align-justify\"><strong>Ambientales<\/strong><\/p>\n<ul>\n<li class=\"ql-align-justify\">Entorno de funcionamiento: Uso en exteriores e interiores &#8211; todo tipo de clima.<\/li>\n<li class=\"ql-align-justify\">Temperatura de funcionamiento: De -25 \u00b0C a 65 \u00b0C (de -13 \u00b0F a 150 \u00b0F)<\/li>\n<li class=\"ql-align-justify\">Humedad de funcionamiento: De 0 a 95 % (sin condensaci\u00f3n).<\/li>\n<li class=\"ql-align-justify\">Valoraci\u00f3n IP: IP65.<\/li>\n<li class=\"ql-align-justify\">Resistente a la luz ultravioleta: S\u00ed.<\/li>\n<\/ul>\n<p class=\"ql-align-justify\"><strong>Especificaciones de MIFARE y tarjetas<\/strong><\/p>\n<ul>\n<li class=\"ql-align-justify\">Alcance de lectura &#8211; tarjetas ISO: &gt; 6 cm (2.36 pulg).<\/li>\n<li class=\"ql-align-justify\">Llavero: &gt; 2 cm (0.78 pulg).<\/li>\n<li class=\"ql-align-justify\">Tarjetas admitidas: MIFARE 13.56 MHz y ISO 14443 Tipo A.<\/li>\n<li class=\"ql-align-justify\">Sistema anticolisi\u00f3n: S\u00ed.<\/li>\n<li class=\"ql-align-justify\">Chips NXP admitidos: MF1ICS20 &#8211; 320 bytes, MF1ICS50 &#8211; 1K y MF1ICS70 &#8211; 4K<\/li>\n<li class=\"ql-align-justify\">Directorio de aplicaciones MIFARE (MIFARE, Application Directory,<\/li>\n<li class=\"ql-align-justify\">MAD), Admisi\u00f3n de CSN<\/li>\n<li class=\"ql-align-justify\">El lector cumple con las reglas de MAD<\/li>\n<li class=\"ql-align-justify\">Lee INIT CSN: S\u00ed.<\/li>\n<li class=\"ql-align-justify\">Lee CSN si no detecta la informaci\u00f3n de MAD: S\u00ed.<\/li>\n<\/ul>\n<p class=\"ql-align-justify\"><strong>M\u00e9canicas<\/strong><\/p>\n<ul>\n<li class=\"ql-align-justify\">Dimensiones (L. x An. x Pr.): 137 mm x 44 mm x 27.5 mm (aprox. 5.39 pulg x 1.73 pulg x 1.08 pulg).<\/li>\n<li class=\"ql-align-justify\">Peso Aprox.: 220 g (0.5 lb).<\/li>\n<\/ul>\n<p><img decoding=\"async\" class=\"overview-center-img- aligncenter\" src=\"https:\/\/tvc.mx\/media\/3275\/Logoopaginas-oficial.png\" alt=\"\" \/><\/p>\n","protected":false},"excerpt":{"rendered":"<p>Principales Caracter\u00edsticas: Interfaz RS485\/OSDP y Wiegand de 26 bits. Para usar con las tarjetas y los llaveros MIFARE classic. Con valoraci\u00f3n IP65 para uso en exteriores e interiores. Para instalar en paredes o parteluz. Interruptor de alarma. Especificaciones: El\u00e9ctricas Voltaje de entrada: De 8.5 V&hellip;<\/p>\n","protected":false},"featured_media":8730,"comment_status":"open","ping_status":"closed","template":"","meta":{"om_disable_all_campaigns":false,"_monsterinsights_skip_tracking":false,"_monsterinsights_sitenote_active":false,"_monsterinsights_sitenote_note":"","_monsterinsights_sitenote_category":0},"product_brand":[],"product_cat":[813],"product_tag":[81,727,730,66,731,728,729],"class_list":{"0":"post-8731","1":"product","2":"type-product","3":"status-publish","4":"has-post-thumbnail","6":"product_cat-lectoras-usb-control-de-acceso-bosch-acceso-asistencia","7":"product_tag-acceso-y-asistencia","8":"product_tag-cerraduras","9":"product_tag-commax-wulian","10":"product_tag-dahua","11":"product_tag-wejoin","12":"product_tag-yli","13":"product_tag-zkteco","15":"first","16":"instock","17":"sale","18":"taxable","19":"shipping-taxable","20":"purchasable","21":"product-type-simple"},"aioseo_notices":[],"_links":{"self":[{"href":"https:\/\/tecsecmty.com\/index.php\/wp-json\/wp\/v2\/product\/8731","targetHints":{"allow":["GET"]}}],"collection":[{"href":"https:\/\/tecsecmty.com\/index.php\/wp-json\/wp\/v2\/product"}],"about":[{"href":"https:\/\/tecsecmty.com\/index.php\/wp-json\/wp\/v2\/types\/product"}],"replies":[{"embeddable":true,"href":"https:\/\/tecsecmty.com\/index.php\/wp-json\/wp\/v2\/comments?post=8731"}],"version-history":[{"count":0,"href":"https:\/\/tecsecmty.com\/index.php\/wp-json\/wp\/v2\/product\/8731\/revisions"}],"wp:featuredmedia":[{"embeddable":true,"href":"https:\/\/tecsecmty.com\/index.php\/wp-json\/wp\/v2\/media\/8730"}],"wp:attachment":[{"href":"https:\/\/tecsecmty.com\/index.php\/wp-json\/wp\/v2\/media?parent=8731"}],"wp:term":[{"taxonomy":"product_brand","embeddable":true,"href":"https:\/\/tecsecmty.com\/index.php\/wp-json\/wp\/v2\/product_brand?post=8731"},{"taxonomy":"product_cat","embeddable":true,"href":"https:\/\/tecsecmty.com\/index.php\/wp-json\/wp\/v2\/product_cat?post=8731"},{"taxonomy":"product_tag","embeddable":true,"href":"https:\/\/tecsecmty.com\/index.php\/wp-json\/wp\/v2\/product_tag?post=8731"}],"curies":[{"name":"wp","href":"https:\/\/api.w.org\/{rel}","templated":true}]}}