{"id":8737,"date":"2023-02-23T22:28:41","date_gmt":"2023-02-24T04:28:41","guid":{"rendered":"https:\/\/tecsecmty.com\/index.php\/producto\/bosch-a_ardedmcv002usb-lector-enrolador-5000-md\/"},"modified":"2023-03-22T23:20:59","modified_gmt":"2023-03-23T05:20:59","slug":"bosch-a_ardedmcv002usb-lector-enrolador-5000-md","status":"publish","type":"product","link":"https:\/\/tecsecmty.com\/index.php\/producto\/bosch-a_ardedmcv002usb-lector-enrolador-5000-md\/","title":{"rendered":"BOSCH A_ARDEDMCV002USB &#8211; Lector ENROLADOR 5000 MD"},"content":{"rendered":"<p>Este lector de inscripci\u00f3n de escritorio lee el registro de datos de las credenciales Bosch MIFARE cl\u00e1sica , DESFire EV1 y proporciona la informaci\u00f3n a la aplicaci\u00f3n host correspondiente. Esto simplifica la administraci\u00f3n titular de la tarjeta y evita errores. El lector est\u00e1 conectado a un puerto USB de la estaci\u00f3n de trabajo de inscripci\u00f3n del operador. Se apoya en las aplicaciones Access PE y BIS Access Engine<\/p>\n<p><img decoding=\"async\" class=\"aligncenter\" src=\"https:\/\/tvc.mx\/media\/3288\/Logoopaginas-oficial.png\" \/><\/p>\n<p>LECTUS inscribe 5000 MD<\/p>\n<p>Lector de inscripci\u00f3n para leer el registro de datos de Bosch.<\/p>\n<p>Codificado MIFARE cl\u00e1sico y DESFire EV1 credenciales.<\/p>\n<p>Soportado por aplicaciones host Access PE y BIS motor de acceso. Interfaz USB con cable de 2m de longitud, Dimensiones 112 x 54 x 27 mm.<\/p>\n<p>N\u00famero de pedido: ARD-EDMCV002-USB<\/p>\n<p>Principales Caracteristicas:<\/p>\n<p>Dise\u00f1ado para la cl\u00e1sica MIFARE y credenciales DESFire EV1.<br \/>\nSimplifica el proceso de inscripci\u00f3n para los operadores.<br \/>\nLector de escritorio con carcasa compacta y robusta.<br \/>\nTres indicadores LED.<br \/>\nInterfaz USB con cable largo para una mayor flexibilidad.<\/p>\n<p>Especificaciones:<\/p>\n<p>Tecnolog\u00eda: MIFARE cl\u00e1sico y DESFire EV1, registro de datos de credenciales codificadas de Bosch.<br \/>\nMedio ambiente: solo para uso en interiores<br \/>\nPC OS: Windows 7, Windows 8<br \/>\nSe\u00f1al<br \/>\nLeds: 3.<br \/>\nVerde: Transpondedor sin contacto le\u00eddo con \u00e9xito,<br \/>\nAmarillo: dispositivo listo,<br \/>\nRojo: no le\u00eddo con \u00e9xito.<br \/>\nUnidad de vivienda: Pl\u00e1stico (PC + ABS-FR).<br \/>\nColor de la carcasa: RAL 7015 (gris pizarra).<br \/>\nInterfaces: USB \/ Versi\u00f3n 2.0.<br \/>\nTechn. Datos: Rango de temperatura de almacenamiento: &#8211; 30 \u00b0 C a + 70 \u00b0 C.<br \/>\nRango de temperatura de funcionamiento: -25 \u00b0 C a + 60 \u00b0 C.<br \/>\nDimensiones<br \/>\n(L x A x H): 112 x 54 x 27 mm.<br \/>\nEnchufe USB: un tipo.<br \/>\nFuente de alimentaci\u00f3n: a trav\u00e9s de USB.<br \/>\nLongitud del cable: aprox. 2 metros.<br \/>\nColor del cable: negro.<br \/>\nDise\u00f1o de terminal: predefinido por conector USB.<\/p>\n","protected":false},"excerpt":{"rendered":"<p>Este lector de inscripci\u00f3n de escritorio lee el registro de datos de las credenciales Bosch MIFARE cl\u00e1sica , DESFire EV1 y proporciona la informaci\u00f3n a la aplicaci\u00f3n host correspondiente. Esto simplifica la administraci\u00f3n titular de la tarjeta y evita errores. El lector est\u00e1 conectado a&hellip;<\/p>\n","protected":false},"featured_media":8736,"comment_status":"open","ping_status":"closed","template":"","meta":{"om_disable_all_campaigns":false,"_monsterinsights_skip_tracking":false,"_monsterinsights_sitenote_active":false,"_monsterinsights_sitenote_note":"","_monsterinsights_sitenote_category":0},"product_brand":[],"product_cat":[813],"product_tag":[81,727,730,66,731,728,729],"class_list":{"0":"post-8737","1":"product","2":"type-product","3":"status-publish","4":"has-post-thumbnail","6":"product_cat-lectoras-usb-control-de-acceso-bosch-acceso-asistencia","7":"product_tag-acceso-y-asistencia","8":"product_tag-cerraduras","9":"product_tag-commax-wulian","10":"product_tag-dahua","11":"product_tag-wejoin","12":"product_tag-yli","13":"product_tag-zkteco","15":"first","16":"instock","17":"sale","18":"taxable","19":"shipping-taxable","20":"purchasable","21":"product-type-simple"},"aioseo_notices":[],"_links":{"self":[{"href":"https:\/\/tecsecmty.com\/index.php\/wp-json\/wp\/v2\/product\/8737","targetHints":{"allow":["GET"]}}],"collection":[{"href":"https:\/\/tecsecmty.com\/index.php\/wp-json\/wp\/v2\/product"}],"about":[{"href":"https:\/\/tecsecmty.com\/index.php\/wp-json\/wp\/v2\/types\/product"}],"replies":[{"embeddable":true,"href":"https:\/\/tecsecmty.com\/index.php\/wp-json\/wp\/v2\/comments?post=8737"}],"version-history":[{"count":0,"href":"https:\/\/tecsecmty.com\/index.php\/wp-json\/wp\/v2\/product\/8737\/revisions"}],"wp:featuredmedia":[{"embeddable":true,"href":"https:\/\/tecsecmty.com\/index.php\/wp-json\/wp\/v2\/media\/8736"}],"wp:attachment":[{"href":"https:\/\/tecsecmty.com\/index.php\/wp-json\/wp\/v2\/media?parent=8737"}],"wp:term":[{"taxonomy":"product_brand","embeddable":true,"href":"https:\/\/tecsecmty.com\/index.php\/wp-json\/wp\/v2\/product_brand?post=8737"},{"taxonomy":"product_cat","embeddable":true,"href":"https:\/\/tecsecmty.com\/index.php\/wp-json\/wp\/v2\/product_cat?post=8737"},{"taxonomy":"product_tag","embeddable":true,"href":"https:\/\/tecsecmty.com\/index.php\/wp-json\/wp\/v2\/product_tag?post=8737"}],"curies":[{"name":"wp","href":"https:\/\/api.w.org\/{rel}","templated":true}]}}