{"id":8739,"date":"2023-02-23T22:28:42","date_gmt":"2023-02-24T04:28:42","guid":{"rendered":"https:\/\/tecsecmty.com\/index.php\/producto\/bosch-a_ardser40wi-lectora-para-control-de-acceso-fre-ncue-ncia-13-56-mhz-tarjetas-iclass-y-mifare-inte-rface-wiegand\/"},"modified":"2023-03-22T23:21:00","modified_gmt":"2023-03-23T05:21:00","slug":"bosch-a_ardser40wi-lectora-para-control-de-acceso-fre-ncue-ncia-13-56-mhz-tarjetas-iclass-y-mifare-inte-rface-wiegand","status":"publish","type":"product","link":"https:\/\/tecsecmty.com\/index.php\/producto\/bosch-a_ardser40wi-lectora-para-control-de-acceso-fre-ncue-ncia-13-56-mhz-tarjetas-iclass-y-mifare-inte-rface-wiegand\/","title":{"rendered":"BOSCH A_ARDSER40WI &#8211; Lectora para control de acceso \/ FRE NCUE NCIA 13.56 Mhz \/ Tarjetas iClass y MIFARE \/ INTE RFACE Wiegand"},"content":{"rendered":"<div class=\"row aling-items-center padding-bottom-2x\">\n<div class=\"col-lg-12\">\n<p class=\"ql-align-justify\"><strong>Resumen del sistema<\/strong><\/p>\n<p class=\"ql-align-justify\">Ideales para instalaciones nuevas y existentes, los lectores\u00a0<strong>LECTUS secure<\/strong>\u00a0proporcionan a los clientes la garant\u00eda de aprovechar sus inversiones actuales para mejorar los sistemas a medida que cambian los requisitos comerciales.<\/p>\n<p class=\"ql-align-justify\">Los lectores de tecnolog\u00eda independiente son compatibles con\u00a0<strong>iCLASS est\u00e1ndar, MIFARE classic, y MIFARE DESFire EV1<\/strong>.<\/p>\n<p class=\"ql-align-justify\">Disponibles con cuatro diferentes factores de forma, los lectores\u00a0<strong>LECTUS secure<\/strong>\u00a0cumplen con casi todos los requisitos de instalaci\u00f3n para uso en interiores y exteriores.<\/p>\n<p><img decoding=\"async\" class=\"overview-center-img- aligncenter\" src=\"https:\/\/tvc.mx\/media\/3293\/Logoopaginas-oficial.png\" alt=\"\" \/><\/div>\n<\/div>\n<div class=\"row aling-items-center padding-bottom-2x\">\n<div class=\"col-lg-12\">\n<p class=\"ql-align-justify\"><strong>Planificaci\u00f3n<\/strong><\/p>\n<p class=\"ql-align-justify\">El largo de cable m\u00e1ximo para un sistema\u00a0<strong>Wiegand\u00a0<\/strong>es de<strong>\u00a0150 m.<\/strong><\/p>\n<p class=\"ql-align-justify\">Para evitar problemas al leer tarjetas con lectores sin contacto, siga las instrucciones al planificar e instalar los lectores. Evite instalar lectores de tarjetas sin contacto detr\u00e1s de estuches met\u00e1licos (es decir, conductores) o sobre superficies met\u00e1licas.<\/p>\n<p class=\"ql-align-justify\">Los espacios que se deben dejar se detallan en la siguiente lista:<\/p>\n<ul>\n<li class=\"ql-align-justify\">Distancia entre el lector y las superficies met\u00e1licas anexadas al costado: m\u00ednimo 30 mm.<\/li>\n<li class=\"ql-align-justify\">Distancia entre el lector y los cables de voltaje de 230 V~ y las fuentes de alimentaci\u00f3n: m\u00ednimo 500 mm.<\/li>\n<li class=\"ql-align-justify\">Distancia entre el lector y los cables de alta frecuencia: m\u00ednimo 500 mm.<\/li>\n<\/ul>\n<p class=\"ql-align-justify\"><strong>Piezas incluidas<\/strong><\/p>\n<p class=\"ql-align-justify\"><strong>Cantidad Componente:<\/strong><\/p>\n<ul>\n<li class=\"ql-align-justify\">1 Caja del lector con panel.<\/li>\n<li class=\"ql-align-justify\">1 Material de montaje.<\/li>\n<li class=\"ql-align-justify\">1 Gu\u00eda de instalaci\u00f3n.<\/li>\n<\/ul>\n<p class=\"ql-align-justify\"><strong>Nota: LECTUS secure 4000 WI Lector iCLASS\/MIFARE<\/strong>, estilo tipo interruptor de pared, dise\u00f1ado para montaje en cajas de un m\u00f3dulo usadas principalmente en Estados Unidos, incluye una placa de montaje ranurada para los m\u00e1rgenes de las cajas traseras europeas y asi\u00e1ticas, cable flexible de conexi\u00f3n, 8,4 x 12,2 x 2,4 cm, 220 g neto.<\/p>\n<p class=\"ql-align-justify\"><strong>N\u00famero de pedido: ARD-SER40-WI.<\/strong><\/p>\n<\/div>\n<\/div>\n<div class=\"row aling-items-center padding-bottom-2x\">\n<div class=\"col-lg-12\">\n<p class=\"ql-align-justify\"><strong>Principales Caracter\u00edsticas:<\/strong><\/p>\n<ul>\n<li class=\"ql-align-justify\">Lectores de proximidad de 13,56 MHz para conexi\u00f3n a controladores de acceso con interfaces Wiegand.<\/li>\n<li class=\"ql-align-justify\">Aptos para uso en interiores y exteriores u Compatibles con diversas tecnolog\u00edas (iCLASS est\u00e1ndar, MIFARE\u00ae, y MIFARE DESFire\u00ae EV1).<\/li>\n<li class=\"ql-align-justify\">Interoperables con una gama creciente de entornos tecnol\u00f3gicos y factores de forma.<\/li>\n<li class=\"ql-align-justify\">Robusta\u00a0carcasa de\u00a0policarbonato\u00a0de intemperie y\u00a0dise\u00f1ado para soportar\u00a0ambientes hostiles.<\/li>\n<\/ul>\n<p class=\"ql-align-justify\"><strong>Especificaciones t\u00e9cnicas<\/strong><\/p>\n<ul>\n<li class=\"ql-align-justify\">Rango de voltaje de funcionamiento: De 5 a 16 VCC (12 VCC para RS 485).<\/li>\n<li class=\"ql-align-justify\">Consumo de entrada 60 a 220 mA (m\u00e1ximo), 16 V (lea el manual para conocer los detalles).<\/li>\n<li class=\"ql-align-justify\">Clasificaci\u00f3n ambiental: IP 55.<\/li>\n<li class=\"ql-align-justify\">Temperatura de funcionamiento: -35 \u00b0C a 65 \u00b0C (-31 \u00b0F a 150 \u00b0F)<\/li>\n<li class=\"ql-align-justify\">Humedad: 5 a 95 %, sin agua de condensaci\u00f3n.<\/li>\n<li class=\"ql-align-justify\">Material de la carcasa: Policarbonato (UL 94)\u00a0.<\/li>\n<li class=\"ql-align-justify\">Color: Negro.<\/li>\n<li class=\"ql-align-justify\">Pantalla: LED de barras RGB multicolor.<\/li>\n<li class=\"ql-align-justify\">Conexi\u00f3n de paneles: Wiegand, cable flexible de conexi\u00f3n.<\/li>\n<li class=\"ql-align-justify\">Compatibilidad de tarjetas: N\u00famero de serie de iCLASS y MIFARE classic.<\/li>\n<li class=\"ql-align-justify\">N\u00famero de serie de MIFARE: DESFire EV1 (Est\u00e1ndar de 32 bits, opcional de 56 bits).<\/li>\n<li class=\"ql-align-justify\">Frecuencia de funcionamiento: 13,56MHz.<\/li>\n<li class=\"ql-align-justify\">Distancia de lectura t\u00edpica:<\/li>\n<\/ul>\n<p class=\"ql-align-justify\"><strong>Lectores LECTUS secure 4000 WI<\/strong><\/p>\n<ul>\n<li class=\"ql-align-justify\">11,4 cm (con tarjeta\u00a0<strong>iCLASS SE<\/strong>).<\/li>\n<li class=\"ql-align-justify\">11,4 cm (con tarjeta\u00a0<strong>MIFARE DESFire EV1<\/strong>).<\/li>\n<li class=\"ql-align-justify\">8,9 cm (con tarjeta<strong>\u00a0MIFARE classic<\/strong>).<\/li>\n<li class=\"ql-align-justify\">4,6 cm (llavero\u00a0<strong>iCLASS SE<\/strong>).<\/li>\n<li class=\"ql-align-justify\">3,8 cm (llavero\u00a0<strong>MIFARE classic<\/strong>).<\/li>\n<\/ul>\n<\/div>\n<\/div>\n","protected":false},"excerpt":{"rendered":"<p>Resumen del sistema Ideales para instalaciones nuevas y existentes, los lectores\u00a0LECTUS secure\u00a0proporcionan a los clientes la garant\u00eda de aprovechar sus inversiones actuales para mejorar los sistemas a medida que cambian los requisitos comerciales. Los lectores de tecnolog\u00eda independiente son compatibles con\u00a0iCLASS est\u00e1ndar, MIFARE classic, y&hellip;<\/p>\n","protected":false},"featured_media":8738,"comment_status":"open","ping_status":"closed","template":"","meta":{"om_disable_all_campaigns":false,"_monsterinsights_skip_tracking":false,"_monsterinsights_sitenote_active":false,"_monsterinsights_sitenote_note":"","_monsterinsights_sitenote_category":0},"product_brand":[],"product_cat":[813],"product_tag":[81,727,730,66,731,728,729],"class_list":{"0":"post-8739","1":"product","2":"type-product","3":"status-publish","4":"has-post-thumbnail","6":"product_cat-lectoras-usb-control-de-acceso-bosch-acceso-asistencia","7":"product_tag-acceso-y-asistencia","8":"product_tag-cerraduras","9":"product_tag-commax-wulian","10":"product_tag-dahua","11":"product_tag-wejoin","12":"product_tag-yli","13":"product_tag-zkteco","15":"first","16":"instock","17":"sale","18":"taxable","19":"shipping-taxable","20":"purchasable","21":"product-type-simple"},"aioseo_notices":[],"_links":{"self":[{"href":"https:\/\/tecsecmty.com\/index.php\/wp-json\/wp\/v2\/product\/8739","targetHints":{"allow":["GET"]}}],"collection":[{"href":"https:\/\/tecsecmty.com\/index.php\/wp-json\/wp\/v2\/product"}],"about":[{"href":"https:\/\/tecsecmty.com\/index.php\/wp-json\/wp\/v2\/types\/product"}],"replies":[{"embeddable":true,"href":"https:\/\/tecsecmty.com\/index.php\/wp-json\/wp\/v2\/comments?post=8739"}],"version-history":[{"count":0,"href":"https:\/\/tecsecmty.com\/index.php\/wp-json\/wp\/v2\/product\/8739\/revisions"}],"wp:featuredmedia":[{"embeddable":true,"href":"https:\/\/tecsecmty.com\/index.php\/wp-json\/wp\/v2\/media\/8738"}],"wp:attachment":[{"href":"https:\/\/tecsecmty.com\/index.php\/wp-json\/wp\/v2\/media?parent=8739"}],"wp:term":[{"taxonomy":"product_brand","embeddable":true,"href":"https:\/\/tecsecmty.com\/index.php\/wp-json\/wp\/v2\/product_brand?post=8739"},{"taxonomy":"product_cat","embeddable":true,"href":"https:\/\/tecsecmty.com\/index.php\/wp-json\/wp\/v2\/product_cat?post=8739"},{"taxonomy":"product_tag","embeddable":true,"href":"https:\/\/tecsecmty.com\/index.php\/wp-json\/wp\/v2\/product_tag?post=8739"}],"curies":[{"name":"wp","href":"https:\/\/api.w.org\/{rel}","templated":true}]}}