{"id":8741,"date":"2023-02-23T22:28:44","date_gmt":"2023-02-24T04:28:44","guid":{"rendered":"https:\/\/tecsecmty.com\/index.php\/producto\/bosch-a_ardserk40w1-lectora-iclass-y-mifare-teclado\/"},"modified":"2023-03-22T23:21:00","modified_gmt":"2023-03-23T05:21:00","slug":"bosch-a_ardserk40w1-lectora-iclass-y-mifare-teclado","status":"publish","type":"product","link":"https:\/\/tecsecmty.com\/index.php\/producto\/bosch-a_ardserk40w1-lectora-iclass-y-mifare-teclado\/","title":{"rendered":"BOSCH A_ARDSERK40W1 &#8211; Lectora iClass y MIFARE \/ Teclado"},"content":{"rendered":"<p>Resumen del sistema<\/p>\n<p>Ideales para instalaciones nuevas y existentes, los lectores LECTUS secure proporcionan a los clientes la garant\u00eda de aprovechar sus inversiones actuales para mejorar los sistemas a medida que cambian los requisitos comerciales.<\/p>\n<p>Los lectores de tecnolog\u00eda independiente son compatibles con iCLASS est\u00e1ndar, MIFARE classic, y MIFARE DESFire EV1.<\/p>\n<p>Disponibles con cuatro diferentes factores de forma, los lectores LECTUS secure cumplen con casi todos los requisitos de instalaci\u00f3n para uso en interiores y exteriores.<\/p>\n<p>&nbsp;<\/p>\n<p>Planificaci\u00f3n<\/p>\n<p>El largo de cable m\u00e1ximo para un sistema Wiegand es de 150 m.<\/p>\n<p>Para evitar problemas al leer tarjetas con lectores sin contacto, siga las instrucciones al planificar e instalar los lectores. Evite instalar lectores de tarjetas sin contacto detr\u00e1s de estuches met\u00e1licos (es decir, conductores) o sobre superficies met\u00e1licas.<\/p>\n<p>Los espacios que se deben dejar se detallan en la siguiente lista:<\/p>\n<p>Distancia entre el lector y las superficies met\u00e1licas anexadas al costado: m\u00ednimo 30 mm.<br \/>\nDistancia entre el lector y los cables de voltaje de 230 V~ y las fuentes de alimentaci\u00f3n: m\u00ednimo 500 mm.<br \/>\nDistancia entre el lector y los cables de alta frecuencia: m\u00ednimo 500 mm.<br \/>\nPiezas incluidas<\/p>\n<p>Cantidad Componente:<\/p>\n<p>1 Caja del lector con panel.<br \/>\n1 Material de montaje.<br \/>\n1 Gu\u00eda de instalaci\u00f3n.<br \/>\nNota: LECTUS secure 5000 W1 Lector iCLASS\/MIFARE, estilo tipo interruptor de pared, dise\u00f1ado para montaje en cajas de un m\u00f3dulo usadas principalmente en Estados Unidos, placa de montaje ranurada para los m\u00e1rgenes de las cajas traseras europeas y asi\u00e1ticas, cable flexible de conexi\u00f3n, teclado (4&#215;3), 8,5 x 12,2 x 2,8 cm, 256 gr neto.<\/p>\n<p>N\u00famero de pedido ARD-SERK40-W1.<\/p>\n<p>&nbsp;<\/p>\n<p>Principales Caracter\u00edsticas:<\/p>\n<p>Lectores de proximidad de 13,56 MHz para conexi\u00f3n a controladores de acceso con interfaces Wiegand.<br \/>\nAptos para uso en interiores y exteriores u Compatibles con diversas tecnolog\u00edas (iCLASS est\u00e1ndar, MIFARE\u00ae, y MIFARE DESFire\u00ae EV1).<br \/>\nInteroperables con una gama creciente de entornos tecnol\u00f3gicos y factores de forma.<br \/>\nRobusta carcasa de policarbonato de intemperie y dise\u00f1ado para soportar ambientes hostiles.<\/p>\n<p>Especificaciones t\u00e9cnicas<\/p>\n<p>Rango de voltaje de funcionamiento: De 5 a 16 VCC (12 VCC para RS 485).<br \/>\nConsumo de entrada 60 a 220 mA (m\u00e1ximo), 16 V (lea el manual para conocer los detalles).<br \/>\nClasificaci\u00f3n ambiental: IP 55.<br \/>\nTemperatura de funcionamiento: -35 \u00b0C a 65 \u00b0C (-31 \u00b0F a 150 \u00b0F)<br \/>\nHumedad: 5 a 95 %, sin agua de condensaci\u00f3n.<br \/>\nMaterial de la carcasa: Policarbonato (UL 94) .<br \/>\nColor: Negro.<br \/>\nPantalla: LED de barras RGB multicolor.<br \/>\nConexi\u00f3n de paneles: Wiegand, cable flexible de conexi\u00f3n.<br \/>\nCompatibilidad de tarjetas: N\u00famero de serie de iCLASS y MIFARE classic.<br \/>\nN\u00famero de serie de MIFARE: DESFire EV1 (Est\u00e1ndar de 32 bits, opcional de 56 bits).<br \/>\nFrecuencia de funcionamiento: 13,56MHz.<br \/>\nDistancia de lectura t\u00edpica:<br \/>\nLectores LECTUS secure 4000 WI<\/p>\n<p>11,4 cm (con tarjeta iCLASS SE).<br \/>\n11,4 cm (con tarjeta MIFARE DESFire EV1).<br \/>\n8,9 cm (con tarjeta MIFARE classic).<br \/>\n4,6 cm (llavero iCLASS SE).<br \/>\n3,8 cm (llavero MIFARE classic).<\/p>\n","protected":false},"excerpt":{"rendered":"<p>Resumen del sistema Ideales para instalaciones nuevas y existentes, los lectores LECTUS secure proporcionan a los clientes la garant\u00eda de aprovechar sus inversiones actuales para mejorar los sistemas a medida que cambian los requisitos comerciales. Los lectores de tecnolog\u00eda independiente son compatibles con iCLASS est\u00e1ndar,&hellip;<\/p>\n","protected":false},"featured_media":8740,"comment_status":"open","ping_status":"closed","template":"","meta":{"om_disable_all_campaigns":false,"_monsterinsights_skip_tracking":false,"_monsterinsights_sitenote_active":false,"_monsterinsights_sitenote_note":"","_monsterinsights_sitenote_category":0},"product_brand":[],"product_cat":[813],"product_tag":[81,727,730,66,731,728,729],"class_list":{"0":"post-8741","1":"product","2":"type-product","3":"status-publish","4":"has-post-thumbnail","6":"product_cat-lectoras-usb-control-de-acceso-bosch-acceso-asistencia","7":"product_tag-acceso-y-asistencia","8":"product_tag-cerraduras","9":"product_tag-commax-wulian","10":"product_tag-dahua","11":"product_tag-wejoin","12":"product_tag-yli","13":"product_tag-zkteco","15":"first","16":"instock","17":"sale","18":"taxable","19":"shipping-taxable","20":"purchasable","21":"product-type-simple"},"aioseo_notices":[],"_links":{"self":[{"href":"https:\/\/tecsecmty.com\/index.php\/wp-json\/wp\/v2\/product\/8741","targetHints":{"allow":["GET"]}}],"collection":[{"href":"https:\/\/tecsecmty.com\/index.php\/wp-json\/wp\/v2\/product"}],"about":[{"href":"https:\/\/tecsecmty.com\/index.php\/wp-json\/wp\/v2\/types\/product"}],"replies":[{"embeddable":true,"href":"https:\/\/tecsecmty.com\/index.php\/wp-json\/wp\/v2\/comments?post=8741"}],"version-history":[{"count":0,"href":"https:\/\/tecsecmty.com\/index.php\/wp-json\/wp\/v2\/product\/8741\/revisions"}],"wp:featuredmedia":[{"embeddable":true,"href":"https:\/\/tecsecmty.com\/index.php\/wp-json\/wp\/v2\/media\/8740"}],"wp:attachment":[{"href":"https:\/\/tecsecmty.com\/index.php\/wp-json\/wp\/v2\/media?parent=8741"}],"wp:term":[{"taxonomy":"product_brand","embeddable":true,"href":"https:\/\/tecsecmty.com\/index.php\/wp-json\/wp\/v2\/product_brand?post=8741"},{"taxonomy":"product_cat","embeddable":true,"href":"https:\/\/tecsecmty.com\/index.php\/wp-json\/wp\/v2\/product_cat?post=8741"},{"taxonomy":"product_tag","embeddable":true,"href":"https:\/\/tecsecmty.com\/index.php\/wp-json\/wp\/v2\/product_tag?post=8741"}],"curies":[{"name":"wp","href":"https:\/\/api.w.org\/{rel}","templated":true}]}}