{"id":8743,"date":"2023-02-23T22:28:45","date_gmt":"2023-02-24T04:28:45","guid":{"rendered":"https:\/\/tecsecmty.com\/index.php\/producto\/bosch-a_d8225-minilector-esclavo-de-proximidad-wiegand\/"},"modified":"2023-03-22T23:21:01","modified_gmt":"2023-03-23T05:21:01","slug":"bosch-a_d8225-minilector-esclavo-de-proximidad-wiegand","status":"publish","type":"product","link":"https:\/\/tecsecmty.com\/index.php\/producto\/bosch-a_d8225-minilector-esclavo-de-proximidad-wiegand\/","title":{"rendered":"BOSCH A_D8225 &#8211; MINILECTOR Esclavo de proximidad \/ Wiegand"},"content":{"rendered":"<p class=\"ql-align-justify\">El lector D8225 est\u00e1 dise\u00f1ado para que pueda ser montado directamente sobre el metal, como parteluces de puertas sin cambios en rango de lectura su tama\u00f1o peque\u00f1o, apariencia discreta y precio econ\u00f3mico lo convierten en una opci\u00f3n ideal para interiores y aplicaciones al aire libre.<\/p>\n<p class=\"ql-align-justify\"><strong>Funciones<\/strong><\/p>\n<p class=\"ql-align-justify\">Se monta directamente sobre superficies met\u00e1licas<\/p>\n<p class=\"ql-align-justify\">El D8225 tiene un recinto delgado y discreto que es espec\u00edficamente dise\u00f1ado para montar directamente sobre el metal, como parteluces de la puerta sin cambios en el rendimiento del rango de lectura.<\/p>\n<p class=\"ql-align-justify\">Las configuraciones de beeper y LED pueden ser host y localmente.<\/p>\n<p class=\"ql-align-justify\"><strong>Revisado<\/strong><\/p>\n<p class=\"ql-align-justify\">Cuando se presenta una tarjeta de proximidad al lector, el LED parpadea en verde y el b\u00edper suena. Tanto el beeper y las configuraciones de LED se pueden controlar individualmente por el sistema host<\/p>\n<p class=\"ql-align-justify\"><strong>Dise\u00f1o interior y exterior<\/strong><\/p>\n<p class=\"ql-align-justify\">El recinto de policarbonato resistente a la intemperie de la D8225 proporciona resistencia a los extremos del clima y vandalismo.<\/p>\n<p><img decoding=\"async\" class=\"overview-center-img- aligncenter\" src=\"https:\/\/tvc.mx\/media\/3311\/Logoopaginas-oficial.png\" alt=\"\" \/><\/p>\n","protected":false},"excerpt":{"rendered":"<p>El lector D8225 est\u00e1 dise\u00f1ado para que pueda ser montado directamente sobre el metal, como parteluces de puertas sin cambios en rango de lectura su tama\u00f1o peque\u00f1o, apariencia discreta y precio econ\u00f3mico lo convierten en una opci\u00f3n ideal para interiores y aplicaciones al aire libre.&hellip;<\/p>\n","protected":false},"featured_media":8742,"comment_status":"open","ping_status":"closed","template":"","meta":{"om_disable_all_campaigns":false,"_monsterinsights_skip_tracking":false,"_monsterinsights_sitenote_active":false,"_monsterinsights_sitenote_note":"","_monsterinsights_sitenote_category":0},"product_brand":[],"product_cat":[813],"product_tag":[81,727,730,66,731,728,729],"class_list":{"0":"post-8743","1":"product","2":"type-product","3":"status-publish","4":"has-post-thumbnail","6":"product_cat-lectoras-usb-control-de-acceso-bosch-acceso-asistencia","7":"product_tag-acceso-y-asistencia","8":"product_tag-cerraduras","9":"product_tag-commax-wulian","10":"product_tag-dahua","11":"product_tag-wejoin","12":"product_tag-yli","13":"product_tag-zkteco","15":"first","16":"instock","17":"sale","18":"taxable","19":"shipping-taxable","20":"purchasable","21":"product-type-simple"},"aioseo_notices":[],"_links":{"self":[{"href":"https:\/\/tecsecmty.com\/index.php\/wp-json\/wp\/v2\/product\/8743","targetHints":{"allow":["GET"]}}],"collection":[{"href":"https:\/\/tecsecmty.com\/index.php\/wp-json\/wp\/v2\/product"}],"about":[{"href":"https:\/\/tecsecmty.com\/index.php\/wp-json\/wp\/v2\/types\/product"}],"replies":[{"embeddable":true,"href":"https:\/\/tecsecmty.com\/index.php\/wp-json\/wp\/v2\/comments?post=8743"}],"version-history":[{"count":0,"href":"https:\/\/tecsecmty.com\/index.php\/wp-json\/wp\/v2\/product\/8743\/revisions"}],"wp:featuredmedia":[{"embeddable":true,"href":"https:\/\/tecsecmty.com\/index.php\/wp-json\/wp\/v2\/media\/8742"}],"wp:attachment":[{"href":"https:\/\/tecsecmty.com\/index.php\/wp-json\/wp\/v2\/media?parent=8743"}],"wp:term":[{"taxonomy":"product_brand","embeddable":true,"href":"https:\/\/tecsecmty.com\/index.php\/wp-json\/wp\/v2\/product_brand?post=8743"},{"taxonomy":"product_cat","embeddable":true,"href":"https:\/\/tecsecmty.com\/index.php\/wp-json\/wp\/v2\/product_cat?post=8743"},{"taxonomy":"product_tag","embeddable":true,"href":"https:\/\/tecsecmty.com\/index.php\/wp-json\/wp\/v2\/product_tag?post=8743"}],"curies":[{"name":"wp","href":"https:\/\/api.w.org\/{rel}","templated":true}]}}