{"id":8744,"date":"2023-02-23T22:28:46","date_gmt":"2023-02-24T04:28:46","guid":{"rendered":"https:\/\/tecsecmty.com\/index.php\/producto\/dahua-dhi-asm101a-enrolador-usb-soporta-huellas-digitales-tarjetas-id-125-khz-y-mifare-13-56-mhz-plug-and-play-para-smartpss-y-dss-pro-lonuevo\/"},"modified":"2023-03-22T23:22:32","modified_gmt":"2023-03-23T05:22:32","slug":"dahua-dhi-asm101a-enrolador-usb-soporta-huellas-digitales-tarjetas-id-125-khz-y-mifare-13-56-mhz-plug-and-play-para-smartpss-y-dss-pro-lonuevo","status":"publish","type":"product","link":"https:\/\/tecsecmty.com\/index.php\/producto\/dahua-dhi-asm101a-enrolador-usb-soporta-huellas-digitales-tarjetas-id-125-khz-y-mifare-13-56-mhz-plug-and-play-para-smartpss-y-dss-pro-lonuevo\/","title":{"rendered":"DAHUA DHI-ASM101A &#8211; Enrolador USB \/ Soporta Huellas digitales, tarjetas ID (125 Khz.) y Mifare (13.56 Mhz.)\/ Plug and Play\/ Para SmartPSS y DSS Pro\/ #LoNuevo"},"content":{"rendered":"<p>Informaci\u00f3n General<br \/>\nDHI-ASM101A es un emisor de tarjetas plug-and-play que se conecta a la PC a trav\u00e9s del puerto USB. Es aplicable a zonas industriales, edificios de oficinas, escuelas, f\u00e1bricas, estadios, CBD, \u00e1reas residenciales, propiedades gubernamentales, etc.<\/p>\n<p>Capacidad del equipo<br \/>\nEl ASM01A es un equipo para enrolar usuarios, recopilando las huellas o las trajetas ya sean tarjetas ID o Mifare<\/p>\n<p>Principales Caracter\u00edsticas<br \/>\nAdmite tarjeta IC (tarjeta Mifare), emisi\u00f3n de tarjetas de identificaci\u00f3n y recopilaci\u00f3n de huellas dactilares<br \/>\nInterfaz USB2.0.<br \/>\nPlug and play, no es necesario instalar el controlador<br \/>\nIndicador LED y aviso de zumbador para la emisi\u00f3n exitosa de tarjetas y recolecci\u00f3n de huellas dactilares<\/p>\n<p>Especificaciones<br \/>\nLector capacitivo de inscripci\u00f3n de huellas dactilares<br \/>\nModo de comunicaci\u00f3n: Tarjeta de identificaci\u00f3n; Tarjeta IC (tarjeta Mifare)<br \/>\nMensaje de \u00e9xito en la emisi\u00f3n de la tarjeta: El emisor de la tarjeta parpadea en verde<br \/>\nFrecuencia de lectura de tarjetas 13,56 MHz\/125 KHz<br \/>\nDistancia de emisi\u00f3n de la tarjeta 0 cm\u20135 cm (0&#8243;\u20130,20&#8243;)<br \/>\nGrabaci\u00f3n de huellas dactilares Tiempo 1800ms<br \/>\nFuente de alimentaci\u00f3n 5V 0.5A CC<\/p>\n","protected":false},"excerpt":{"rendered":"<p>Informaci\u00f3n General DHI-ASM101A es un emisor de tarjetas plug-and-play que se conecta a la PC a trav\u00e9s del puerto USB. Es aplicable a zonas industriales, edificios de oficinas, escuelas, f\u00e1bricas, estadios, CBD, \u00e1reas residenciales, propiedades gubernamentales, etc. Capacidad del equipo El ASM01A es un equipo&hellip;<\/p>\n","protected":false},"featured_media":1250,"comment_status":"open","ping_status":"closed","template":"","meta":{"om_disable_all_campaigns":false,"_monsterinsights_skip_tracking":false,"_monsterinsights_sitenote_active":false,"_monsterinsights_sitenote_note":"","_monsterinsights_sitenote_category":0},"product_brand":[],"product_cat":[814],"product_tag":[81,727,730,66,731,728,729],"class_list":{"0":"post-8744","1":"product","2":"type-product","3":"status-publish","4":"has-post-thumbnail","6":"product_cat-lectoras-usb-control-de-acceso-dahua-acceso-asistencia","7":"product_tag-acceso-y-asistencia","8":"product_tag-cerraduras","9":"product_tag-commax-wulian","10":"product_tag-dahua","11":"product_tag-wejoin","12":"product_tag-yli","13":"product_tag-zkteco","15":"first","16":"instock","17":"sale","18":"taxable","19":"shipping-taxable","20":"purchasable","21":"product-type-simple"},"aioseo_notices":[],"_links":{"self":[{"href":"https:\/\/tecsecmty.com\/index.php\/wp-json\/wp\/v2\/product\/8744","targetHints":{"allow":["GET"]}}],"collection":[{"href":"https:\/\/tecsecmty.com\/index.php\/wp-json\/wp\/v2\/product"}],"about":[{"href":"https:\/\/tecsecmty.com\/index.php\/wp-json\/wp\/v2\/types\/product"}],"replies":[{"embeddable":true,"href":"https:\/\/tecsecmty.com\/index.php\/wp-json\/wp\/v2\/comments?post=8744"}],"version-history":[{"count":0,"href":"https:\/\/tecsecmty.com\/index.php\/wp-json\/wp\/v2\/product\/8744\/revisions"}],"wp:featuredmedia":[{"embeddable":true,"href":"https:\/\/tecsecmty.com\/index.php\/wp-json\/wp\/v2\/media\/1250"}],"wp:attachment":[{"href":"https:\/\/tecsecmty.com\/index.php\/wp-json\/wp\/v2\/media?parent=8744"}],"wp:term":[{"taxonomy":"product_brand","embeddable":true,"href":"https:\/\/tecsecmty.com\/index.php\/wp-json\/wp\/v2\/product_brand?post=8744"},{"taxonomy":"product_cat","embeddable":true,"href":"https:\/\/tecsecmty.com\/index.php\/wp-json\/wp\/v2\/product_cat?post=8744"},{"taxonomy":"product_tag","embeddable":true,"href":"https:\/\/tecsecmty.com\/index.php\/wp-json\/wp\/v2\/product_tag?post=8744"}],"curies":[{"name":"wp","href":"https:\/\/api.w.org\/{rel}","templated":true}]}}