{"id":875,"date":"2023-02-16T00:00:12","date_gmt":"2023-02-16T00:00:12","guid":{"rendered":"https:\/\/tecsecmty.com\/index.php\/producto\/domo-ptz-turbohd-2-megapixel-1080p-15x-zoom-uso-en-plafon-interior-rs-485-wdr-120-db-ultra-baja-iluminaciun\/"},"modified":"2023-03-22T23:20:44","modified_gmt":"2023-03-23T05:20:44","slug":"domo-ptz-turbohd-2-megapixel-1080p-15x-zoom-uso-en-plafon-interior-rs-485-wdr-120-db-ultra-baja-iluminacion","status":"publish","type":"product","link":"https:\/\/tecsecmty.com\/index.php\/producto\/domo-ptz-turbohd-2-megapixel-1080p-15x-zoom-uso-en-plafon-interior-rs-485-wdr-120-db-ultra-baja-iluminacion\/","title":{"rendered":"Domo PTZ TURBOHD 2 Megapixel (1080p) \/ 15X Zoom \/ Uso en Plafon \/ Interior \/ RS-485 \/ WDR 120 dB \/ Ultra Baja Iluminacion"},"content":{"rendered":"<div class=\"container\">\n<div class=\"row\">\n<div class=\"col-md-12\">\n<div class=\"row\">\n<div class=\"row\">\n<div class=\"col-md-12\">\n<h4 class=\"text-primary center info-text\" style=\"text-align: center\">Informaci\u00f3n de Producto<\/h4>\n<\/div>\n<\/div>\n<div class=\"row\" style=\"text-align: center\">\n<div class=\"col-md-12\">\n<h3>Domo PTZ TURBOHD 2 Megapixel (1080p) \/ 15X Zoom \/ Uso en Plafon \/ Interior \/ RS-485 \/ WDR 120 dB \/ Ultra Baja Iluminaci\u00f3n<\/h3>\n<\/div>\n<\/div>\n<div id=\"producto_container\" class=\"row\" style=\"text-align: center\">\n<div class=\"col-md-4\"><img decoding=\"async\" class=\"img-responsive center-block\" src=\"https:\/\/ftp3.syscom.mx\/usuarios\/fotos\/BancoFotografiasSyscom\/HIKVISION\/DS2AE4215TD3(D)\/DS2AE4215TD3(D)-p.PNG\" alt=\"DS-2AE4215T-D3(D)\" \/><\/p>\n<div class=\"row\">\n<div id=\"galerias\" class=\"col-sm-12\"><\/div>\n<\/div>\n<\/div>\n<div class=\"col-md-4\">\n<div><img decoding=\"async\" class=\"img-responsive img-thumbnail\" src=\"https:\/\/ftp3.syscom.mx\/usuarios\/fotos\/logotipos\/hikvision.png\" \/><\/div>\n<div><img decoding=\"async\" class=\"icono_info_product\" src=\"https:\/\/ftp3.syscom.mx\/usuarios\/ftp\/syscom_mx\/5-11-11-0-15zoom.png?v=1.04?v=1.04\" \/><img decoding=\"async\" class=\"icono_info_product\" src=\"https:\/\/ftp3.syscom.mx\/usuarios\/ftp\/syscom_mx\/3-16-42-54-12vcd-h.png\" \/><\/div>\n<div>\n<p>Modelo:\u00a0<span class=\"modelo-marca\">DS-2AE4215T-D3(D)<\/span><\/p>\n<p>Marca:\u00a0<span class=\"modelo-marca\">HIKVISION<\/span><\/p>\n<\/div>\n<div><\/div>\n<\/div>\n<div class=\"col-md-4\">\n<div class=\"row\">\n<div class=\"col-md-12 default_padding_bottom\"><\/div>\n<\/div>\n<\/div>\n<\/div>\n<\/div>\n<div class=\"row \" style=\"text-align: center\">\n<div class=\"col-md-12\">\n<div class=\"row\">\n<h3 class=\"text-primary\">Especificaciones:<\/h3>\n<\/div>\n<div class=\"row well\">\n<p><img decoding=\"async\" class=\"fr-fic fr-dii\" src=\"https:\/\/ftp3.syscom.mx\/usuarios\/jsosa\/HIKVISION\/imagenes\/logo\/hikvision%20see%20far.png\" \/><\/p>\n<p>&nbsp;<\/p>\n<div class=\"row\">\n<div class=\"col-sm-4\">\n<div><strong>Caracter\u00edsticas principales:<\/strong><\/p>\n<ul>\n<li>Resoluci\u00f3n maxima: 2 Megapixel (1920 x 1080).<\/li>\n<li>Iluminaci\u00f3n m\u00ednima: color 0.005 Lux @ (F1.6, AGC ON).<\/li>\n<li>Iluminaci\u00f3n m\u00ednima: B\/N 0.001 Lux @ (F1.6, AGC ON).<\/li>\n<li>D\u00eda \/ Noche Real (filtro ICR).<\/li>\n<li>Distancia focal: 5 a 75 mm (15X zoom \u00f3ptico 53.8\u00b0 a 4.0\u00b0).<\/li>\n<li>Distancia de infrarrojo: N\/A<\/li>\n<li>Funciones normales: WDR 120 dB \/ BLC \/ HLC \/ EIS \/ 3D DNR.<\/li>\n<li>Tecnolog\u00eda: TVI (TurboHD)<\/li>\n<\/ul>\n<\/div>\n<\/div>\n<div class=\"col-sm-4\">\n<div><strong>Caracter\u00edsticas F\u00edsicas y El\u00e9ctricas:<\/strong><\/p>\n<ul>\n<li>Alimentaci\u00f3n: 12 Vcc \/ 12 W\u00a0<strong>(fuente incluida)<\/strong>.<\/li>\n<li>Temperatura de operaci\u00f3n: -10\u00b0C a 50\u00b0C \/ Humedad al 90% m\u00e1ximo.<\/li>\n<li>Uso en interior.<\/li>\n<li>Protecci\u00f3n contra sobretensiones y protecci\u00f3n contra voltajes transitorios.<\/li>\n<li>Dimensiones: 165 x 168 mm.<\/li>\n<li>Peso: 2 kgs.<\/li>\n<li>Garant\u00eda: 2 a\u00f1os.<\/li>\n<\/ul>\n<\/div>\n<\/div>\n<div class=\"col-sm-4\">\n<div><strong>Caracter\u00edsticas Destacadas:<\/strong><\/p>\n<ul>\n<li>Paneo: 360\u00b0.<\/li>\n<li>Tildeo: 5\u00b0 a 90\u00ba (auto flip).<\/li>\n<li>Preset \/ Patrol \/ Pattern: 256 \/ 10 \/ 5.<\/li>\n<li>Tareas calendarizadas.<\/li>\n<\/ul>\n<p><strong>Entradas y Salidas de Audio \/ Alarmas \/ Almacenamiento \/ Red:<\/strong><\/p>\n<ul>\n<li>Entradas de alarma: 2.<\/li>\n<li>Salidas de alarma: 1.<\/li>\n<li>Entradas de audio: N\/A.<\/li>\n<li>Salidas de audio: N\/A.<\/li>\n<\/ul>\n<\/div>\n<\/div>\n<\/div>\n<div class=\"row\">\n<div class=\"col-sm-12\"><\/div>\n<\/div>\n<p>&nbsp;<\/p>\n<h1><strong>Recursos<\/strong><\/h1>\n<p>&nbsp;<\/p>\n<div class=\"row default_margin_bottom\">\n<div class=\"col-sm-4\"><a href=\"https:\/\/www.hikvision.com\/es-la\/support\/download\/software\/ivms4200-series\/?q=serie%20ivms4200&amp;position=1\" target=\"_blank\" rel=\"noopener\"><img decoding=\"async\" class=\"img-responsive\" src=\"https:\/\/ftp3.syscom.mx\/usuarios\/gmagos\/HIK\/IP\/IPC\/Imagenes%20pagina\/Descargas%20IVMS4200.jpg\" \/><\/a><\/div>\n<div class=\"col-sm-4\"><a href=\"https:\/\/appstore.hikvision.com\/\" target=\"_blank\" rel=\"noopener\"><img decoding=\"async\" class=\"img-responsive\" src=\"https:\/\/ftp3.syscom.mx\/usuarios\/gmagos\/HIK\/IP\/IPC\/Imagenes%20pagina\/Descargas%20de%20app.jpg\" \/><\/a><\/div>\n<div class=\"col-sm-4\"><a href=\"https:\/\/ftp3.syscom.mx\/usuarios\/jsosa\/HIKVISION\/specs\/IPC\/ptz\/DS2AE4215TD3D\/DS-2AE4215T-D3%28D%29%20V3.51%2020190610.pdf\" target=\"_blank\" rel=\"noopener\"><img decoding=\"async\" class=\"img-responsive\" src=\"https:\/\/ftp3.syscom.mx\/usuarios\/gmagos\/HIK\/IP\/IPC\/Imagenes%20pagina\/Descarga%20de%20PDF.jpg\" \/><\/a><\/div>\n<\/div>\n<p>&nbsp;<\/p>\n<p><img decoding=\"async\" class=\"fr-fic fr-dii\" src=\"http:\/\/ftp3.syscom.mx\/usuarios\/jdelafuente\/HIKVISION\/hikvision-solution%20banner.jpg\" \/><\/p>\n<p>&nbsp;<\/p>\n<\/div>\n<\/div>\n<\/div>\n<\/div>\n<\/div>\n<\/div>\n<p><img decoding=\"async\" class=\"aligncenter\" src=\"https:\/\/tracker.metricool.com\/c3po.jpg?hash=95c94f37730bb8f54dd4308f1f878f9\" \/><\/p>\n","protected":false},"excerpt":{"rendered":"<p>Informaci\u00f3n de Producto Domo PTZ TURBOHD 2 Megapixel (1080p) \/ 15X Zoom \/ Uso en Plafon \/ Interior \/ RS-485 \/ WDR 120 dB \/ Ultra Baja Iluminaci\u00f3n Modelo:\u00a0DS-2AE4215T-D3(D) Marca:\u00a0HIKVISION Especificaciones: &nbsp; Caracter\u00edsticas principales: Resoluci\u00f3n maxima: 2 Megapixel (1920 x 1080). Iluminaci\u00f3n m\u00ednima: color 0.005&hellip;<\/p>\n","protected":false},"featured_media":2217,"comment_status":"open","ping_status":"closed","template":"","meta":{"om_disable_all_campaigns":false,"_monsterinsights_skip_tracking":false,"_monsterinsights_sitenote_active":false,"_monsterinsights_sitenote_note":"","_monsterinsights_sitenote_category":0},"product_brand":[],"product_cat":[53],"product_tag":[42,38,54,37,55],"class_list":{"0":"post-875","1":"product","2":"type-product","3":"status-publish","4":"has-post-thumbnail","6":"product_cat-ptz","7":"product_tag-camaras","8":"product_tag-camaras-de-seguridad","9":"product_tag-camaras-ptz","10":"product_tag-hikvision","11":"product_tag-ptz","13":"first","14":"instock","15":"taxable","16":"shipping-taxable","17":"product-type-simple"},"aioseo_notices":[],"_links":{"self":[{"href":"https:\/\/tecsecmty.com\/index.php\/wp-json\/wp\/v2\/product\/875","targetHints":{"allow":["GET"]}}],"collection":[{"href":"https:\/\/tecsecmty.com\/index.php\/wp-json\/wp\/v2\/product"}],"about":[{"href":"https:\/\/tecsecmty.com\/index.php\/wp-json\/wp\/v2\/types\/product"}],"replies":[{"embeddable":true,"href":"https:\/\/tecsecmty.com\/index.php\/wp-json\/wp\/v2\/comments?post=875"}],"version-history":[{"count":2,"href":"https:\/\/tecsecmty.com\/index.php\/wp-json\/wp\/v2\/product\/875\/revisions"}],"predecessor-version":[{"id":2218,"href":"https:\/\/tecsecmty.com\/index.php\/wp-json\/wp\/v2\/product\/875\/revisions\/2218"}],"wp:featuredmedia":[{"embeddable":true,"href":"https:\/\/tecsecmty.com\/index.php\/wp-json\/wp\/v2\/media\/2217"}],"wp:attachment":[{"href":"https:\/\/tecsecmty.com\/index.php\/wp-json\/wp\/v2\/media?parent=875"}],"wp:term":[{"taxonomy":"product_brand","embeddable":true,"href":"https:\/\/tecsecmty.com\/index.php\/wp-json\/wp\/v2\/product_brand?post=875"},{"taxonomy":"product_cat","embeddable":true,"href":"https:\/\/tecsecmty.com\/index.php\/wp-json\/wp\/v2\/product_cat?post=875"},{"taxonomy":"product_tag","embeddable":true,"href":"https:\/\/tecsecmty.com\/index.php\/wp-json\/wp\/v2\/product_tag?post=875"}],"curies":[{"name":"wp","href":"https:\/\/api.w.org\/{rel}","templated":true}]}}