{"id":8750,"date":"2023-02-23T22:28:53","date_gmt":"2023-02-24T04:28:53","guid":{"rendered":"https:\/\/tecsecmty.com\/index.php\/producto\/zkteco-cr20id-lector-enrolador-de-tarjetas-id-puerto-usb-compatible-con-idcard-zkteco\/"},"modified":"2023-03-22T23:25:15","modified_gmt":"2023-03-23T05:25:15","slug":"zkteco-cr20id-lector-enrolador-de-tarjetas-id-puerto-usb-compatible-con-idcard-zkteco","status":"publish","type":"product","link":"https:\/\/tecsecmty.com\/index.php\/producto\/zkteco-cr20id-lector-enrolador-de-tarjetas-id-puerto-usb-compatible-con-idcard-zkteco\/","title":{"rendered":"ZKTECO CR20ID &#8211; Lector Enrolador de Tarjetas ID\/ Puerto USB\/ Compatible con IDCARD ZKTECO"},"content":{"rendered":"<h5 class=\"card-title text-center\">Informaci\u00f3n general.<\/h5>\n<p class=\"ql-align-justify\">La familia de productos CR20 son dispositivos USB de escritorio dise\u00f1ados para lectura de tarjetas ID de 125Khz (CR20E) de forma autom\u00e1tica y precisa,\u00a0evitando los errores de entrada manual.<\/p>\n<p class=\"ql-align-justify\">Se conectan a la PC por el puerto USB permitiendo\u00a0transacciones de alta velocidad.<\/p>\n<h2><strong>Especificaciones:<\/strong><\/h2>\n<p class=\"ql-align-justify\"><strong>Sistema Operativo:\u00a0<\/strong>\u00a0Windows, Android, Linux<\/p>\n<p class=\"ql-align-justify\"><strong>Frecuencia:\u00a0<\/strong>\u00a0125KHz<\/p>\n<p class=\"ql-align-justify\"><strong>Rango de Lectura:\u00a0<\/strong>\u00a0Hasta 10 cm<\/p>\n<p class=\"ql-align-justify\"><strong>Comunicaci\u00f3n:\u00a0<\/strong>\u00a0USB<\/p>\n<p class=\"ql-align-justify\"><strong>Temperatura Tolerable:\u00a0<\/strong>-10\u00baC &#8211; + 70\u00baC<\/p>\n<p class=\"ql-align-justify\"><strong>Humedad Tolerable:\u00a0<\/strong>\u00a010% &#8211; 90%<\/p>\n<p class=\"ql-align-justify\"><strong>Material:\u00a0<\/strong>\u00a0ABS<\/p>\n<p class=\"ql-align-justify\"><strong>Dimensiones:\u00a0<\/strong>\u00a0117.2*66.2*17mm<\/p>\n<p><img decoding=\"async\" class=\"overview-center-img-web\" src=\"https:\/\/tvc.mx\/media\/60285\/banner.png\" alt=\"\" \/><\/p>\n","protected":false},"excerpt":{"rendered":"<p>Informaci\u00f3n general. La familia de productos CR20 son dispositivos USB de escritorio dise\u00f1ados para lectura de tarjetas ID de 125Khz (CR20E) de forma autom\u00e1tica y precisa,\u00a0evitando los errores de entrada manual. Se conectan a la PC por el puerto USB permitiendo\u00a0transacciones de alta velocidad. Especificaciones:&hellip;<\/p>\n","protected":false},"featured_media":8749,"comment_status":"open","ping_status":"closed","template":"","meta":{"om_disable_all_campaigns":false,"_monsterinsights_skip_tracking":false,"_monsterinsights_sitenote_active":false,"_monsterinsights_sitenote_note":"","_monsterinsights_sitenote_category":0},"product_brand":[],"product_cat":[815],"product_tag":[81,727,730,66,731,728,729],"class_list":{"0":"post-8750","1":"product","2":"type-product","3":"status-publish","4":"has-post-thumbnail","6":"product_cat-lectoras-usb-control-de-acceso-zkteco-acceso-asistencia","7":"product_tag-acceso-y-asistencia","8":"product_tag-cerraduras","9":"product_tag-commax-wulian","10":"product_tag-dahua","11":"product_tag-wejoin","12":"product_tag-yli","13":"product_tag-zkteco","15":"first","16":"instock","17":"sale","18":"taxable","19":"shipping-taxable","20":"purchasable","21":"product-type-simple"},"aioseo_notices":[],"_links":{"self":[{"href":"https:\/\/tecsecmty.com\/index.php\/wp-json\/wp\/v2\/product\/8750","targetHints":{"allow":["GET"]}}],"collection":[{"href":"https:\/\/tecsecmty.com\/index.php\/wp-json\/wp\/v2\/product"}],"about":[{"href":"https:\/\/tecsecmty.com\/index.php\/wp-json\/wp\/v2\/types\/product"}],"replies":[{"embeddable":true,"href":"https:\/\/tecsecmty.com\/index.php\/wp-json\/wp\/v2\/comments?post=8750"}],"version-history":[{"count":0,"href":"https:\/\/tecsecmty.com\/index.php\/wp-json\/wp\/v2\/product\/8750\/revisions"}],"wp:featuredmedia":[{"embeddable":true,"href":"https:\/\/tecsecmty.com\/index.php\/wp-json\/wp\/v2\/media\/8749"}],"wp:attachment":[{"href":"https:\/\/tecsecmty.com\/index.php\/wp-json\/wp\/v2\/media?parent=8750"}],"wp:term":[{"taxonomy":"product_brand","embeddable":true,"href":"https:\/\/tecsecmty.com\/index.php\/wp-json\/wp\/v2\/product_brand?post=8750"},{"taxonomy":"product_cat","embeddable":true,"href":"https:\/\/tecsecmty.com\/index.php\/wp-json\/wp\/v2\/product_cat?post=8750"},{"taxonomy":"product_tag","embeddable":true,"href":"https:\/\/tecsecmty.com\/index.php\/wp-json\/wp\/v2\/product_tag?post=8750"}],"curies":[{"name":"wp","href":"https:\/\/api.w.org\/{rel}","templated":true}]}}