{"id":8752,"date":"2023-02-23T22:28:55","date_gmt":"2023-02-24T04:28:55","guid":{"rendered":"https:\/\/tecsecmty.com\/index.php\/producto\/zkteco-pds3000-escaner-de-credenciales-y-fotografia-de-visitante-doble-camara-de-2-mpx-y-5-mpx-respectivamente-equipo-portatil-conexion-usb-recomendado-para-el-modulo-de-visitas-de-biosecuri\/"},"modified":"2023-03-22T23:25:29","modified_gmt":"2023-03-23T05:25:29","slug":"zkteco-pds3000-escaner-de-credenciales-y-fotografia-de-visitante-doble-camara-de-2-mpx-y-5-mpx-respectivamente-equipo-portatil-conexion-usb-recomendado-para-el-modulo-de-visitas-de-biosecuri","status":"publish","type":"product","link":"https:\/\/tecsecmty.com\/index.php\/producto\/zkteco-pds3000-escaner-de-credenciales-y-fotografia-de-visitante-doble-camara-de-2-mpx-y-5-mpx-respectivamente-equipo-portatil-conexion-usb-recomendado-para-el-modulo-de-visitas-de-biosecuri\/","title":{"rendered":"ZKTECO PDS3000 &#8211; Esc\u00e1ner de Credenciales y Fotograf\u00eda de Visitante \/ Doble c\u00e1mara de 2 Mpx y 5 Mpx Respectivamente \/ Equipo Port\u00e1til \/ Conexi\u00f3n USB \/ Recomendado para el M\u00f3dulo de Visitas de Biosecurity"},"content":{"rendered":"<div class=\"row aling-items-center padding-bottom-2x\">\n<div class=\"col-lg-12\">\n<h5 class=\"card-title text-center\">Informaci\u00f3n general.<\/h5>\n<p>El\u00a0<strong>PDS3000<\/strong>\u00a0es un esc\u00e1ner portable de alta velocidad para documentos de identificaci\u00f3n el cual<\/p>\n<p>se utiliza principalmente con el m\u00f3dulo del personal y visitantes de la plataforma\u00a0ZKBioSecurity.<\/p>\n<p>El esc\u00e1ner cuenta con dos c\u00e1maras, una para la captura de fotograf\u00edas de los visitantes y otra<\/p>\n<p>para el escaneo de los documentos de identidad. En la versi\u00f3n ZKBioSecurity 3.0.5.0_R o<\/p>\n<p>superior,\u00a0el software puede reconocer la informaci\u00f3n del personal y visitantes a partir de las<\/p>\n<p>fotos\u00a0capturadas por el esc\u00e1ner.<\/p>\n<p><img decoding=\"async\" class=\"overview-center-img-web\" src=\"https:\/\/tvc.mx\/media\/68022\/Banner.png\" alt=\"\" \/><\/div>\n<\/div>\n<div class=\"row align-items-center padding-bottom-2x\">\n<div class=\"col-md-5\"><img decoding=\"async\" class=\"d-block m-auto img-thumbnail\" src=\"https:\/\/tvc.mx\/media\/68025\/OVL1.png\" alt=\" \" \/><\/div>\n<div class=\"col-md-7 text-md-left text-center\">\n<h2>Caracter\u00edsticas.<\/h2>\n<p class=\"text-muted\">\n<ul>\n<li>Altura ajustable del escaner<\/li>\n<li>Cuenta con una base para colocar los documentos para que la imagen capturada sea mas clara<\/li>\n<li>Lectura OCR como funci\u00f3n opcional<strong>\u00a0<\/strong><\/li>\n<\/ul>\n<p>&nbsp;<\/p>\n<\/div>\n<\/div>\n<hr class=\"padding-bottom-2x\" \/>\n<div class=\"row align-items-center padding-bottom-2x\">\n<div class=\"col-md-5 order-md-2\"><img decoding=\"async\" class=\"d-block m-auto img-thumbnail\" src=\"https:\/\/tvc.mx\/media\/68028\/OVL3.png\" alt=\" \" \/><\/div>\n<div class=\"col-md-7 order-md-1 text-md-left text-center\">\n<h2>Especificacione<\/h2>\n<p class=\"text-muted\">\n<ul>\n<li><strong>Sensor de Imagen<\/strong>\u00a05MP (C\u00e1mara Superior) \/ 2MP (C\u00e1mara inferior)<\/li>\n<li><strong>Resoluci\u00f3n<\/strong>\u00a02592 x 1944<\/li>\n<li><strong>Tama\u00f1o para escaneo<\/strong>\u00a0A3, A4, A5, A6, Tarjetas de presentaci\u00f3n, credenciales<\/li>\n<li><strong>Velocidad<\/strong>\u00a01 segundo<\/li>\n<li><strong>Sensor<\/strong>\u00a0CMOS<\/li>\n<li><strong>Iluminaci\u00f3n<\/strong>\u00a0Natural + Luz Adicional LED (Lente Gran Angular)<\/li>\n<li><strong>Fuente de alimentaci\u00f3n<\/strong>\u00a0USB<\/li>\n<li><strong>Interfaz<\/strong>\u00a0USB 2.0, 4 Puertos USB<\/li>\n<li><strong>Certificaci\u00f3n<\/strong>\u00a0CE \/ RoHs \/ FCC<\/li>\n<li><strong>Requerimientos de sistema\u00a0<\/strong>\u00a0<strong>\u00a0<\/strong>Win7, Win8, Win10<\/li>\n<\/ul>\n<\/div>\n<\/div>\n","protected":false},"excerpt":{"rendered":"<p>Informaci\u00f3n general. El\u00a0PDS3000\u00a0es un esc\u00e1ner portable de alta velocidad para documentos de identificaci\u00f3n el cual se utiliza principalmente con el m\u00f3dulo del personal y visitantes de la plataforma\u00a0ZKBioSecurity. El esc\u00e1ner cuenta con dos c\u00e1maras, una para la captura de fotograf\u00edas de los visitantes y otra&hellip;<\/p>\n","protected":false},"featured_media":8751,"comment_status":"open","ping_status":"closed","template":"","meta":{"om_disable_all_campaigns":false,"_monsterinsights_skip_tracking":false,"_monsterinsights_sitenote_active":false,"_monsterinsights_sitenote_note":"","_monsterinsights_sitenote_category":0},"product_brand":[],"product_cat":[815],"product_tag":[81,727,730,66,731,728,729],"class_list":{"0":"post-8752","1":"product","2":"type-product","3":"status-publish","4":"has-post-thumbnail","6":"product_cat-lectoras-usb-control-de-acceso-zkteco-acceso-asistencia","7":"product_tag-acceso-y-asistencia","8":"product_tag-cerraduras","9":"product_tag-commax-wulian","10":"product_tag-dahua","11":"product_tag-wejoin","12":"product_tag-yli","13":"product_tag-zkteco","15":"first","16":"instock","17":"sale","18":"taxable","19":"shipping-taxable","20":"purchasable","21":"product-type-simple"},"aioseo_notices":[],"_links":{"self":[{"href":"https:\/\/tecsecmty.com\/index.php\/wp-json\/wp\/v2\/product\/8752","targetHints":{"allow":["GET"]}}],"collection":[{"href":"https:\/\/tecsecmty.com\/index.php\/wp-json\/wp\/v2\/product"}],"about":[{"href":"https:\/\/tecsecmty.com\/index.php\/wp-json\/wp\/v2\/types\/product"}],"replies":[{"embeddable":true,"href":"https:\/\/tecsecmty.com\/index.php\/wp-json\/wp\/v2\/comments?post=8752"}],"version-history":[{"count":0,"href":"https:\/\/tecsecmty.com\/index.php\/wp-json\/wp\/v2\/product\/8752\/revisions"}],"wp:featuredmedia":[{"embeddable":true,"href":"https:\/\/tecsecmty.com\/index.php\/wp-json\/wp\/v2\/media\/8751"}],"wp:attachment":[{"href":"https:\/\/tecsecmty.com\/index.php\/wp-json\/wp\/v2\/media?parent=8752"}],"wp:term":[{"taxonomy":"product_brand","embeddable":true,"href":"https:\/\/tecsecmty.com\/index.php\/wp-json\/wp\/v2\/product_brand?post=8752"},{"taxonomy":"product_cat","embeddable":true,"href":"https:\/\/tecsecmty.com\/index.php\/wp-json\/wp\/v2\/product_cat?post=8752"},{"taxonomy":"product_tag","embeddable":true,"href":"https:\/\/tecsecmty.com\/index.php\/wp-json\/wp\/v2\/product_tag?post=8752"}],"curies":[{"name":"wp","href":"https:\/\/api.w.org\/{rel}","templated":true}]}}