{"id":8754,"date":"2023-02-23T22:28:56","date_gmt":"2023-02-24T04:28:56","guid":{"rendered":"https:\/\/tecsecmty.com\/index.php\/producto\/zkteco-slk20r-enrolador-de-huella-digital-por-usb-silk-id-conexion-de-alta-velocidad-usb-2-0\/"},"modified":"2023-03-22T23:25:32","modified_gmt":"2023-03-23T05:25:32","slug":"zkteco-slk20r-enrolador-de-huella-digital-por-usb-silk-id-conexion-de-alta-velocidad-usb-2-0","status":"publish","type":"product","link":"https:\/\/tecsecmty.com\/index.php\/producto\/zkteco-slk20r-enrolador-de-huella-digital-por-usb-silk-id-conexion-de-alta-velocidad-usb-2-0\/","title":{"rendered":"ZKTECO SLK20R &#8211; Enrolador de Huella Digital por USB \/ SILK ID \/ Conexi\u00f3n de Alta Velocidad USB 2.0"},"content":{"rendered":"<div class=\"row aling-items-center padding-bottom-2x\">\n<div class=\"col-lg-12\">\n<h5 class=\"card-title text-center\">Informaci\u00f3n General<\/h5>\n<p class=\"ql-align-justify\">El enrolador de Huella Digital Modelo\u00a0<strong>SLK20R<\/strong>\u00a0es un potente sensor biom\u00e9trico \u00f3ptico, que cuenta con la avanzada tecnolog\u00eda de lectura dactilar,\u00a0<strong>SILKID<\/strong>. La cual ayuda a mejorar la protecci\u00f3n contra intentos de enga\u00f1o al sistema, mejorando la habilidad para detecci\u00f3n de huellas falsas y la captura de im\u00e1genes con mayor calidad.<\/p>\n<p><img decoding=\"async\" class=\"overview-center-img-web\" src=\"https:\/\/tvc.mx\/media\/550347\/Enrolador-Huella-Digital-SILKID-USB--SLK20R-ZKTeco-TVC-Banner.png\" alt=\"\" \/><\/div>\n<\/div>\n<div class=\"row align-items-center padding-bottom-2x\">\n<div class=\"col-md-5\"><img decoding=\"async\" class=\"d-block m-auto img-thumbnail\" src=\"https:\/\/tvc.mx\/media\/550367\/Enrolador-Huella-Digital-SILKID-USB--SLK20R-ZKTeco-TVC-Complemento.png\" alt=\" \" \/><\/div>\n<div class=\"col-md-7 text-md-left text-center\">\n<h2>Caracter\u00edsticas y Especificaciones<\/h2>\n<p class=\"text-muted\">\n<p><strong>Caracter\u00edsticas<\/strong><\/p>\n<ul>\n<li>Reconocimiento r\u00e1pido de huellas secas, \u00e1speras y h\u00famedas.<\/li>\n<li>Operaci\u00f3n estable bajo luz intensa<\/li>\n<li>Funci\u00f3n anti-falsi\ufb01caci\u00f3n de huellas digitales<\/li>\n<li>Interfaz USB 2.0 de alta velocidad<\/li>\n<li>Modo de reposo<\/li>\n<\/ul>\n<p><strong>Especificaciones<\/strong><\/p>\n<ul>\n<li><strong>Sensor de huella<\/strong>:\u00a0Sensor \u00f3ptico ZK<\/li>\n<li><strong>Detecci\u00f3n de Huellas Vivas:<\/strong>\u00a0S\u00ed<\/li>\n<li><strong>Resoluci\u00f3n de Imagen:<\/strong>\u00a0500 DPI<\/li>\n<li><strong>\u00c1rea de detecci\u00f3n:<\/strong>\u00a015.24 x 20.32 (mm)<\/li>\n<li><strong>Interfaz de comunicaci\u00f3n:<\/strong>\u00a0USB 2.0<\/li>\n<li><strong>Corriente de trabajo:<\/strong>\u00a05.0V (+\/- 0.25V) por USB<\/li>\n<li><strong>Entorno Operativo:<\/strong>\u00a0-20 \u00b0C ~ +50 \u00b0C<\/li>\n<li><strong>Dimensiones:<\/strong>\u00a049 x 44 x 20.1 mm<\/li>\n<li><strong>Certi\ufb01cacion:<\/strong>\u00a0FBI PIV Single Finger Capture Device \/ FBI PIV Mobile FAP 20<\/li>\n<\/ul>\n<p>&nbsp;<\/p>\n<\/div>\n<\/div>\n","protected":false},"excerpt":{"rendered":"<p>Informaci\u00f3n General El enrolador de Huella Digital Modelo\u00a0SLK20R\u00a0es un potente sensor biom\u00e9trico \u00f3ptico, que cuenta con la avanzada tecnolog\u00eda de lectura dactilar,\u00a0SILKID. La cual ayuda a mejorar la protecci\u00f3n contra intentos de enga\u00f1o al sistema, mejorando la habilidad para detecci\u00f3n de huellas falsas y la&hellip;<\/p>\n","protected":false},"featured_media":8753,"comment_status":"open","ping_status":"closed","template":"","meta":{"om_disable_all_campaigns":false,"_monsterinsights_skip_tracking":false,"_monsterinsights_sitenote_active":false,"_monsterinsights_sitenote_note":"","_monsterinsights_sitenote_category":0},"product_brand":[],"product_cat":[815],"product_tag":[81,727,730,66,731,728,729],"class_list":{"0":"post-8754","1":"product","2":"type-product","3":"status-publish","4":"has-post-thumbnail","6":"product_cat-lectoras-usb-control-de-acceso-zkteco-acceso-asistencia","7":"product_tag-acceso-y-asistencia","8":"product_tag-cerraduras","9":"product_tag-commax-wulian","10":"product_tag-dahua","11":"product_tag-wejoin","12":"product_tag-yli","13":"product_tag-zkteco","15":"first","16":"instock","17":"sale","18":"taxable","19":"shipping-taxable","20":"purchasable","21":"product-type-simple"},"aioseo_notices":[],"_links":{"self":[{"href":"https:\/\/tecsecmty.com\/index.php\/wp-json\/wp\/v2\/product\/8754","targetHints":{"allow":["GET"]}}],"collection":[{"href":"https:\/\/tecsecmty.com\/index.php\/wp-json\/wp\/v2\/product"}],"about":[{"href":"https:\/\/tecsecmty.com\/index.php\/wp-json\/wp\/v2\/types\/product"}],"replies":[{"embeddable":true,"href":"https:\/\/tecsecmty.com\/index.php\/wp-json\/wp\/v2\/comments?post=8754"}],"version-history":[{"count":0,"href":"https:\/\/tecsecmty.com\/index.php\/wp-json\/wp\/v2\/product\/8754\/revisions"}],"wp:featuredmedia":[{"embeddable":true,"href":"https:\/\/tecsecmty.com\/index.php\/wp-json\/wp\/v2\/media\/8753"}],"wp:attachment":[{"href":"https:\/\/tecsecmty.com\/index.php\/wp-json\/wp\/v2\/media?parent=8754"}],"wp:term":[{"taxonomy":"product_brand","embeddable":true,"href":"https:\/\/tecsecmty.com\/index.php\/wp-json\/wp\/v2\/product_brand?post=8754"},{"taxonomy":"product_cat","embeddable":true,"href":"https:\/\/tecsecmty.com\/index.php\/wp-json\/wp\/v2\/product_cat?post=8754"},{"taxonomy":"product_tag","embeddable":true,"href":"https:\/\/tecsecmty.com\/index.php\/wp-json\/wp\/v2\/product_tag?post=8754"}],"curies":[{"name":"wp","href":"https:\/\/api.w.org\/{rel}","templated":true}]}}