{"id":8756,"date":"2023-02-23T22:28:58","date_gmt":"2023-02-24T04:28:58","guid":{"rendered":"https:\/\/tecsecmty.com\/index.php\/producto\/zkteco-zk9500-enrolador-de-huella-digital-por-usb-conexion-de-alta-velocidad-usb-2-0\/"},"modified":"2023-03-22T23:25:37","modified_gmt":"2023-03-23T05:25:37","slug":"zkteco-zk9500-enrolador-de-huella-digital-por-usb-conexion-de-alta-velocidad-usb-2-0","status":"publish","type":"product","link":"https:\/\/tecsecmty.com\/index.php\/producto\/zkteco-zk9500-enrolador-de-huella-digital-por-usb-conexion-de-alta-velocidad-usb-2-0\/","title":{"rendered":"ZKTECO ZK9500 &#8211; Enrolador de Huella Digital por USB\/ Conexi\u00f3n de Alta Velocidad USB 2.0"},"content":{"rendered":"<div class=\"row aling-items-center padding-bottom-2x\">\n<div class=\"col-lg-12\">\n<h5 class=\"card-title text-center\">Informaci\u00f3n General<\/h5>\n<p>El enrolador\u00a0<strong>ZK9500<\/strong>\u00a0es un lector de huellas digitales con interfaz de comunicaci\u00f3n y alimentaci\u00f3n de 5VCD por USB. Ofrece la funci\u00f3n de capturar im\u00e1genes de huellas digitales y transferirlas a los software de\u00a0<strong>ZKTeco<\/strong>\u00a0para la autenticaci\u00f3n de los usuarios. La operaci\u00f3n de este lector es simple y flexible. Con un dise\u00f1o compacto y simple, este enrolador es un nuevo concepto de Lectores de Huella.<\/p>\n<p>Tambi\u00e9n puede trabajar con otros sistemas ajenos a la marca, al contar con SDK&#8217;s disponibles para clientes que desarrollen sus propias aplicaciones.<\/p>\n<p><img decoding=\"async\" class=\"overview-center-img-web\" src=\"https:\/\/tvc.mx\/media\/549551\/Enrolador-Huella-Digital-USB-ZK9500-ZKTeco-TVC-Banner.png\" alt=\"\" \/><\/div>\n<\/div>\n<div class=\"row align-items-center padding-bottom-2x\">\n<div class=\"col-md-5\"><img decoding=\"async\" class=\"d-block m-auto img-thumbnail\" src=\"https:\/\/tvc.mx\/media\/549559\/Enrolador-Huella-Digital-USB-ZK9500-ZKTeco-TVC-Complemento1.png\" alt=\" \" \/><\/div>\n<div class=\"col-md-7 text-md-left text-center\">\n<h2>Especificaciones T\u00e9cnicas<\/h2>\n<p class=\"text-muted\">\n<p><strong>Caracter\u00edsticas<\/strong><\/p>\n<ul>\n<li>Sensor \u00f3ptico de huella de alto rendimiento<\/li>\n<li>Material pl\u00e1stico industrial ABS de alta calidad<\/li>\n<li>Interfaz USB de alta velocidad<\/li>\n<li>LED indicador de estado<\/li>\n<\/ul>\n<p>&nbsp;<\/p>\n<p><strong>Especificaciones<\/strong><\/p>\n<ul>\n<li><strong>Sensor de huella:\u00a0<\/strong>Sensor \u00f3ptico ZK<\/li>\n<li><strong>Detecci\u00f3n de Huellas Vivas:<\/strong>\u00a0S\u00ed<\/li>\n<li><strong>Resoluci\u00f3n de Imagen:<\/strong>\u00a0500 DPI<\/li>\n<li><strong>\u00c1rea de detecci\u00f3n:\u00a0<\/strong>16.5 x 23 mm<\/li>\n<li><strong>Interfaz de comunicaci\u00f3n:<\/strong>\u00a0USB 2.0<\/li>\n<li><strong>Corriente de trabajo:<\/strong>\u00a05.0V (+\/- 0.25V) por USB<\/li>\n<li><strong>Entorno Operativo:<\/strong>\u00a0-20 \u00b0C ~ +50 \u00b0C<\/li>\n<li><strong>Dimensiones:<\/strong>\u00a075.5 x 53.2 x 19 mm<\/li>\n<\/ul>\n<p>&nbsp;<\/p>\n<\/div>\n<\/div>\n","protected":false},"excerpt":{"rendered":"<p>Informaci\u00f3n General El enrolador\u00a0ZK9500\u00a0es un lector de huellas digitales con interfaz de comunicaci\u00f3n y alimentaci\u00f3n de 5VCD por USB. Ofrece la funci\u00f3n de capturar im\u00e1genes de huellas digitales y transferirlas a los software de\u00a0ZKTeco\u00a0para la autenticaci\u00f3n de los usuarios. La operaci\u00f3n de este lector es&hellip;<\/p>\n","protected":false},"featured_media":8755,"comment_status":"open","ping_status":"closed","template":"","meta":{"om_disable_all_campaigns":false,"_monsterinsights_skip_tracking":false,"_monsterinsights_sitenote_active":false,"_monsterinsights_sitenote_note":"","_monsterinsights_sitenote_category":0},"product_brand":[],"product_cat":[815],"product_tag":[81,727,730,66,731,728,729],"class_list":{"0":"post-8756","1":"product","2":"type-product","3":"status-publish","4":"has-post-thumbnail","6":"product_cat-lectoras-usb-control-de-acceso-zkteco-acceso-asistencia","7":"product_tag-acceso-y-asistencia","8":"product_tag-cerraduras","9":"product_tag-commax-wulian","10":"product_tag-dahua","11":"product_tag-wejoin","12":"product_tag-yli","13":"product_tag-zkteco","15":"first","16":"instock","17":"sale","18":"taxable","19":"shipping-taxable","20":"purchasable","21":"product-type-simple"},"aioseo_notices":[],"_links":{"self":[{"href":"https:\/\/tecsecmty.com\/index.php\/wp-json\/wp\/v2\/product\/8756","targetHints":{"allow":["GET"]}}],"collection":[{"href":"https:\/\/tecsecmty.com\/index.php\/wp-json\/wp\/v2\/product"}],"about":[{"href":"https:\/\/tecsecmty.com\/index.php\/wp-json\/wp\/v2\/types\/product"}],"replies":[{"embeddable":true,"href":"https:\/\/tecsecmty.com\/index.php\/wp-json\/wp\/v2\/comments?post=8756"}],"version-history":[{"count":0,"href":"https:\/\/tecsecmty.com\/index.php\/wp-json\/wp\/v2\/product\/8756\/revisions"}],"wp:featuredmedia":[{"embeddable":true,"href":"https:\/\/tecsecmty.com\/index.php\/wp-json\/wp\/v2\/media\/8755"}],"wp:attachment":[{"href":"https:\/\/tecsecmty.com\/index.php\/wp-json\/wp\/v2\/media?parent=8756"}],"wp:term":[{"taxonomy":"product_brand","embeddable":true,"href":"https:\/\/tecsecmty.com\/index.php\/wp-json\/wp\/v2\/product_brand?post=8756"},{"taxonomy":"product_cat","embeddable":true,"href":"https:\/\/tecsecmty.com\/index.php\/wp-json\/wp\/v2\/product_cat?post=8756"},{"taxonomy":"product_tag","embeddable":true,"href":"https:\/\/tecsecmty.com\/index.php\/wp-json\/wp\/v2\/product_tag?post=8756"}],"curies":[{"name":"wp","href":"https:\/\/api.w.org\/{rel}","templated":true}]}}