{"id":8758,"date":"2023-02-23T22:29:02","date_gmt":"2023-02-24T04:29:02","guid":{"rendered":"https:\/\/tecsecmty.com\/index.php\/producto\/bosch-a_apiamc216ion-controlador-autonomo-para-bis-con-opc\/"},"modified":"2023-03-22T23:20:59","modified_gmt":"2023-03-23T05:20:59","slug":"bosch-a_apiamc216ion-controlador-autonomo-para-bis-con-opc","status":"publish","type":"product","link":"https:\/\/tecsecmty.com\/index.php\/producto\/bosch-a_apiamc216ion-controlador-autonomo-para-bis-con-opc\/","title":{"rendered":"BOSCH A_APIAMC216ION- CONTROLADOR AUTONOMO PARA BIS CON OPC"},"content":{"rendered":"<div class=\"row aling-items-center padding-bottom-2x\">\n<div class=\"col-lg-12\">\n<h5 class=\"card-title text-center\">Resumen<\/h5>\n<p>El AMC2 (Access Modular Controller) se utiliza como controlador de accesos en los sistemas de control de accesos:<\/p>\n<ul>\n<li>BISACE (Access Engine) a partir de la versi\u00f3n 2.0<\/li>\n<li>AMS (Access Management System)<\/li>\n<li>APE (Access Professional Edition).<\/li>\n<\/ul>\n<p>El dispositivo controla un grupo de uno a ocho puntos de acceso. Estos puntos de acceso, tambi\u00e9n conocidos como entradas, pueden ser:<\/p>\n<ul>\n<li>Puertas<\/li>\n<li>Portones<\/li>\n<li>Barreras<\/li>\n<li>Tornos<\/li>\n<li>Puertas giratorias<\/li>\n<li>Esclusas<\/li>\n<li>Tarjetas de identificaci\u00f3n, PIN y lectores biom\u00e9tricas<\/li>\n<li>Elementos de apertura de puertas<\/li>\n<li>Sensores<\/li>\n<\/ul>\n<p>El AMC2 puede controlar ocho lectores de tarjetas de identificaci\u00f3n como m\u00e1ximo (seg\u00fan el tipo de lector) y procesar la totalidad de la l\u00f3gica de acceso de las entradas asignadas.<\/p>\n<p>Las entradas anal\u00f3gicas tienen un reconocimiento de estado de las l\u00edneas conectadas.<\/p>\n<p>Las salidas de rel\u00e9 activan los elementos de apertura de puertas o generar la activaci\u00f3n y la se\u00f1alizaci\u00f3n de<\/p>\n<p>seguridad.<\/p>\n<p>El AMC2 almacena toda la informaci\u00f3n necesaria en una memoria buffer de bater\u00eda y un elemento de almacenamiento Flash compacto. De este modo, incluso aunque la unidad est\u00e9 sin conexi\u00f3n, comprueba la autorizaci\u00f3n independiente en puntos de acceso, toma decisiones sobre accesos, controla los elementos de abertura\/cierre y registra eventos de movimiento.<\/p>\n<p><img decoding=\"async\" class=\"overview-center-img-web\" src=\"https:\/\/tvc.mx\/media\/629474\/encabezado-1920x400.png\" alt=\"\" \/><\/div>\n<\/div>\n<div class=\"row align-items-center padding-bottom-2x\">\n<div class=\"col-md-5\"><img decoding=\"async\" class=\"d-block m-auto img-thumbnail\" src=\"https:\/\/tvc.mx\/media\/629506\/400x300-logo.png\" alt=\" \" \/><\/div>\n<div class=\"col-md-7 text-md-left text-center\">\n<h2>Caracter\u00edsticas<\/h2>\n<p class=\"text-muted\">\n<ul>\n<li>Administrador de acceso inteligente para una a ocho entradas<\/li>\n<li>Un m\u00e1ximo de cuatro interfaces que incluyen la fuente de alimentaci\u00f3n de la lectora<\/li>\n<li>Compact Flash est\u00e1ndar de 2 GB<\/li>\n<li>Pantalla LCD para visualizaci\u00f3n de informaci\u00f3n<\/li>\n<li>Un m\u00e1ximo de ocho contactos de entrada y salida<\/li>\n<\/ul>\n<p>&nbsp;<\/p>\n<\/div>\n<\/div>\n<hr class=\"padding-bottom-2x\" \/>\n<div class=\"row align-items-center padding-bottom-2x\">\n<div class=\"col-md-5 order-md-2\"><img decoding=\"async\" class=\"d-block m-auto img-thumbnail\" src=\"https:\/\/tvc.mx\/media\/629526\/400x300-descripci%C3%B3n-del-sistema.png\" alt=\" \" \/><\/div>\n<div class=\"col-md-7 order-md-1 text-md-left text-center\">\n<h2>Descripci\u00f3n del Sistema<\/h2>\n<p class=\"text-muted\">\n<p>El controlador se puede conectar al servidor a trav\u00e9s de una de las siguientes interfaces, en funci\u00f3n del tipo de instalaci\u00f3n:<\/p>\n<p>Si utiliza RS485, puede conectar hasta ocho controladores de acceso a una l\u00ednea compartida.<\/p>\n<p>La comunicaci\u00f3n entre el servidor y el controlador a trav\u00e9s de RS485 est\u00e1 cifrada con hasta AES256, en funci\u00f3n de la versi\u00f3n de firmware utilizada.<\/p>\n<p>En la cadena de comunicaci\u00f3n de un sistema, el controlador de acceso se integra entre el sistema host y los dispositivos perif\u00e9ricos.<\/p>\n<p>&nbsp;<\/p>\n<\/div>\n<\/div>\n<hr class=\"padding-bottom-2x\" \/>\n<div class=\"row aling-items-center padding-bottom-2x\">\n<div class=\"col-lg-12\">\n<h5 class=\"card-title text-center\">Funciones<\/h5>\n<p>\u2022 Almacenamiento de datos descargados como seindica a continuaci\u00f3n:<\/p>\n<p>\u2013 Datos maestros<\/p>\n<p>\u2013 Autorizaciones<\/p>\n<p>\u2013 Modelos de acceso<\/p>\n<p>\u2013 Textos de pantalla<\/p>\n<p>\u2013 Configuraciones de lectores<\/p>\n<p>\u2022 Interpretaci\u00f3n de los datos de transacci\u00f3n desde el lector:<\/p>\n<p>\u2013 Comprobaci\u00f3n de autorizaci\u00f3n<\/p>\n<p>\u2013 Solicitud de host<\/p>\n<p>\u2013 C\u00f3digo PIN<\/p>\n<p>\u2022 Control\/monitorizaci\u00f3n:<\/p>\n<p>\u2013 Denegaci\u00f3n o liberaci\u00f3n de la puerta<\/p>\n<p>\u2013 Alarma de conmutaci\u00f3n<\/p>\n<p>\u2013 Estados de puerta<\/p>\n<p>\u2013 Estados de operaci\u00f3n del lector<\/p>\n<p>\u2013 Estados de alarma interna<\/p>\n<p>\u2022 Mensajes a Access Engine:<\/p>\n<p>\u2013 Solicitudes de host<\/p>\n<p>\u2013 Datos de transacci\u00f3n para almacenamiento<\/p>\n<p>\u2013 Mensajes de error y aver\u00edas<\/p>\n<p>\u2013 Mensajes de alarma<\/p>\n<p>\u2022 Fuente alimentaci\u00f3n para:<\/p>\n<p>\u2013 Lectores<\/p>\n<p>\u2013 Abridores de puerta<\/p>\n<p>\u2013 Fuentes de corriente de contacto<\/p>\n<p><img decoding=\"async\" class=\"overview-center-img-web\" src=\"https:\/\/tvc.mx\/media\/629534\/encabezado-1920x400.png\" alt=\"\" \/><\/div>\n<\/div>\n<div class=\"row align-items-center padding-bottom-2x\">\n<div class=\"col-md-5\"><img decoding=\"async\" class=\"d-block m-auto img-thumbnail\" src=\"https:\/\/tvc.mx\/media\/629546\/400x300-reglamentaria.png\" alt=\" \" \/><\/div>\n<div class=\"col-md-7 text-md-left text-center\">\n<h2>Informaci\u00f3n reglamentaria<\/h2>\n<p class=\"text-muted\">\n<p>Informaci\u00f3n reglamentaria<\/p>\n<p>&nbsp;<\/p>\n<\/div>\n<\/div>\n<hr class=\"padding-bottom-2x\" \/>\n<div class=\"row aling-items-center padding-bottom-2x\">\n<div class=\"col-lg-12\">\n<h5 class=\"card-title text-center\">Notas de configuraci\u00f3n\/instalaci\u00f3n<\/h5>\n<p><strong>Fuente de alimentaci\u00f3n<\/strong><\/p>\n<p>La fuente de alimentaci\u00f3n externa (de 10 a 30 VCC) del AMC2 se conecta a los pins primero (positivo) y tercero (negativo). Si se utiliza una fuente de alimentaci\u00f3n ininterrumpida (UPS), el rel\u00e9 de salida de la UPS correspondiente se puede conectar a los pins:<\/p>\n<ul>\n<li>4 y 7 para CA.<\/li>\n<li>5 y 7 para bater\u00eda.<\/li>\n<li>6 y 7 para CC.<\/li>\n<\/ul>\n<p>De lo contrario, se produce un cortocircuito en los pins.<\/p>\n<p><strong>Restricciones de cantidad<\/strong><\/p>\n<ul>\n<li>Siga las instrucciones de instalaci\u00f3n y configuraci\u00f3n de Access Engine relativas al n\u00famero m\u00e1ximo de controladores de accesos de un sistema de control de accesos.<\/li>\n<li>El n\u00famero m\u00e1ximo de tarjetas que puede almacenar un controlador es de 400.000, en funci\u00f3n del sistema host de acceso y la licencia utilizada. Para obtener m\u00e1s informaci\u00f3n, consulte las hojas de datos de los sistemas de control de acceso BIS\/ACE y AMS.<\/li>\n<\/ul>\n<p><strong>Conexiones a los lectores de tarjetas de ID<\/strong><\/p>\n<p><strong>Interfaces Wiegand<\/strong><\/p>\n<p>El AMC2 2WCF tiene dos conexiones para conectar un m\u00e1ximo de dos lectores de tarjetas de ID.<\/p>\n<p>El AMC2 4WCF tiene cuatro conexiones para conectar un m\u00e1ximo de cuatro lectores de tarjetas de ID.<\/p>\n<p>Las interfaces de elementos del lector de tarjetas de ID y el control de puerta se dividen en grupos, cada uno con interfaz de lector, dos contactos de entrada y dos de salida.<\/p>\n<p>Las siguientes definiciones se aplican a las interfaces Wiegand:<\/p>\n<ul>\n<li>Interfaz de 10 cables (incluido mallado).<\/li>\n<li>Longitud de cable m\u00e1xima de 158 m (500 pies) hasta el lector de tarjetas de ID.<\/li>\n<\/ul>\n<p><strong>Interfaces RS485<\/strong><\/p>\n<p>El AMC2 4R4CF tiene cuatro conexiones para conectar un m\u00e1ximo de ocho lectores de tarjetas de ID, utilizando el protocolo seguro OSDPv2. Las interfaces se dividen en dos buses. Es posible conectar un m\u00e1ximo de ocho lectores a una interfaz.<\/p>\n<p>Definici\u00f3n de interfaz RS485:<\/p>\n<ul>\n<li>Interfaz de dos cables: mediante el conector enchufable de 10 pins.<\/li>\n<li>Longitud m\u00e1xima del bus: 1200 m.<\/li>\n<li>Velocidad de transferencia: 9,6 kBit\/s<\/li>\n<\/ul>\n<p><strong>Lectora y modelos de puertas<\/strong><\/p>\n<p>El AMC2 controla el lector conectado a trav\u00e9s modelos de puertas predefinidos.<\/p>\n<p>Los modelos de puertas controlan en funci\u00f3n de los requisitos de seguridad pertinentes:<\/p>\n<ul>\n<li>N\u00famero y uso de los lectores conectados al AMC2; tales como, lectores de entrada y salida, lectores de entrada, botones.<\/li>\n<li>N\u00famero y tipo de aplicaci\u00f3n de las entradas de AMC; tales como, estado de la puerta, bot\u00f3n de salida, posici\u00f3n de la puerta giratoria.<\/li>\n<li>N\u00famero y uso de salidas AMC; tales como, abridores de puertas, contactos de esclusas, cambio de las se\u00f1ales luminosas.<\/li>\n<\/ul>\n<p>El n\u00famero m\u00e1ximo de entradas que un AMC2 puede gestionar se define en \u00faltima instancia en funci\u00f3n de los modelos de puertas empleados y sus requisitos en relaci\u00f3n a las lectoras y las entradas\/salidas.<\/p>\n<p><strong>Ecualizaci\u00f3n: toma de tierra de tensi\u00f3n<\/strong><\/p>\n<ul>\n<li>Las diferencias potenciales se pueden compensar a trav\u00e9s de la puesta a tierra protectora con un puente.<\/li>\n<li>Una l\u00ednea (de mallado y enlace equipotencial) con toma de tierra de protecci\u00f3n s\u00f3lo se puede conectar en una posici\u00f3n.<\/li>\n<li>Para obtener m\u00e1s instrucciones, consulte el manual de funcionamiento.<\/li>\n<\/ul>\n<p><strong>Contactos<\/strong><\/p>\n<p><strong>Entradas<\/strong><\/p>\n<p>Las ocho entradas anal\u00f3gicas se pueden utilizar como contactos digitales o anal\u00f3gicos. Para el uso anal\u00f3gico, se pueden especificar valores de resistencia que permitan llevar a cabo m\u00e1s comprobaciones de roturas de cables y cortocircuitos.<\/p>\n<p><strong>Salidas de rel\u00e9<\/strong><\/p>\n<p>Las salidas de rel\u00e9 ofrecen las siguientes funciones:<\/p>\n<ul>\n<li>Pueden funcionar con contactos sin potencia para una fuente de alimentaci\u00f3n externa (modo en seco).<\/li>\n<li>Pueden funcionar mediante tensi\u00f3n interna de una fuente de alimentaci\u00f3n (modo h\u00famedo).<\/li>\n<li>S\u00f3lo se pueden conectar cargas resistivas de ohmios al rel\u00e9.<\/li>\n<li>Las cargas inductivas se deben excluir mediante diodos de recuperaci\u00f3n. Estos diodos (1N4004) se suministran.<\/li>\n<\/ul>\n<p><strong>Instrucciones generales<\/strong><\/p>\n<ul>\n<li>AMC2 y el equipo relacionado se deben montar en un \u00ab\u00e1rea segura\u00bb.<\/li>\n<li>Las condiciones detalladas de conexi\u00f3n se especifican en el manual de funcionamiento.<\/li>\n<li>Tras la compra, un electricista cualificado debe configurar la alimentaci\u00f3n de CA principal.<\/li>\n<\/ul>\n<p><img decoding=\"async\" class=\"overview-center-img-web\" src=\"https:\/\/tvc.mx\/media\/629562\/encabezado-1920x400.png\" alt=\"\" \/><\/div>\n<\/div>\n<div class=\"row aling-items-center padding-bottom-2x\">\n<div class=\"col-lg-12\">\n<h5 class=\"card-title text-center\">Especificaciones t\u00e9cnicas<\/h5>\n<p>Especificaciones t\u00e9cnicas<\/p>\n<p><img decoding=\"async\" class=\"overview-center-img-web\" src=\"https:\/\/tvc.mx\/media\/629630\/1920x400-especificaciones-t%C3%A9cnicas.png\" alt=\"\" \/><\/div>\n<\/div>\n","protected":false},"excerpt":{"rendered":"<p>Resumen El AMC2 (Access Modular Controller) se utiliza como controlador de accesos en los sistemas de control de accesos: BISACE (Access Engine) a partir de la versi\u00f3n 2.0 AMS (Access Management System) APE (Access Professional Edition). El dispositivo controla un grupo de uno a ocho&hellip;<\/p>\n","protected":false},"featured_media":8757,"comment_status":"open","ping_status":"closed","template":"","meta":{"om_disable_all_campaigns":false,"_monsterinsights_skip_tracking":false,"_monsterinsights_sitenote_active":false,"_monsterinsights_sitenote_note":"","_monsterinsights_sitenote_category":0},"product_brand":[],"product_cat":[816],"product_tag":[81,727,730,66,731,728,729],"class_list":{"0":"post-8758","1":"product","2":"type-product","3":"status-publish","4":"has-post-thumbnail","6":"product_cat-paneles-de-control-control-de-acceso-bosch-acceso-asistencia","7":"product_tag-acceso-y-asistencia","8":"product_tag-cerraduras","9":"product_tag-commax-wulian","10":"product_tag-dahua","11":"product_tag-wejoin","12":"product_tag-yli","13":"product_tag-zkteco","15":"first","16":"instock","17":"sale","18":"taxable","19":"shipping-taxable","20":"purchasable","21":"product-type-simple"},"aioseo_notices":[],"_links":{"self":[{"href":"https:\/\/tecsecmty.com\/index.php\/wp-json\/wp\/v2\/product\/8758","targetHints":{"allow":["GET"]}}],"collection":[{"href":"https:\/\/tecsecmty.com\/index.php\/wp-json\/wp\/v2\/product"}],"about":[{"href":"https:\/\/tecsecmty.com\/index.php\/wp-json\/wp\/v2\/types\/product"}],"replies":[{"embeddable":true,"href":"https:\/\/tecsecmty.com\/index.php\/wp-json\/wp\/v2\/comments?post=8758"}],"version-history":[{"count":0,"href":"https:\/\/tecsecmty.com\/index.php\/wp-json\/wp\/v2\/product\/8758\/revisions"}],"wp:featuredmedia":[{"embeddable":true,"href":"https:\/\/tecsecmty.com\/index.php\/wp-json\/wp\/v2\/media\/8757"}],"wp:attachment":[{"href":"https:\/\/tecsecmty.com\/index.php\/wp-json\/wp\/v2\/media?parent=8758"}],"wp:term":[{"taxonomy":"product_brand","embeddable":true,"href":"https:\/\/tecsecmty.com\/index.php\/wp-json\/wp\/v2\/product_brand?post=8758"},{"taxonomy":"product_cat","embeddable":true,"href":"https:\/\/tecsecmty.com\/index.php\/wp-json\/wp\/v2\/product_cat?post=8758"},{"taxonomy":"product_tag","embeddable":true,"href":"https:\/\/tecsecmty.com\/index.php\/wp-json\/wp\/v2\/product_tag?post=8758"}],"curies":[{"name":"wp","href":"https:\/\/api.w.org\/{rel}","templated":true}]}}