{"id":8759,"date":"2023-02-23T22:29:02","date_gmt":"2023-02-24T04:29:02","guid":{"rendered":"https:\/\/tecsecmty.com\/index.php\/producto\/dahua-asc1204b-panel-de-control-de-acceso-para-4-puertas-y-4-lectoras-100000-tarjetas-150000-registros-tcp-ip-comunicacion-wiegand-o-rs-485-funciones-anti-pass-back-multi-interlock-95-ent\/"},"modified":"2023-03-22T23:22:19","modified_gmt":"2023-03-23T05:22:19","slug":"dahua-asc1204b-panel-de-control-de-acceso-para-4-puertas-y-4-lectoras-100000-tarjetas-150000-registros-tcp-ip-comunicacion-wiegand-o-rs-485-funciones-anti-pass-back-multi-interlock-95-ent","status":"publish","type":"product","link":"https:\/\/tecsecmty.com\/index.php\/producto\/dahua-asc1204b-panel-de-control-de-acceso-para-4-puertas-y-4-lectoras-100000-tarjetas-150000-registros-tcp-ip-comunicacion-wiegand-o-rs-485-funciones-anti-pass-back-multi-interlock-95-ent\/","title":{"rendered":"DAHUA ASC1204B &#8211; Panel de Control de Acceso para 4 Puertas y 4 Lectoras\/ 100,000 Tarjetas\/ 150,000 Registros\/ TCP\/IP\/ Comunicaci\u00f3n Wiegand o RS-485\/ Funciones: Anti-pass back, Multi-Interlock\/ 9&amp;5 Entradas y Salidas\/"},"content":{"rendered":"<div class=\"row aling-items-center padding-bottom-2x\">\n<div class=\"col-lg-12\">\n<h5 class=\"card-title text-center\">Informaci\u00f3n General.<\/h5>\n<p>El\u00a0panel de control de acceso\u00a0modelo\u00a0<strong>ASC1204B<\/strong>\u00a0es compatible con distintos tipos de lectoras de Dahua, as\u00ed como de terceros, para proporcionar el monitoreo en tiempo real de la v\u00eddeo vigilancia y accesos controlados, este dispositivo podr\u00e1 permitir controlar 4 puertas. Cuenta con una comunicaci\u00f3n TCP-IP para su admiraci\u00f3n desde el software Smart PSS, soporta\u00a0conexiones Wiegand para lectores RFID con las diferentes tecnolog\u00edas como ID, Mifare y lectores de verificaci\u00f3n por password,\u00a0as\u00ed como conexiones\u00a0RS485 para biom\u00e9tricos Dahua.<\/p>\n<p><img decoding=\"async\" class=\"overview-center-img-web\" src=\"https:\/\/tvc.mx\/media\/394727\/control-de-acceso-para-4-puertas-TCP-IP-admite-biometricos-ASC1204B-Dahua.png\" alt=\"\" \/><\/div>\n<\/div>\n<div class=\"row align-items-center padding-bottom-2x\">\n<div class=\"col-md-5 order-md-2\"><img decoding=\"async\" class=\"d-block m-auto img-thumbnail\" src=\"https:\/\/tvc.mx\/media\/394731\/Capacidad-de-usurarios-Dahua.png\" alt=\" \" \/><\/div>\n<div class=\"col-md-7 order-md-1 text-md-left text-center\">\n<h2>Funciones.<\/h2>\n<p class=\"text-muted\">\n<ul>\n<li>Soporte 100,000 tarjetas v\u00e1lidas y 150,000 registros.<\/li>\n<li>Soporte de m\u00faltiples tarjetas, contrase\u00f1a, huella digital y la combinaci\u00f3n de ellas.<\/li>\n<li>Wiegand o interfaz RS-485 para las lectoras (4 puertas)<\/li>\n<li>Cuenta con diferentes entradas y salidas de alarma.<\/li>\n<li>Gesti\u00f3n de usuarios.<\/li>\n<li>Calendario de ajustes.<\/li>\n<li>Tipos de tarjeta:\u00a0regular o general, invitado, patrullaje,\u00a0VIP, duress, etc.<\/li>\n<li>Soporta funciones avanzadas desde SmartPSS como anti-passback, verificaci\u00f3n remota, apertura con primera tarjeta, etc.<\/li>\n<li>Software SmartPSS versiones\u00a01.16.1 y 2.01 compatibles con m\u00f3dulo acceso.<\/li>\n<\/ul>\n<p>&nbsp;<\/p>\n<\/div>\n<\/div>\n<hr class=\"padding-bottom-2x\" \/>\n<div class=\"row align-items-center padding-bottom-2x\">\n<div class=\"col-md-5\"><img decoding=\"async\" class=\"d-block m-auto img-thumbnail\" src=\"https:\/\/tvc.mx\/media\/394735\/ciber-seguridad-dahua.png\" alt=\" \" \/><\/div>\n<div class=\"col-md-7 text-md-left text-center\">\n<h2>Anti Passback.<\/h2>\n<p class=\"text-muted\">\n<p>El\u00a0<strong>ASC1204B<\/strong>\u00a0cuenta con la posibilidad de realizar la funci\u00f3n Anti Passback la cual requiere una autenticaci\u00f3n de salida de una tarjeta para permitir un nuevo ingreso, esto evita la vulnerabilidad de pr\u00e9stamo de tarjetas para el ingreso.<\/p>\n<p>&nbsp;<\/p>\n<\/div>\n<\/div>\n<hr class=\"padding-bottom-2x\" \/>\n<div class=\"row align-items-center padding-bottom-2x\">\n<div class=\"col-md-5 order-md-2\"><img decoding=\"async\" class=\"d-block m-auto img-thumbnail\" src=\"https:\/\/tvc.mx\/media\/394751\/conexiones-control-de-acceso-dahua.png\" alt=\" \" \/><\/div>\n<div class=\"col-md-7 order-md-1 text-md-left text-center\">\n<h2>Conexiones.<\/h2>\n<p class=\"text-muted\">\n<p>El control de acceso\u00a0<strong>ASC1204B<\/strong>\u00a0cuenta con la posibilidad de conectarse a la red mediante su puerto RJ45, cuenta con puertos de comunicaci\u00f3n los protocolos\u00a0<strong>RS-485, Wiegand 26, 34, 66.<\/strong><\/p>\n<p>&nbsp;<\/p>\n<\/div>\n<\/div>\n<hr class=\"padding-bottom-2x\" \/>\n<div class=\"row align-items-center padding-bottom-2x\">\n<div class=\"col-md-5\"><img decoding=\"async\" class=\"d-block m-auto img-thumbnail\" src=\"https:\/\/tvc.mx\/media\/394755\/controlde-acceso-TCP-IP-para-2-puertas-con-4-lectoras-ASC1202BD-Dahua-pp-carateristicas.png\" alt=\" \" \/><\/div>\n<div class=\"col-md-7 text-md-left text-center\">\n<h2>Principales Caracter\u00edsticas.<\/h2>\n<p class=\"text-muted\">\n<ul>\n<li>100000 usuarios indexados<\/li>\n<li>Historial de 150000 eventos<\/li>\n<li>Programaci\u00f3n remota desde el ordenador<\/li>\n<\/ul>\n<p>&nbsp;<\/p>\n<\/div>\n<\/div>\n<hr class=\"padding-bottom-2x\" \/>\n<div class=\"row align-items-center padding-bottom-2x\">\n<div class=\"col-md-5 order-md-2\"><img decoding=\"async\" class=\"d-block m-auto img-thumbnail\" src=\"https:\/\/tvc.mx\/media\/394759\/controlde-acceso-TCP-IP-para-2-puertas-con-4-lectoras-ASC1202BD-Dahua-especificaciones.png\" alt=\" \" \/><\/div>\n<div class=\"col-md-7 order-md-1 text-md-left text-center\">\n<h2>Especificaciones<\/h2>\n<p class=\"text-muted\">\n<ul>\n<li>N\u00famero de lectores soportados:4<\/li>\n<li>L\u00edneas de entrada: 9<\/li>\n<li>Comunicaci\u00f3n:RS-485;\u00a0Ethernet; Wiegand<\/li>\n<li>Alimentaci\u00f3n:12\u00a0V \/ 1000\u00a0mA\u00a0DC<\/li>\n<\/ul>\n<p>&nbsp;<\/p>\n<\/div>\n<\/div>\n<hr class=\"padding-bottom-2x\" \/>\n<div class=\"row align-items-center padding-bottom-2x\">\n<div class=\"col-md-5\"><img decoding=\"async\" class=\"d-block m-auto img-thumbnail\" src=\"https:\/\/tvc.mx\/media\/389791\/DHI-ASC1204B-20220311-130928-PNG-400x300.png\" alt=\" DHI-ASC1204B Control de acceso para 4 puertas 4 Lectoras por Wiegand o RS485\" \/><\/div>\n<div class=\"col-md-7 text-md-left text-center\">\n<h2>Incluye:<\/h2>\n<p class=\"text-muted\">\n<ul>\n<li>Equipo<\/li>\n<li>Calcoman\u00eda con las medidas exactas para hacer los orificios donde se vaya a montar<\/li>\n<li>Tornillos \/ taquetes<\/li>\n<li>20 Bloques de terminales con tornillo<\/li>\n<li>Gu\u00eda de instalaci\u00f3n r\u00e1pida<\/li>\n<li>P\u00f3liza de garant\u00eda<\/li>\n<li>Gu\u00eda con informaci\u00f3n legal y reglamentaria<\/li>\n<li>Calcoman\u00eda con QR para descargar manuales desde Internet<\/li>\n<\/ul>\n<\/div>\n<\/div>\n","protected":false},"excerpt":{"rendered":"<p>Informaci\u00f3n General. El\u00a0panel de control de acceso\u00a0modelo\u00a0ASC1204B\u00a0es compatible con distintos tipos de lectoras de Dahua, as\u00ed como de terceros, para proporcionar el monitoreo en tiempo real de la v\u00eddeo vigilancia y accesos controlados, este dispositivo podr\u00e1 permitir controlar 4 puertas. Cuenta con una comunicaci\u00f3n TCP-IP&hellip;<\/p>\n","protected":false},"featured_media":1252,"comment_status":"open","ping_status":"closed","template":"","meta":{"om_disable_all_campaigns":false,"_monsterinsights_skip_tracking":false,"_monsterinsights_sitenote_active":false,"_monsterinsights_sitenote_note":"","_monsterinsights_sitenote_category":0},"product_brand":[],"product_cat":[817],"product_tag":[81,727,730,66,731,728,729],"class_list":{"0":"post-8759","1":"product","2":"type-product","3":"status-publish","4":"has-post-thumbnail","6":"product_cat-paneles-de-control-control-de-acceso-dahua-acceso-asistencia","7":"product_tag-acceso-y-asistencia","8":"product_tag-cerraduras","9":"product_tag-commax-wulian","10":"product_tag-dahua","11":"product_tag-wejoin","12":"product_tag-yli","13":"product_tag-zkteco","15":"first","16":"instock","17":"sale","18":"taxable","19":"shipping-taxable","20":"purchasable","21":"product-type-simple"},"aioseo_notices":[],"_links":{"self":[{"href":"https:\/\/tecsecmty.com\/index.php\/wp-json\/wp\/v2\/product\/8759","targetHints":{"allow":["GET"]}}],"collection":[{"href":"https:\/\/tecsecmty.com\/index.php\/wp-json\/wp\/v2\/product"}],"about":[{"href":"https:\/\/tecsecmty.com\/index.php\/wp-json\/wp\/v2\/types\/product"}],"replies":[{"embeddable":true,"href":"https:\/\/tecsecmty.com\/index.php\/wp-json\/wp\/v2\/comments?post=8759"}],"version-history":[{"count":0,"href":"https:\/\/tecsecmty.com\/index.php\/wp-json\/wp\/v2\/product\/8759\/revisions"}],"wp:featuredmedia":[{"embeddable":true,"href":"https:\/\/tecsecmty.com\/index.php\/wp-json\/wp\/v2\/media\/1252"}],"wp:attachment":[{"href":"https:\/\/tecsecmty.com\/index.php\/wp-json\/wp\/v2\/media?parent=8759"}],"wp:term":[{"taxonomy":"product_brand","embeddable":true,"href":"https:\/\/tecsecmty.com\/index.php\/wp-json\/wp\/v2\/product_brand?post=8759"},{"taxonomy":"product_cat","embeddable":true,"href":"https:\/\/tecsecmty.com\/index.php\/wp-json\/wp\/v2\/product_cat?post=8759"},{"taxonomy":"product_tag","embeddable":true,"href":"https:\/\/tecsecmty.com\/index.php\/wp-json\/wp\/v2\/product_tag?post=8759"}],"curies":[{"name":"wp","href":"https:\/\/api.w.org\/{rel}","templated":true}]}}