{"id":876,"date":"2023-02-16T00:00:12","date_gmt":"2023-02-16T00:00:12","guid":{"rendered":"https:\/\/tecsecmty.com\/index.php\/producto\/domo-ptz-turbohd-2-megapixel-1080p-25x-zoom-150-mts-ir-exterior-ip66-ik10-wdr-120-db-rs-485-ultra-baja-iluminaciun-eis-hlc-blc\/"},"modified":"2023-03-22T23:20:44","modified_gmt":"2023-03-23T05:20:44","slug":"domo-ptz-turbohd-2-megapixel-1080p-25x-zoom-150-mts-ir-exterior-ip66-ik10-wdr-120-db-rs-485-ultra-baja-iluminacion-eis-hlc-blc","status":"publish","type":"product","link":"https:\/\/tecsecmty.com\/index.php\/producto\/domo-ptz-turbohd-2-megapixel-1080p-25x-zoom-150-mts-ir-exterior-ip66-ik10-wdr-120-db-rs-485-ultra-baja-iluminacion-eis-hlc-blc\/","title":{"rendered":"Domo PTZ TURBOHD 2 Megapixel (1080P) \/ 25X Zoom \/ 150 mts IR \/ Exterior IP66 \/ IK10 \/ WDR 120 dB \/ RS-485 \/ Ultra Baja Iluminacion \/ EIS \/ HLC \/ BLC"},"content":{"rendered":"<div class=\"container\">\n<div class=\"row\">\n<div class=\"col-md-12\">\n<div class=\"row\">\n<div class=\"row\">\n<div class=\"col-md-12\">\n<h4 class=\"text-primary center info-text\" style=\"text-align: center\">Informaci\u00f3n de Producto<\/h4>\n<\/div>\n<\/div>\n<div class=\"row\" style=\"text-align: center\">\n<div class=\"col-md-12\">\n<h3>Domo PTZ TURBOHD 2 Megapixel (1080P) \/ 25X Zoom \/ 150 mts IR \/ Exterior IP66 \/ IK10 \/ WDR 120 dB \/ RS-485 \/ Ultra Baja Iluminaci\u00f3n \/ EIS \/ HLC \/ BLC<\/h3>\n<\/div>\n<\/div>\n<div id=\"producto_container\" class=\"row\" style=\"text-align: center\">\n<div class=\"col-md-4\"><img decoding=\"async\" class=\"img-responsive center-block\" src=\"https:\/\/ftp3.syscom.mx\/usuarios\/fotos\/BancoFotografiasSyscom\/HIKVISION\/DS2AE7225TIA(D)\/DS2AE7225TIA(D)-p.PNG\" alt=\"DS-2AE7225TI-A(D)\" \/><\/p>\n<div class=\"row\">\n<div id=\"galerias\" class=\"col-sm-12\"><\/div>\n<\/div>\n<\/div>\n<div class=\"col-md-4\">\n<div><img decoding=\"async\" class=\"img-responsive img-thumbnail\" src=\"https:\/\/ftp3.syscom.mx\/usuarios\/fotos\/logotipos\/hikvision.png\" \/><\/div>\n<div><img decoding=\"async\" class=\"icono_info_product\" src=\"https:\/\/ftp3.syscom.mx\/cdn-cgi\/image\/format=auto,width=75\/usuarios\/ftp\/syscom_mx\/5-15-45-18-antivandalico.png\" \/><img decoding=\"async\" class=\"icono_info_product\" src=\"https:\/\/ftp3.syscom.mx\/usuarios\/ftp\/syscom_mx\/5-11-14-6-ir150.png?v=1.04?v=1.04\" \/><img decoding=\"async\" class=\"icono_info_product\" src=\"https:\/\/ftp3.syscom.mx\/usuarios\/ftp\/syscom_mx\/5-11-19-13-25zoom.png?v=1.04\" \/><\/div>\n<div>\n<p>Modelo:\u00a0<span class=\"modelo-marca\">DS-2AE7225TI-A(D)<\/span><\/p>\n<p>Marca:\u00a0<span class=\"modelo-marca\">HIKVISION<\/span><\/p>\n<\/div>\n<div><\/div>\n<\/div>\n<div class=\"col-md-4\">\n<div class=\"row\">\n<div class=\"col-md-12 default_padding_bottom\"><\/div>\n<\/div>\n<\/div>\n<\/div>\n<\/div>\n<div class=\"row \" style=\"text-align: center\">\n<div class=\"col-md-12\">\n<div class=\"row\">\n<h3 class=\"text-primary\">Especificaciones:<\/h3>\n<\/div>\n<div class=\"row well\">\n<p><img decoding=\"async\" class=\"fr-fic fr-dii\" src=\"https:\/\/ftp3.syscom.mx\/usuarios\/jsosa\/HIKVISION\/imagenes\/logo\/hikvision%20see%20far.png\" \/><\/p>\n<p>&nbsp;<\/p>\n<div class=\"row\">\n<div class=\"col-sm-4\">\n<div><strong>Caracter\u00edsticas principales:<\/strong><\/p>\n<ul>\n<li>Resoluci\u00f3n m\u00e1xima: 2 Megapixel (1920 x 1080).<\/li>\n<li>Iluminaci\u00f3n m\u00ednima: Color 0.005 Lux (F1.6, AGC ON).<\/li>\n<li>Iluminaci\u00f3n m\u00ednima: B\/N 0.001 Lux (F1.6, AGC ON).<\/li>\n<li>Funciones: WDR real 120dB \/ 3D-DNR.<\/li>\n<li>Distancia Focal: 4.8 a 120 mm (25X Zoom \u00f3ptico \/ 16X Zoom digital).<\/li>\n<li>Distancia de Infrarrojos: 150 mts IR ( visi\u00f3n nocturna).<\/li>\n<li>Soporta puertos RS-485 (anal\u00f3gica) y COAXITRON ( TURBOHD).<\/li>\n<\/ul>\n<\/div>\n<\/div>\n<div class=\"col-sm-4\">\n<div><strong>Caracter\u00edsticas F\u00edsicas y El\u00e9ctricas:<\/strong><\/p>\n<ul>\n<li>Alimentaci\u00f3n: 24 Vca \/ 40 Watts\u00a0<strong>(Fuente no incluida)<\/strong>.<\/li>\n<li>Temperatura de operaci\u00f3n: -30\u00ba a 65\u00ba C.<\/li>\n<li>Protecci\u00f3n: Interior &#8211; Exterior (IP66).<\/li>\n<li>Antivandalico (IK10).<\/li>\n<li>Incluye brazo de pared (DS-1602ZJ).<\/li>\n<li>Dimensiones: 220 x 353.4 mm.<\/li>\n<li>Peso: 4.5 Kgs.<\/li>\n<li>Garant\u00eda: 2 a\u00f1os<\/li>\n<li><strong>Para cuestiones de inducci\u00f3n se recomienda colocar el cople\u00a0<a href=\"https:\/\/www.syscom.mx\/producto\/DS-1601ZJ-CP-HIKVISION-78253.html\" target=\"_blank\" rel=\"noopener\">DS-1601ZJ-CP<\/a>\u00a0para aislar el PTZ del brazo de pared y prevenir fallas.<\/strong><\/li>\n<\/ul>\n<p><strong>Accesorios:<\/strong><\/p>\n<ul>\n<li>Montaje de pared para interior o exterior, modelo:\u00a0<a href=\"https:\/\/www.syscom.mx\/producto\/DS-1602ZJ-HIKVISION-77700.html\" target=\"_blank\" rel=\"noopener\">DS-1602ZJ<\/a><\/li>\n<li>Montaje de\u00a0pared para interior o exterior, modelo:\u00a0<a href=\"https:\/\/www.syscom.mx\/producto\/DS-1602ZJ-HIKVISION-77700.html\" target=\"_blank\" rel=\"noopener\">DS-1602ZJ-Conner<\/a><\/li>\n<li>Montaje de poste vertical, modelo:\u00a0<a href=\"https:\/\/www.syscom.mx\/producto\/DS-1602ZJ-POLE-HIKVISION-78569.html\" target=\"_blank\" rel=\"noopener\">DS-1602ZJ-Pole<\/a><\/li>\n<li>Montaje de Pared con Caja de Conexiones, modelo:\u00a0<a href=\"https:\/\/www.syscom.mx\/producto\/DS-1602ZJ-BOX-HIKVISION-78425.html\" target=\"_blank\" rel=\"noopener\">DS-1602ZJ-Box<\/a><\/li>\n<li>Montaje de Techo sin tubo, modelo:\u00a0<a href=\"https:\/\/www.syscom.mx\/producto\/DS-1663ZJ-HIKVISION-75318.html\" target=\"_blank\" rel=\"noopener\">DS-1663ZJ\u00a0<\/a><\/li>\n<li>Montaje de Techo tipo tubo, modelo:\u00a0<a href=\"https:\/\/www.syscom.mx\/producto\/DS-1661ZJ-HIKVISION-69425.html\" target=\"_blank\" rel=\"noopener\">DS-1661ZJ<\/a><\/li>\n<li>Montaje de Techo tipo tubo, modelo:\u00a0<a href=\"https:\/\/www.syscom.mx\/producto\/DS-1662ZJ-HIKVISION-69426.html\" target=\"_blank\" rel=\"noopener\">DS-1662ZJ<\/a><\/li>\n<li>Montaje Tipo Ganzo, modelo:\u00a0<a href=\"https:\/\/www.syscom.mx\/producto\/DS-1619ZJ-HIKVISION-84690.html\" target=\"_blank\" rel=\"noopener\">DS-1619ZJ<\/a><\/li>\n<\/ul>\n<\/div>\n<\/div>\n<div class=\"col-sm-4\">\n<div><strong>Caracter\u00edsticas Destacadas:<\/strong><\/p>\n<ul>\n<li>Paneo: 360\u00ba.<\/li>\n<li>Tildeo: -15\u00ba a 90\u00ba.<\/li>\n<li>Preset \/ Patrol \/ Pattern: 256 \/ 10 \/ 5.<\/li>\n<li>Soporta tareas calendarizadas.<\/li>\n<li>Protocolos: HIKVISION \/ Pelco-P \/ Pelco-D.<\/li>\n<\/ul>\n<\/div>\n<\/div>\n<\/div>\n<p>&nbsp;<\/p>\n<p>&nbsp;<\/p>\n<h1><strong>Recursos<\/strong><\/h1>\n<p>&nbsp;<\/p>\n<div class=\"row default_margin_bottom\">\n<div class=\"col-sm-4\"><a href=\"https:\/\/www.hikvision.com\/es-la\/support\/download\/software\/ivms4200-series\/?q=serie%20ivms4200&amp;position=1\" target=\"_blank\" rel=\"noopener\"><img decoding=\"async\" class=\"img-responsive\" src=\"https:\/\/ftp3.syscom.mx\/usuarios\/gmagos\/HIK\/IP\/IPC\/Imagenes%20pagina\/Descargas%20IVMS4200.jpg\" \/><\/a><\/div>\n<div class=\"col-sm-4\"><a href=\"https:\/\/appstore.hikvision.com\/\" target=\"_blank\" rel=\"noopener\"><img decoding=\"async\" class=\"img-responsive\" src=\"https:\/\/ftp3.syscom.mx\/usuarios\/gmagos\/HIK\/IP\/IPC\/Imagenes%20pagina\/Descargas%20de%20app.jpg\" \/><\/a><\/div>\n<div class=\"col-sm-4\"><a href=\"https:\/\/ftp3.syscom.mx\/usuarios\/jsosa\/HIKVISION\/specs\/analogcam\/PTZ\/DS2AE7225TIAD\/DS-2AE7225TI-A%28D%29%203.51%2020191126.pdf\" target=\"_blank\" rel=\"noopener\"><img decoding=\"async\" class=\"img-responsive\" src=\"https:\/\/ftp3.syscom.mx\/usuarios\/gmagos\/HIK\/IP\/IPC\/Imagenes%20pagina\/Descarga%20de%20PDF.jpg\" \/><\/a><\/div>\n<\/div>\n<p>&nbsp;<\/p>\n<p><img decoding=\"async\" class=\"fr-fic fr-dii\" src=\"http:\/\/ftp3.syscom.mx\/usuarios\/jdelafuente\/EPCOM\/TURBO%20HD\/100%253.png\" \/><\/p>\n<p>&nbsp;<\/p>\n<p><img decoding=\"async\" class=\"fr-fic fr-dii\" src=\"http:\/\/ftp3.syscom.mx\/usuarios\/jdelafuente\/HIKVISION\/hikvision-solution%20banner.jpg\" \/><\/p>\n<p>&nbsp;<\/p>\n<\/div>\n<\/div>\n<\/div>\n<\/div>\n<\/div>\n<\/div>\n<p><img decoding=\"async\" class=\"aligncenter\" src=\"https:\/\/tracker.metricool.com\/c3po.jpg?hash=95c94f37730bb8f54dd4308f1f878f9\" \/><\/p>\n","protected":false},"excerpt":{"rendered":"<p>Informaci\u00f3n de Producto Domo PTZ TURBOHD 2 Megapixel (1080P) \/ 25X Zoom \/ 150 mts IR \/ Exterior IP66 \/ IK10 \/ WDR 120 dB \/ RS-485 \/ Ultra Baja Iluminaci\u00f3n \/ EIS \/ HLC \/ BLC Modelo:\u00a0DS-2AE7225TI-A(D) Marca:\u00a0HIKVISION Especificaciones: &nbsp; Caracter\u00edsticas principales: Resoluci\u00f3n m\u00e1xima:&hellip;<\/p>\n","protected":false},"featured_media":2220,"comment_status":"open","ping_status":"closed","template":"","meta":{"om_disable_all_campaigns":false,"_monsterinsights_skip_tracking":false,"_monsterinsights_sitenote_active":false,"_monsterinsights_sitenote_note":"","_monsterinsights_sitenote_category":0},"product_brand":[],"product_cat":[53],"product_tag":[42,38,54,37,55],"class_list":{"0":"post-876","1":"product","2":"type-product","3":"status-publish","4":"has-post-thumbnail","6":"product_cat-ptz","7":"product_tag-camaras","8":"product_tag-camaras-de-seguridad","9":"product_tag-camaras-ptz","10":"product_tag-hikvision","11":"product_tag-ptz","13":"first","14":"instock","15":"taxable","16":"shipping-taxable","17":"product-type-simple"},"aioseo_notices":[],"_links":{"self":[{"href":"https:\/\/tecsecmty.com\/index.php\/wp-json\/wp\/v2\/product\/876","targetHints":{"allow":["GET"]}}],"collection":[{"href":"https:\/\/tecsecmty.com\/index.php\/wp-json\/wp\/v2\/product"}],"about":[{"href":"https:\/\/tecsecmty.com\/index.php\/wp-json\/wp\/v2\/types\/product"}],"replies":[{"embeddable":true,"href":"https:\/\/tecsecmty.com\/index.php\/wp-json\/wp\/v2\/comments?post=876"}],"version-history":[{"count":2,"href":"https:\/\/tecsecmty.com\/index.php\/wp-json\/wp\/v2\/product\/876\/revisions"}],"predecessor-version":[{"id":2221,"href":"https:\/\/tecsecmty.com\/index.php\/wp-json\/wp\/v2\/product\/876\/revisions\/2221"}],"wp:featuredmedia":[{"embeddable":true,"href":"https:\/\/tecsecmty.com\/index.php\/wp-json\/wp\/v2\/media\/2220"}],"wp:attachment":[{"href":"https:\/\/tecsecmty.com\/index.php\/wp-json\/wp\/v2\/media?parent=876"}],"wp:term":[{"taxonomy":"product_brand","embeddable":true,"href":"https:\/\/tecsecmty.com\/index.php\/wp-json\/wp\/v2\/product_brand?post=876"},{"taxonomy":"product_cat","embeddable":true,"href":"https:\/\/tecsecmty.com\/index.php\/wp-json\/wp\/v2\/product_cat?post=876"},{"taxonomy":"product_tag","embeddable":true,"href":"https:\/\/tecsecmty.com\/index.php\/wp-json\/wp\/v2\/product_tag?post=876"}],"curies":[{"name":"wp","href":"https:\/\/api.w.org\/{rel}","templated":true}]}}