{"id":8761,"date":"2023-02-23T22:29:03","date_gmt":"2023-02-24T04:29:03","guid":{"rendered":"https:\/\/tecsecmty.com\/index.php\/producto\/dahua-asc1204b-panel-de-control-de-acceso-para-4-puertas-y-4-lectoras-con-gabinete-100000-tarjetas-150000-registros-tcp-ip-comunicacion-wiegand-o-rs-485-funciones-anti-pass-back-multi-inte\/"},"modified":"2023-03-22T23:22:19","modified_gmt":"2023-03-23T05:22:19","slug":"dahua-asc1204b-panel-de-control-de-acceso-para-4-puertas-y-4-lectoras-con-gabinete-100000-tarjetas-150000-registros-tcp-ip-comunicacion-wiegand-o-rs-485-funciones-anti-pass-back-multi-inte","status":"publish","type":"product","link":"https:\/\/tecsecmty.com\/index.php\/producto\/dahua-asc1204b-panel-de-control-de-acceso-para-4-puertas-y-4-lectoras-con-gabinete-100000-tarjetas-150000-registros-tcp-ip-comunicacion-wiegand-o-rs-485-funciones-anti-pass-back-multi-inte\/","title":{"rendered":"DAHUA ASC1204B &#8211; Panel de Control de Acceso para 4 Puertas y 4 Lectoras\/ Con Gabinete\/ 100,000 Tarjetas\/ 150,000 Registros\/ TCP\/IP\/ Comunicaci\u00f3n Wiegand o RS-485\/ Funciones: Anti-pass back, Multi-Interlock\/ 9&amp;5 Entradas y Salidas\/"},"content":{"rendered":"<div class=\"row aling-items-center padding-bottom-2x\">\n<div class=\"col-lg-12\">\n<h5 class=\"card-title text-center\">Informaci\u00f3n General<\/h5>\n<p>El panel de control de acceso modelo\u00a0<strong>ASC1204C<\/strong>\u00a0para m\u00faltiples puertas es compatible con distintas lectoras de tarjetas de marca dahua,\u00a0puede proporcionar el monitoreo en tiempo real de los diferentes eventos generados, en el cual se puede tener el control de las 4 puertas.<\/p>\n<p><img decoding=\"async\" class=\"overview-center-img-web\" src=\"https:\/\/tvc.mx\/media\/394839\/control-de-acceso-4-puertas-TCP-IP-bateria-de-respaldo---ASC1204C---Dahua.png\" alt=\"\" \/><\/div>\n<\/div>\n<div class=\"row align-items-center padding-bottom-2x\">\n<div class=\"col-md-5\"><img decoding=\"async\" class=\"d-block m-auto img-thumbnail\" src=\"https:\/\/tvc.mx\/media\/57570\/DHI-ASC1204Cconfi5.png\" alt=\" \" \/><\/div>\n<div class=\"col-md-7 text-md-left text-center\">\n<h2>Resumen del sistema<\/h2>\n<p class=\"text-muted\">\n<p class=\"ql-align-justify\">Cuenta con una comunicaci\u00f3n TCP-IP \u00f3 RS485, soporta conexiones Wiegand y RS485\u00a0para dispositivos lectores de tarjetas RFID, lectores de huella y tarjeta y verificacion por medio de password.<\/p>\n<p class=\"ql-align-justify\">Puede ser\u00a0utilizado para control de acceso peatonal o vehicular ya que cuenta con 4 salidas de rel\u00e9\u00a0NC\/NO para\u00a0controlar hasta 4 puertas o cualquier dispositivo mec\u00e1nico como barreras vehiculares, torniquetes, motores de puerta, etc.<\/p>\n<p>&nbsp;<\/p>\n<\/div>\n<\/div>\n<hr class=\"padding-bottom-2x\" \/>\n<div class=\"row align-items-center padding-bottom-2x\">\n<div class=\"col-md-5 order-md-2\"><img decoding=\"async\" class=\"d-block m-auto img-thumbnail\" src=\"https:\/\/tvc.mx\/media\/57582\/DHI-ASC1204Cconfi6.png\" alt=\" \" \/><\/div>\n<div class=\"col-md-7 order-md-1 text-md-left text-center\">\n<h2>Funciones b\u00e1sicas<\/h2>\n<p class=\"text-muted\">\n<ul>\n<li class=\"ql-align-justify\">Soporte 100,000 tarjetas validas y 300,000 registros..<\/li>\n<li class=\"ql-align-justify\">Soporte de multiples tarjeta, contrase\u00f1a, huella digital y la combinaci\u00f3n de ellas.<\/li>\n<li class=\"ql-align-justify\">Wiegand o interfaz RS-485 para los lectores (2\/4 puertas).<\/li>\n<li class=\"ql-align-justify\">Bot\u00f3n de emergencia (libera todas las puertas).<\/li>\n<li class=\"ql-align-justify\">Gesti\u00f3n de usuarios.<\/li>\n<li class=\"ql-align-justify\">Calendario de ajustes.<\/li>\n<li class=\"ql-align-justify\">Tipos de tarjeta:\u00a0regular o general, Invitado, Patrullaje,\u00a0VIP, Duress, etc.<\/li>\n<li class=\"ql-align-justify\">Soporta funciones avanzadas desde Smart Pss como antipassback, verificaci\u00f3n remota, apertura con primera tarjeta,etc.<\/li>\n<li class=\"ql-align-justify\">Software Smart Pss versiones\u00a0\u00a01.16.1 y 2.01 compatibles con modulo acceso<\/li>\n<li class=\"ql-align-justify\">Soporta\u00a0vinculaci\u00f3n de video\u00a0(canales HDCVI o IP)<\/li>\n<li class=\"ql-align-justify\">Soporta\u00a0Biom\u00e9tricos Dahua (ver prodcutos relacionados)<\/li>\n<\/ul>\n<p>&nbsp;<\/p>\n<\/div>\n<\/div>\n<hr class=\"padding-bottom-2x\" \/>\n<div class=\"row align-items-center padding-bottom-2x\">\n<div class=\"col-md-5\"><img decoding=\"async\" class=\"d-block m-auto img-thumbnail\" src=\"https:\/\/tvc.mx\/media\/57594\/DHI-ASC1204Cconfi7.png\" alt=\" \" \/><\/div>\n<div class=\"col-md-7 text-md-left text-center\">\n<h2>Pasos de la instalaci\u00f3n<\/h2>\n<p class=\"text-muted\">\n<ul>\n<li><strong>Paso 1.<\/strong>\u00a0Fijar el tornillo por medio de perno de expansi\u00f3n para colgar el dispositivo en la\u00a0pared, seg\u00fan la distancia de los agujeros en la parte posterior del dispositivo.<\/li>\n<li><strong>Paso 2.<\/strong>\u00a0Colgar el dispositivo en la pared por medio de un tornillo fijado en la pared.<\/li>\n<\/ul>\n<p>&nbsp;<\/p>\n<\/div>\n<\/div>\n<hr class=\"padding-bottom-2x\" \/>\n<div class=\"row align-items-center padding-bottom-2x\">\n<div class=\"col-md-5 order-md-2\"><img decoding=\"async\" class=\"d-block m-auto img-thumbnail\" src=\"https:\/\/tvc.mx\/media\/394843\/control-de-acceso-4-puertas-TCP-IP-bateria-de-respaldo--ASC1204C--Dahua-pp-caracteristicas.png\" alt=\" \" \/><\/div>\n<div class=\"col-md-7 order-md-1 text-md-left text-center\">\n<h2>Especificaciones<\/h2>\n<p class=\"text-muted\">\n<ul>\n<li>Soporte para 4 puertas (20 entradas: 4x estado de bloqueo, 4x sensor de puerta, 4x bot\u00f3n de salida, 8x l\u00ednea de alarma)<\/li>\n<li>100000 usuarios indexados<\/li>\n<li>Historial de 150000 eventos<\/li>\n<li>128 horarios<\/li>\n<li>Protecci\u00f3n contra uso m\u00faltiple de un c\u00f3digo\/una tarjeta para obtener acceso (anti-passback)<\/li>\n<li>Alarma de puerta abierta demasiado tiempo y apertura sin autorizaci\u00f3n<\/li>\n<li>Detecci\u00f3n de manipulaci\u00f3n &#8211; abertura de la carcasa<\/li>\n<li>Perro guardi\u00e1n incorporado<\/li>\n<li>Programaci\u00f3n remota desde el ordenador<\/li>\n<li>Carcasa met\u00e1lica<\/li>\n<\/ul>\n<p>&nbsp;<\/p>\n<\/div>\n<\/div>\n<hr class=\"padding-bottom-2x\" \/>\n<div class=\"row align-items-center padding-bottom-2x\">\n<div class=\"col-md-5\"><img decoding=\"async\" class=\"d-block m-auto img-thumbnail\" src=\"https:\/\/tvc.mx\/media\/394847\/control-de-acceso-4-puertas-TCP-IP-bateria-de-respaldo--ASC1204C--Dahua-especificaciones.png\" alt=\" \" \/><\/div>\n<div class=\"col-md-7 text-md-left text-center\">\n<h2>Especificaciones<\/h2>\n<p class=\"text-muted\">\n<p><strong>Sistema<\/strong><\/p>\n<ul>\n<li>Procesador principal de 32 bits.<\/li>\n<li>Memoria 16M.<\/li>\n<li>Puertos de entrada \/ salida.<\/li>\n<li>Entrada Entradas x 20 (estado de bloqueo x 4, sensor de puerta x 4, bot\u00f3n de salida x 4, alarma x 8).<\/li>\n<li>Rel\u00e9 de salida x 12 (bloqueo de puerta x 4, alarma interna x 4, alarma externa x 4).<\/li>\n<li>Lector Lector x 8.<\/li>\n<\/ul>\n<p><strong>Capacidad<\/strong><\/p>\n<ul>\n<li>Titulares de la tarjeta 100,000.<\/li>\n<li>Eventos 150,000.<\/li>\n<li><strong>Funci\u00f3n<\/strong><\/li>\n<li>Modo de control Cuatro puertas de dos v\u00edas.<\/li>\n<li>Control de acceso Anti-pass back, Multi-interlock, Multi-card unlock.<\/li>\n<li>Gesti\u00f3n de usuarios General, VIP, Invitado, Patrulla, Lista negra, Coacci\u00f3n.<\/li>\n<li>Funci\u00f3n de alarma Alarma de tiempo de espera de puerta, alarma de intrusi\u00f3n, alarma de coacci\u00f3n, Alarma de manipulaci\u00f3n.<\/li>\n<li>Per\u00edodo Soporte 128 grupos de horario, 128 grupos de per\u00edodo y 128 grupos de vacaciones.<\/li>\n<\/ul>\n<p><strong>Interfaz<\/strong><\/p>\n<ul>\n<li>A PC RJ45 (10 \/ 100M).<\/li>\n<li>Para el lector Wiegand 26\/34, RS485.<\/li>\n<\/ul>\n<p><strong>General<\/strong><\/p>\n<ul>\n<li>RTC S\u00ed.<\/li>\n<li>Fuente de alimentaci\u00f3n AC85-AC264, 50 \/ 60Hz.<\/li>\n<li>Temperatura de funcionamiento -30 \u00b0 C a + 60 \u00b0 C.<\/li>\n<li>Humedad de trabajo \u226495%.<\/li>\n<li>Dimensi\u00f3n (W \u00d7 D \u00d7 H) 280 mm \u00d7 320 mm \u00d7 114 mm.<\/li>\n<li>Peso 2kg.<\/li>\n<li>Ambiente de trabajo interior.<\/li>\n<\/ul>\n<p>&nbsp;<\/p>\n<\/div>\n<\/div>\n<hr class=\"padding-bottom-2x\" \/>\n<div class=\"row align-items-center padding-bottom-2x\">\n<div class=\"col-md-5\"><img decoding=\"async\" class=\"d-block m-auto img-thumbnail\" src=\"https:\/\/tvc.mx\/media\/389607\/DHI-ASC1204C-20220316-142013-PNG-400x300.png\" alt=\" ASC1204C Control de acceso 4 puertas 4 Lectoras Wiegand RS485\" \/><\/div>\n<div class=\"col-md-7 text-md-left text-center\">\n<h2>Incluye:<\/h2>\n<p class=\"text-muted\">\n<ul>\n<li>Equipo<\/li>\n<li>Cable de corriente<\/li>\n<li>Cable con conexi\u00f3n para bater\u00eda (bater\u00eda no incluida)<\/li>\n<li>1 Bloque de terminales 2 posiciones con tornillo<\/li>\n<li>2 Bloques de terminales 4 posiciones con tornillo<\/li>\n<li>4 Bloques de terminales 6 posiciones con tornillo<\/li>\n<li>4 Bloques de terminales 8 posiciones con tornillo<\/li>\n<li>Llaves para gabinete<\/li>\n<li>Gu\u00eda de instalaci\u00f3n r\u00e1pida<\/li>\n<li>P\u00f3liza de garant\u00eda<\/li>\n<li>Gu\u00eda con informaci\u00f3n legal y reglamentaria<\/li>\n<li>Calcoman\u00eda con QR para descargar manuales desde Internet<\/li>\n<\/ul>\n<\/div>\n<\/div>\n","protected":false},"excerpt":{"rendered":"<p>Informaci\u00f3n General El panel de control de acceso modelo\u00a0ASC1204C\u00a0para m\u00faltiples puertas es compatible con distintas lectoras de tarjetas de marca dahua,\u00a0puede proporcionar el monitoreo en tiempo real de los diferentes eventos generados, en el cual se puede tener el control de las 4 puertas. Resumen&hellip;<\/p>\n","protected":false},"featured_media":1256,"comment_status":"open","ping_status":"closed","template":"","meta":{"om_disable_all_campaigns":false,"_monsterinsights_skip_tracking":false,"_monsterinsights_sitenote_active":false,"_monsterinsights_sitenote_note":"","_monsterinsights_sitenote_category":0},"product_brand":[],"product_cat":[817],"product_tag":[81,727,730,66,731,728,729],"class_list":{"0":"post-8761","1":"product","2":"type-product","3":"status-publish","4":"has-post-thumbnail","6":"product_cat-paneles-de-control-control-de-acceso-dahua-acceso-asistencia","7":"product_tag-acceso-y-asistencia","8":"product_tag-cerraduras","9":"product_tag-commax-wulian","10":"product_tag-dahua","11":"product_tag-wejoin","12":"product_tag-yli","13":"product_tag-zkteco","15":"first","16":"instock","17":"sale","18":"taxable","19":"shipping-taxable","20":"purchasable","21":"product-type-simple"},"aioseo_notices":[],"_links":{"self":[{"href":"https:\/\/tecsecmty.com\/index.php\/wp-json\/wp\/v2\/product\/8761","targetHints":{"allow":["GET"]}}],"collection":[{"href":"https:\/\/tecsecmty.com\/index.php\/wp-json\/wp\/v2\/product"}],"about":[{"href":"https:\/\/tecsecmty.com\/index.php\/wp-json\/wp\/v2\/types\/product"}],"replies":[{"embeddable":true,"href":"https:\/\/tecsecmty.com\/index.php\/wp-json\/wp\/v2\/comments?post=8761"}],"version-history":[{"count":0,"href":"https:\/\/tecsecmty.com\/index.php\/wp-json\/wp\/v2\/product\/8761\/revisions"}],"wp:featuredmedia":[{"embeddable":true,"href":"https:\/\/tecsecmty.com\/index.php\/wp-json\/wp\/v2\/media\/1256"}],"wp:attachment":[{"href":"https:\/\/tecsecmty.com\/index.php\/wp-json\/wp\/v2\/media?parent=8761"}],"wp:term":[{"taxonomy":"product_brand","embeddable":true,"href":"https:\/\/tecsecmty.com\/index.php\/wp-json\/wp\/v2\/product_brand?post=8761"},{"taxonomy":"product_cat","embeddable":true,"href":"https:\/\/tecsecmty.com\/index.php\/wp-json\/wp\/v2\/product_cat?post=8761"},{"taxonomy":"product_tag","embeddable":true,"href":"https:\/\/tecsecmty.com\/index.php\/wp-json\/wp\/v2\/product_tag?post=8761"}],"curies":[{"name":"wp","href":"https:\/\/api.w.org\/{rel}","templated":true}]}}