{"id":8762,"date":"2023-02-23T22:29:03","date_gmt":"2023-02-24T04:29:03","guid":{"rendered":"https:\/\/tecsecmty.com\/index.php\/producto\/dahua-asc1208c-s-control-de-acceso-tcp-ip-8-puertas-8-lectoras-via-wiegand-o-rs485-100000-tarjetas-150000-eventos-admite-biometricos-dahua-soporta-bateria-de-respaldo\/"},"modified":"2023-03-22T23:22:19","modified_gmt":"2023-03-23T05:22:19","slug":"dahua-asc1208c-s-control-de-acceso-tcp-ip-8-puertas-8-lectoras-via-wiegand-o-rs485-100000-tarjetas-150000-eventos-admite-biometricos-dahua-soporta-bateria-de-respaldo","status":"publish","type":"product","link":"https:\/\/tecsecmty.com\/index.php\/producto\/dahua-asc1208c-s-control-de-acceso-tcp-ip-8-puertas-8-lectoras-via-wiegand-o-rs485-100000-tarjetas-150000-eventos-admite-biometricos-dahua-soporta-bateria-de-respaldo\/","title":{"rendered":"DAHUA ASC1208C-S &#8211; Control de acceso TCP\/IP \/8 puertas 8 lectoras v\u00eda Wiegand o RS485 \/ 100,000 Tarjetas \/ 150,000 Eventos \/ Admite biom\u00e9tricos DAHUA \/ Soporta bater\u00eda de respaldo\/"},"content":{"rendered":"<div class=\"row aling-items-center padding-bottom-2x\">\n<div class=\"col-lg-12\">\n<h5 class=\"card-title text-center\">Informaci\u00f3n General<\/h5>\n<p>El<strong>\u00a0ASC1208C-S<\/strong>\u00a0es un controlador de acceso multifuncional con un Interfaz de red cableada TCP \/ IP. Puede ofrecer funciones profesionales relacionados con la gesti\u00f3n del control de acceso. Es aplicable a parques industriales, edificios de oficinas, edificios financieros, escuelas, f\u00e1bricas, \u00e1reas residenciales, gobierno y m\u00e1s.<\/p>\n<p><img decoding=\"async\" class=\"overview-center-img-web\" src=\"https:\/\/tvc.mx\/media\/395159\/DAHUA-Control-de-Acceso-ASC1208C-S-Overview-principal-min.png\" alt=\"\" \/><\/div>\n<\/div>\n<div class=\"row align-items-center padding-bottom-2x\">\n<div class=\"col-md-5\"><img decoding=\"async\" class=\"d-block m-auto img-thumbnail\" src=\"https:\/\/tvc.mx\/media\/278503\/DAHUA-control-de-acceso-overview-Smartpss.png\" alt=\" \" \/><\/div>\n<div class=\"col-md-7 text-md-left text-center\">\n<h2>Compatible con SmartPSS AC<\/h2>\n<p class=\"text-muted\">\n<p>El control de acceso ASC1208C-S es compatible con el software SmartPSS AC con el cual podr\u00e1s tener el control de tu dispositivo y configurar una puerta o un grupo de puertas, tambi\u00e9n se puede agregar usuarios, tarjetas, descargar registros entre muchas otras funciones. SmartPSS AC nos proporciona una interfaz intuitiva y sencilla de utilizar que se adapta a las necesidades de la mayor\u00eda de los usuarios.<\/p>\n<p>&nbsp;<\/p>\n<\/div>\n<\/div>\n<hr class=\"padding-bottom-2x\" \/>\n<div class=\"row align-items-center padding-bottom-2x\">\n<div class=\"col-md-5 order-md-2\"><img decoding=\"async\" class=\"d-block m-auto img-thumbnail\" src=\"https:\/\/tvc.mx\/media\/395251\/DAHUA-Control-de-Acceso-ASC1208C-S-Overview-principal-min-pp-caracteristicas.png\" alt=\" \" \/><\/div>\n<div class=\"col-md-7 order-md-1 text-md-left text-center\">\n<h2>Principales caracter\u00edsticas<\/h2>\n<p class=\"text-muted\">\n<ul>\n<li>Comunicaci\u00f3n TCP \/ IP.<\/li>\n<li>Dos protocolos de comunicaci\u00f3n: RS-485 y Wiegand.<\/li>\n<li>Admite el almacenamiento de 100.000 registros de usuario y 500.000 registros de deslizamiento de tarjetas.<\/li>\n<li>Admite enclavamiento de m\u00faltiples puertas, desbloqueo de m\u00faltiples usuarios, anti-passback y desbloqueo remoto.<\/li>\n<li>Admite alarma de manipulaci\u00f3n del lector, alarma de intrusi\u00f3n, alarma de tiempo de espera de desbloqueo, alarma de coacci\u00f3n, alarma de tarjeta no v\u00e1lida que excede el umbral y alarma de contrase\u00f1a incorrecta.<\/li>\n<li>Admite RTC incorporado, fijaci\u00f3n manual de la hora y fijaci\u00f3n autom\u00e1tica de la hora.<\/li>\n<li>Los datos se pueden guardar de forma permanente en caso de corte de energ\u00eda; admite actualizaci\u00f3n en l\u00ednea.<\/li>\n<li>Fuente de alimentaci\u00f3n mediante bater\u00eda de almacenamiento.<\/li>\n<li>Admite mecanismo de vigilancia para garantizar la estabilidad de la operaci\u00f3n.<\/li>\n<\/ul>\n<p>&nbsp;<\/p>\n<\/div>\n<\/div>\n<hr class=\"padding-bottom-2x\" \/>\n<div class=\"row align-items-center padding-bottom-2x\">\n<div class=\"col-md-5\"><img decoding=\"async\" class=\"d-block m-auto img-thumbnail\" src=\"https:\/\/tvc.mx\/media\/395267\/DAHUA-Control-de-Acceso-ASC1208C-S-Overview-principal-min-especificaciones.png\" alt=\" \" \/><\/div>\n<div class=\"col-md-7 text-md-left text-center\">\n<h2>Especificaciones<\/h2>\n<p class=\"text-muted\">\n<ul>\n<li>Protocolo de Internet: IPv4; TCP; UDP<\/li>\n<li>Apariencia del producto: Recipiente de hierro tipo C<\/li>\n<li>Modo de desbloqueo: Deslizar la tarjeta; Remoto; Contrase\u00f1a; Huella dactilar<\/li>\n<li>Lector de tarjetas RS-485 de 8 canales<\/li>\n<li>Lector de tarjetas Wiegand de 8 canales<\/li>\n<li>Usuario 100.000<\/li>\n<li>Huella dactilar 3000<\/li>\n<li>Tarjeta 100.000<\/li>\n<li>Capacidad de registro 500.000<\/li>\n<li>Fuente de alimentaci\u00f3n: 100-240 V CA<\/li>\n<li>IP20; Ik04<\/li>\n<\/ul>\n<p>&nbsp;<\/p>\n<\/div>\n<\/div>\n<hr class=\"padding-bottom-2x\" \/>\n<div class=\"row align-items-center padding-bottom-2x\">\n<div class=\"col-md-5 order-md-2\"><img decoding=\"async\" class=\"d-block m-auto img-thumbnail\" src=\"https:\/\/tvc.mx\/media\/389339\/DHI-ASC1208C-S-20220316-140242-PNG-400x300.png\" alt=\" Control de acceso 8 puertas 8 lectoras Soporta bater\u00eda\" \/><\/div>\n<div class=\"col-md-7 order-md-1 text-md-left text-center\">\n<h2>Incluye:<\/h2>\n<p class=\"text-muted\">\n<ul>\n<li>Equipo<\/li>\n<li>Cable de corriente<\/li>\n<li>Cable con conexi\u00f3n para bater\u00eda (bater\u00eda no incluida)<\/li>\n<li>2 Bloque de terminales 2 posiciones con tornillo<\/li>\n<li>4 Bloques de terminales 6 posiciones con tornillo<\/li>\n<li>7 Bloques de terminales 8 posiciones con tornillo<\/li>\n<li>3 Bloques de terminales 12 posiciones con tornillo<\/li>\n<li>Llaves para gabinete<\/li>\n<li>4 tornillos \/ 4 taquetes para montar en pared<\/li>\n<li>Gu\u00eda de instalaci\u00f3n r\u00e1pida<\/li>\n<li>P\u00f3liza de garant\u00eda<\/li>\n<li>Gu\u00eda con informaci\u00f3n legal y reglamentaria<\/li>\n<li>Calcoman\u00eda con QR para descargar manuales desde Internet<\/li>\n<\/ul>\n<\/div>\n<\/div>\n","protected":false},"excerpt":{"rendered":"<p>Informaci\u00f3n General El\u00a0ASC1208C-S\u00a0es un controlador de acceso multifuncional con un Interfaz de red cableada TCP \/ IP. Puede ofrecer funciones profesionales relacionados con la gesti\u00f3n del control de acceso. Es aplicable a parques industriales, edificios de oficinas, edificios financieros, escuelas, f\u00e1bricas, \u00e1reas residenciales, gobierno y&hellip;<\/p>\n","protected":false},"featured_media":1258,"comment_status":"open","ping_status":"closed","template":"","meta":{"om_disable_all_campaigns":false,"_monsterinsights_skip_tracking":false,"_monsterinsights_sitenote_active":false,"_monsterinsights_sitenote_note":"","_monsterinsights_sitenote_category":0},"product_brand":[],"product_cat":[817],"product_tag":[81,727,730,66,731,728,729],"class_list":{"0":"post-8762","1":"product","2":"type-product","3":"status-publish","4":"has-post-thumbnail","6":"product_cat-paneles-de-control-control-de-acceso-dahua-acceso-asistencia","7":"product_tag-acceso-y-asistencia","8":"product_tag-cerraduras","9":"product_tag-commax-wulian","10":"product_tag-dahua","11":"product_tag-wejoin","12":"product_tag-yli","13":"product_tag-zkteco","15":"first","16":"instock","17":"sale","18":"taxable","19":"shipping-taxable","20":"purchasable","21":"product-type-simple"},"aioseo_notices":[],"_links":{"self":[{"href":"https:\/\/tecsecmty.com\/index.php\/wp-json\/wp\/v2\/product\/8762","targetHints":{"allow":["GET"]}}],"collection":[{"href":"https:\/\/tecsecmty.com\/index.php\/wp-json\/wp\/v2\/product"}],"about":[{"href":"https:\/\/tecsecmty.com\/index.php\/wp-json\/wp\/v2\/types\/product"}],"replies":[{"embeddable":true,"href":"https:\/\/tecsecmty.com\/index.php\/wp-json\/wp\/v2\/comments?post=8762"}],"version-history":[{"count":0,"href":"https:\/\/tecsecmty.com\/index.php\/wp-json\/wp\/v2\/product\/8762\/revisions"}],"wp:featuredmedia":[{"embeddable":true,"href":"https:\/\/tecsecmty.com\/index.php\/wp-json\/wp\/v2\/media\/1258"}],"wp:attachment":[{"href":"https:\/\/tecsecmty.com\/index.php\/wp-json\/wp\/v2\/media?parent=8762"}],"wp:term":[{"taxonomy":"product_brand","embeddable":true,"href":"https:\/\/tecsecmty.com\/index.php\/wp-json\/wp\/v2\/product_brand?post=8762"},{"taxonomy":"product_cat","embeddable":true,"href":"https:\/\/tecsecmty.com\/index.php\/wp-json\/wp\/v2\/product_cat?post=8762"},{"taxonomy":"product_tag","embeddable":true,"href":"https:\/\/tecsecmty.com\/index.php\/wp-json\/wp\/v2\/product_tag?post=8762"}],"curies":[{"name":"wp","href":"https:\/\/api.w.org\/{rel}","templated":true}]}}