{"id":8763,"date":"2023-02-23T22:29:04","date_gmt":"2023-02-24T04:29:04","guid":{"rendered":"https:\/\/tecsecmty.com\/index.php\/producto\/dahua-asc2102b-t-control-de-acceso-esclavo-para-control-maestro-soporta-conexion-en-cascada-2-puertas-y-4-lectoras-20000-usuarios-30000-registros-soporta-rs-485-y-wiegand-lonuevo\/"},"modified":"2023-03-22T23:22:19","modified_gmt":"2023-03-23T05:22:19","slug":"dahua-asc2102b-t-control-de-acceso-esclavo-para-control-maestro-soporta-conexion-en-cascada-2-puertas-y-4-lectoras-20000-usuarios-30000-registros-soporta-rs-485-y-wiegand-lonuevo","status":"publish","type":"product","link":"https:\/\/tecsecmty.com\/index.php\/producto\/dahua-asc2102b-t-control-de-acceso-esclavo-para-control-maestro-soporta-conexion-en-cascada-2-puertas-y-4-lectoras-20000-usuarios-30000-registros-soporta-rs-485-y-wiegand-lonuevo\/","title":{"rendered":"DAHUA ASC2102B-T &#8211; Control de Acceso Esclavo para Control Maestro\/ Soporta Conexi\u00f3n en Cascada\/ 2 Puertas y 4 Lectoras\/ 20,000 Usuarios\/ 30,000 Registros\/ Soporta RS-485 y Wiegand\/ #LoNuevo"},"content":{"rendered":"<div class=\"row aling-items-center padding-bottom-2x\">\n<div class=\"col-lg-12\">\n<h5 class=\"card-title text-center\">Informaci\u00f3n General<\/h5>\n<p>El\u00a0panel de control de acceso\u00a0modelo\u00a0<strong>ASC2102B-T<\/strong>\u00a0es compatible con distintos tipos de lectoras de Dahua, as\u00ed como de terceros, para proporcionar el monitoreo en tiempo real de la video vigilancia y accesos controlados, este dispositivo podr\u00e1 permitir controlar 2 puertas usando hasta 4 lectoras en cada una de. Cuenta con una comunicaci\u00f3n TCP-IP para su administraci\u00f3n desde el software SmartPSS, soporta\u00a0conexiones Wiegand para lectores RFID con las diferentes tecnolog\u00edas como ID, Mifare y UHF(tags) y lectores de verificaci\u00f3n por password,\u00a0as\u00ed como conexiones\u00a0RS485 para biom\u00e9tricos Dahua.<\/p>\n<p><img decoding=\"async\" class=\"overview-center-img-web\" src=\"https:\/\/tvc.mx\/media\/476560\/control-de-acceso-esclavo-para-control-maestro-2-puertas-4-lectoras-ASC2102B-T-Dahua.png\" alt=\"\" \/><\/div>\n<\/div>\n<div class=\"row align-items-center padding-bottom-2x\">\n<div class=\"col-md-5\"><img decoding=\"async\" class=\"d-block m-auto img-thumbnail\" src=\"https:\/\/tvc.mx\/media\/476562\/Capacidad-de-usurarios-Dahua.png\" alt=\" \" \/><\/div>\n<div class=\"col-md-7 text-md-left text-center\">\n<h2>Funciones<\/h2>\n<p class=\"text-muted\">\n<ul>\n<li>Soporte 200,000 tarjetas validas y 30,000 registros.<\/li>\n<li>Soporte de m\u00faltiples tarjetas, contrase\u00f1a, huella digital y la combinaci\u00f3n de ellas.<\/li>\n<li>Wiegand o interfaz RS-485 para las lectoras (2 puertas)<\/li>\n<li>Cuenta con diferentes entradas y salidas de alarma.<\/li>\n<li>Gesti\u00f3n de usuarios.<\/li>\n<li>Calendario de ajustes.<\/li>\n<li>Tipos de tarjeta:\u00a0regular o general, Invitado, Patrullaje,\u00a0VIP, Duress, etc.<\/li>\n<li>Soporta funciones avanzadas desde SmartPSS como anti-passback, verificaci\u00f3n remota, apertura con primera tarjeta, etc.<\/li>\n<li>Software SmartPSS versiones\u00a01.16.1 y 2.01 compatibles con modulo acceso.<\/li>\n<\/ul>\n<p>&nbsp;<\/p>\n<\/div>\n<\/div>\n<hr class=\"padding-bottom-2x\" \/>\n<div class=\"row align-items-center padding-bottom-2x\">\n<div class=\"col-md-5 order-md-2\"><img decoding=\"async\" class=\"d-block m-auto img-thumbnail\" src=\"https:\/\/tvc.mx\/media\/476564\/ciber-seguridad-dahua.png\" alt=\" \" \/><\/div>\n<div class=\"col-md-7 order-md-1 text-md-left text-center\">\n<h2>Anti-passback.<\/h2>\n<p class=\"text-muted\">\n<p>El\u00a0<strong>ASC2102B-T<\/strong>\u00a0cuenta con la posibilidad de realizar la funci\u00f3n Anti-passback la cual requiere una autenticaci\u00f3n de salida de una tarjeta para permitir un nuevo ingreso, esto evita la vulnerabilidad de pr\u00e9stamo de tarjetas para el ingreso.<\/p>\n<p>&nbsp;<\/p>\n<\/div>\n<\/div>\n<hr class=\"padding-bottom-2x\" \/>\n<div class=\"row align-items-center padding-bottom-2x\">\n<div class=\"col-md-5\"><img decoding=\"async\" class=\"d-block m-auto img-thumbnail\" src=\"https:\/\/tvc.mx\/media\/476566\/Funciones.png\" alt=\" \" \/><\/div>\n<div class=\"col-md-7 text-md-left text-center\">\n<h2>Conexiones<\/h2>\n<p class=\"text-muted\">\n<p>Conectar al controlador maestro con bus CAN<\/p>\n<p>CAN es un controlador de red de \u00e1rea local, pertenece a la categor\u00eda de bus de campo industrial. En comparaci\u00f3n con el bus de comunicaci\u00f3n general, la comunicaci\u00f3n de datos del bus CAN tiene una gran fiabilidad, tiempo real y flexibilidad.<\/p>\n<p>&nbsp;<\/p>\n<\/div>\n<\/div>\n<hr class=\"padding-bottom-2x\" \/>\n<div class=\"row align-items-center padding-bottom-2x\">\n<div class=\"col-md-5 order-md-2\"><img decoding=\"async\" class=\"d-block m-auto img-thumbnail\" src=\"https:\/\/tvc.mx\/media\/476568\/control-de-acceso-esclavo-para-control-maestro-2-puertas-4-lectoras-ASC2102B-T-Dahua-caracteristicas.png\" alt=\" \" \/><\/div>\n<div class=\"col-md-7 order-md-1 text-md-left text-center\">\n<h2>Principales Caracter\u00edsticas<\/h2>\n<p class=\"text-muted\">\n<ul>\n<li>Soporta 20,000 tarjetas v\u00e1lidas y 30,000 registros<\/li>\n<li>Soporta m\u00faltiples tarjetas \u00b7 Tarjeta de soporte, contrase\u00f1a, huella digital y combinaci\u00f3n<\/li>\n<li>Solo funciona con ASC2204-H con bus CAN<\/li>\n<li>Interfaz Wiegand o RS-485 para lectores<\/li>\n<li>Alarma de tiempo de espera de puerta, alarma de intrusi\u00f3n, alarma de coacci\u00f3n y alarma de manipulaci\u00f3n<\/li>\n<li>Anti-passback, enclavamiento de puertas m\u00faltiples, apertura multipersonal<\/li>\n<li>Admite 128 horarios eficientes de tiempo y vacaciones<\/li>\n<li>La funci\u00f3n de perro guardi\u00e1n garantiza que el dispositivo no se detenga<\/li>\n<li>Instalaci\u00f3n montada en superficie<\/li>\n<\/ul>\n<\/div>\n<\/div>\n","protected":false},"excerpt":{"rendered":"<p>Informaci\u00f3n General El\u00a0panel de control de acceso\u00a0modelo\u00a0ASC2102B-T\u00a0es compatible con distintos tipos de lectoras de Dahua, as\u00ed como de terceros, para proporcionar el monitoreo en tiempo real de la video vigilancia y accesos controlados, este dispositivo podr\u00e1 permitir controlar 2 puertas usando hasta 4 lectoras en&hellip;<\/p>\n","protected":false},"featured_media":1260,"comment_status":"open","ping_status":"closed","template":"","meta":{"om_disable_all_campaigns":false,"_monsterinsights_skip_tracking":false,"_monsterinsights_sitenote_active":false,"_monsterinsights_sitenote_note":"","_monsterinsights_sitenote_category":0},"product_brand":[],"product_cat":[817],"product_tag":[81,727,730,66,731,728,729],"class_list":{"0":"post-8763","1":"product","2":"type-product","3":"status-publish","4":"has-post-thumbnail","6":"product_cat-paneles-de-control-control-de-acceso-dahua-acceso-asistencia","7":"product_tag-acceso-y-asistencia","8":"product_tag-cerraduras","9":"product_tag-commax-wulian","10":"product_tag-dahua","11":"product_tag-wejoin","12":"product_tag-yli","13":"product_tag-zkteco","15":"first","16":"instock","17":"sale","18":"taxable","19":"shipping-taxable","20":"purchasable","21":"product-type-simple"},"aioseo_notices":[],"_links":{"self":[{"href":"https:\/\/tecsecmty.com\/index.php\/wp-json\/wp\/v2\/product\/8763","targetHints":{"allow":["GET"]}}],"collection":[{"href":"https:\/\/tecsecmty.com\/index.php\/wp-json\/wp\/v2\/product"}],"about":[{"href":"https:\/\/tecsecmty.com\/index.php\/wp-json\/wp\/v2\/types\/product"}],"replies":[{"embeddable":true,"href":"https:\/\/tecsecmty.com\/index.php\/wp-json\/wp\/v2\/comments?post=8763"}],"version-history":[{"count":0,"href":"https:\/\/tecsecmty.com\/index.php\/wp-json\/wp\/v2\/product\/8763\/revisions"}],"wp:featuredmedia":[{"embeddable":true,"href":"https:\/\/tecsecmty.com\/index.php\/wp-json\/wp\/v2\/media\/1260"}],"wp:attachment":[{"href":"https:\/\/tecsecmty.com\/index.php\/wp-json\/wp\/v2\/media?parent=8763"}],"wp:term":[{"taxonomy":"product_brand","embeddable":true,"href":"https:\/\/tecsecmty.com\/index.php\/wp-json\/wp\/v2\/product_brand?post=8763"},{"taxonomy":"product_cat","embeddable":true,"href":"https:\/\/tecsecmty.com\/index.php\/wp-json\/wp\/v2\/product_cat?post=8763"},{"taxonomy":"product_tag","embeddable":true,"href":"https:\/\/tecsecmty.com\/index.php\/wp-json\/wp\/v2\/product_tag?post=8763"}],"curies":[{"name":"wp","href":"https:\/\/api.w.org\/{rel}","templated":true}]}}