{"id":8765,"date":"2023-02-23T22:29:04","date_gmt":"2023-02-24T04:29:04","guid":{"rendered":"https:\/\/tecsecmty.com\/index.php\/producto\/dahua-asc2202c-d-control-de-acceso-para-2-puertas-y-4-lectoras-gabinete-tcp-ip-comunicacion-rs-458-y-wiegand-100000-usuarios-3000-huellas-y-500000-registros-soporta-interlock-anti-passback\/"},"modified":"2023-03-22T23:22:20","modified_gmt":"2023-03-23T05:22:20","slug":"dahua-asc2202c-d-control-de-acceso-para-2-puertas-y-4-lectoras-gabinete-tcp-ip-comunicacion-rs-458-y-wiegand-100000-usuarios-3000-huellas-y-500000-registros-soporta-interlock-anti-passback","status":"publish","type":"product","link":"https:\/\/tecsecmty.com\/index.php\/producto\/dahua-asc2202c-d-control-de-acceso-para-2-puertas-y-4-lectoras-gabinete-tcp-ip-comunicacion-rs-458-y-wiegand-100000-usuarios-3000-huellas-y-500000-registros-soporta-interlock-anti-passback\/","title":{"rendered":"DAHUA ASC2202C-D &#8211; Control de Acceso para 2 Puertas y 4 Lectoras\/ Gabinete\/ TCP\/IP\/ Comunicaci\u00f3n RS-458 y Wiegand\/ 100,000 Usuarios, 3,000 Huellas y 500,000 Registros\/ Soporta Interlock, Anti-passback, Desbloqueo Remoto\/ WatchDog\/ #LoNuevo"},"content":{"rendered":"<div class=\"row aling-items-center padding-bottom-2x\">\n<div class=\"col-lg-12\">\n<h5 class=\"card-title text-center\">Informaci\u00f3n General<\/h5>\n<p>El\u00a0<strong>ASC2202C-D\u00a0<\/strong>es un controlador de acceso multifuncional con una interfaz de red cableada TCP\/IP. Puede ofrecer funciones profesionales relacionadas con la gesti\u00f3n del control de acceso. Es aplicable a parques industriales, edificios de oficinas, edificios financieros, escuelas, f\u00e1bricas, CBD, \u00e1reas residenciales, gobiernos y m\u00e1s.<\/p>\n<p><img decoding=\"async\" class=\"overview-center-img-web\" src=\"https:\/\/tvc.mx\/media\/496140\/control-de-acceso-para-2-puertas-y-4-lectoras-ASC2202C-D-Dahua-b.png\" alt=\"\" \/><\/div>\n<\/div>\n<div class=\"row align-items-center padding-bottom-2x\">\n<div class=\"col-md-5\"><img decoding=\"async\" class=\"d-block m-auto img-thumbnail\" src=\"https:\/\/tvc.mx\/media\/496142\/control-de-acceso-para-2-puertas-y-4-lectoras-ASC2202C-D-Dahua.png\" alt=\" \" \/><\/div>\n<div class=\"col-md-7 text-md-left text-center\">\n<h2>Principales Caracter\u00edsticas<\/h2>\n<p class=\"text-muted\">\n<ul>\n<li>Comunicaci\u00f3n TCP\/IP.<\/li>\n<li>Dos protocolos de comunicaci\u00f3n: RS-485 y Wiegand.<\/li>\n<li>Admite el almacenamiento de 100\u00a0000 usuarios y 500\u00a0000 registros de tarjetas.<\/li>\n<li>Admite enclavamiento de m\u00faltiples puertas, desbloqueo de m\u00faltiples usuarios, anti-passback y desbloqueo remoto.<\/li>\n<li>Admite alarma de manipulaci\u00f3n del lector, alarma de intrusi\u00f3n, alarma de tiempo de espera de desbloqueo, alarma de coacci\u00f3n, alarma de umbral de superaci\u00f3n de tarjeta no v\u00e1lida y alarma de contrase\u00f1a incorrecta.<\/li>\n<li>Admite RTC incorporado, fijaci\u00f3n de hora manual y fijaci\u00f3n de hora autom\u00e1tica.<\/li>\n<li>Los datos se pueden guardar de forma permanente en caso de corte de energ\u00eda; admite la actualizaci\u00f3n en l\u00ednea.<\/li>\n<li>Alimentaci\u00f3n a trav\u00e9s de acumulador.<\/li>\n<li>Admite el mecanismo de vigilancia para garantizar la estabilidad de la operaci\u00f3n.<\/li>\n<\/ul>\n<\/div>\n<\/div>\n","protected":false},"excerpt":{"rendered":"<p>Informaci\u00f3n General El\u00a0ASC2202C-D\u00a0es un controlador de acceso multifuncional con una interfaz de red cableada TCP\/IP. Puede ofrecer funciones profesionales relacionadas con la gesti\u00f3n del control de acceso. Es aplicable a parques industriales, edificios de oficinas, edificios financieros, escuelas, f\u00e1bricas, CBD, \u00e1reas residenciales, gobiernos y m\u00e1s.&hellip;<\/p>\n","protected":false},"featured_media":1264,"comment_status":"open","ping_status":"closed","template":"","meta":{"om_disable_all_campaigns":false,"_monsterinsights_skip_tracking":false,"_monsterinsights_sitenote_active":false,"_monsterinsights_sitenote_note":"","_monsterinsights_sitenote_category":0},"product_brand":[],"product_cat":[817],"product_tag":[81,727,730,66,731,728,729],"class_list":{"0":"post-8765","1":"product","2":"type-product","3":"status-publish","4":"has-post-thumbnail","6":"product_cat-paneles-de-control-control-de-acceso-dahua-acceso-asistencia","7":"product_tag-acceso-y-asistencia","8":"product_tag-cerraduras","9":"product_tag-commax-wulian","10":"product_tag-dahua","11":"product_tag-wejoin","12":"product_tag-yli","13":"product_tag-zkteco","15":"first","16":"instock","17":"sale","18":"taxable","19":"shipping-taxable","20":"purchasable","21":"product-type-simple"},"aioseo_notices":[],"_links":{"self":[{"href":"https:\/\/tecsecmty.com\/index.php\/wp-json\/wp\/v2\/product\/8765","targetHints":{"allow":["GET"]}}],"collection":[{"href":"https:\/\/tecsecmty.com\/index.php\/wp-json\/wp\/v2\/product"}],"about":[{"href":"https:\/\/tecsecmty.com\/index.php\/wp-json\/wp\/v2\/types\/product"}],"replies":[{"embeddable":true,"href":"https:\/\/tecsecmty.com\/index.php\/wp-json\/wp\/v2\/comments?post=8765"}],"version-history":[{"count":0,"href":"https:\/\/tecsecmty.com\/index.php\/wp-json\/wp\/v2\/product\/8765\/revisions"}],"wp:featuredmedia":[{"embeddable":true,"href":"https:\/\/tecsecmty.com\/index.php\/wp-json\/wp\/v2\/media\/1264"}],"wp:attachment":[{"href":"https:\/\/tecsecmty.com\/index.php\/wp-json\/wp\/v2\/media?parent=8765"}],"wp:term":[{"taxonomy":"product_brand","embeddable":true,"href":"https:\/\/tecsecmty.com\/index.php\/wp-json\/wp\/v2\/product_brand?post=8765"},{"taxonomy":"product_cat","embeddable":true,"href":"https:\/\/tecsecmty.com\/index.php\/wp-json\/wp\/v2\/product_cat?post=8765"},{"taxonomy":"product_tag","embeddable":true,"href":"https:\/\/tecsecmty.com\/index.php\/wp-json\/wp\/v2\/product_tag?post=8765"}],"curies":[{"name":"wp","href":"https:\/\/api.w.org\/{rel}","templated":true}]}}