{"id":8766,"date":"2023-02-23T22:29:05","date_gmt":"2023-02-24T04:29:05","guid":{"rendered":"https:\/\/tecsecmty.com\/index.php\/producto\/dahua-asc2204c-h-control-de-acceso-tcp-ip-4-puertas-4-lectoras-via-wiegand-o-rs485-200000-tarjetas-150000-eventos-admite-biometricos-dahua-control-maestro\/"},"modified":"2023-03-22T23:22:20","modified_gmt":"2023-03-23T05:22:20","slug":"dahua-asc2204c-h-control-de-acceso-tcp-ip-4-puertas-4-lectoras-via-wiegand-o-rs485-200000-tarjetas-150000-eventos-admite-biometricos-dahua-control-maestro","status":"publish","type":"product","link":"https:\/\/tecsecmty.com\/index.php\/producto\/dahua-asc2204c-h-control-de-acceso-tcp-ip-4-puertas-4-lectoras-via-wiegand-o-rs485-200000-tarjetas-150000-eventos-admite-biometricos-dahua-control-maestro\/","title":{"rendered":"DAHUA ASC2204C-H &#8211; Control de acceso TCP\/IP \/4 puertas 4 lectoras v\u00eda Wiegand o RS485 \/ 200,000 Tarjetas\/ 150,000 Eventos \/ Admite biom\u00e9tricos DAHUA\/Control Maestro"},"content":{"rendered":"<p>https:\/\/tvc.mx\/products\/39318<\/p>\n<div class=\"row aling-items-center padding-bottom-2x\">\n<div class=\"col-lg-12\">\n<h5 class=\"card-title text-center\">Informaci\u00f3n General<\/h5>\n<p>El\u00a0<strong>ASC2204C-H<\/strong>\u00a0es un controlador de acceso multifuncional con un Interfaz de red cableada TCP \/ IP. Puede ofrecer funciones profesionales relacionados con la gesti\u00f3n del control de acceso. Es aplicable a parques industriales, edificios de oficinas, edificios financieros, escuelas, f\u00e1bricas, \u00e1reas residenciales, gobierno y m\u00e1s.<\/p>\n<p><img decoding=\"async\" class=\"overview-center-img-web\" src=\"https:\/\/tvc.mx\/media\/395275\/Dahua-Control-de-acceso-ASC2204C-H-informacion-general.png\" alt=\"\" \/><\/div>\n<\/div>\n<div class=\"row align-items-center padding-bottom-2x\">\n<div class=\"col-md-5 order-md-2\"><img decoding=\"async\" class=\"d-block m-auto img-thumbnail\" src=\"https:\/\/tvc.mx\/media\/301335\/Dahua-Smart-PSS-AC.png\" alt=\" \" \/><\/div>\n<div class=\"col-md-7 order-md-1 text-md-left text-center\">\n<h2>Compatible con SmartPSS AC<\/h2>\n<p class=\"text-muted\">\n<p>El control de acceso DASC2204C-H es compatible con el software SmartPSS AC con el cual podr\u00e1s tener el control de tu dispositivo y configurar una puerta o un grupo de puertas, tambi\u00e9n se puede agregar usuarios, tarjetas, descargar registros entre muchas otras funciones. SmartPSS AC nos proporciona una interfaz intuitiva y sencilla de utilizar que se adapta a las necesidades de la mayor\u00eda de los usuarios.<\/p>\n<p>&nbsp;<\/p>\n<\/div>\n<\/div>\n<hr class=\"padding-bottom-2x\" \/>\n<div class=\"row align-items-center padding-bottom-2x\">\n<div class=\"col-md-5\"><img decoding=\"async\" class=\"d-block m-auto img-thumbnail\" src=\"https:\/\/tvc.mx\/media\/313655\/Instalacion.png\" alt=\" \" \/><\/div>\n<div class=\"col-md-7 text-md-left text-center\">\n<h2>instalaci\u00f3n<\/h2>\n<p class=\"text-muted\">\n<ul>\n<li>Paso 1 Mida la distancia y posici\u00f3n de cada orificio de acuerdo con los orificios de la carcasa trasera del dispositivo;Taladre agujeros en la pared de acuerdo con las posiciones medidas.<\/li>\n<li>Paso 2 Inserte las tuercas de expancion y fige los tornillos en la pared.<\/li>\n<li>Paso 3 Coloque el dispositivo en los tornillos.<\/li>\n<\/ul>\n<p>&nbsp;<\/p>\n<\/div>\n<\/div>\n<hr class=\"padding-bottom-2x\" \/>\n<div class=\"row align-items-center padding-bottom-2x\">\n<div class=\"col-md-5 order-md-2\"><img decoding=\"async\" class=\"d-block m-auto img-thumbnail\" src=\"https:\/\/tvc.mx\/media\/313679\/Salida-de-alarma.png\" alt=\" \" \/><\/div>\n<div class=\"col-md-7 order-md-1 text-md-left text-center\">\n<h2>Salida de alarma externa<\/h2>\n<p class=\"text-muted\">\n<p>Hay dos modos de conexi\u00f3n de salida de alarma externa, seg\u00fan el dispositivo de alarma. Por ejemplo, IPC puede<\/p>\n<p>usar el Modo 1, mientras que la sirena visual y audible puede usar el Modo 2.<\/p>\n<p>&nbsp;<\/p>\n<\/div>\n<\/div>\n<hr class=\"padding-bottom-2x\" \/>\n<div class=\"row align-items-center padding-bottom-2x\">\n<div class=\"col-md-5\"><img decoding=\"async\" class=\"d-block m-auto img-thumbnail\" src=\"https:\/\/tvc.mx\/media\/395279\/DAHUA-Control-de-Acceso-ASC1208C-S-Overview-principal-min-pp-caracteristicas.png\" alt=\" \" \/><\/div>\n<div class=\"col-md-7 text-md-left text-center\">\n<h2>Principales caracter\u00edsticas<\/h2>\n<p class=\"text-muted\">\n<ul>\n<li>Admite 200.000 tarjetas v\u00e1lidas y 150.000 registros<\/li>\n<li>El bus CAN puede conectar en cascada 16 m\u00f3dulos de subcontrolador<\/li>\n<li>Soporta m\u00faltiples tarjetas<\/li>\n<li>Tarjeta de soporte, contrase\u00f1a, huella dactilar y combinaci\u00f3n. Interfaz TCP \/ IP<\/li>\n<li>Interfaz Wiegand o RS-485 para lectores<\/li>\n<li>Alarma de tiempo de espera de cierre de puerta, alarma de intrusi\u00f3n, alarma de coacci\u00f3n y\u00a0alarma de manipulaci\u00f3n<\/li>\n<li>Anti-passback global, enclavamiento de m\u00faltiples puertas, apertura de\u00a0m\u00faltiples personas, desbloqueo de verificaci\u00f3n remota<\/li>\n<li>El servicio web se puede utilizar para configurar el subcontrolador<\/li>\n<li>Admite 128 horarios eficientes de tiempo y vacaciones<\/li>\n<li>RTC incorporado, compatible con DST<\/li>\n<li>La funci\u00f3n de \u00a0dog function garantiza que el dispositivo no se detenga<\/li>\n<li>Instalaci\u00f3n montada en superficie<\/li>\n<li>Extensi\u00f3n de la bater\u00eda del acumulador<\/li>\n<li>Onvif Profile C, CGI, SDK a la plataforma de terceros<\/li>\n<\/ul>\n<p>&nbsp;<\/p>\n<\/div>\n<\/div>\n<hr class=\"padding-bottom-2x\" \/>\n<div class=\"row align-items-center padding-bottom-2x\">\n<div class=\"col-md-5 order-md-2\"><img decoding=\"async\" class=\"d-block m-auto img-thumbnail\" src=\"https:\/\/tvc.mx\/media\/395299\/DAHUA-Control-de-Acceso-ASC1208C-S-Overview-principal-min-especificaciones.png\" alt=\" \" \/><\/div>\n<div class=\"col-md-7 order-md-1 text-md-left text-center\">\n<h2>Especificaciones<\/h2>\n<p class=\"text-muted\">\n<ul>\n<li>Memoria 256 Mb<\/li>\n<li>Entradas x 20 (estado de bloqueo x 4, sensor de puerta x 4, bot\u00f3n de salida x 4, alarma x 8)<\/li>\n<li>Lector x 4<\/li>\n<li>Titulares de tarjetas 200.000<\/li>\n<li>Eventos 150.000<\/li>\n<li>Control de acceso: Antirretorno, Bloqueo m\u00faltiple, Desbloqueo de m\u00faltiples tarjetas<\/li>\n<li>Admite 128 grupos de horario, 128 grupos de per\u00edodo y 128 grupos de per\u00edodo de vacaciones<\/li>\n<li>Wiegand 26\/34, RS485<\/li>\n<\/ul>\n<p>&nbsp;<\/p>\n<\/div>\n<\/div>\n<hr class=\"padding-bottom-2x\" \/>\n<div class=\"row align-items-center padding-bottom-2x\">\n<div class=\"col-md-5\"><img decoding=\"async\" class=\"d-block m-auto img-thumbnail\" src=\"https:\/\/tvc.mx\/media\/389283\/DAHUA-DHI-ASC2204C-H-CONTROL-DE-ACCESO.png\" alt=\" 4 puertas 4 lectoras\" \/><\/div>\n<div class=\"col-md-7 text-md-left text-center\">\n<h2>Incluye:<\/h2>\n<p class=\"text-muted\">\n<ul>\n<li>Equipo<\/li>\n<li>Cable de corriente<\/li>\n<li>Cable con conexi\u00f3n para bater\u00eda (bater\u00eda no incluida)<\/li>\n<li>Llaves para gabinete<\/li>\n<li>12 Resistencias<\/li>\n<li>Gu\u00eda de instalaci\u00f3n r\u00e1pida<\/li>\n<li>P\u00f3liza de garant\u00eda<\/li>\n<li>Gu\u00eda con informaci\u00f3n legal y reglamentaria<\/li>\n<\/ul>\n<\/div>\n<\/div>\n","protected":false},"excerpt":{"rendered":"<p>https:\/\/tvc.mx\/products\/39318 Informaci\u00f3n General El\u00a0ASC2204C-H\u00a0es un controlador de acceso multifuncional con un Interfaz de red cableada TCP \/ IP. Puede ofrecer funciones profesionales relacionados con la gesti\u00f3n del control de acceso. Es aplicable a parques industriales, edificios de oficinas, edificios financieros, escuelas, f\u00e1bricas, \u00e1reas residenciales, gobierno&hellip;<\/p>\n","protected":false},"featured_media":1266,"comment_status":"open","ping_status":"closed","template":"","meta":{"om_disable_all_campaigns":false,"_monsterinsights_skip_tracking":false,"_monsterinsights_sitenote_active":false,"_monsterinsights_sitenote_note":"","_monsterinsights_sitenote_category":0},"product_brand":[],"product_cat":[817],"product_tag":[81,727,730,66,731,728,729],"class_list":{"0":"post-8766","1":"product","2":"type-product","3":"status-publish","4":"has-post-thumbnail","6":"product_cat-paneles-de-control-control-de-acceso-dahua-acceso-asistencia","7":"product_tag-acceso-y-asistencia","8":"product_tag-cerraduras","9":"product_tag-commax-wulian","10":"product_tag-dahua","11":"product_tag-wejoin","12":"product_tag-yli","13":"product_tag-zkteco","15":"first","16":"instock","17":"sale","18":"taxable","19":"shipping-taxable","20":"purchasable","21":"product-type-simple"},"aioseo_notices":[],"_links":{"self":[{"href":"https:\/\/tecsecmty.com\/index.php\/wp-json\/wp\/v2\/product\/8766","targetHints":{"allow":["GET"]}}],"collection":[{"href":"https:\/\/tecsecmty.com\/index.php\/wp-json\/wp\/v2\/product"}],"about":[{"href":"https:\/\/tecsecmty.com\/index.php\/wp-json\/wp\/v2\/types\/product"}],"replies":[{"embeddable":true,"href":"https:\/\/tecsecmty.com\/index.php\/wp-json\/wp\/v2\/comments?post=8766"}],"version-history":[{"count":0,"href":"https:\/\/tecsecmty.com\/index.php\/wp-json\/wp\/v2\/product\/8766\/revisions"}],"wp:featuredmedia":[{"embeddable":true,"href":"https:\/\/tecsecmty.com\/index.php\/wp-json\/wp\/v2\/media\/1266"}],"wp:attachment":[{"href":"https:\/\/tecsecmty.com\/index.php\/wp-json\/wp\/v2\/media?parent=8766"}],"wp:term":[{"taxonomy":"product_brand","embeddable":true,"href":"https:\/\/tecsecmty.com\/index.php\/wp-json\/wp\/v2\/product_brand?post=8766"},{"taxonomy":"product_cat","embeddable":true,"href":"https:\/\/tecsecmty.com\/index.php\/wp-json\/wp\/v2\/product_cat?post=8766"},{"taxonomy":"product_tag","embeddable":true,"href":"https:\/\/tecsecmty.com\/index.php\/wp-json\/wp\/v2\/product_tag?post=8766"}],"curies":[{"name":"wp","href":"https:\/\/api.w.org\/{rel}","templated":true}]}}