{"id":8767,"date":"2023-02-23T22:29:05","date_gmt":"2023-02-24T04:29:05","guid":{"rendered":"https:\/\/tecsecmty.com\/index.php\/producto\/dahua-dhi-asc2202bt-panel-de-control-de-acceso-para-2-puertas-2-lectoras-compatible-con-torniquetes-dahua-tcp-ip-comunicacion-rs-458-y-wiegand-100000-usuarios-y-500000-registros-soporta-int\/"},"modified":"2023-03-22T23:22:31","modified_gmt":"2023-03-23T05:22:31","slug":"dahua-dhi-asc2202bt-panel-de-control-de-acceso-para-2-puertas-2-lectoras-compatible-con-torniquetes-dahua-tcp-ip-comunicacion-rs-458-y-wiegand-100000-usuarios-y-500000-registros-soporta-int","status":"publish","type":"product","link":"https:\/\/tecsecmty.com\/index.php\/producto\/dahua-dhi-asc2202bt-panel-de-control-de-acceso-para-2-puertas-2-lectoras-compatible-con-torniquetes-dahua-tcp-ip-comunicacion-rs-458-y-wiegand-100000-usuarios-y-500000-registros-soporta-int\/","title":{"rendered":"DAHUA DHI-ASC2202B(T) &#8211; Panel de Control de Acceso para 2 Puertas 2 Lectoras\/ Compatible con Torniquetes Dahua\/ TCP\/IP\/ Comunicaci\u00f3n RS-458 y Wiegand\/ 100,000 Usuarios y 500,000 Registros\/ Soporta Interlock, Anti-passback, Desbloqueo Remoto\/ #LoNuevo"},"content":{"rendered":"<div class=\"row aling-items-center padding-bottom-2x\">\n<div class=\"col-lg-12\">\n<h5 class=\"card-title text-center\">Informaci\u00f3n General<\/h5>\n<p>Es un controlador de acceso multifuncional con una interfaz de red cableada TCP\/IP. Puede ofrecer funciones profesionales relacionadas con la gesti\u00f3n del control de acceso. Es aplicable a parques industriales, edificios de oficinas, edificios financieros, escuelas, f\u00e1bricas, CBD, \u00e1reas residenciales, gobiernos y m\u00e1s.<\/p>\n<p><img decoding=\"async\" class=\"overview-center-img-web\" src=\"https:\/\/tvc.mx\/media\/493884\/panel-de-control-de-acceso-para-2-puertas-2-lectoras-DHI-ASC2202B%28T%29-Dahua.png\" alt=\"\" \/><\/div>\n<\/div>\n<div class=\"row align-items-center padding-bottom-2x\">\n<div class=\"col-md-5 order-md-2\"><img decoding=\"async\" class=\"d-block m-auto img-thumbnail\" src=\"https:\/\/tvc.mx\/media\/493886\/Capacidad-de-usurarios-Dahua.png\" alt=\" \" \/><\/div>\n<div class=\"col-md-7 order-md-1 text-md-left text-center\">\n<h2>Funciones<\/h2>\n<p class=\"text-muted\">\n<ul>\n<li>Soporte 100,000 tarjetas validas y 150,000 registros.<\/li>\n<li>Soporte de m\u00faltiples tarjetas, contrase\u00f1a, huella digital y la combinaci\u00f3n de ellas.<\/li>\n<li>Wiegand o interfaz RS-485 para las lectoras (2 puertas)<\/li>\n<li>Cuenta con diferentes entradas y salidas de alarma.<\/li>\n<li>Gesti\u00f3n de usuarios.<\/li>\n<li>Calendario de ajustes.<\/li>\n<li>Tipos de tarjeta:\u00a0regular o general, Invitado, Patrullaje,\u00a0VIP, Duress, etc.<\/li>\n<li>Soporta funciones avanzadas desde SmartPSS como anti-passback, verificaci\u00f3n remota, apertura con primera tarjeta, etc.<\/li>\n<li>Software SmartPSS versiones\u00a01.16.1 y 2.01 compatibles con modulo acceso.<\/li>\n<\/ul>\n<p>&nbsp;<\/p>\n<\/div>\n<\/div>\n<hr class=\"padding-bottom-2x\" \/>\n<div class=\"row align-items-center padding-bottom-2x\">\n<div class=\"col-md-5\"><img decoding=\"async\" class=\"d-block m-auto img-thumbnail\" src=\"https:\/\/tvc.mx\/media\/493888\/ciber-seguridad-dahua.png\" alt=\" \" \/><\/div>\n<div class=\"col-md-7 text-md-left text-center\">\n<h2>Anti-passback<\/h2>\n<p class=\"text-muted\">\n<p>Cuenta con la posibilidad de realizar la funci\u00f3n Anti-passback la cual requiere una autenticaci\u00f3n de salida de una tarjeta para permitir un nuevo ingreso, esto evita la vulnerabilidad de pr\u00e9stamo de tarjetas para el ingreso.<\/p>\n<p>&nbsp;<\/p>\n<\/div>\n<\/div>\n<hr class=\"padding-bottom-2x\" \/>\n<div class=\"row align-items-center padding-bottom-2x\">\n<div class=\"col-md-5 order-md-2\"><img decoding=\"async\" class=\"d-block m-auto img-thumbnail\" src=\"https:\/\/tvc.mx\/media\/493890\/panel-de-control-de-acceso-para-2-puertas-2-lectoras-DHI-ASC2202B%28T%29-Dahua-caracteristicas.png\" alt=\" \" \/><\/div>\n<div class=\"col-md-7 order-md-1 text-md-left text-center\">\n<h2>Principales Caracter\u00edsticas<\/h2>\n<p class=\"text-muted\">\n<ul>\n<li>Soporta comunicaci\u00f3n TCP\/IP<\/li>\n<li>Dos protocolos de comunicaci\u00f3n duales: RS-485 y Wiegand (W26 y W34)<\/li>\n<li>Tiene capacidad para 100 000 usuarios y almacena 500 000 registros de pases de tarjetas<\/li>\n<li>Admite enclavamiento, combinaci\u00f3n de grupos, anti-passback, desbloqueo remoto y<\/li>\n<li>m\u00e1s<\/li>\n<li>Admite alarma de manipulaci\u00f3n del lector de tarjetas, alarma de intrusi\u00f3n, alarma de tiempo de<\/li>\n<li>espera del sensor de puerta, alarma de coacci\u00f3n, alarma de umbral de superaci\u00f3n de tarjeta ilegal y<\/li>\n<li>alarma de contrase\u00f1a incorrecta<\/li>\n<li>RTC integrado, compatible con sincronizaci\u00f3n de hora manual y sincronizaci\u00f3n de<\/li>\n<li>hora autom\u00e1tica<\/li>\n<li>Admite protecci\u00f3n de memoria de apagado y actualizaci\u00f3n en l\u00ednea<\/li>\n<li>Vigilancia de soporte (un dispositivo que protege un sistema de fallas de<\/li>\n<li>software o hardware)<\/li>\n<li>Admite fuente de alimentaci\u00f3n PoE<\/li>\n<\/ul>\n<\/div>\n<\/div>\n","protected":false},"excerpt":{"rendered":"<p>Informaci\u00f3n General Es un controlador de acceso multifuncional con una interfaz de red cableada TCP\/IP. Puede ofrecer funciones profesionales relacionadas con la gesti\u00f3n del control de acceso. Es aplicable a parques industriales, edificios de oficinas, edificios financieros, escuelas, f\u00e1bricas, CBD, \u00e1reas residenciales, gobiernos y m\u00e1s.&hellip;<\/p>\n","protected":false},"featured_media":1268,"comment_status":"open","ping_status":"closed","template":"","meta":{"om_disable_all_campaigns":false,"_monsterinsights_skip_tracking":false,"_monsterinsights_sitenote_active":false,"_monsterinsights_sitenote_note":"","_monsterinsights_sitenote_category":0},"product_brand":[],"product_cat":[817],"product_tag":[81,727,730,66,731,728,729],"class_list":{"0":"post-8767","1":"product","2":"type-product","3":"status-publish","4":"has-post-thumbnail","6":"product_cat-paneles-de-control-control-de-acceso-dahua-acceso-asistencia","7":"product_tag-acceso-y-asistencia","8":"product_tag-cerraduras","9":"product_tag-commax-wulian","10":"product_tag-dahua","11":"product_tag-wejoin","12":"product_tag-yli","13":"product_tag-zkteco","15":"first","16":"instock","17":"sale","18":"taxable","19":"shipping-taxable","20":"purchasable","21":"product-type-simple"},"aioseo_notices":[],"_links":{"self":[{"href":"https:\/\/tecsecmty.com\/index.php\/wp-json\/wp\/v2\/product\/8767","targetHints":{"allow":["GET"]}}],"collection":[{"href":"https:\/\/tecsecmty.com\/index.php\/wp-json\/wp\/v2\/product"}],"about":[{"href":"https:\/\/tecsecmty.com\/index.php\/wp-json\/wp\/v2\/types\/product"}],"replies":[{"embeddable":true,"href":"https:\/\/tecsecmty.com\/index.php\/wp-json\/wp\/v2\/comments?post=8767"}],"version-history":[{"count":0,"href":"https:\/\/tecsecmty.com\/index.php\/wp-json\/wp\/v2\/product\/8767\/revisions"}],"wp:featuredmedia":[{"embeddable":true,"href":"https:\/\/tecsecmty.com\/index.php\/wp-json\/wp\/v2\/media\/1268"}],"wp:attachment":[{"href":"https:\/\/tecsecmty.com\/index.php\/wp-json\/wp\/v2\/media?parent=8767"}],"wp:term":[{"taxonomy":"product_brand","embeddable":true,"href":"https:\/\/tecsecmty.com\/index.php\/wp-json\/wp\/v2\/product_brand?post=8767"},{"taxonomy":"product_cat","embeddable":true,"href":"https:\/\/tecsecmty.com\/index.php\/wp-json\/wp\/v2\/product_cat?post=8767"},{"taxonomy":"product_tag","embeddable":true,"href":"https:\/\/tecsecmty.com\/index.php\/wp-json\/wp\/v2\/product_tag?post=8767"}],"curies":[{"name":"wp","href":"https:\/\/api.w.org\/{rel}","templated":true}]}}