{"id":8768,"date":"2023-02-23T22:29:06","date_gmt":"2023-02-24T04:29:06","guid":{"rendered":"https:\/\/tecsecmty.com\/index.php\/producto\/dahua-dhi-asc2204b-s-panel-de-control-de-acceso-para-4-puertas-y-4-lectoras-tcp-ip-comunicacion-rs-458-y-wiegand-100000-usuarios-3000-huellas-y-500000-registros-soporta-interlock-anti-passb\/"},"modified":"2023-03-22T23:22:31","modified_gmt":"2023-03-23T05:22:31","slug":"dahua-dhi-asc2204b-s-panel-de-control-de-acceso-para-4-puertas-y-4-lectoras-tcp-ip-comunicacion-rs-458-y-wiegand-100000-usuarios-3000-huellas-y-500000-registros-soporta-interlock-anti-passb","status":"publish","type":"product","link":"https:\/\/tecsecmty.com\/index.php\/producto\/dahua-dhi-asc2204b-s-panel-de-control-de-acceso-para-4-puertas-y-4-lectoras-tcp-ip-comunicacion-rs-458-y-wiegand-100000-usuarios-3000-huellas-y-500000-registros-soporta-interlock-anti-passb\/","title":{"rendered":"DAHUA DHI-ASC2204B-S &#8211; Panel de Control de Acceso para 4 Puertas y 4 Lectoras\/ TCP\/IP\/ Comunicaci\u00f3n RS-458 y Wiegand\/ 100,000 Usuarios, 3,000 Huellas y 500,000 Registros\/ Soporta Interlock, Anti-passback, Desbloqueo Remoto\/ Funcion WatchDog\/ #LoNuevo"},"content":{"rendered":"<div class=\"row aling-items-center padding-bottom-2x\">\n<div class=\"col-lg-12\">\n<h5 class=\"card-title text-center\">Informaci\u00f3n General<\/h5>\n<p>El\u00a0<strong>DHI-ASC2204B-S<\/strong>\u00a0es un controlador de acceso multifuncional con una interfaz de red cableada TCP\/IP. Puede ofrecer funciones profesionales relacionadas con la gesti\u00f3n del control de acceso. Es aplicable a parques industriales, edificios de oficinas, edificios financieros, escuelas, f\u00e1bricas, CBD, \u00e1reas residenciales, gobiernos y m\u00e1s.<\/p>\n<p><img decoding=\"async\" class=\"overview-center-img-web\" src=\"https:\/\/tvc.mx\/media\/478768\/anel-de-Control-de-Acceso-para-4-Puertas-y-4-Lectoras-ASC2204B-S-Dahua.png\" alt=\"\" \/><\/div>\n<\/div>\n<div class=\"row align-items-center padding-bottom-2x\">\n<div class=\"col-md-5\"><img decoding=\"async\" class=\"d-block m-auto img-thumbnail\" src=\"https:\/\/tvc.mx\/media\/478770\/Capacidad-de-usurarios-Dahua.png\" alt=\" \" \/><\/div>\n<div class=\"col-md-7 text-md-left text-center\">\n<h2>Funciones<\/h2>\n<p class=\"text-muted\">\n<ul>\n<li>Soporte 100,000 tarjetas validas y 500,000 registros.<\/li>\n<li>Soporte de m\u00faltiples tarjetas, huella digital y la combinaci\u00f3n de ellas.<\/li>\n<li>Wiegand o interfaz RS-485 para las lectoras (2 puertas)<\/li>\n<li>Cuenta con diferentes entradas y salidas de alarma.<\/li>\n<li>Gesti\u00f3n de usuarios.<\/li>\n<li>Calendario de ajustes.<\/li>\n<li>Tipos de tarjeta:\u00a0regular o general, Invitado, Patrullaje,\u00a0VIP, Duress, etc.<\/li>\n<li>Soporta funciones avanzadas desde SmartPSS como anti-passback, verificaci\u00f3n remota, apertura con primera tarjeta, etc.<\/li>\n<li>Software SmartPSS versiones\u00a01.16.1 y 2.01 compatibles con modulo acceso.<\/li>\n<\/ul>\n<p>&nbsp;<\/p>\n<\/div>\n<\/div>\n<hr class=\"padding-bottom-2x\" \/>\n<div class=\"row align-items-center padding-bottom-2x\">\n<div class=\"col-md-5 order-md-2\"><img decoding=\"async\" class=\"d-block m-auto img-thumbnail\" src=\"https:\/\/tvc.mx\/media\/478772\/ciber-seguridad-dahua.png\" alt=\" \" \/><\/div>\n<div class=\"col-md-7 order-md-1 text-md-left text-center\">\n<h2>Anti Passback.<\/h2>\n<p class=\"text-muted\">\n<p>El\u00a0<strong>ASC2204B-S<\/strong>\u00a0cuenta con la posibilidad de realizar la funci\u00f3n Anti-passback la cual requiere una autenticaci\u00f3n de salida de una tarjeta para permitir un nuevo ingreso, esto evita la vulnerabilidad de pr\u00e9stamo de tarjetas para el ingreso.<\/p>\n<p>&nbsp;<\/p>\n<\/div>\n<\/div>\n<hr class=\"padding-bottom-2x\" \/>\n<div class=\"row align-items-center padding-bottom-2x\">\n<div class=\"col-md-5\"><img decoding=\"async\" class=\"d-block m-auto img-thumbnail\" src=\"https:\/\/tvc.mx\/media\/478774\/conexiones.png\" alt=\" \" \/><\/div>\n<div class=\"col-md-7 text-md-left text-center\">\n<h2>Conexiones<\/h2>\n<p class=\"text-muted\">\n<p>El control de acceso\u00a0<strong>ASC2204B-S<\/strong>\u00a0cuenta con la posibilidad de conectarse a la red mediante su puerto RJ45, cuenta con puertos de comunicaci\u00f3n los protocolos RS-485, Wiegand 26, 34, 66.<\/p>\n<p>&nbsp;<\/p>\n<\/div>\n<\/div>\n<hr class=\"padding-bottom-2x\" \/>\n<div class=\"row align-items-center padding-bottom-2x\">\n<div class=\"col-md-5 order-md-2\"><img decoding=\"async\" class=\"d-block m-auto img-thumbnail\" src=\"https:\/\/tvc.mx\/media\/478776\/anel-de-Control-de-Acceso-para-4-Puertas-y-4-Lectoras-ASC2204B-S-Dahua-caracteristicas.png\" alt=\" \" \/><\/div>\n<div class=\"col-md-7 order-md-1 text-md-left text-center\">\n<h2>Principales Caracter\u00edsticas<\/h2>\n<p class=\"text-muted\">\n<ul>\n<li>Soporta comunicaci\u00f3n TCP\/IP<\/li>\n<li>Dos protocolos de comunicaci\u00f3n duales: RS-485 y Wiegand (W26 y W34)<\/li>\n<li>Admite enclavamiento, combinaci\u00f3n de grupos, anti-passback, desbloqueo remoto y m\u00e1s<\/li>\n<li>Admite alarma de manipulaci\u00f3n del lector de tarjetas, alarma de intrusi\u00f3n, alarma de tiempo de espera del sensor de puerta, alarma de coacci\u00f3n, alarma de umbral de superaci\u00f3n de tarjeta ilegal y alarma de contrase\u00f1a incorrecta<\/li>\n<li>RTC integrado, compatible con sincronizaci\u00f3n de hora manual y sincronizaci\u00f3n de hora autom\u00e1tica<\/li>\n<li>Admite protecci\u00f3n de memoria de apagado y actualizaci\u00f3n en l\u00ednea<\/li>\n<li>Vigilancia de soporte (un dispositivo que protege un sistema de fallas de software o hardware)<\/li>\n<li>Admite fuente de alimentaci\u00f3n PoE<\/li>\n<\/ul>\n<p>&nbsp;<\/p>\n<\/div>\n<\/div>\n<hr class=\"padding-bottom-2x\" \/>\n<div class=\"row align-items-center padding-bottom-2x\">\n<div class=\"col-md-5\"><img decoding=\"async\" class=\"d-block m-auto img-thumbnail\" src=\"https:\/\/tvc.mx\/media\/478778\/anel-de-Control-de-Acceso-para-4-Puertas-y-4-Lectoras-ASC2204B-S-Dahua-especificaciones.png\" alt=\" \" \/><\/div>\n<div class=\"col-md-7 text-md-left text-center\">\n<h2>Especificaciones<\/h2>\n<p class=\"text-muted\">\n<ul>\n<li>Protocolo de Internet IPv4; TCP; UDP<\/li>\n<li>Modo de desbloqueo Desbloqueo de tarjeta\/control remoto\/contrase\u00f1a\/huella digital<\/li>\n<li>Lector de tarjetas perif\u00e9rico: 4 lectores de tarjetas RS-485 4 lectores de tarjetas Wiegand<\/li>\n<li>Combinaci\u00f3n de grupos Desbloqueo de tarjeta\/contrase\u00f1a\/huella digital<\/li>\n<li>Usuario 100,000<\/li>\n<li>Huella dactilar 3,000<\/li>\n<li>Tarjeta 100,000<\/li>\n<li>Capacidad de registro 500,000<\/li>\n<li>5 puertos RS-485<\/li>\n<li>4 puertos Wiegand<\/li>\n<li>Anti-Passback<\/li>\n<li>Clasificaci\u00f3n del IP IP20, IK04<\/li>\n<\/ul>\n<\/div>\n<\/div>\n","protected":false},"excerpt":{"rendered":"<p>Informaci\u00f3n General El\u00a0DHI-ASC2204B-S\u00a0es un controlador de acceso multifuncional con una interfaz de red cableada TCP\/IP. Puede ofrecer funciones profesionales relacionadas con la gesti\u00f3n del control de acceso. Es aplicable a parques industriales, edificios de oficinas, edificios financieros, escuelas, f\u00e1bricas, CBD, \u00e1reas residenciales, gobiernos y m\u00e1s.&hellip;<\/p>\n","protected":false},"featured_media":1270,"comment_status":"open","ping_status":"closed","template":"","meta":{"om_disable_all_campaigns":false,"_monsterinsights_skip_tracking":false,"_monsterinsights_sitenote_active":false,"_monsterinsights_sitenote_note":"","_monsterinsights_sitenote_category":0},"product_brand":[],"product_cat":[817],"product_tag":[81,727,730,66,731,728,729],"class_list":{"0":"post-8768","1":"product","2":"type-product","3":"status-publish","4":"has-post-thumbnail","6":"product_cat-paneles-de-control-control-de-acceso-dahua-acceso-asistencia","7":"product_tag-acceso-y-asistencia","8":"product_tag-cerraduras","9":"product_tag-commax-wulian","10":"product_tag-dahua","11":"product_tag-wejoin","12":"product_tag-yli","13":"product_tag-zkteco","15":"first","16":"instock","17":"sale","18":"taxable","19":"shipping-taxable","20":"purchasable","21":"product-type-simple"},"aioseo_notices":[],"_links":{"self":[{"href":"https:\/\/tecsecmty.com\/index.php\/wp-json\/wp\/v2\/product\/8768","targetHints":{"allow":["GET"]}}],"collection":[{"href":"https:\/\/tecsecmty.com\/index.php\/wp-json\/wp\/v2\/product"}],"about":[{"href":"https:\/\/tecsecmty.com\/index.php\/wp-json\/wp\/v2\/types\/product"}],"replies":[{"embeddable":true,"href":"https:\/\/tecsecmty.com\/index.php\/wp-json\/wp\/v2\/comments?post=8768"}],"version-history":[{"count":0,"href":"https:\/\/tecsecmty.com\/index.php\/wp-json\/wp\/v2\/product\/8768\/revisions"}],"wp:featuredmedia":[{"embeddable":true,"href":"https:\/\/tecsecmty.com\/index.php\/wp-json\/wp\/v2\/media\/1270"}],"wp:attachment":[{"href":"https:\/\/tecsecmty.com\/index.php\/wp-json\/wp\/v2\/media?parent=8768"}],"wp:term":[{"taxonomy":"product_brand","embeddable":true,"href":"https:\/\/tecsecmty.com\/index.php\/wp-json\/wp\/v2\/product_brand?post=8768"},{"taxonomy":"product_cat","embeddable":true,"href":"https:\/\/tecsecmty.com\/index.php\/wp-json\/wp\/v2\/product_cat?post=8768"},{"taxonomy":"product_tag","embeddable":true,"href":"https:\/\/tecsecmty.com\/index.php\/wp-json\/wp\/v2\/product_tag?post=8768"}],"curies":[{"name":"wp","href":"https:\/\/api.w.org\/{rel}","templated":true}]}}