{"id":877,"date":"2023-02-16T00:00:12","date_gmt":"2023-02-16T00:00:12","guid":{"rendered":"https:\/\/tecsecmty.com\/index.php\/producto\/domo-pt-turbohd-2-megapixel-1080p-lente-3-6-mm-colorvu-uso-en-interior-microfono-integrado-wdr-130-db-angulo-de-visiun-de-83%e2%88%9e-20-mts-luz-blanca\/"},"modified":"2023-03-22T23:20:44","modified_gmt":"2023-03-23T05:20:44","slug":"domo-pt-turbohd-2-megapixel-1080p-lente-3-6-mm-colorvu-uso-en-interior-microfono-integrado-wdr-130-db-angulo-de-vision-de-83-20-mts-luz-blanca","status":"publish","type":"product","link":"https:\/\/tecsecmty.com\/index.php\/producto\/domo-pt-turbohd-2-megapixel-1080p-lente-3-6-mm-colorvu-uso-en-interior-microfono-integrado-wdr-130-db-angulo-de-vision-de-83-20-mts-luz-blanca\/","title":{"rendered":"Domo PT TURBOHD 2 Megapixel (1080p) \/ Lente 3.6 mm \/ ColorVu \/ Uso en Interior \/ Microfono Integrado \/ WDR 130 dB \/ Angulo de vision de 83 \/ 20 mts Luz Blanca"},"content":{"rendered":"<div class=\"container\">\n<div class=\"row\">\n<div class=\"col-md-12\">\n<div class=\"row\">\n<div class=\"row\">\n<div class=\"col-md-12\">\n<h4 class=\"text-primary center info-text\" style=\"text-align: center\">Informaci\u00f3n de Producto<\/h4>\n<\/div>\n<\/div>\n<div class=\"row\" style=\"text-align: center\">\n<div class=\"col-md-12\">\n<h3>Domo PT TURBOHD 2 Megapixel (1080p) \/ Lente 3.6 mm \/ ColorVu \/ Uso en Interior \/ Microfono Integrado \/ WDR 130 dB \/ Angulo de visi\u00f3n de 83\u00b0 \/ 20 mts Luz Blanca<\/h3>\n<\/div>\n<\/div>\n<div id=\"producto_container\" class=\"row\" style=\"text-align: center\">\n<div class=\"col-md-4\"><img decoding=\"async\" class=\"img-responsive center-block\" src=\"https:\/\/ftp3.syscom.mx\/usuarios\/fotos\/BancoFotografiasSyscom\/HIKVISION\/DS2CE70DF3TPTS\/DS2CE70DF3TPTS-p.PNG\" alt=\"DS-2CE70DF3T-PTS\" \/><\/p>\n<div class=\"row\">\n<div id=\"galerias\" class=\"col-sm-12\"><\/div>\n<\/div>\n<\/div>\n<div class=\"col-md-4\">\n<div><img decoding=\"async\" class=\"img-responsive img-thumbnail\" src=\"https:\/\/ftp3.syscom.mx\/usuarios\/fotos\/logotipos\/hikvision.png\" \/><\/div>\n<div><img decoding=\"async\" class=\"icono_info_product\" src=\"https:\/\/ftp3.syscom.mx\/cdn-cgi\/image\/format=auto,width=75\/usuarios\/fotos\/MICROFONOINT.png?v=1609808222\" \/><img decoding=\"async\" class=\"icono_info_product\" src=\"https:\/\/ftp3.syscom.mx\/usuarios\/fotos\/130dB.png\" \/><img decoding=\"async\" class=\"icono_info_product\" src=\"https:\/\/ftp3.syscom.mx\/usuarios\/fotos\/pt.png\" \/><\/div>\n<div>\n<p>Modelo:\u00a0<span class=\"modelo-marca\">DS-2CE70DF3T-PTS<\/span><\/p>\n<p>Marca:\u00a0<span class=\"modelo-marca\">HIKVISION<\/span><\/p>\n<\/div>\n<div><\/div>\n<\/div>\n<div class=\"col-md-4\">\n<div class=\"row\">\n<div class=\"col-md-12 default_padding_bottom\"><\/div>\n<\/div>\n<\/div>\n<\/div>\n<\/div>\n<div class=\"row \" style=\"text-align: center\">\n<div class=\"col-md-12\">\n<div class=\"row\">\n<h3 class=\"text-primary\">Especificaciones:<\/h3>\n<\/div>\n<div class=\"row well\">\n<p><img decoding=\"async\" class=\"fr-fic fr-dii\" src=\"https:\/\/ftp3.syscom.mx\/usuarios\/jsosa\/HIKVISION\/imagenes\/logo\/hikvision%20see%20far.png\" \/><\/p>\n<p>&nbsp;<\/p>\n<div class=\"row\">\n<div class=\"col-sm-4\">\n<div><strong>Caracter\u00edsticas principales:<\/strong><\/p>\n<ul>\n<li>Resoluci\u00f3n maxima: 2 Megapixel (1920 x 1080).<\/li>\n<li>Iluminaci\u00f3n m\u00ednima: color 0.0005 Lux @ (F1.0, AGC ON).<\/li>\n<li>Lente fijo de 3.6 mm (Angulo de visi\u00f3n de 83\u00b0)<\/li>\n<li>La c\u00e1mara permite PAN y TILT (no hace zoom optico)<\/li>\n<li>Funciones normales: WDR 130 dB \/ BLC \/ HLC \/ EIS \/ 3D DNR.<\/li>\n<li>Tecnolog\u00eda: Solo soporta TurboHD.<\/li>\n<li>Cuenta con microfono integrado (Soporta audio por coaxitron)<\/li>\n<\/ul>\n<\/div>\n<\/div>\n<div class=\"col-sm-4\">\n<div><strong>Caracter\u00edsticas F\u00edsicas y El\u00e9ctricas:<\/strong><\/p>\n<ul>\n<li>Alimentaci\u00f3n: 12 Vcc \/ 7.4 W.<\/li>\n<li>Temperatura de operaci\u00f3n: -10\u00b0C a 40\u00b0C \/ Humedad al 90% m\u00e1ximo.<\/li>\n<li>Uso en interior.<\/li>\n<li>Protecci\u00f3n contra sobretensiones y protecci\u00f3n contra voltajes transitorios.<\/li>\n<li>Dimensiones: 123 mm diametro x 110.8 mm.<\/li>\n<li>Peso: 290 g.<\/li>\n<li>Garant\u00eda: 2 a\u00f1os.<\/li>\n<\/ul>\n<\/div>\n<\/div>\n<div class=\"col-sm-4\">\n<div><strong>Caracter\u00edsticas Destacadas:<\/strong><\/p>\n<ul>\n<li>Paneo: 350\u00b0.<\/li>\n<li>Tildeo: 0\u00b0 a 75\u00ba.<\/li>\n<li>Soporta hasta 4 mascaras de privacidad.<\/li>\n<li>Conexi\u00f3n por coaxitron para movimiento<\/li>\n<\/ul>\n<\/div>\n<\/div>\n<\/div>\n<div class=\"row\">\n<div class=\"col-sm-12\">\n<div><\/div>\n<\/div>\n<\/div>\n<p>&nbsp;<\/p>\n<h1><strong>Recursos<\/strong><\/h1>\n<p>&nbsp;<\/p>\n<div class=\"row default_margin_bottom\">\n<div class=\"col-sm-4\"><a href=\"https:\/\/www.hikvision.com\/es-la\/support\/download\/software\/ivms4200-series\/?q=serie%20ivms4200&amp;position=1\" target=\"_blank\" rel=\"noopener\"><img decoding=\"async\" class=\"img-responsive\" src=\"https:\/\/ftp3.syscom.mx\/usuarios\/gmagos\/HIK\/IP\/IPC\/Imagenes%20pagina\/Descargas%20IVMS4200.jpg\" \/><\/a><\/div>\n<div class=\"col-sm-4\"><a href=\"https:\/\/appstore.hikvision.com\/\" target=\"_blank\" rel=\"noopener\"><img decoding=\"async\" class=\"img-responsive\" src=\"https:\/\/ftp3.syscom.mx\/usuarios\/gmagos\/HIK\/IP\/IPC\/Imagenes%20pagina\/Descargas%20de%20app.jpg\" \/><\/a><\/div>\n<div class=\"col-sm-4\"><a href=\"https:\/\/ftp3.syscom.mx\/usuarios\/ftp\/2022\/09\/19\/48464\/Especificaci%C3%B3nes%20T%C3%A9cnicas%20-%20DS-2CE70DF3T-PTS.pdf\" target=\"_blank\" rel=\"noopener\"><img decoding=\"async\" class=\"img-responsive\" src=\"https:\/\/ftp3.syscom.mx\/usuarios\/gmagos\/HIK\/IP\/IPC\/Imagenes%20pagina\/Descarga%20de%20PDF.jpg\" \/><\/a><\/div>\n<\/div>\n<p>&nbsp;<\/p>\n<p><img decoding=\"async\" src=\"https:\/\/ftp3.syscom.mx\/usuarios\/jsosa\/HIKVISION\/imagenes\/banners\/solution%20complete.png\" alt=\"\" width=\"100%\" height=\"\" \/><\/p>\n<\/div>\n<\/div>\n<\/div>\n<\/div>\n<\/div>\n<\/div>\n<p><img decoding=\"async\" class=\"aligncenter\" src=\"https:\/\/tracker.metricool.com\/c3po.jpg?hash=95c94f37730bb8f54dd4308f1f878f9\" \/><\/p>\n","protected":false},"excerpt":{"rendered":"<p>Informaci\u00f3n de Producto Domo PT TURBOHD 2 Megapixel (1080p) \/ Lente 3.6 mm \/ ColorVu \/ Uso en Interior \/ Microfono Integrado \/ WDR 130 dB \/ Angulo de visi\u00f3n de 83\u00b0 \/ 20 mts Luz Blanca Modelo:\u00a0DS-2CE70DF3T-PTS Marca:\u00a0HIKVISION Especificaciones: &nbsp; Caracter\u00edsticas principales: Resoluci\u00f3n maxima:&hellip;<\/p>\n","protected":false},"featured_media":2223,"comment_status":"open","ping_status":"closed","template":"","meta":{"om_disable_all_campaigns":false,"_monsterinsights_skip_tracking":false,"_monsterinsights_sitenote_active":false,"_monsterinsights_sitenote_note":"","_monsterinsights_sitenote_category":0},"product_brand":[],"product_cat":[53],"product_tag":[42,38,54,37,55],"class_list":{"0":"post-877","1":"product","2":"type-product","3":"status-publish","4":"has-post-thumbnail","6":"product_cat-ptz","7":"product_tag-camaras","8":"product_tag-camaras-de-seguridad","9":"product_tag-camaras-ptz","10":"product_tag-hikvision","11":"product_tag-ptz","13":"first","14":"instock","15":"taxable","16":"shipping-taxable","17":"product-type-simple"},"aioseo_notices":[],"_links":{"self":[{"href":"https:\/\/tecsecmty.com\/index.php\/wp-json\/wp\/v2\/product\/877","targetHints":{"allow":["GET"]}}],"collection":[{"href":"https:\/\/tecsecmty.com\/index.php\/wp-json\/wp\/v2\/product"}],"about":[{"href":"https:\/\/tecsecmty.com\/index.php\/wp-json\/wp\/v2\/types\/product"}],"replies":[{"embeddable":true,"href":"https:\/\/tecsecmty.com\/index.php\/wp-json\/wp\/v2\/comments?post=877"}],"version-history":[{"count":2,"href":"https:\/\/tecsecmty.com\/index.php\/wp-json\/wp\/v2\/product\/877\/revisions"}],"predecessor-version":[{"id":2224,"href":"https:\/\/tecsecmty.com\/index.php\/wp-json\/wp\/v2\/product\/877\/revisions\/2224"}],"wp:featuredmedia":[{"embeddable":true,"href":"https:\/\/tecsecmty.com\/index.php\/wp-json\/wp\/v2\/media\/2223"}],"wp:attachment":[{"href":"https:\/\/tecsecmty.com\/index.php\/wp-json\/wp\/v2\/media?parent=877"}],"wp:term":[{"taxonomy":"product_brand","embeddable":true,"href":"https:\/\/tecsecmty.com\/index.php\/wp-json\/wp\/v2\/product_brand?post=877"},{"taxonomy":"product_cat","embeddable":true,"href":"https:\/\/tecsecmty.com\/index.php\/wp-json\/wp\/v2\/product_cat?post=877"},{"taxonomy":"product_tag","embeddable":true,"href":"https:\/\/tecsecmty.com\/index.php\/wp-json\/wp\/v2\/product_tag?post=877"}],"curies":[{"name":"wp","href":"https:\/\/api.w.org\/{rel}","templated":true}]}}