{"id":8771,"date":"2023-02-23T22:29:09","date_gmt":"2023-02-24T04:29:09","guid":{"rendered":"https:\/\/tecsecmty.com\/index.php\/producto\/zkteco-c2260b-panel-de-control-de-acceso-para-2-puertas-con-gabinete-metalico-incrementa-el-numero-de-puertas-a-controlar-con-el-expansor-dm10-no-tiene-comunicacion-wiegand-licencia-bio-access\/"},"modified":"2023-03-22T23:25:14","modified_gmt":"2023-03-23T05:25:14","slug":"zkteco-c2260b-panel-de-control-de-acceso-para-2-puertas-con-gabinete-metalico-incrementa-el-numero-de-puertas-a-controlar-con-el-expansor-dm10-no-tiene-comunicacion-wiegand-licencia-bio-access","status":"publish","type":"product","link":"https:\/\/tecsecmty.com\/index.php\/producto\/zkteco-c2260b-panel-de-control-de-acceso-para-2-puertas-con-gabinete-metalico-incrementa-el-numero-de-puertas-a-controlar-con-el-expansor-dm10-no-tiene-comunicacion-wiegand-licencia-bio-access\/","title":{"rendered":"ZKTECO C2260B &#8211; Panel de Control de Acceso para 2 puertas con Gabinete Met\u00e1lico \/ Incrementa el N\u00famero de Puertas a Controlar con el Expansor DM10 \/ No Tiene Comunicaci\u00f3n Wiegand \/ Licencia Bio Access MTD Gratis"},"content":{"rendered":"<h5 class=\"card-title text-center\">Descripci\u00f3n<\/h5>\n<p class=\"ql-align-justify\"><strong>C2-200B<\/strong>\u00a0es un mini panel de control de dos puertas basado en IP. Admite comunicaci\u00f3n TCP \/ IP a trav\u00e9s de la red LAN o WAN y comunicaci\u00f3n RS485 que permite una extensi\u00f3n a dispositivos RS485 como DM10, AUX485, WR485.<\/p>\n<p class=\"ql-align-justify\">La serie es una combinaci\u00f3n perfecta para el software basado en web\u00a0<strong>ZKBioAccess<\/strong>\u00a0para proporcionar una soluci\u00f3n de seguridad biom\u00e9trica \/ RFID. C2-260 puede controlar dos puertas por defecto. Puede extenderse a 8 DM10 como m\u00e1ximo y puede admitir hasta 10 puertas.<\/p>\n<p class=\"ql-align-justify\"><strong>Caracter\u00edsticas<\/strong>:<\/p>\n<ul>\n<li class=\"ql-align-justify\">Tama\u00f1o compacto<\/li>\n<li class=\"ql-align-justify\">Comunicaci\u00f3n: TCP\/IP, RS485 (extensi\u00f3n), RS485 (lector)<\/li>\n<li class=\"ql-align-justify\">Control de dos puertas por defecto; max. 10 (con DM10s)<\/li>\n<li class=\"ql-align-justify\">AUX IN: extender a 4 (AUX485)<\/li>\n<li class=\"ql-align-justify\">Control de acceso avanzado<\/li>\n<li class=\"ql-align-justify\"><strong>No es Compatible con Software ZKAccess 3.5<\/strong><\/li>\n<\/ul>\n<p class=\"ql-align-justify\"><strong>Especificaciones:<\/strong><\/p>\n<ul>\n<li class=\"ql-align-justify\">N\u00famero de Puertas Admitidas por Defecto 2<\/li>\n<li class=\"ql-align-justify\">Cantidad de Entradas Auxiliares 2<\/li>\n<li class=\"ql-align-justify\">N\u00famero de Salidas Auxiliares 2<\/li>\n<li class=\"ql-align-justify\">Puerto de Extensi\u00f3n RS485 1<\/li>\n<li class=\"ql-align-justify\">Puerto de Lector RS485 1<\/li>\n<li class=\"ql-align-justify\">N\u00famero de Lectores Admitidos 4<\/li>\n<li class=\"ql-align-justify\">Tipos de Lectores Admitidos Lector de tarjetas RS485<\/li>\n<li class=\"ql-align-justify\">DM10 (Placa de extensi\u00f3n de una puerta) (Opcional) Max. 8<\/li>\n<li class=\"ql-align-justify\">AUX485 (Convertidor de entrada auxiliar RS485-4) (Opcional) 2<\/li>\n<li class=\"ql-align-justify\">Capacidad de Tarjeta 30,000<\/li>\n<li class=\"ql-align-justify\">Capacidad de Registro 200,000<\/li>\n<li class=\"ql-align-justify\">Comunicaci\u00f3n TCP\/IP, RS458<\/li>\n<li class=\"ql-align-justify\">CPU 32-bit 1.0GHz<\/li>\n<li class=\"ql-align-justify\">RAM 64MB<\/li>\n<li class=\"ql-align-justify\">Poder 9.6V &#8211; 14.4V DC<\/li>\n<li class=\"ql-align-justify\">Dimensiones (L*W*H) 116.47*96.49*31.40 mm<\/li>\n<li class=\"ql-align-justify\">Temperatura de Funcionamiento -10\u00b0C to 50\u00b0C \/ 14\u00b0F to 122\u00b0F<\/li>\n<li class=\"ql-align-justify\">Humedad de Funcionamiento 20% &#8211; 80%<\/li>\n<\/ul>\n<p><img decoding=\"async\" class=\"overview-center-img-web\" src=\"https:\/\/tvc.mx\/media\/179257\/C2200B-PANEL-DE-CONTROL-DE-ACCESO-PARA-2-PUERTAS-CARACTER%C3%8DSTICAS.png\" alt=\"\" \/><\/p>\n","protected":false},"excerpt":{"rendered":"<p>Descripci\u00f3n C2-200B\u00a0es un mini panel de control de dos puertas basado en IP. Admite comunicaci\u00f3n TCP \/ IP a trav\u00e9s de la red LAN o WAN y comunicaci\u00f3n RS485 que permite una extensi\u00f3n a dispositivos RS485 como DM10, AUX485, WR485. La serie es una combinaci\u00f3n&hellip;<\/p>\n","protected":false},"featured_media":8770,"comment_status":"open","ping_status":"closed","template":"","meta":{"om_disable_all_campaigns":false,"_monsterinsights_skip_tracking":false,"_monsterinsights_sitenote_active":false,"_monsterinsights_sitenote_note":"","_monsterinsights_sitenote_category":0},"product_brand":[],"product_cat":[818],"product_tag":[81,727,730,66,731,728,729],"class_list":{"0":"post-8771","1":"product","2":"type-product","3":"status-publish","4":"has-post-thumbnail","6":"product_cat-paneles-de-control-control-de-acceso-zkteco-acceso-asistencia","7":"product_tag-acceso-y-asistencia","8":"product_tag-cerraduras","9":"product_tag-commax-wulian","10":"product_tag-dahua","11":"product_tag-wejoin","12":"product_tag-yli","13":"product_tag-zkteco","15":"first","16":"instock","17":"sale","18":"taxable","19":"shipping-taxable","20":"purchasable","21":"product-type-simple"},"aioseo_notices":[],"_links":{"self":[{"href":"https:\/\/tecsecmty.com\/index.php\/wp-json\/wp\/v2\/product\/8771","targetHints":{"allow":["GET"]}}],"collection":[{"href":"https:\/\/tecsecmty.com\/index.php\/wp-json\/wp\/v2\/product"}],"about":[{"href":"https:\/\/tecsecmty.com\/index.php\/wp-json\/wp\/v2\/types\/product"}],"replies":[{"embeddable":true,"href":"https:\/\/tecsecmty.com\/index.php\/wp-json\/wp\/v2\/comments?post=8771"}],"version-history":[{"count":0,"href":"https:\/\/tecsecmty.com\/index.php\/wp-json\/wp\/v2\/product\/8771\/revisions"}],"wp:featuredmedia":[{"embeddable":true,"href":"https:\/\/tecsecmty.com\/index.php\/wp-json\/wp\/v2\/media\/8770"}],"wp:attachment":[{"href":"https:\/\/tecsecmty.com\/index.php\/wp-json\/wp\/v2\/media?parent=8771"}],"wp:term":[{"taxonomy":"product_brand","embeddable":true,"href":"https:\/\/tecsecmty.com\/index.php\/wp-json\/wp\/v2\/product_brand?post=8771"},{"taxonomy":"product_cat","embeddable":true,"href":"https:\/\/tecsecmty.com\/index.php\/wp-json\/wp\/v2\/product_cat?post=8771"},{"taxonomy":"product_tag","embeddable":true,"href":"https:\/\/tecsecmty.com\/index.php\/wp-json\/wp\/v2\/product_tag?post=8771"}],"curies":[{"name":"wp","href":"https:\/\/api.w.org\/{rel}","templated":true}]}}