{"id":8773,"date":"2023-02-23T22:29:10","date_gmt":"2023-02-24T04:29:10","guid":{"rendered":"https:\/\/tecsecmty.com\/index.php\/producto\/zkteco-c2260bp-panel-de-control-de-acceso-para-2-puertas-con-gabinete-metalico-incluye-2-expansores-dm10-para-2-puertas-adicionales-comunicacion-rs485\/"},"modified":"2023-03-22T23:25:14","modified_gmt":"2023-03-23T05:25:14","slug":"zkteco-c2260bp-panel-de-control-de-acceso-para-2-puertas-con-gabinete-metalico-incluye-2-expansores-dm10-para-2-puertas-adicionales-comunicacion-rs485","status":"publish","type":"product","link":"https:\/\/tecsecmty.com\/index.php\/producto\/zkteco-c2260bp-panel-de-control-de-acceso-para-2-puertas-con-gabinete-metalico-incluye-2-expansores-dm10-para-2-puertas-adicionales-comunicacion-rs485\/","title":{"rendered":"ZKTECO C2260BP &#8211; Panel de Control de Acceso para 2 puertas con Gabinete Met\u00e1lico \/ Incluye 2 Expansores DM10 Para 2 Puertas Adicionales \/ Comunicaci\u00f3n RS485"},"content":{"rendered":"<div class=\"row aling-items-center padding-bottom-2x\">\n<div class=\"col-lg-12\">\n<h5 class=\"card-title text-center\">Informaci\u00f3n General<\/h5>\n<p>El control de acceso Modelo\u00a0<strong>C2260<\/strong>\u00a0es un mini panel de control para dos puertas basado en IP. Soporta comunicaci\u00f3n TCP\/IP a trav\u00e9s de LAN o WAN y comunicaci\u00f3n RS485 que permite la extensi\u00f3n a dispositivos como el expansor\u00a0<strong>DM10<\/strong>, AUX485 y\/o convertidores WR485.<\/p>\n<p>La serie es una combinaci\u00f3n perfecta para el software basado en web\u00a0<strong>ZKBioAccess<\/strong>\u00a0o\u00a0<strong>ZKBioSecurity<\/strong>\u00a0para proporcionar una soluci\u00f3n de seguridad RFID.<\/p>\n<p><img decoding=\"async\" class=\"overview-center-img-web\" src=\"https:\/\/tvc.mx\/media\/494242\/C2260-DM10-Panel-Control-Acceso-ZKT-TVC-Banner.png\" alt=\"\" \/><\/p>\n<\/div>\n<\/div>\n<div class=\"row align-items-center padding-bottom-2x\">\n<div class=\"col-md-5\"><img decoding=\"async\" class=\"d-block m-auto img-thumbnail\" src=\"https:\/\/tvc.mx\/media\/494244\/C2260-DM10-Panel-Control-Acceso-ZKT-TVC-Complemento.png\" alt=\" \" \/><\/div>\n<div class=\"col-md-7 text-md-left text-center\">\n<h2>Panel de Control de Acceso: C2260<\/h2>\n<p><strong>Interfaz de Acceso:<\/strong><\/p>\n<ul>\n<li>1 Conexi\u00f3n de Comunicaci\u00f3n RS485 (\u00a0<em>para Expansores\u00a0<\/em><strong><em>DM10<\/em><\/strong><em>, M\u00e1ximo\u00a0<\/em><strong><em>8\u00a0<\/em><\/strong>)<\/li>\n<li>1 Conexi\u00f3n de Comunicaci\u00f3n RS485 (\u00a0<em>para Convertidores\u00a0<\/em><strong><em>WR485<\/em><\/strong><em>, M\u00e1ximo\u00a0<\/em><strong><em>4<\/em><\/strong>\u00a0)<\/li>\n<li>2 Relevador para Control de Acceso<\/li>\n<li>1 Entrada de Corriente (12Vcd)<\/li>\n<li>1 Salida de Corriente (12Vcd)<\/li>\n<li>2 Entradas para Sensor de Puerta<\/li>\n<li>2 Entradas para Bot\u00f3n de Salida<\/li>\n<li>2 Entradas Auxiliar<\/li>\n<li>2 Salidas Auxiliar<\/li>\n<\/ul>\n<p><strong>Almacenamiento:<\/strong><\/p>\n<ul>\n<li>30,000 Tarjetas (<strong>RF-ID<\/strong>)<\/li>\n<li>200,000 Eventos<\/li>\n<\/ul>\n<p><strong>Interfaz de Comunicaci\u00f3n:<\/strong>\u00a0TCP\/IP<\/p>\n<p><strong>Nota:<\/strong>\u00a0Para hacer uso de la soluci\u00f3n de las\u00a0 2 puertas, es necesario contar con los convertidores WR485, puesto que, el panel no cuenta con entradas de conexi\u00f3n Wiegand para los lectores esclavos<\/p>\n<p>&nbsp;<\/p>\n<\/div>\n<\/div>\n<hr class=\"padding-bottom-2x\" \/>\n<div class=\"row align-items-center padding-bottom-2x\">\n<div class=\"col-md-5 order-md-2\"><img decoding=\"async\" class=\"d-block m-auto img-thumbnail\" src=\"https:\/\/tvc.mx\/media\/494250\/C2260-DM10-Panel-Control-Acceso-ZKT-TVC-Complemento2.png\" alt=\" \" \/><\/div>\n<div class=\"col-md-7 order-md-1 text-md-left text-center\">\n<h2>Expansor de Puerta: DM10<\/h2>\n<p>El expansor\u00a0<strong>DM10<\/strong>\u00a0es un dispositivo de control para una puerta que\u00a0<u>funciona en conjunto<\/u>\u00a0con el panel de control de acceso profesional\u00a0<strong>C2260<\/strong><\/p>\n<p><strong>Interfaz de Acceso:<\/strong><\/p>\n<ul>\n<li>1 Conexi\u00f3n de Comunicaci\u00f3n RS485 (\u00a0<em>Con el panel\u00a0<\/em><strong><em>C2260<\/em><\/strong>\u00a0)<\/li>\n<li>1 Relevador para Control de Acceso<\/li>\n<li>2 Entradas Wiegand<\/li>\n<li>1 Entrada de Corriente (12Vcd)<\/li>\n<li>1 Salida de Corriente (12Vcd)<\/li>\n<li>1 Sensor de Puerta<\/li>\n<li>1 Entrada para Bot\u00f3n de Salida<\/li>\n<li>1 Entrada Auxiliar<\/li>\n<li>1 Salida Auxiliar<\/li>\n<\/ul>\n<p>&nbsp;<\/p>\n<\/div>\n<\/div>\n<hr class=\"padding-bottom-2x\" \/>\n<div class=\"row align-items-center padding-bottom-2x\">\n<div class=\"col-md-5\"><img decoding=\"async\" class=\"d-block m-auto img-thumbnail\" src=\"https:\/\/tvc.mx\/media\/494258\/C2260-DM10-Panel-Control-Acceso-ZKT-TVC-Complemento3.png\" alt=\" \" \/><\/div>\n<div class=\"col-md-7 text-md-left text-center\">\n<h2>Compatibilidades y Conexiones<\/h2>\n<p>Este panel es compatible con el software\u00a0<strong>ZKBioAccess<\/strong>\u00a0o\u00a0<strong>ZKBioSecurity.<\/strong><\/p>\n<p>Y nos puede ofrecer varios tipos de conexiones y soluciones.<\/p>\n<p>Ingresa en los siguientes link donde puedes conocer las diferentes integraciones posibles con el Panel.<\/p>\n<ul>\n<li>Integraci\u00f3n Panel C2260 con Convertidores WR845<\/li>\n<li>Integraci\u00f3n Expansores DM10 con Panel C2260<\/li>\n<\/ul>\n<p>Al igual, aprende sobre las configuraciones necesarias del panel con el software BioAccess (Aplicable tambi\u00e9n en el software ZK BioSecurity)<\/p>\n<p>&nbsp;<\/p>\n<\/div>\n<\/div>\n","protected":false},"excerpt":{"rendered":"<p>Informaci\u00f3n General El control de acceso Modelo\u00a0C2260\u00a0es un mini panel de control para dos puertas basado en IP. Soporta comunicaci\u00f3n TCP\/IP a trav\u00e9s de LAN o WAN y comunicaci\u00f3n RS485 que permite la extensi\u00f3n a dispositivos como el expansor\u00a0DM10, AUX485 y\/o convertidores WR485. La serie&hellip;<\/p>\n","protected":false},"featured_media":8772,"comment_status":"open","ping_status":"closed","template":"","meta":{"om_disable_all_campaigns":false,"_monsterinsights_skip_tracking":false,"_monsterinsights_sitenote_active":false,"_monsterinsights_sitenote_note":"","_monsterinsights_sitenote_category":0},"product_brand":[],"product_cat":[818],"product_tag":[81,727,730,66,731,728,729],"class_list":{"0":"post-8773","1":"product","2":"type-product","3":"status-publish","4":"has-post-thumbnail","6":"product_cat-paneles-de-control-control-de-acceso-zkteco-acceso-asistencia","7":"product_tag-acceso-y-asistencia","8":"product_tag-cerraduras","9":"product_tag-commax-wulian","10":"product_tag-dahua","11":"product_tag-wejoin","12":"product_tag-yli","13":"product_tag-zkteco","15":"first","16":"instock","17":"sale","18":"taxable","19":"shipping-taxable","20":"purchasable","21":"product-type-simple"},"aioseo_notices":[],"_links":{"self":[{"href":"https:\/\/tecsecmty.com\/index.php\/wp-json\/wp\/v2\/product\/8773","targetHints":{"allow":["GET"]}}],"collection":[{"href":"https:\/\/tecsecmty.com\/index.php\/wp-json\/wp\/v2\/product"}],"about":[{"href":"https:\/\/tecsecmty.com\/index.php\/wp-json\/wp\/v2\/types\/product"}],"replies":[{"embeddable":true,"href":"https:\/\/tecsecmty.com\/index.php\/wp-json\/wp\/v2\/comments?post=8773"}],"version-history":[{"count":0,"href":"https:\/\/tecsecmty.com\/index.php\/wp-json\/wp\/v2\/product\/8773\/revisions"}],"wp:featuredmedia":[{"embeddable":true,"href":"https:\/\/tecsecmty.com\/index.php\/wp-json\/wp\/v2\/media\/8772"}],"wp:attachment":[{"href":"https:\/\/tecsecmty.com\/index.php\/wp-json\/wp\/v2\/media?parent=8773"}],"wp:term":[{"taxonomy":"product_brand","embeddable":true,"href":"https:\/\/tecsecmty.com\/index.php\/wp-json\/wp\/v2\/product_brand?post=8773"},{"taxonomy":"product_cat","embeddable":true,"href":"https:\/\/tecsecmty.com\/index.php\/wp-json\/wp\/v2\/product_cat?post=8773"},{"taxonomy":"product_tag","embeddable":true,"href":"https:\/\/tecsecmty.com\/index.php\/wp-json\/wp\/v2\/product_tag?post=8773"}],"curies":[{"name":"wp","href":"https:\/\/api.w.org\/{rel}","templated":true}]}}