{"id":8775,"date":"2023-02-23T22:29:12","date_gmt":"2023-02-24T04:29:12","guid":{"rendered":"https:\/\/tecsecmty.com\/index.php\/producto\/zkteco-c2260wrpack-panel-de-control-de-acceso-de-solo-tarjeta-para-2-puertas-con-convertidor-de-485-a-wiegand-controla-hasta-10-puertas-incorporando-expansor-dm10-comunicacion-tcp-ip-compatibl\/"},"modified":"2023-03-22T23:25:14","modified_gmt":"2023-03-23T05:25:14","slug":"zkteco-c2260wrpack-panel-de-control-de-acceso-de-solo-tarjeta-para-2-puertas-con-convertidor-de-485-a-wiegand-controla-hasta-10-puertas-incorporando-expansor-dm10-comunicacion-tcp-ip-compatibl","status":"publish","type":"product","link":"https:\/\/tecsecmty.com\/index.php\/producto\/zkteco-c2260wrpack-panel-de-control-de-acceso-de-solo-tarjeta-para-2-puertas-con-convertidor-de-485-a-wiegand-controla-hasta-10-puertas-incorporando-expansor-dm10-comunicacion-tcp-ip-compatibl\/","title":{"rendered":"ZKTECO C2260WRPack &#8211; Panel de Control de Acceso de solo Tarjeta para 2 Puertas con Convertidor de 485 a Wiegand \/ Controla hasta 10 Puertas Incorporando Expansor DM10 \/ Comunicaci\u00f3n TCP\/IP \/ Compatible con Biosecurity y BioAccess"},"content":{"rendered":"<div class=\"row aling-items-center padding-bottom-2x\">\n<div class=\"col-lg-12\">\n<h5 class=\"card-title text-center\">Informaci\u00f3n General<\/h5>\n<h4><strong>Descripci\u00f3n<\/strong><\/h4>\n<p>ZKTECO C2260WRPack es un Panel de Control de Acceso de solo Tarjeta para 2 Puertas con Convertidor de 485 a Weigand \/ Controla hasta 10 Puertas Incorporando Expansor DM10 \/ Comunicaci\u00f3n TCP\/IP \/ Compatible con Biosecurity y BioAccess.<\/p>\n<p>C2-200B\u00a0es un mini panel de control de dos puertas basado en IP. Admite comunicaci\u00f3n TCP \/ IP a trav\u00e9s de la red LAN o WAN y comunicaci\u00f3n RS485 que permite una extensi\u00f3n a dispositivos RS485 como DM10, AUX485, WR485.<\/p>\n<p>La serie es una combinaci\u00f3n perfecta para el software basado en web\u00a0ZKBioAccess\u00a0para proporcionar una soluci\u00f3n de seguridad biom\u00e9trica \/ RFID. C2-260 puede controlar dos puertas por defecto. Puede extenderse a 8 DM10 como m\u00e1ximo y puede admitir hasta 10 puertas.<\/p>\n<h4 class=\"ql-align-justify\"><strong>Caracter\u00edsticas:<\/strong><\/h4>\n<ul>\n<li class=\"ql-align-justify\">Tama\u00f1o compacto<\/li>\n<li class=\"ql-align-justify\">Comunicaci\u00f3n: TCP\/IP, RS485 (extensi\u00f3n), RS485 (lector)<\/li>\n<li class=\"ql-align-justify\">Control de dos puertas por defecto; max. 10 (con DM10s)<\/li>\n<li class=\"ql-align-justify\">AUX IN: extender a 4 (AUX485)<\/li>\n<li class=\"ql-align-justify\">Control de acceso avanzado<\/li>\n<li class=\"ql-align-justify\">No es Compatible con Software ZKAccess 3.5<\/li>\n<\/ul>\n<p><img decoding=\"async\" class=\"overview-center-img-web\" src=\"https:\/\/tvc.mx\/media\/320367\/Panel-Control-Acceso-de-Solo-Tarjeta-2-Puertas-Convertidor485-a-wiegand-Descripci%C3%B3n-C2260WRPack-ZKTECO.png\" alt=\"\" \/><\/div>\n<\/div>\n<div class=\"row aling-items-center padding-bottom-2x\">\n<div class=\"col-lg-12\">\n<h5 class=\"card-title text-center\">Incluye<\/h5>\n<p>El convertidor de interfaz ZKTeco WR485 le permite convertir la se\u00f1al de 1 lector Wiegand al est\u00e1ndar RS485, lo que le permite utilizar la mayor\u00eda de los lectores compatibles con Wiegand est\u00e1ndar con el controlador ZKTeco C2-260.<\/p>\n<p>El controlador C2-260 admite hasta 4 de estos adaptadores. A cada uno de los adaptadores se le puede asignar su propia direcci\u00f3n en el bus RS485.<\/p>\n<p><img decoding=\"async\" class=\"overview-center-img-web\" src=\"https:\/\/tvc.mx\/media\/322155\/Panel-Control-Acceso-de-Solo-Tarjeta-2-Puertas-Convertidor485-a-wiegand-WR84-C2260WRPack-ZKTECO.png\" alt=\"\" \/><\/div>\n<\/div>\n<div class=\"row aling-items-center padding-bottom-2x\">\n<div class=\"col-lg-12\">\n<h5 class=\"card-title text-center\">Comunicaci\u00f3n<\/h5>\n<p>El panel C2260, nos permitir\u00e1 conectar hasta 4 convertidores WR485 por comunicaci\u00f3n RS485.<\/p>\n<p>el WR485 admite podemos conectar cualquier dispositivo por medio de la comunicaci\u00f3n Wiegand<\/p>\n<p><img decoding=\"async\" class=\"overview-center-img-web\" src=\"https:\/\/tvc.mx\/media\/322179\/Panel-Control-Acceso-de-Solo-Tarjeta-2-Puertas-Convertidor485-a-wiegand-Diagrama-C2260WRPack-ZKTECO.png\" alt=\"\" \/><\/div>\n<\/div>\n<div class=\"row aling-items-center padding-bottom-2x\">\n<div class=\"col-lg-12\">\n<h5 class=\"card-title text-center\">Compatibilidad<\/h5>\n<h4><strong>Compatible con dispositivos por comunicaci\u00f3n Wiegand<\/strong><\/h4>\n<p><img decoding=\"async\" class=\"overview-center-img-web\" src=\"https:\/\/tvc.mx\/media\/322503\/Panel-Control-Acceso-de-Solo-Tarjeta-2-Puertas-Convertidor485-a-wiegand-Compatibilidad-C2260WRPack-ZKTECO.png\" alt=\"\" \/><\/div>\n<\/div>\n","protected":false},"excerpt":{"rendered":"<p>Informaci\u00f3n General Descripci\u00f3n ZKTECO C2260WRPack es un Panel de Control de Acceso de solo Tarjeta para 2 Puertas con Convertidor de 485 a Weigand \/ Controla hasta 10 Puertas Incorporando Expansor DM10 \/ Comunicaci\u00f3n TCP\/IP \/ Compatible con Biosecurity y BioAccess. C2-200B\u00a0es un mini panel&hellip;<\/p>\n","protected":false},"featured_media":8774,"comment_status":"open","ping_status":"closed","template":"","meta":{"om_disable_all_campaigns":false,"_monsterinsights_skip_tracking":false,"_monsterinsights_sitenote_active":false,"_monsterinsights_sitenote_note":"","_monsterinsights_sitenote_category":0},"product_brand":[],"product_cat":[818],"product_tag":[81,727,730,66,731,728,729],"class_list":{"0":"post-8775","1":"product","2":"type-product","3":"status-publish","4":"has-post-thumbnail","6":"product_cat-paneles-de-control-control-de-acceso-zkteco-acceso-asistencia","7":"product_tag-acceso-y-asistencia","8":"product_tag-cerraduras","9":"product_tag-commax-wulian","10":"product_tag-dahua","11":"product_tag-wejoin","12":"product_tag-yli","13":"product_tag-zkteco","15":"first","16":"instock","17":"sale","18":"taxable","19":"shipping-taxable","20":"purchasable","21":"product-type-simple"},"aioseo_notices":[],"_links":{"self":[{"href":"https:\/\/tecsecmty.com\/index.php\/wp-json\/wp\/v2\/product\/8775","targetHints":{"allow":["GET"]}}],"collection":[{"href":"https:\/\/tecsecmty.com\/index.php\/wp-json\/wp\/v2\/product"}],"about":[{"href":"https:\/\/tecsecmty.com\/index.php\/wp-json\/wp\/v2\/types\/product"}],"replies":[{"embeddable":true,"href":"https:\/\/tecsecmty.com\/index.php\/wp-json\/wp\/v2\/comments?post=8775"}],"version-history":[{"count":0,"href":"https:\/\/tecsecmty.com\/index.php\/wp-json\/wp\/v2\/product\/8775\/revisions"}],"wp:featuredmedia":[{"embeddable":true,"href":"https:\/\/tecsecmty.com\/index.php\/wp-json\/wp\/v2\/media\/8774"}],"wp:attachment":[{"href":"https:\/\/tecsecmty.com\/index.php\/wp-json\/wp\/v2\/media?parent=8775"}],"wp:term":[{"taxonomy":"product_brand","embeddable":true,"href":"https:\/\/tecsecmty.com\/index.php\/wp-json\/wp\/v2\/product_brand?post=8775"},{"taxonomy":"product_cat","embeddable":true,"href":"https:\/\/tecsecmty.com\/index.php\/wp-json\/wp\/v2\/product_cat?post=8775"},{"taxonomy":"product_tag","embeddable":true,"href":"https:\/\/tecsecmty.com\/index.php\/wp-json\/wp\/v2\/product_tag?post=8775"}],"curies":[{"name":"wp","href":"https:\/\/api.w.org\/{rel}","templated":true}]}}