{"id":8777,"date":"2023-02-23T22:29:15","date_gmt":"2023-02-24T04:29:15","guid":{"rendered":"https:\/\/tecsecmty.com\/index.php\/producto\/zkteco-c3100b-control-de-acceso-profesional-para-1-puerta-gabinete-y-fuente-sin-biometria-facil-administracion-con-software-zkaccess-3-5\/"},"modified":"2023-03-22T23:25:14","modified_gmt":"2023-03-23T05:25:14","slug":"zkteco-c3100b-control-de-acceso-profesional-para-1-puerta-gabinete-y-fuente-sin-biometria-facil-administracion-con-software-zkaccess-3-5","status":"publish","type":"product","link":"https:\/\/tecsecmty.com\/index.php\/producto\/zkteco-c3100b-control-de-acceso-profesional-para-1-puerta-gabinete-y-fuente-sin-biometria-facil-administracion-con-software-zkaccess-3-5\/","title":{"rendered":"ZKTECO C3100B &#8211; Control de Acceso Profesional para 1 Puerta \/ Gabinete y Fuente \/ Sin Biometr\u00eda \/ F\u00e1cil Administraci\u00f3n con Software ZKAccess 3.5"},"content":{"rendered":"<div class=\"row aling-items-center padding-bottom-2x\">\n<div class=\"col-lg-12\">\n<h5 class=\"card-title text-center\">Principales Caracter\u00edsticas<\/h5>\n<p>El\u00a0<strong>C3100<\/strong>\u00a0es un sistema de Acceso construido con una tecnolog\u00eda abierta y flexible que provee administraci\u00f3n, monitoreo en tiempo real y control de su sistema de control de acceso; todo esto desde el software Access 3.5ZKTeco.<\/p>\n<p>El\u00a0<strong>C3100\u00a0<\/strong>cuenta con una infraestructura muy segura\u00a0y su administraci\u00f3n centralizada una PC,\u00a0y le permite administrar todos sus puntos de control\u00a0de acceso desde una computadora.<\/p>\n<p>El\u00a0<strong>C3100<\/strong>\u00a0cuenta con un dise\u00f1o vers\u00e1til as\u00ed como tambi\u00e9n una excelente\u00a0eficiencia\u00a0y rendimiento. Es uno de los controles mas robustos del mercado con una gran variedad de funciones integradas.<\/p>\n<p>El\u00a0<strong>C3100\u00a0<\/strong>puede comunicarse a 38.4 Kbps v\u00eda RS485 o a trav\u00e9s de una red Ethernet TCP\/IP y puede almacenar hasta 30,000 tarjetas.<\/p>\n<p><img decoding=\"async\" class=\"overview-center-img-web\" src=\"https:\/\/tvc.mx\/media\/219351\/Control-Acceso-Profesional-1-Puerta-Gabinete-Fuente-Software-ZKAccess3.5-C3100B-ZK-TVC-Banner.png\" alt=\"\" \/><\/div>\n<\/div>\n<div class=\"row align-items-center padding-bottom-2x\">\n<div class=\"col-md-5 order-md-2\"><img decoding=\"async\" class=\"d-block m-auto img-thumbnail\" src=\"https:\/\/tvc.mx\/media\/219355\/Control-Acceso-Profesional-1-Puerta-Gabinete-Fuente-Software-ZKAccess3.5-C3100B-ZK-TVC-Complemento.png\" alt=\" \" \/><\/div>\n<div class=\"col-md-7 order-md-1 text-md-left text-center\">\n<h2>Especificaciones T\u00e9cnicas<\/h2>\n<p class=\"text-muted\">\n<p><strong>N\u00famero de Puertas :\u00a0<\/strong>1 Puerta<\/p>\n<p><strong>N\u00famero de Lectores Soportados:\u00a0<\/strong>2<\/p>\n<p><strong>Tipos de Lectores Compatibles:\u00a0<\/strong>Wiegand 26-bit Otros a petici\u00f3n<\/p>\n<p><strong>N\u00famero de Entradas:\u00a0<\/strong>2 ( 1 Bot\u00f3n de salida, 1 sensor de puerta)<\/p>\n<p><strong>N\u00famero de Salidas:\u00a0<\/strong>2 (1 Relevador C para chapa y 1 relevador para auxiliar)<\/p>\n<p><strong>Capacidad de Tarjetas:\u00a0<\/strong>30.000<\/p>\n<p><strong>Capacidad de Eventos:\u00a0<\/strong>100.000<\/p>\n<p><strong>Comunicaci\u00f3n:\u00a0<\/strong>TCP \/ IP y RS-485<\/p>\n<p><strong>CPU:\u00a0<\/strong>32 bit 400MHz CPU<\/p>\n<p><strong>RAM:\u00a0<\/strong>32M<\/p>\n<p><strong>Memoria Flash:\u00a0<\/strong>128M<\/p>\n<p><strong>Fuente de Alimentaci\u00f3n:\u00a0<\/strong>12V DC, 1.5A<\/p>\n<p><strong>Temperatura de Operaci\u00f3n:\u00a0<\/strong>0\u00b0c a 45\u00b0c<\/p>\n<p><strong>Humedad de Operaci\u00f3n:\u00a0<\/strong>20% &#8211; 80%<\/p>\n<p><strong>Dimensiones del Panel:\u00a0<\/strong>160 x 106 mm<\/p>\n<\/div>\n<\/div>\n","protected":false},"excerpt":{"rendered":"<p>Principales Caracter\u00edsticas El\u00a0C3100\u00a0es un sistema de Acceso construido con una tecnolog\u00eda abierta y flexible que provee administraci\u00f3n, monitoreo en tiempo real y control de su sistema de control de acceso; todo esto desde el software Access 3.5ZKTeco. El\u00a0C3100\u00a0cuenta con una infraestructura muy segura\u00a0y su administraci\u00f3n&hellip;<\/p>\n","protected":false},"featured_media":8776,"comment_status":"open","ping_status":"closed","template":"","meta":{"om_disable_all_campaigns":false,"_monsterinsights_skip_tracking":false,"_monsterinsights_sitenote_active":false,"_monsterinsights_sitenote_note":"","_monsterinsights_sitenote_category":0},"product_brand":[],"product_cat":[818],"product_tag":[81,727,730,66,731,728,729],"class_list":{"0":"post-8777","1":"product","2":"type-product","3":"status-publish","4":"has-post-thumbnail","6":"product_cat-paneles-de-control-control-de-acceso-zkteco-acceso-asistencia","7":"product_tag-acceso-y-asistencia","8":"product_tag-cerraduras","9":"product_tag-commax-wulian","10":"product_tag-dahua","11":"product_tag-wejoin","12":"product_tag-yli","13":"product_tag-zkteco","15":"first","16":"instock","17":"sale","18":"taxable","19":"shipping-taxable","20":"purchasable","21":"product-type-simple"},"aioseo_notices":[],"_links":{"self":[{"href":"https:\/\/tecsecmty.com\/index.php\/wp-json\/wp\/v2\/product\/8777","targetHints":{"allow":["GET"]}}],"collection":[{"href":"https:\/\/tecsecmty.com\/index.php\/wp-json\/wp\/v2\/product"}],"about":[{"href":"https:\/\/tecsecmty.com\/index.php\/wp-json\/wp\/v2\/types\/product"}],"replies":[{"embeddable":true,"href":"https:\/\/tecsecmty.com\/index.php\/wp-json\/wp\/v2\/comments?post=8777"}],"version-history":[{"count":0,"href":"https:\/\/tecsecmty.com\/index.php\/wp-json\/wp\/v2\/product\/8777\/revisions"}],"wp:featuredmedia":[{"embeddable":true,"href":"https:\/\/tecsecmty.com\/index.php\/wp-json\/wp\/v2\/media\/8776"}],"wp:attachment":[{"href":"https:\/\/tecsecmty.com\/index.php\/wp-json\/wp\/v2\/media?parent=8777"}],"wp:term":[{"taxonomy":"product_brand","embeddable":true,"href":"https:\/\/tecsecmty.com\/index.php\/wp-json\/wp\/v2\/product_brand?post=8777"},{"taxonomy":"product_cat","embeddable":true,"href":"https:\/\/tecsecmty.com\/index.php\/wp-json\/wp\/v2\/product_cat?post=8777"},{"taxonomy":"product_tag","embeddable":true,"href":"https:\/\/tecsecmty.com\/index.php\/wp-json\/wp\/v2\/product_tag?post=8777"}],"curies":[{"name":"wp","href":"https:\/\/api.w.org\/{rel}","templated":true}]}}