{"id":8779,"date":"2023-02-23T22:29:18","date_gmt":"2023-02-24T04:29:18","guid":{"rendered":"https:\/\/tecsecmty.com\/index.php\/producto\/zkteco-c3200b-control-de-acceso-profesional-2-puertas-4-lectoras-pull-gabinete-y-fuente-sin-biometria\/"},"modified":"2023-03-22T23:25:15","modified_gmt":"2023-03-23T05:25:15","slug":"zkteco-c3200b-control-de-acceso-profesional-2-puertas-4-lectoras-pull-gabinete-y-fuente-sin-biometria","status":"publish","type":"product","link":"https:\/\/tecsecmty.com\/index.php\/producto\/zkteco-c3200b-control-de-acceso-profesional-2-puertas-4-lectoras-pull-gabinete-y-fuente-sin-biometria\/","title":{"rendered":"ZKTECO C3200B &#8211; Control de Acceso Profesional \/ 2 Puertas \/ 4 Lectoras \/ PULL \/ Gabinete y Fuente \/ Sin Biometria"},"content":{"rendered":"<div class=\"row aling-items-center padding-bottom-2x\">\n<div class=\"col-lg-12\">\n<h5 class=\"card-title text-center\">Informaci\u00f3n General<\/h5>\n<p class=\"ql-align-justify\">La serie de paneles C3 ofrece una avanzada soluci\u00f3n de control de acceso para peque\u00f1as, medianas y grandes empresas, siendo ideales para aplicaciones con lector de proximidad o teclado para su uso con tarjetas o contrase\u00f1as.<\/p>\n<p class=\"ql-align-justify\">Incluyen el software de administraci\u00f3n ZKAccess basado en Web, el cual ofrece una amigable interfaz de usuario que permite al administrador realizar de manera pr\u00e1ctica y sencilla la configuraci\u00f3n de par\u00e1metros, generar reportes de acceso, monitoreo de puertas en tiempo real, entre otras m\u00faltiples funciones.<\/p>\n<p class=\"ql-align-justify\">Los paneles cuentan con conexi\u00f3n para sensor de puerta, conexi\u00f3n para bot\u00f3n de salida y entradas y salidas auxiliares para brindar funciones adicionales y maximizar su inversi\u00f3n. Cuentan con interfaz de comunicaci\u00f3n TCP\/IP para una f\u00e1cil conexi\u00f3n a la red y RS485 para conexiones en cascada, ofreciendo as\u00ed un sistema versatil f\u00e1cilmente escalable.<\/p>\n<p><img decoding=\"async\" class=\"overview-center-img-web\" src=\"https:\/\/tvc.mx\/media\/46938\/LP400.jpg\" alt=\"\" \/><\/div>\n<\/div>\n<div class=\"row align-items-center padding-bottom-2x\">\n<div class=\"col-md-5 order-md-2\"><img decoding=\"async\" class=\"d-block m-auto img-thumbnail\" src=\"https:\/\/tvc.mx\/media\/46941\/Pak3200.jpg\" alt=\" \" \/><\/div>\n<div class=\"col-md-7 order-md-1 text-md-left text-center\">\n<h2>Principales Caracter\u00edsticas<\/h2>\n<p class=\"text-muted\">\n<p>El control de acceso C3200 es un panel multipuerta ideal para instalaciones donde se requiera centralizar lectores, botones, cerraduras, cuenta con entradas y salidas auxiliares estas las podemos utilizar para conectar alg\u00fan sensor de entrada como puede ser un sensor de humo, botones de emergencia y en las salidas auxiliares podemos colocar una sirena, estrobo o conectarlo a una c\u00e1mara o grabador con entrada de alarma.<\/p>\n<p><strong>El panel C3200B es administrado por el Sistema Zk Access 3.5<\/strong><\/p>\n<p>&nbsp;<\/p>\n<\/div>\n<\/div>\n<hr class=\"padding-bottom-2x\" \/>\n<div class=\"row align-items-center padding-bottom-2x\">\n<div class=\"col-md-5\"><img decoding=\"async\" class=\"d-block m-auto img-thumbnail\" src=\"https:\/\/tvc.mx\/media\/46944\/400x300.jpg\" alt=\" \" \/><\/div>\n<div class=\"col-md-7 text-md-left text-center\">\n<h2>Especificaciones T\u00e9cnicas<\/h2>\n<p class=\"text-muted\">\n<ul>\n<li>Soporta hasta 30,000 tarjetas.<\/li>\n<li>Soporta hasta 100,000 registros.<\/li>\n<li>Soporta 4 lectoras de tarjetas por medio de protocolo Wiegand (2 lectoras de entrada y 2 lectoras de salida).<\/li>\n<li>Soporta integraci\u00f3n con otros sistemas de seguridad como CCTV, alarmas de fuego, BAS<\/li>\n<li>(Sistemas de automatizaci\u00f3n de edificios) gracias a sus 2 salidas auxiliares de relevador.<\/li>\n<li>Cuenta con 2 entradas auxiliares de relevadores.<\/li>\n<li>Cuenta con 2 entradas para bot\u00f3n liberador.<\/li>\n<li>Cuenta con 2 entradas para sensor de puerta.<\/li>\n<li>Cuenta con 2 salidas de relevadores para controlar una contrachapa o electroim\u00e1n.<\/li>\n<li>Software de administraci\u00f3n basado en Web con monitoreo en tiempo real.<\/li>\n<li>Apertura de puerta mediante m\u00faltiples tarjetas.<\/li>\n<li>Funci\u00f3n de anti-passback.<\/li>\n<li>Alarma de amago.<\/li>\n<li>Alimentaci\u00f3n 110VAC.<\/li>\n<li>Temperatura de operaci\u00f3n 0\u00b0C &#8211; 55\u00b0C.<\/li>\n<li>Humedad de operaci\u00f3n de 10% &#8211; 80%.<\/li>\n<li>Dimensiones de la tarjeta 345 x 275 x 70 mm.<\/li>\n<li>Peso 3.40 Kg.<\/li>\n<li>Certificaci\u00f3n CE y FCC.<\/li>\n<\/ul>\n<\/div>\n<\/div>\n","protected":false},"excerpt":{"rendered":"<p>Informaci\u00f3n General La serie de paneles C3 ofrece una avanzada soluci\u00f3n de control de acceso para peque\u00f1as, medianas y grandes empresas, siendo ideales para aplicaciones con lector de proximidad o teclado para su uso con tarjetas o contrase\u00f1as. Incluyen el software de administraci\u00f3n ZKAccess basado&hellip;<\/p>\n","protected":false},"featured_media":8778,"comment_status":"open","ping_status":"closed","template":"","meta":{"om_disable_all_campaigns":false,"_monsterinsights_skip_tracking":false,"_monsterinsights_sitenote_active":false,"_monsterinsights_sitenote_note":"","_monsterinsights_sitenote_category":0},"product_brand":[],"product_cat":[818],"product_tag":[81,727,730,66,731,728,729],"class_list":{"0":"post-8779","1":"product","2":"type-product","3":"status-publish","4":"has-post-thumbnail","6":"product_cat-paneles-de-control-control-de-acceso-zkteco-acceso-asistencia","7":"product_tag-acceso-y-asistencia","8":"product_tag-cerraduras","9":"product_tag-commax-wulian","10":"product_tag-dahua","11":"product_tag-wejoin","12":"product_tag-yli","13":"product_tag-zkteco","15":"first","16":"instock","17":"sale","18":"taxable","19":"shipping-taxable","20":"purchasable","21":"product-type-simple"},"aioseo_notices":[],"_links":{"self":[{"href":"https:\/\/tecsecmty.com\/index.php\/wp-json\/wp\/v2\/product\/8779","targetHints":{"allow":["GET"]}}],"collection":[{"href":"https:\/\/tecsecmty.com\/index.php\/wp-json\/wp\/v2\/product"}],"about":[{"href":"https:\/\/tecsecmty.com\/index.php\/wp-json\/wp\/v2\/types\/product"}],"replies":[{"embeddable":true,"href":"https:\/\/tecsecmty.com\/index.php\/wp-json\/wp\/v2\/comments?post=8779"}],"version-history":[{"count":0,"href":"https:\/\/tecsecmty.com\/index.php\/wp-json\/wp\/v2\/product\/8779\/revisions"}],"wp:featuredmedia":[{"embeddable":true,"href":"https:\/\/tecsecmty.com\/index.php\/wp-json\/wp\/v2\/media\/8778"}],"wp:attachment":[{"href":"https:\/\/tecsecmty.com\/index.php\/wp-json\/wp\/v2\/media?parent=8779"}],"wp:term":[{"taxonomy":"product_brand","embeddable":true,"href":"https:\/\/tecsecmty.com\/index.php\/wp-json\/wp\/v2\/product_brand?post=8779"},{"taxonomy":"product_cat","embeddable":true,"href":"https:\/\/tecsecmty.com\/index.php\/wp-json\/wp\/v2\/product_cat?post=8779"},{"taxonomy":"product_tag","embeddable":true,"href":"https:\/\/tecsecmty.com\/index.php\/wp-json\/wp\/v2\/product_tag?post=8779"}],"curies":[{"name":"wp","href":"https:\/\/api.w.org\/{rel}","templated":true}]}}