{"id":8781,"date":"2023-02-23T22:29:20","date_gmt":"2023-02-24T04:29:20","guid":{"rendered":"https:\/\/tecsecmty.com\/index.php\/producto\/zkteco-c3400b-control-de-acceso-profesional-4-puertas-4-lectoras-pull-gabinete-y-fuente-sin-biometria\/"},"modified":"2023-03-22T23:25:15","modified_gmt":"2023-03-23T05:25:15","slug":"zkteco-c3400b-control-de-acceso-profesional-4-puertas-4-lectoras-pull-gabinete-y-fuente-sin-biometria","status":"publish","type":"product","link":"https:\/\/tecsecmty.com\/index.php\/producto\/zkteco-c3400b-control-de-acceso-profesional-4-puertas-4-lectoras-pull-gabinete-y-fuente-sin-biometria\/","title":{"rendered":"ZKTECO C3400B &#8211; Control de Acceso Profesional \/ 4 Puertas \/ 4 Lectoras \/ PULL \/ Gabinete y Fuente \/ Sin Biometria"},"content":{"rendered":"<h5 class=\"card-title text-center\">Informaci\u00f3n General<\/h5>\n<p class=\"ql-align-justify\">La serie de paneles C3 ofrece una avanzada soluci\u00f3n de control de acceso para peque\u00f1as, medianas y grandes empresas, siendo ideales para aplicaciones con lector de proximidad o teclado para su uso con tarjetas o contrase\u00f1as.<\/p>\n<p class=\"ql-align-justify\">Incluyen el software de administraci\u00f3n ZKAccess basado en Web, el cual ofrece una amigable interfaz de usuario que permite al administrador realizar de manera pr\u00e1ctica y sencilla la configuraci\u00f3n de par\u00e1metros, generar reportes de acceso, monitoreo de puertas en tiempo real, entre otras m\u00faltiples funciones.<\/p>\n<p class=\"ql-align-justify\">Los paneles cuentan con conexi\u00f3n para sensor de puerta, conexi\u00f3n para bot\u00f3n de salida y entradas y salidas auxiliares para brindar funciones adicionales y maximizar su inversi\u00f3n. Cuentan con interfaz de comunicaci\u00f3n TCP\/IP para una f\u00e1cil conexi\u00f3n a la red y RS485 para conexiones en cascada, ofreciendo as\u00ed un sistema versatil f\u00e1cilmente escalable.<\/p>\n","protected":false},"excerpt":{"rendered":"<p>Informaci\u00f3n General La serie de paneles C3 ofrece una avanzada soluci\u00f3n de control de acceso para peque\u00f1as, medianas y grandes empresas, siendo ideales para aplicaciones con lector de proximidad o teclado para su uso con tarjetas o contrase\u00f1as. Incluyen el software de administraci\u00f3n ZKAccess basado&hellip;<\/p>\n","protected":false},"featured_media":8780,"comment_status":"open","ping_status":"closed","template":"","meta":{"om_disable_all_campaigns":false,"_monsterinsights_skip_tracking":false,"_monsterinsights_sitenote_active":false,"_monsterinsights_sitenote_note":"","_monsterinsights_sitenote_category":0},"product_brand":[],"product_cat":[818],"product_tag":[81,727,730,66,731,728,729],"class_list":{"0":"post-8781","1":"product","2":"type-product","3":"status-publish","4":"has-post-thumbnail","6":"product_cat-paneles-de-control-control-de-acceso-zkteco-acceso-asistencia","7":"product_tag-acceso-y-asistencia","8":"product_tag-cerraduras","9":"product_tag-commax-wulian","10":"product_tag-dahua","11":"product_tag-wejoin","12":"product_tag-yli","13":"product_tag-zkteco","15":"first","16":"instock","17":"sale","18":"taxable","19":"shipping-taxable","20":"purchasable","21":"product-type-simple"},"aioseo_notices":[],"_links":{"self":[{"href":"https:\/\/tecsecmty.com\/index.php\/wp-json\/wp\/v2\/product\/8781","targetHints":{"allow":["GET"]}}],"collection":[{"href":"https:\/\/tecsecmty.com\/index.php\/wp-json\/wp\/v2\/product"}],"about":[{"href":"https:\/\/tecsecmty.com\/index.php\/wp-json\/wp\/v2\/types\/product"}],"replies":[{"embeddable":true,"href":"https:\/\/tecsecmty.com\/index.php\/wp-json\/wp\/v2\/comments?post=8781"}],"version-history":[{"count":0,"href":"https:\/\/tecsecmty.com\/index.php\/wp-json\/wp\/v2\/product\/8781\/revisions"}],"wp:featuredmedia":[{"embeddable":true,"href":"https:\/\/tecsecmty.com\/index.php\/wp-json\/wp\/v2\/media\/8780"}],"wp:attachment":[{"href":"https:\/\/tecsecmty.com\/index.php\/wp-json\/wp\/v2\/media?parent=8781"}],"wp:term":[{"taxonomy":"product_brand","embeddable":true,"href":"https:\/\/tecsecmty.com\/index.php\/wp-json\/wp\/v2\/product_brand?post=8781"},{"taxonomy":"product_cat","embeddable":true,"href":"https:\/\/tecsecmty.com\/index.php\/wp-json\/wp\/v2\/product_cat?post=8781"},{"taxonomy":"product_tag","embeddable":true,"href":"https:\/\/tecsecmty.com\/index.php\/wp-json\/wp\/v2\/product_tag?post=8781"}],"curies":[{"name":"wp","href":"https:\/\/api.w.org\/{rel}","templated":true}]}}