{"id":8785,"date":"2023-02-23T22:29:25","date_gmt":"2023-02-24T04:29:25","guid":{"rendered":"https:\/\/tecsecmty.com\/index.php\/producto\/zkteco-dm10-expansor-para-panel-de-control-de-acceso-c2-260-zkt0720004-para-aumentar-1-puerta-por-medio-de-rs485-agregando-el-expansor-dm10-puedes-aumentar-y-controlar-hasta-8-puertas-cuenta-con\/"},"modified":"2023-03-22T23:25:17","modified_gmt":"2023-03-23T05:25:17","slug":"zkteco-dm10-expansor-para-panel-de-control-de-acceso-c2-260-zkt0720004-para-aumentar-1-puerta-por-medio-de-rs485-agregando-el-expansor-dm10-puedes-aumentar-y-controlar-hasta-8-puertas-cuenta-con","status":"publish","type":"product","link":"https:\/\/tecsecmty.com\/index.php\/producto\/zkteco-dm10-expansor-para-panel-de-control-de-acceso-c2-260-zkt0720004-para-aumentar-1-puerta-por-medio-de-rs485-agregando-el-expansor-dm10-puedes-aumentar-y-controlar-hasta-8-puertas-cuenta-con\/","title":{"rendered":"ZKTECO DM10 &#8211; Expansor para Panel de Control de Acceso C2-260 ZKT0720004 para Aumentar 1 Puerta por medio de RS485 \/ Agregando el Expansor DM10 puedes Aumentar y Controlar hasta 8 Puertas \/ Cuenta con Comunicaci\u00f3n Wiegand \/"},"content":{"rendered":"<div class=\"row aling-items-center padding-bottom-2x\">\n<div class=\"col-lg-12\">\n<h5 class=\"card-title text-center\">Informaci\u00f3n General<\/h5>\n<p>DM10 es un panel de extensi\u00f3n de cerradura de puerta que funciona con dispositivos de control de acceso que pueden conectarse y comunicarse a trav\u00e9s de RS485, como F18, Horus, C2-260.<\/p>\n<p>DM10 no registra informaci\u00f3n del usuario. Todos los datos se procesan en dispositivos A&amp;C; DM10 solo controla la cerradura.<\/p>\n<p><img decoding=\"async\" class=\"overview-center-img-web\" src=\"https:\/\/tvc.mx\/media\/211980\/Panel-Extensi%C3%B3n-Control-Acceso-C2-260-RS485-DM10-ZK-TVC-Banner.png\" alt=\"\" \/><\/div>\n<\/div>\n<div class=\"row aling-items-center padding-bottom-2x\">\n<div class=\"col-lg-12\">\n<h5 class=\"card-title text-center\">Caracter\u00edsticas<\/h5>\n<p>\u00b7 Comunicaci\u00f3n RS485<\/p>\n<p>\u00b7 2 lectores Wiegand<\/p>\n<p>\u00b7 Entrada y salida de 12V<\/p>\n<p>\u00b7 1 sensor de bloqueo,<\/p>\n<p>. 1 bot\u00f3n de salida<\/p>\n<p>\u00b7 1 ENTRADA AUX<\/p>\n<p>. 1 SALIDA AUX<\/p>\n<p><img decoding=\"async\" class=\"overview-center-img-web\" src=\"https:\/\/tvc.mx\/media\/211982\/Panel-Extensi%C3%B3n-Control-Acceso-C2-260-RS485-DM10-ZK-TVC-Banner2.png\" alt=\"\" \/><\/div>\n<\/div>\n","protected":false},"excerpt":{"rendered":"<p>Informaci\u00f3n General DM10 es un panel de extensi\u00f3n de cerradura de puerta que funciona con dispositivos de control de acceso que pueden conectarse y comunicarse a trav\u00e9s de RS485, como F18, Horus, C2-260. DM10 no registra informaci\u00f3n del usuario. Todos los datos se procesan en&hellip;<\/p>\n","protected":false},"featured_media":8784,"comment_status":"open","ping_status":"closed","template":"","meta":{"om_disable_all_campaigns":false,"_monsterinsights_skip_tracking":false,"_monsterinsights_sitenote_active":false,"_monsterinsights_sitenote_note":"","_monsterinsights_sitenote_category":0},"product_brand":[],"product_cat":[818],"product_tag":[81,727,730,66,731,728,729],"class_list":{"0":"post-8785","1":"product","2":"type-product","3":"status-publish","4":"has-post-thumbnail","6":"product_cat-paneles-de-control-control-de-acceso-zkteco-acceso-asistencia","7":"product_tag-acceso-y-asistencia","8":"product_tag-cerraduras","9":"product_tag-commax-wulian","10":"product_tag-dahua","11":"product_tag-wejoin","12":"product_tag-yli","13":"product_tag-zkteco","15":"first","16":"instock","17":"sale","18":"taxable","19":"shipping-taxable","20":"purchasable","21":"product-type-simple"},"aioseo_notices":[],"_links":{"self":[{"href":"https:\/\/tecsecmty.com\/index.php\/wp-json\/wp\/v2\/product\/8785","targetHints":{"allow":["GET"]}}],"collection":[{"href":"https:\/\/tecsecmty.com\/index.php\/wp-json\/wp\/v2\/product"}],"about":[{"href":"https:\/\/tecsecmty.com\/index.php\/wp-json\/wp\/v2\/types\/product"}],"replies":[{"embeddable":true,"href":"https:\/\/tecsecmty.com\/index.php\/wp-json\/wp\/v2\/comments?post=8785"}],"version-history":[{"count":0,"href":"https:\/\/tecsecmty.com\/index.php\/wp-json\/wp\/v2\/product\/8785\/revisions"}],"wp:featuredmedia":[{"embeddable":true,"href":"https:\/\/tecsecmty.com\/index.php\/wp-json\/wp\/v2\/media\/8784"}],"wp:attachment":[{"href":"https:\/\/tecsecmty.com\/index.php\/wp-json\/wp\/v2\/media?parent=8785"}],"wp:term":[{"taxonomy":"product_brand","embeddable":true,"href":"https:\/\/tecsecmty.com\/index.php\/wp-json\/wp\/v2\/product_brand?post=8785"},{"taxonomy":"product_cat","embeddable":true,"href":"https:\/\/tecsecmty.com\/index.php\/wp-json\/wp\/v2\/product_cat?post=8785"},{"taxonomy":"product_tag","embeddable":true,"href":"https:\/\/tecsecmty.com\/index.php\/wp-json\/wp\/v2\/product_tag?post=8785"}],"curies":[{"name":"wp","href":"https:\/\/api.w.org\/{rel}","templated":true}]}}