{"id":8787,"date":"2023-02-23T22:29:27","date_gmt":"2023-02-24T04:29:27","guid":{"rendered":"https:\/\/tecsecmty.com\/index.php\/producto\/zkteco-ec10-panel-para-control-de-elevadores-10-pisos-3000-huellas-30000-tarjetas-no-incluye-fuente-compatible-solo-con-software-biosecurity\/"},"modified":"2023-03-22T23:25:17","modified_gmt":"2023-03-23T05:25:17","slug":"zkteco-ec10-panel-para-control-de-elevadores-10-pisos-3000-huellas-30000-tarjetas-no-incluye-fuente-compatible-solo-con-software-biosecurity","status":"publish","type":"product","link":"https:\/\/tecsecmty.com\/index.php\/producto\/zkteco-ec10-panel-para-control-de-elevadores-10-pisos-3000-huellas-30000-tarjetas-no-incluye-fuente-compatible-solo-con-software-biosecurity\/","title":{"rendered":"ZKTECO EC10 &#8211; Panel para Control de Elevadores \/ 10 Pisos \/ 3,000 Huellas \/ 30,000 Tarjetas \/ No incluye Fuente \/ Compatible solo con Software Biosecurity"},"content":{"rendered":"<div class=\"row aling-items-center padding-bottom-2x\">\n<div class=\"col-lg-12\">\n<h5 class=\"card-title text-center\">Informaci\u00f3n General<\/h5>\n<p>EC10 es un avanzado sistema de seguridad para elevadores que permite controlar el acceso a los pisos de un edificio estableciendo los privilegios de los usuarios.<\/p>\n<p>Es posible solicitar la verificaci\u00f3n de los usuarios por huella digital, tarjeta o contrase\u00f1a y restringir el acceso por fechas y horas especificas.<\/p>\n<p>El EC10 puede controlar un total de 10 pisos pero es posible expandir la capacidad agregando un m\u00e1ximo de 3 m\u00f3dulos de expansi\u00f3n EX16 de 16 pisos cada uno para controlar 58 pisos.<\/p>\n<p>El sistema es f\u00e1cilmente escalable y permite establecer avanzadas configuraciones de acceso, convirtiendo un edificio convencional en un edificio inteligente de alta seguridad.<\/p>\n<p>La soluci\u00f3n EC10\/EX16 tambi\u00e9n puede utilizarse para otras aplicaciones tales como el control de lockers, cajas de seguridad, gabinetes, mini-bodegas, entre muchas otras.<\/p>\n<p><img decoding=\"async\" class=\"overview-center-img-web\" src=\"https:\/\/tvc.mx\/media\/48147\/EC10.jpg\" alt=\"\" \/><\/div>\n<\/div>\n<div class=\"row align-items-center padding-bottom-2x\">\n<div class=\"col-md-5 order-md-2\"><img decoding=\"async\" class=\"d-block m-auto img-thumbnail\" src=\"https:\/\/tvc.mx\/media\/48150\/400X300.jpg\" alt=\" \" \/><\/div>\n<div class=\"col-md-7 order-md-1 text-md-left text-center\">\n<h2>Principales Caracter\u00edsticas<\/h2>\n<p class=\"text-muted\">\n<ul>\n<li>Soporta hasta 10 pisos.<\/li>\n<li>\u00a0Conectividad con una extensi\u00f3n de 16 pisos.<\/li>\n<li>\u00a0Comunicaci\u00f3n TCP\/IP<\/li>\n<li>Compatible con sistema Biosecurity modulo de Elevadores.<\/li>\n<\/ul>\n<p>Las im\u00e1genes son ilustrativas.<\/p>\n<p>&nbsp;<\/p>\n<\/div>\n<\/div>\n<hr class=\"padding-bottom-2x\" \/>\n<div class=\"row align-items-center padding-bottom-2x\">\n<div class=\"col-md-5\"><img decoding=\"async\" class=\"d-block m-auto img-thumbnail\" src=\"https:\/\/tvc.mx\/media\/48153\/400x300--2.jpg\" alt=\" \" \/><\/div>\n<div class=\"col-md-7 text-md-left text-center\">\n<h2>Especificaciones T\u00e9cnicas<\/h2>\n<p class=\"text-muted\">\n<p>Control de pisos: 10<\/p>\n<p>Huellas digitales: 3,000<\/p>\n<p>Tarjetas: 30,000<\/p>\n<p>Log de eventos: 100,000<\/p>\n<p>Fuente de poder: 12V\u00a0DC\u00a01A<\/p>\n<p>Comunicaci\u00f3n con la PC: TCP\/IP,\u00a0RS485<\/p>\n<p>Comunicaci\u00f3n con: EX16 RS485<\/p>\n<p>Esclavos soportados: 3 dispositivos EX16<\/p>\n<\/div>\n<\/div>\n","protected":false},"excerpt":{"rendered":"<p>Informaci\u00f3n General EC10 es un avanzado sistema de seguridad para elevadores que permite controlar el acceso a los pisos de un edificio estableciendo los privilegios de los usuarios. Es posible solicitar la verificaci\u00f3n de los usuarios por huella digital, tarjeta o contrase\u00f1a y restringir el&hellip;<\/p>\n","protected":false},"featured_media":8786,"comment_status":"open","ping_status":"closed","template":"","meta":{"om_disable_all_campaigns":false,"_monsterinsights_skip_tracking":false,"_monsterinsights_sitenote_active":false,"_monsterinsights_sitenote_note":"","_monsterinsights_sitenote_category":0},"product_brand":[],"product_cat":[818],"product_tag":[81,727,730,66,731,728,729],"class_list":{"0":"post-8787","1":"product","2":"type-product","3":"status-publish","4":"has-post-thumbnail","6":"product_cat-paneles-de-control-control-de-acceso-zkteco-acceso-asistencia","7":"product_tag-acceso-y-asistencia","8":"product_tag-cerraduras","9":"product_tag-commax-wulian","10":"product_tag-dahua","11":"product_tag-wejoin","12":"product_tag-yli","13":"product_tag-zkteco","15":"first","16":"instock","17":"sale","18":"taxable","19":"shipping-taxable","20":"purchasable","21":"product-type-simple"},"aioseo_notices":[],"_links":{"self":[{"href":"https:\/\/tecsecmty.com\/index.php\/wp-json\/wp\/v2\/product\/8787","targetHints":{"allow":["GET"]}}],"collection":[{"href":"https:\/\/tecsecmty.com\/index.php\/wp-json\/wp\/v2\/product"}],"about":[{"href":"https:\/\/tecsecmty.com\/index.php\/wp-json\/wp\/v2\/types\/product"}],"replies":[{"embeddable":true,"href":"https:\/\/tecsecmty.com\/index.php\/wp-json\/wp\/v2\/comments?post=8787"}],"version-history":[{"count":0,"href":"https:\/\/tecsecmty.com\/index.php\/wp-json\/wp\/v2\/product\/8787\/revisions"}],"wp:featuredmedia":[{"embeddable":true,"href":"https:\/\/tecsecmty.com\/index.php\/wp-json\/wp\/v2\/media\/8786"}],"wp:attachment":[{"href":"https:\/\/tecsecmty.com\/index.php\/wp-json\/wp\/v2\/media?parent=8787"}],"wp:term":[{"taxonomy":"product_brand","embeddable":true,"href":"https:\/\/tecsecmty.com\/index.php\/wp-json\/wp\/v2\/product_brand?post=8787"},{"taxonomy":"product_cat","embeddable":true,"href":"https:\/\/tecsecmty.com\/index.php\/wp-json\/wp\/v2\/product_cat?post=8787"},{"taxonomy":"product_tag","embeddable":true,"href":"https:\/\/tecsecmty.com\/index.php\/wp-json\/wp\/v2\/product_tag?post=8787"}],"curies":[{"name":"wp","href":"https:\/\/api.w.org\/{rel}","templated":true}]}}