{"id":8789,"date":"2023-02-23T22:29:29","date_gmt":"2023-02-24T04:29:29","guid":{"rendered":"https:\/\/tecsecmty.com\/index.php\/producto\/zkteco-ex16-lector-esclavo-para-panel-de-control-de-elevadores-16-pisos-adicionales-compatible-con-panel-ec10-zkteco-conexion-rs485-no-incluye-fuente\/"},"modified":"2023-03-22T23:25:17","modified_gmt":"2023-03-23T05:25:17","slug":"zkteco-ex16-lector-esclavo-para-panel-de-control-de-elevadores-16-pisos-adicionales-compatible-con-panel-ec10-zkteco-conexion-rs485-no-incluye-fuente","status":"publish","type":"product","link":"https:\/\/tecsecmty.com\/index.php\/producto\/zkteco-ex16-lector-esclavo-para-panel-de-control-de-elevadores-16-pisos-adicionales-compatible-con-panel-ec10-zkteco-conexion-rs485-no-incluye-fuente\/","title":{"rendered":"ZKTECO EX16 &#8211; Lector Esclavo para Panel de Control de Elevadores \/ 16 Pisos Adicionales \/ Compatible con panel EC10 ZKTECO \/ Conexion RS485 \/ No incluye fuente"},"content":{"rendered":"<div class=\"row aling-items-center padding-bottom-2x\">\n<div class=\"col-lg-12\">\n<h5 class=\"card-title text-center\">Informaci\u00f3n General<\/h5>\n<p class=\"ql-align-justify\">El equipo modelo EX16 es una extension de Pisos para el panel de Control de Elevadores\u00a0EC10\u00a0, es una tarjeta adicional para expandir la cantidad de\u00a0Pisos a\u00a0controlar dentro de un sistema de elevadores. Cada panel EC10 tiene la capacidad adicionar hasta 3 tarjetas de expansi\u00f3n EX16 y cada tarjeta EX16 se puede conectar en cascada a mas equipos EX16, en este caso podriamos tener un sistema con 1 panel EC10 con hasta 3 tarjetas de expansi\u00f3n esclavas EX16 combinados estos pueden darnos un total de 58 pisos Disponibles.<\/p>\n<p><img decoding=\"async\" class=\"overview-center-img-web\" src=\"https:\/\/tvc.mx\/media\/48243\/ex16.jpg\" alt=\"\" \/><\/div>\n<\/div>\n<div class=\"row align-items-center padding-bottom-2x\">\n<div class=\"col-md-5 order-md-2\"><img decoding=\"async\" class=\"d-block m-auto img-thumbnail\" src=\"https:\/\/tvc.mx\/media\/48246\/400X300.jpg\" alt=\" \" \/><\/div>\n<div class=\"col-md-7 order-md-1 text-md-left text-center\">\n<h2>Principales Caracter\u00edsticas<\/h2>\n<p class=\"text-muted\">\n<p>El panel\u00a0EC10y\u00a0las\u00a0tarjetas de extensi\u00f3n\u00a0EX16\u00a0ofrecen a los clientes la soluci\u00f3n de control de acceso m\u00e1s segura, escalable, vers\u00e1til\u00a0y disponible hoy en d\u00eda para los ascensores.<\/p>\n<p>El usuario puede tener acceso a los diversos pisos mediante 2 tipos de m\u00e9todos de verificaci\u00f3n, incluyendo la huella digital y tarjeta de proximidad. Se pueden establecer Horarios de tiempo para controlar el acceso a los pisos como a los mismos elevadores. Mediante el uso del Software puede tenerse control o administraci\u00f3n de personas Visitantes dentro de nuestro mismo sistema de control de Elevadores.<\/p>\n<p>&nbsp;<\/p>\n<\/div>\n<\/div>\n<hr class=\"padding-bottom-2x\" \/>\n<div class=\"row align-items-center padding-bottom-2x\">\n<div class=\"col-md-5\"><img decoding=\"async\" class=\"d-block m-auto img-thumbnail\" src=\"https:\/\/tvc.mx\/media\/48249\/Diagrama.jpg\" alt=\" \" \/><\/div>\n<div class=\"col-md-7 text-md-left text-center\">\n<h2>Especificaciones T\u00e9cnicas<\/h2>\n<p class=\"text-muted\">\n<p>Pisos Soportados: 16<\/p>\n<p>Comunicaci\u00f3n con EC10: RS485<\/p>\n<p>Direcci\u00f3n con EC10: Establecido con DIP Switch<\/p>\n<p>Voltaje de Operaci\u00f3n: 12V DC 1A<\/p>\n<p>Dimenciones: 160 x 106 mm<\/p>\n<p>Peso Total: 0.2Kg<\/p>\n<\/div>\n<\/div>\n","protected":false},"excerpt":{"rendered":"<p>Informaci\u00f3n General El equipo modelo EX16 es una extension de Pisos para el panel de Control de Elevadores\u00a0EC10\u00a0, es una tarjeta adicional para expandir la cantidad de\u00a0Pisos a\u00a0controlar dentro de un sistema de elevadores. Cada panel EC10 tiene la capacidad adicionar hasta 3 tarjetas de&hellip;<\/p>\n","protected":false},"featured_media":8788,"comment_status":"open","ping_status":"closed","template":"","meta":{"om_disable_all_campaigns":false,"_monsterinsights_skip_tracking":false,"_monsterinsights_sitenote_active":false,"_monsterinsights_sitenote_note":"","_monsterinsights_sitenote_category":0},"product_brand":[],"product_cat":[818],"product_tag":[81,727,730,66,731,728,729],"class_list":{"0":"post-8789","1":"product","2":"type-product","3":"status-publish","4":"has-post-thumbnail","6":"product_cat-paneles-de-control-control-de-acceso-zkteco-acceso-asistencia","7":"product_tag-acceso-y-asistencia","8":"product_tag-cerraduras","9":"product_tag-commax-wulian","10":"product_tag-dahua","11":"product_tag-wejoin","12":"product_tag-yli","13":"product_tag-zkteco","15":"first","16":"instock","17":"sale","18":"taxable","19":"shipping-taxable","20":"purchasable","21":"product-type-simple"},"aioseo_notices":[],"_links":{"self":[{"href":"https:\/\/tecsecmty.com\/index.php\/wp-json\/wp\/v2\/product\/8789","targetHints":{"allow":["GET"]}}],"collection":[{"href":"https:\/\/tecsecmty.com\/index.php\/wp-json\/wp\/v2\/product"}],"about":[{"href":"https:\/\/tecsecmty.com\/index.php\/wp-json\/wp\/v2\/types\/product"}],"replies":[{"embeddable":true,"href":"https:\/\/tecsecmty.com\/index.php\/wp-json\/wp\/v2\/comments?post=8789"}],"version-history":[{"count":0,"href":"https:\/\/tecsecmty.com\/index.php\/wp-json\/wp\/v2\/product\/8789\/revisions"}],"wp:featuredmedia":[{"embeddable":true,"href":"https:\/\/tecsecmty.com\/index.php\/wp-json\/wp\/v2\/media\/8788"}],"wp:attachment":[{"href":"https:\/\/tecsecmty.com\/index.php\/wp-json\/wp\/v2\/media?parent=8789"}],"wp:term":[{"taxonomy":"product_brand","embeddable":true,"href":"https:\/\/tecsecmty.com\/index.php\/wp-json\/wp\/v2\/product_brand?post=8789"},{"taxonomy":"product_cat","embeddable":true,"href":"https:\/\/tecsecmty.com\/index.php\/wp-json\/wp\/v2\/product_cat?post=8789"},{"taxonomy":"product_tag","embeddable":true,"href":"https:\/\/tecsecmty.com\/index.php\/wp-json\/wp\/v2\/product_tag?post=8789"}],"curies":[{"name":"wp","href":"https:\/\/api.w.org\/{rel}","templated":true}]}}