{"id":8803,"date":"2023-02-23T22:29:42","date_gmt":"2023-02-24T04:29:42","guid":{"rendered":"https:\/\/tecsecmty.com\/index.php\/producto\/zkteco-inbio260prob-panel-de-control-de-acceso-avanzado-con-gabinete-y-fuente-2-puertas-20-mil-huellas-push-green-label-requiere-licencia\/"},"modified":"2023-03-22T23:25:22","modified_gmt":"2023-03-23T05:25:22","slug":"zkteco-inbio260prob-panel-de-control-de-acceso-avanzado-con-gabinete-y-fuente-2-puertas-20-mil-huellas-push-green-label-requiere-licencia","status":"publish","type":"product","link":"https:\/\/tecsecmty.com\/index.php\/producto\/zkteco-inbio260prob-panel-de-control-de-acceso-avanzado-con-gabinete-y-fuente-2-puertas-20-mil-huellas-push-green-label-requiere-licencia\/","title":{"rendered":"ZKTECO INBIO260PROB &#8211; Panel de Control de Acceso Avanzado con Gabinete y Fuente \/ 2 Puertas \/ 20 mil Huellas \/ Push \/ Green Label \/ Requiere Licencia"},"content":{"rendered":"<div class=\"row aling-items-center padding-bottom-2x\">\n<div class=\"col-lg-12\">\n<h5 class=\"card-title text-center\">Descripci\u00f3n<\/h5>\n<p class=\"ql-align-justify\">El\u00a0<strong>InBio Pro\u00a0<\/strong>es un<strong>\u00a0Panel IP Biom\u00e9trico para Control de Acceso,<\/strong>\u00a0es una l\u00ednea de productos de alta gama orientada a proyectos con caracter\u00edsticas \u00fanicas, tales como verificaci\u00f3n de huellas digitales y funciones avanzadas de control de acceso, que pueden ser gestionadas por comunicaci\u00f3n TCP\/IP a trav\u00e9s de redes LAN o WAN.<\/p>\n<p class=\"ql-align-justify\">La serie\u00a0<strong>InBio Pro<\/strong>\u00a0es el complemento perfecto del software basado en web ZKBioSecurity para proporcionar una soluci\u00f3n de seguridad biom\u00e9trica completa.<\/p>\n<p class=\"ql-align-justify\">Por medio de la comunicaci\u00f3n RS485 de un lector FR1200, los paneles pueden verificar usuarios mediante m\u00faltiples m\u00e9todos de verificaci\u00f3n, tales como reconocimiento de huella digital y tarjeta para un mayor nivel de seguridad.<\/p>\n<\/div>\n<\/div>\n<div class=\"row align-items-center padding-bottom-2x\">\n<div class=\"col-md-5\"><img decoding=\"async\" class=\"d-block m-auto img-thumbnail\" src=\"https:\/\/tvc.mx\/media\/10488\/1x1.jpg\" alt=\" \" \/><\/div>\n<div class=\"col-md-7 text-md-left text-center\">\n<h2>Caracter\u00edsticas<\/h2>\n<p class=\"text-muted\">\n<ul>\n<li>Cap. de Huellas: 20,000<\/li>\n<li>Cap. de Eventos: 100,000<\/li>\n<li>Cap de Tarjetas: 60,000<\/li>\n<li>Peso: 3.7 kg<\/li>\n<li>Dimensi\u00f3n del panel: 225 x 38 x 105 mm<\/li>\n<li><strong>Software: ZKBiosecurity<\/strong><\/li>\n<\/ul>\n<h3><strong><u>MAYOR CAPACIDAD POR SER DE LA LINEA GREEN LABEL<\/u><\/strong><\/h3>\n<p>&nbsp;<\/p>\n<\/div>\n<\/div>\n<hr class=\"padding-bottom-2x\" \/>\n<div class=\"row aling-items-center padding-bottom-2x\">\n<div class=\"col-lg-12\">\n<h5 class=\"card-title text-center\">Ventajas de la l\u00ednea GREEN LABEL<\/h5>\n<p><strong>Green Label<\/strong>\u00a0es una l\u00ednea de productos de alta gama, orientada a proyectos, con caracter\u00edsticas sorprendentes e innovadoras como el revolucionario sensor de huellas digitales SilkID con tecnolog\u00eda 3D NFV, capaz de proporcionar un rendimiento excepcional al identificar huellas secas, h\u00famedas y \u00e1speras. Los dispositivos cuentan con una nueva plataforma de hardware y equipados con un optimizado y veloz procesador de 1.2GHz, lo que aumenta considerablemente la velocidad de verificaci\u00f3n.<\/p>\n<p>Ademas podremos administrar todo nuestros paneles en una red remota en el software\u00a0<strong>ZK Biosecurity 3.0<\/strong><\/p>\n<p><img decoding=\"async\" class=\"overview-center-img-\" src=\"https:\/\/tvc.mx\/media\/10489\/1x2.jpg\" alt=\"\" \/><\/div>\n<\/div>\n<div class=\"row aling-items-center padding-bottom-2x\">\n<div class=\"col-lg-12\">\n<h5 class=\"card-title text-center\">Soluci\u00f3n<\/h5>\n<p>Soluci\u00f3n con 4 puertas y 8 lectoras por medio de RS485, administrado desde la plataforma de\u00a0<strong>ZKBiosecurity 3.0<\/strong><\/p>\n<p><img decoding=\"async\" class=\"overview-center-img-\" src=\"https:\/\/tvc.mx\/media\/10490\/1x3.jpg\" alt=\"\" \/><\/div>\n<\/div>\n<div class=\"row align-items-center padding-bottom-2x\">\n<div class=\"col-md-5 order-md-2\"><img decoding=\"async\" class=\"d-block m-auto img-thumbnail\" src=\"https:\/\/tvc.mx\/media\/10491\/1x4.jpg\" alt=\" \" \/><\/div>\n<div class=\"col-md-7 order-md-1 text-md-left text-center\">\n<h2>Gabinete<\/h2>\n<p class=\"text-muted\">\n<h3><strong>Contenido<\/strong><\/h3>\n<ul>\n<li>Gabinete Met\u00e1lico<\/li>\n<li>Llave de gabinete<\/li>\n<li>Fuente de Poder, DC12V\/5A,<\/li>\n<\/ul>\n<p>&nbsp;<\/p>\n<\/div>\n<\/div>\n<hr class=\"padding-bottom-2x\" \/>\n<div class=\"row align-items-center padding-bottom-2x\">\n<div class=\"col-md-5\"><img decoding=\"async\" class=\"d-block m-auto img-thumbnail\" src=\"https:\/\/tvc.mx\/media\/10492\/1x5.jpg\" alt=\" \" \/><\/div>\n<div class=\"col-md-7 text-md-left text-center\">\n<h2>Dimensiones de Panel<\/h2>\n<p class=\"text-muted\">\n<p>Dimensiones del panel\u00a0<strong>InBio pro 460<\/strong><\/p>\n<p>&nbsp;<\/p>\n<\/div>\n<\/div>\n<hr class=\"padding-bottom-2x\" \/>\n<div class=\"row aling-items-center padding-bottom-2x\">\n<div class=\"col-lg-12\">\n<h5 class=\"card-title text-center\">Dimensiones de Gabinete<\/h5>\n<p>Dimensiones de Gabinete Met\u00e1lico en mm<\/p>\n<p><img decoding=\"async\" class=\"overview-center-img-\" src=\"https:\/\/tvc.mx\/media\/10493\/1x6.jpg\" alt=\"\" \/><\/div>\n<\/div>\n","protected":false},"excerpt":{"rendered":"<p>Descripci\u00f3n El\u00a0InBio Pro\u00a0es un\u00a0Panel IP Biom\u00e9trico para Control de Acceso,\u00a0es una l\u00ednea de productos de alta gama orientada a proyectos con caracter\u00edsticas \u00fanicas, tales como verificaci\u00f3n de huellas digitales y funciones avanzadas de control de acceso, que pueden ser gestionadas por comunicaci\u00f3n TCP\/IP a trav\u00e9s&hellip;<\/p>\n","protected":false},"featured_media":8802,"comment_status":"open","ping_status":"closed","template":"","meta":{"om_disable_all_campaigns":false,"_monsterinsights_skip_tracking":false,"_monsterinsights_sitenote_active":false,"_monsterinsights_sitenote_note":"","_monsterinsights_sitenote_category":0},"product_brand":[],"product_cat":[818],"product_tag":[81,727,730,66,731,728,729],"class_list":{"0":"post-8803","1":"product","2":"type-product","3":"status-publish","4":"has-post-thumbnail","6":"product_cat-paneles-de-control-control-de-acceso-zkteco-acceso-asistencia","7":"product_tag-acceso-y-asistencia","8":"product_tag-cerraduras","9":"product_tag-commax-wulian","10":"product_tag-dahua","11":"product_tag-wejoin","12":"product_tag-yli","13":"product_tag-zkteco","15":"first","16":"instock","17":"sale","18":"taxable","19":"shipping-taxable","20":"purchasable","21":"product-type-simple"},"aioseo_notices":[],"_links":{"self":[{"href":"https:\/\/tecsecmty.com\/index.php\/wp-json\/wp\/v2\/product\/8803","targetHints":{"allow":["GET"]}}],"collection":[{"href":"https:\/\/tecsecmty.com\/index.php\/wp-json\/wp\/v2\/product"}],"about":[{"href":"https:\/\/tecsecmty.com\/index.php\/wp-json\/wp\/v2\/types\/product"}],"replies":[{"embeddable":true,"href":"https:\/\/tecsecmty.com\/index.php\/wp-json\/wp\/v2\/comments?post=8803"}],"version-history":[{"count":0,"href":"https:\/\/tecsecmty.com\/index.php\/wp-json\/wp\/v2\/product\/8803\/revisions"}],"wp:featuredmedia":[{"embeddable":true,"href":"https:\/\/tecsecmty.com\/index.php\/wp-json\/wp\/v2\/media\/8802"}],"wp:attachment":[{"href":"https:\/\/tecsecmty.com\/index.php\/wp-json\/wp\/v2\/media?parent=8803"}],"wp:term":[{"taxonomy":"product_brand","embeddable":true,"href":"https:\/\/tecsecmty.com\/index.php\/wp-json\/wp\/v2\/product_brand?post=8803"},{"taxonomy":"product_cat","embeddable":true,"href":"https:\/\/tecsecmty.com\/index.php\/wp-json\/wp\/v2\/product_cat?post=8803"},{"taxonomy":"product_tag","embeddable":true,"href":"https:\/\/tecsecmty.com\/index.php\/wp-json\/wp\/v2\/product_tag?post=8803"}],"curies":[{"name":"wp","href":"https:\/\/api.w.org\/{rel}","templated":true}]}}