{"id":8805,"date":"2023-02-23T22:29:44","date_gmt":"2023-02-24T04:29:44","guid":{"rendered":"https:\/\/tecsecmty.com\/index.php\/producto\/zkteco-inbio460-control-de-acceso-para-4-puertas-4-lectoras-20000-huellas-100000-registros\/"},"modified":"2023-03-22T23:25:22","modified_gmt":"2023-03-23T05:25:22","slug":"zkteco-inbio460-control-de-acceso-para-4-puertas-4-lectoras-20000-huellas-100000-registros","status":"publish","type":"product","link":"https:\/\/tecsecmty.com\/index.php\/producto\/zkteco-inbio460-control-de-acceso-para-4-puertas-4-lectoras-20000-huellas-100000-registros\/","title":{"rendered":"ZKTECO INBIO460 &#8211; Control de Acceso para 4 Puertas \/ 4 Lectoras \/ 20000 Huellas \/ 100000 Registros"},"content":{"rendered":"<div class=\"row aling-items-center padding-bottom-2x\">\n<div class=\"col-lg-12\">\n<h5 class=\"card-title text-center\">Informaci\u00f3n General<\/h5>\n<p class=\"ql-align-justify\">La serie de paneles InBio es la l\u00ednea de productos de seguridad m\u00e1s avanzada en la industria. Son los primeros controladores a nivel mundial en incorporar tecnolog\u00eda biom\u00e9trica de identificaci\u00f3n de huellas digitales de manera interna.<\/p>\n<p class=\"ql-align-justify\">La innovadora tecnolog\u00eda InBio permite al administrador del sistema realizar la gesti\u00f3n de paneles, usuarios y huellas digitales de la manera m\u00e1s pr\u00e1ctica y sencilla posible.<\/p>\n<p class=\"ql-align-justify\">Los paneles, incluyen el software de administraci\u00f3n ZKAccess, el cual ofrece una amigable interfaz de usuario para realizar la configuraci\u00f3n de par\u00e1metros, generar reportes de acceso, monitoreo de puertas en tiempo real entre otras m\u00faltiples funciones. Todos los paneles cuentan con interfaz de conexi\u00f3n TCP\/IP y RS485 ofreciendo as\u00ed un sistema versatil, f\u00e1cilmente escalable.<\/p>\n<p><img decoding=\"async\" class=\"overview-center-img-web\" src=\"https:\/\/tvc.mx\/media\/230735\/Panel-de-Control-de-Acceso-4Puertas-Descripci%C3%B3n-Inbio460-ZKTeco.png\" alt=\"\" \/><\/div>\n<\/div>\n<div class=\"row align-items-center padding-bottom-2x\">\n<div class=\"col-md-5 order-md-2\"><img decoding=\"async\" class=\"d-block m-auto img-thumbnail\" src=\"https:\/\/tvc.mx\/media\/230739\/Panel-de-Control-de-Acceso-4Puertas-Caracter%C3%ADsticas-Inbio460-ZKTeco.png\" alt=\" \" \/><\/div>\n<div class=\"col-md-7 order-md-1 text-md-left text-center\">\n<h2>Principales Caracter\u00edsticas<\/h2>\n<p class=\"text-muted\">\n<p>Identificaci\u00f3n biom\u00e9trica interna<\/p>\n<p>La serie de lectores FR transmiten las plantillas de las<\/p>\n<p>huellas al panel v\u00eda RS485 para identificar r\u00e1pidamente<\/p>\n<p>las plantillas almacenadas en la base de datos. Las<\/p>\n<p>entradas Wiegand permiten utilizar lectores ID<\/p>\n<p>tradicionales<\/p>\n<p>Comunicaci\u00f3n<\/p>\n<p>Los paneles se instalan de forma sencilla en la red y<\/p>\n<p>soportan comunicaci\u00f3n TCP\/IP y RS485.<\/p>\n<p>La herramienta de b\u00fasqueda permite encontrarlos en la<\/p>\n<p>red y configurar los par\u00e1metros f\u00e1cilmente.<\/p>\n<p>Controladores de puerta y otras funciones<\/p>\n<p>Adem\u00e1s de los relevadores para el control de las puertas,<\/p>\n<p>cuentan con entradas y salidas auxiliares f\u00e1cilmente<\/p>\n<p>programables para control de luces, alarmas, detecci\u00f3n<\/p>\n<p>de intrusos, v\u00ednculos o control manual.<\/p>\n<p>Opciones<\/p>\n<p>La serie InBio cuenta con paneles de 1, 2 y 4 puertas para<\/p>\n<p>adaptarse a las necesidades del proyecto. Es posible<\/p>\n<p>combinar los diferentes paneles para reducir costos y<\/p>\n<p>optimizar los recursos, siendo gestionados mediante el<\/p>\n<p>mismo software de administraci\u00f3n.<\/p>\n<p>Avanzado Control de Acceso Integrado<\/p>\n<p>Cuentan con funciones avanzadas de control de acceso<\/p>\n<p>tales como anti-passback, verificaci\u00f3n multi-usuario,<\/p>\n<p>huella y contrase\u00f1a de coacci\u00f3n, v\u00ednculos con entradas<\/p>\n<p>y salidas auxiliares, entre otras.<\/p>\n<p>Para Desarrolladores de Software<\/p>\n<p>SDK gratuito est\u00e1 disponible para integradores y OEM\u2019s<\/p>\n<p>para integrar el controlador InBio con sus aplicaciones<\/p>\n<p>de seguridad o administraci\u00f3n de personal existentes. Si<\/p>\n<p>lo requiere, ZK puede personalizar InBio firmware para<\/p>\n<p>satisfacer cualquier requirimiento de los clientes.<\/p>\n<p>&nbsp;<\/p>\n<\/div>\n<\/div>\n<hr class=\"padding-bottom-2x\" \/>\n<div class=\"row align-items-center padding-bottom-2x\">\n<div class=\"col-md-5\"><img decoding=\"async\" class=\"d-block m-auto img-thumbnail\" src=\"https:\/\/tvc.mx\/media\/230743\/Panel-de-Control-de-Acceso-4Puertas-Especificaciones-Inbio460-ZKTeco.png\" alt=\" \" \/><\/div>\n<div class=\"col-md-7 text-md-left text-center\">\n<h2>Especificaciones T\u00e9cnicas<\/h2>\n<p class=\"text-muted\">\n<p>Puertas: 4<\/p>\n<p>Lectores Soportados: 12 (8 RS-485 Series FR 4 Wigand 26-bits)<\/p>\n<p>N\u00famero de Entradas: 12(4 Bot\u00f3nes de Salida, 4 Sensores de Puerta, 4 AUX)<\/p>\n<p>N\u00famero de Salidas: 8(4 Relay para Cerradura y 4 Relay para AUX)<\/p>\n<p>Peso: 3.6 Kg<\/p>\n<p>Capacidad para Tarjetas: 30,000<\/p>\n<p>Capacidad para Huella: 3,000<\/p>\n<p>Capacidad de eventos: 100,000<\/p>\n<p>Comunicaci\u00f3n: TCP\/IP y RS-485<\/p>\n<p>CPU: 32 bits 400Mz CPU<\/p>\n<p>RAM: 32M<\/p>\n<p>Memoria: 128M<\/p>\n<p>Voltaje: 9.6 -14.4 VCD<\/p>\n<p>Temperatura de Operaci\u00f3n: 0 &#8211; 45\u00b0 C<\/p>\n<p>Humedad de Operaci\u00f3n: 20% a 80%<\/p>\n<p>Compatible con Sistema Zk Access 3.5<\/p>\n<\/div>\n<\/div>\n","protected":false},"excerpt":{"rendered":"<p>Informaci\u00f3n General La serie de paneles InBio es la l\u00ednea de productos de seguridad m\u00e1s avanzada en la industria. Son los primeros controladores a nivel mundial en incorporar tecnolog\u00eda biom\u00e9trica de identificaci\u00f3n de huellas digitales de manera interna. La innovadora tecnolog\u00eda InBio permite al administrador&hellip;<\/p>\n","protected":false},"featured_media":8804,"comment_status":"open","ping_status":"closed","template":"","meta":{"om_disable_all_campaigns":false,"_monsterinsights_skip_tracking":false,"_monsterinsights_sitenote_active":false,"_monsterinsights_sitenote_note":"","_monsterinsights_sitenote_category":0},"product_brand":[],"product_cat":[818],"product_tag":[81,727,730,66,731,728,729],"class_list":{"0":"post-8805","1":"product","2":"type-product","3":"status-publish","4":"has-post-thumbnail","6":"product_cat-paneles-de-control-control-de-acceso-zkteco-acceso-asistencia","7":"product_tag-acceso-y-asistencia","8":"product_tag-cerraduras","9":"product_tag-commax-wulian","10":"product_tag-dahua","11":"product_tag-wejoin","12":"product_tag-yli","13":"product_tag-zkteco","15":"first","16":"instock","17":"sale","18":"taxable","19":"shipping-taxable","20":"purchasable","21":"product-type-simple"},"aioseo_notices":[],"_links":{"self":[{"href":"https:\/\/tecsecmty.com\/index.php\/wp-json\/wp\/v2\/product\/8805","targetHints":{"allow":["GET"]}}],"collection":[{"href":"https:\/\/tecsecmty.com\/index.php\/wp-json\/wp\/v2\/product"}],"about":[{"href":"https:\/\/tecsecmty.com\/index.php\/wp-json\/wp\/v2\/types\/product"}],"replies":[{"embeddable":true,"href":"https:\/\/tecsecmty.com\/index.php\/wp-json\/wp\/v2\/comments?post=8805"}],"version-history":[{"count":0,"href":"https:\/\/tecsecmty.com\/index.php\/wp-json\/wp\/v2\/product\/8805\/revisions"}],"wp:featuredmedia":[{"embeddable":true,"href":"https:\/\/tecsecmty.com\/index.php\/wp-json\/wp\/v2\/media\/8804"}],"wp:attachment":[{"href":"https:\/\/tecsecmty.com\/index.php\/wp-json\/wp\/v2\/media?parent=8805"}],"wp:term":[{"taxonomy":"product_brand","embeddable":true,"href":"https:\/\/tecsecmty.com\/index.php\/wp-json\/wp\/v2\/product_brand?post=8805"},{"taxonomy":"product_cat","embeddable":true,"href":"https:\/\/tecsecmty.com\/index.php\/wp-json\/wp\/v2\/product_cat?post=8805"},{"taxonomy":"product_tag","embeddable":true,"href":"https:\/\/tecsecmty.com\/index.php\/wp-json\/wp\/v2\/product_tag?post=8805"}],"curies":[{"name":"wp","href":"https:\/\/api.w.org\/{rel}","templated":true}]}}