{"id":8809,"date":"2023-02-23T22:29:50","date_gmt":"2023-02-24T04:29:50","guid":{"rendered":"https:\/\/tecsecmty.com\/index.php\/producto\/zkteco-inbio460pro-panel-de-control-de-acceso-avanzado-4-puertas-20-mil-huellas-push-green-label-requiere-licencia\/"},"modified":"2023-03-22T23:25:23","modified_gmt":"2023-03-23T05:25:23","slug":"zkteco-inbio460pro-panel-de-control-de-acceso-avanzado-4-puertas-20-mil-huellas-push-green-label-requiere-licencia","status":"publish","type":"product","link":"https:\/\/tecsecmty.com\/index.php\/producto\/zkteco-inbio460pro-panel-de-control-de-acceso-avanzado-4-puertas-20-mil-huellas-push-green-label-requiere-licencia\/","title":{"rendered":"ZKTECO INBIO460PRO &#8211; Panel de Control de Acceso Avanzado \/ 4 Puertas \/ 20 mil Huellas \/ Push \/ Green Label \/ Requiere Licencia"},"content":{"rendered":"<div class=\"row aling-items-center padding-bottom-2x\">\n<div class=\"col-lg-12\">\n<h5 class=\"card-title text-center\">Informaci\u00f3n General<\/h5>\n<p class=\"ql-align-justify\">La serie\u00a0InBio Pro\u00a0es una l\u00ednea de productos de alta gama orientada a proyectos con caracter\u00edsticas \u00fanicas, tales como verificaci\u00f3n de huellas digitales y funciones avanzadas de control de acceso, que pueden ser gestionadas por comunicaci\u00f3n TCP\/IP a trav\u00e9s de redes LAN o WAN.<\/p>\n<p class=\"ql-align-justify\">La serie InBio Pro es el complemento perfecto del software basado en web ZKBioSecurity para proporcionar una soluci\u00f3n de seguridad biom\u00e9trica completa.<\/p>\n<p class=\"ql-align-justify\">Por medio de la comunicaci\u00f3n RS485 de un lector FR1500, los paneles pueden verificar usuarios mediante m\u00faltiples m\u00e9todos de verificaci\u00f3n, tales como reconocimiento de huella digital, de tarjeta y contrase\u00f1a para un mayor nivel de seguridad.<\/p>\n<p><img decoding=\"async\" class=\"overview-center-img-web\" src=\"https:\/\/tvc.mx\/media\/54837\/inbio460PRo.jpg\" alt=\"\" \/><\/div>\n<\/div>\n<div class=\"row align-items-center padding-bottom-2x\">\n<div class=\"col-md-5 order-md-2\"><img decoding=\"async\" class=\"d-block m-auto img-thumbnail\" src=\"https:\/\/tvc.mx\/media\/54840\/Inbio-460-Pro.jpg\" alt=\" \" \/><\/div>\n<div class=\"col-md-7 order-md-1 text-md-left text-center\">\n<h2>Principales Caracter\u00edsticas<\/h2>\n<p class=\"text-muted\">\n<p>Avanzado Control de Acceso Integrado<\/p>\n<p>Cuentan con funciones avanzadas de control de acceso<\/p>\n<p>tales como anti-passback, verificaci\u00f3n multi-usuario,<\/p>\n<p>huella y contrase\u00f1a de coacci\u00f3n, v\u00ednculos con entradas<\/p>\n<p>y salidas auxiliares, entre otras.<\/p>\n<p>Controladores de Puerta y Otras Funciones<\/p>\n<p>Despu\u00e9s de la programaci\u00f3n, los relevadores<\/p>\n<p>auxiliares pueden funcionar como luces, alarmas<\/p>\n<p>y paneles de detecci\u00f3n de intrusiones; y pueden<\/p>\n<p>gestionarse mediante el mismo software de<\/p>\n<p>administraci\u00f3n.<\/p>\n<p>Identificaci\u00f3n Biom\u00e9trica Interna<\/p>\n<p>La serie de lectores FR transmiten las plantillas de las<\/p>\n<p>huellas al panel v\u00eda RS485 para identificar r\u00e1pidamente las<\/p>\n<p>plantillas almacenadas en la base de datos. Las entradas<\/p>\n<p>Wiegand permiten utilizar lectores RFID tradicionales.<\/p>\n<p>Comunicaci\u00f3n<\/p>\n<p>Los paneles se instalan de forma sencilla en la red y<\/p>\n<p>soportan comunicaci\u00f3n HTTP\/HTTPS. El Webserver<\/p>\n<p>permite configurar y modificar los parametros de la red<\/p>\n<p>de forma sencilla.<\/p>\n<p>&nbsp;<\/p>\n<\/div>\n<\/div>\n<hr class=\"padding-bottom-2x\" \/>\n<div class=\"row align-items-center padding-bottom-2x\">\n<div class=\"col-md-5\"><img decoding=\"async\" class=\"d-block m-auto img-thumbnail\" src=\"https:\/\/tvc.mx\/media\/54843\/400.jpg\" alt=\" \" \/><\/div>\n<div class=\"col-md-7 text-md-left text-center\">\n<h2>Especificaciones T\u00e9cnicas<\/h2>\n<p class=\"text-muted\">\n<p><strong>InBio-460 Pro<\/strong><\/p>\n<p>N\u00famero de Puertas: 4<\/p>\n<p>N\u00famero de Lectores Soportados: 12 (8 RS-485, 4 Wiegand 26-bits)<\/p>\n<p>Tipos de Lectores Soportados: Wiegand 26-bits y Lectores RS485 Serie FR<\/p>\n<p>N\u00famero de Entradas: 12 (4 Botones de Salida, 4 Sensores de Puerta, 4 Auxiliares)<\/p>\n<p>N\u00famero de Salidas: 8 (4 Relevadores C para Chapa y 4 Relevadores C para Salida Auxiliar)<\/p>\n<p>Capacidad para Tarjetas: 60,000<\/p>\n<p>Capacidad para Huellas: 20,000<\/p>\n<p>Capacidad Eventos: 100,000<\/p>\n<p>Comunicaci\u00f3n: TCP\/IP<\/p>\n<p>Dimensi\u00f3n con Gabinete: 350 x 90 x 300 mm<\/p>\n<p>Peso con Gabinete: 3.7 Kg<\/p>\n<p>Dimensi\u00f3n del Panel: 225 \u00d7 38 \u00d7 105 mm<\/p>\n<p>CPU: 32 bit 1.2GHz CPU CPU<\/p>\n<p>RAM: 128MB<\/p>\n<p>Memoria Flash: 256MB<\/p>\n<p>Fuente de Alimentaci\u00f3n: 9.6V-14.4V DC<\/p>\n<p>Temperatura de Operaci\u00f3n: 0 &#8211; 45 \u00b0C<\/p>\n<p>Humedad de Operaci\u00f3n: 20% a 80%<\/p>\n<\/div>\n<\/div>\n","protected":false},"excerpt":{"rendered":"<p>Informaci\u00f3n General La serie\u00a0InBio Pro\u00a0es una l\u00ednea de productos de alta gama orientada a proyectos con caracter\u00edsticas \u00fanicas, tales como verificaci\u00f3n de huellas digitales y funciones avanzadas de control de acceso, que pueden ser gestionadas por comunicaci\u00f3n TCP\/IP a trav\u00e9s de redes LAN o WAN.&hellip;<\/p>\n","protected":false},"featured_media":8808,"comment_status":"open","ping_status":"closed","template":"","meta":{"om_disable_all_campaigns":false,"_monsterinsights_skip_tracking":false,"_monsterinsights_sitenote_active":false,"_monsterinsights_sitenote_note":"","_monsterinsights_sitenote_category":0},"product_brand":[],"product_cat":[818],"product_tag":[81,727,730,66,731,728,729],"class_list":{"0":"post-8809","1":"product","2":"type-product","3":"status-publish","4":"has-post-thumbnail","6":"product_cat-paneles-de-control-control-de-acceso-zkteco-acceso-asistencia","7":"product_tag-acceso-y-asistencia","8":"product_tag-cerraduras","9":"product_tag-commax-wulian","10":"product_tag-dahua","11":"product_tag-wejoin","12":"product_tag-yli","13":"product_tag-zkteco","15":"first","16":"instock","17":"sale","18":"taxable","19":"shipping-taxable","20":"purchasable","21":"product-type-simple"},"aioseo_notices":[],"_links":{"self":[{"href":"https:\/\/tecsecmty.com\/index.php\/wp-json\/wp\/v2\/product\/8809","targetHints":{"allow":["GET"]}}],"collection":[{"href":"https:\/\/tecsecmty.com\/index.php\/wp-json\/wp\/v2\/product"}],"about":[{"href":"https:\/\/tecsecmty.com\/index.php\/wp-json\/wp\/v2\/types\/product"}],"replies":[{"embeddable":true,"href":"https:\/\/tecsecmty.com\/index.php\/wp-json\/wp\/v2\/comments?post=8809"}],"version-history":[{"count":0,"href":"https:\/\/tecsecmty.com\/index.php\/wp-json\/wp\/v2\/product\/8809\/revisions"}],"wp:featuredmedia":[{"embeddable":true,"href":"https:\/\/tecsecmty.com\/index.php\/wp-json\/wp\/v2\/media\/8808"}],"wp:attachment":[{"href":"https:\/\/tecsecmty.com\/index.php\/wp-json\/wp\/v2\/media?parent=8809"}],"wp:term":[{"taxonomy":"product_brand","embeddable":true,"href":"https:\/\/tecsecmty.com\/index.php\/wp-json\/wp\/v2\/product_brand?post=8809"},{"taxonomy":"product_cat","embeddable":true,"href":"https:\/\/tecsecmty.com\/index.php\/wp-json\/wp\/v2\/product_cat?post=8809"},{"taxonomy":"product_tag","embeddable":true,"href":"https:\/\/tecsecmty.com\/index.php\/wp-json\/wp\/v2\/product_tag?post=8809"}],"curies":[{"name":"wp","href":"https:\/\/api.w.org\/{rel}","templated":true}]}}