{"id":8811,"date":"2023-02-23T22:29:51","date_gmt":"2023-02-24T04:29:51","guid":{"rendered":"https:\/\/tecsecmty.com\/index.php\/producto\/zkteco-inbio460probox-panel-de-control-de-acceso-de-4-puertas-hasta-8-lectoras-fr1xxx-compatible-con-biosecurity-modulo-de-acceso-gabinete-y-fuente-incluido-green-label-requiere-licencia\/"},"modified":"2023-03-22T23:25:23","modified_gmt":"2023-03-23T05:25:23","slug":"zkteco-inbio460probox-panel-de-control-de-acceso-de-4-puertas-hasta-8-lectoras-fr1xxx-compatible-con-biosecurity-modulo-de-acceso-gabinete-y-fuente-incluido-green-label-requiere-licencia","status":"publish","type":"product","link":"https:\/\/tecsecmty.com\/index.php\/producto\/zkteco-inbio460probox-panel-de-control-de-acceso-de-4-puertas-hasta-8-lectoras-fr1xxx-compatible-con-biosecurity-modulo-de-acceso-gabinete-y-fuente-incluido-green-label-requiere-licencia\/","title":{"rendered":"ZKTECO INBIO460PROBOX &#8211; Panel de Control de Acceso de 4 Puertas \/ Hasta 8 Lectoras FR1XXX \/ Compatible con Biosecurity Modulo de Acceso \/ Gabinete y Fuente incluido \/ Green Label \/ Requiere Licencia"},"content":{"rendered":"<div class=\"row aling-items-center padding-bottom-2x\">\n<div class=\"col-lg-12\">\n<h5 class=\"card-title text-center\">Informaci\u00f3n General<\/h5>\n<p>La serie InBio Pro es una l\u00ednea de productos de alta gama orientada a proyectos con caracter\u00edsticas \u00fanicas, tales como verificaci\u00f3n de huellas digitales y funciones avanzadas de control de acceso, que pueden ser gestionadas por comunicaci\u00f3n TCP\/IP a trav\u00e9s de redes LAN o WAN.<\/p>\n<p>La serie InBio Pro es el complemento perfecto del software basado en web ZKBioSecurity para proporcionar una soluci\u00f3n de seguridad biom\u00e9trica completa.<\/p>\n<p>Por medio de la comunicaci\u00f3n RS485 de un lector FR1500 o FR1200, los paneles pueden verificar usuarios mediante m\u00faltiples m\u00e9todos de verificaci\u00f3n, tales como reconocimiento de huella digital y\/o de tarjeta para un mayor nivel de seguridad.<\/p>\n<p><img decoding=\"async\" class=\"overview-center-img-web\" src=\"https:\/\/tvc.mx\/media\/179561\/ZK-InBio460Pro-Acceso.png\" alt=\"\" \/><\/div>\n<\/div>\n<div class=\"row align-items-center padding-bottom-2x\">\n<div class=\"col-md-5 order-md-2\"><img decoding=\"async\" class=\"d-block m-auto img-thumbnail\" src=\"https:\/\/tvc.mx\/media\/179565\/ZK-InBio460Pro-Acceso1.png\" alt=\" \" \/><\/div>\n<div class=\"col-md-7 order-md-1 text-md-left text-center\">\n<h2>Principales Caracter\u00edsticas<\/h2>\n<p class=\"text-muted\">\n<p class=\"ql-align-justify\"><strong>Identificaci\u00f3n Biom\u00e9trica Interna<\/strong><\/p>\n<p class=\"ql-align-justify\">La serie de lectores FR transmiten las plantillas de las huellas al panel v\u00eda RS485 para identificar r\u00e1pidamente las plantillas almacenadas en la base de datos. Las entradas Wiegand permiten utilizar lectores RFID tradicionales.<\/p>\n<p class=\"ql-align-justify\"><strong>Comunicaci\u00f3n<\/strong><\/p>\n<p class=\"ql-align-justify\">Los paneles se instalan de forma sencilla en la red y soportan comunicaci\u00f3n HTTP\/HTTPS. El Webserver permite configurar y modificar los par\u00e1metros de la red de forma sencilla.<\/p>\n<p class=\"ql-align-justify\"><strong>Avanzado Control de Acceso Integrado<\/strong><\/p>\n<p class=\"ql-align-justify\">Cuentan con funciones avanzadas de control de acceso tales como anti-passback, verificaci\u00f3n multi-usuario, huella y contrase\u00f1a de coacci\u00f3n, v\u00ednculos con entradas y salidas auxiliares, entre otras<\/p>\n<p>&nbsp;<\/p>\n<\/div>\n<\/div>\n<hr class=\"padding-bottom-2x\" \/>\n<div class=\"row align-items-center padding-bottom-2x\">\n<div class=\"col-md-5\"><img decoding=\"async\" class=\"d-block m-auto img-thumbnail\" src=\"https:\/\/tvc.mx\/media\/179569\/ZK-InBio460Pro-Acceso2.png\" alt=\" \" \/><\/div>\n<div class=\"col-md-7 text-md-left text-center\">\n<h2>Caracter\u00edsticas<\/h2>\n<p class=\"text-muted\">\n<p><strong>Controladores de Puerta y Otras Funciones<\/strong><\/p>\n<p>Despu\u00e9s de la programaci\u00f3n, los relevadores auxiliares pueden funcionar como luces, alarmas y paneles de detecci\u00f3n de intrusiones; y pueden gestionarse mediante el mismo software de administraci\u00f3n<\/p>\n<p><strong>Capacidad<\/strong><\/p>\n<p>El sistema soporta hasta 20.000 plantillas de huellas digitales, 60.000 tarjetas y almacena hasta 100.000 eventos y transacciones. La informaci\u00f3n permanece guardada en la memoria interna en caso de p\u00e9rdida de energ\u00eda. El controlador contin\u00faa operando a\u00fan si se interrumpe la conexi\u00f3n de red<\/p>\n<p><strong>Opciones<\/strong><\/p>\n<p>3 diferentes tama\u00f1os para poder adaptarse a las necesidades de cada proyecto y disminuir los costos que puede generar la capacidad no utilizada. Modelos para 1, 2 y 4 puertas pueden ser combinados para lograr un sistema optimizado<\/p>\n<p>&nbsp;<\/p>\n<\/div>\n<\/div>\n<hr class=\"padding-bottom-2x\" \/>\n<div class=\"row align-items-center padding-bottom-2x\">\n<div class=\"col-md-5 order-md-2\"><img decoding=\"async\" class=\"d-block m-auto img-thumbnail\" src=\"https:\/\/tvc.mx\/media\/179621\/ZK-InBio460Pro-Acceso3.png\" alt=\" \" \/><\/div>\n<div class=\"col-md-7 order-md-1 text-md-left text-center\">\n<h2>Especificaciones (InBio460PRO)<\/h2>\n<p class=\"text-muted\">\n<p class=\"ql-align-justify\">Numero de puertas: 4<\/p>\n<p class=\"ql-align-justify\">Numero de lectores soportados: 12(8 RS485, 4 Wiegand)<\/p>\n<p class=\"ql-align-justify\">Tipos de lectores soportados: Wiegand y Lectores Serie FR (RS485)<\/p>\n<p class=\"ql-align-justify\">Numero de entradas: 12 (4 Botones de salida, 4 Sensores de puerta, 4 Auxiliares)<\/p>\n<p class=\"ql-align-justify\">Numero de salidas: 8 (4 Relevadores para chapa y 4 Relevadores para salida auxiliar)<\/p>\n<p class=\"ql-align-justify\">Capacidad para tarjetas: 60,000<\/p>\n<p class=\"ql-align-justify\">Capacidad para huellas: 20,000<\/p>\n<p class=\"ql-align-justify\">Capacidad de eventos: 100,000<\/p>\n<p class=\"ql-align-justify\">Comunicaci\u00f3n: TCP\/IP<\/p>\n<p class=\"ql-align-justify\">Dimensi\u00f3n del panel: 225 x 38 x 105 mm<\/p>\n<p class=\"ql-align-justify\">Fuente de alimentaci\u00f3n: 9.6v &#8211; 14.4v DC<\/p>\n<p class=\"ql-align-justify\">Temperatura de operaci\u00f3n: 0 &#8211; 45\u00b0<\/p>\n<p class=\"ql-align-justify\">Humedad de operaci\u00f3n: 20% a 80%<\/p>\n<p>&nbsp;<\/p>\n<\/div>\n<\/div>\n<hr class=\"padding-bottom-2x\" \/>\n<div class=\"row align-items-center padding-bottom-2x\">\n<div class=\"col-md-5\"><img decoding=\"async\" class=\"d-block m-auto img-thumbnail\" src=\"https:\/\/tvc.mx\/media\/179629\/ZK-InBio460Pro-Acceso4.png\" alt=\" \" \/><\/div>\n<div class=\"col-md-7 text-md-left text-center\">\n<h2>Especificaciones GABMET<\/h2>\n<p class=\"text-muted\">\n<p>Tipo: Gabinete Met\u00e1lico<\/p>\n<p>Fuente de poder: Transformador Integrado de 110v (corriente alterna) a 12v (corriente directa)<\/p>\n<p>Dimensiones: 350 x 90 x 300 mm<\/p>\n<p>Peso: 3.7 Kg<\/p>\n<p>Led: Indicador de estado (Power &#8211; Rojo, Run &#8211; Verde, Comm &#8211; Amarillo)<\/p>\n<p>Tamper: Tipo interruptor de l\u00edmite<\/p>\n<p>Espacio para bateria de respaldo<\/p>\n<\/div>\n<\/div>\n","protected":false},"excerpt":{"rendered":"<p>Informaci\u00f3n General La serie InBio Pro es una l\u00ednea de productos de alta gama orientada a proyectos con caracter\u00edsticas \u00fanicas, tales como verificaci\u00f3n de huellas digitales y funciones avanzadas de control de acceso, que pueden ser gestionadas por comunicaci\u00f3n TCP\/IP a trav\u00e9s de redes LAN&hellip;<\/p>\n","protected":false},"featured_media":8810,"comment_status":"open","ping_status":"closed","template":"","meta":{"om_disable_all_campaigns":false,"_monsterinsights_skip_tracking":false,"_monsterinsights_sitenote_active":false,"_monsterinsights_sitenote_note":"","_monsterinsights_sitenote_category":0},"product_brand":[],"product_cat":[818],"product_tag":[81,727,730,66,731,728,729],"class_list":{"0":"post-8811","1":"product","2":"type-product","3":"status-publish","4":"has-post-thumbnail","6":"product_cat-paneles-de-control-control-de-acceso-zkteco-acceso-asistencia","7":"product_tag-acceso-y-asistencia","8":"product_tag-cerraduras","9":"product_tag-commax-wulian","10":"product_tag-dahua","11":"product_tag-wejoin","12":"product_tag-yli","13":"product_tag-zkteco","15":"first","16":"instock","17":"sale","18":"taxable","19":"shipping-taxable","20":"purchasable","21":"product-type-simple"},"aioseo_notices":[],"_links":{"self":[{"href":"https:\/\/tecsecmty.com\/index.php\/wp-json\/wp\/v2\/product\/8811","targetHints":{"allow":["GET"]}}],"collection":[{"href":"https:\/\/tecsecmty.com\/index.php\/wp-json\/wp\/v2\/product"}],"about":[{"href":"https:\/\/tecsecmty.com\/index.php\/wp-json\/wp\/v2\/types\/product"}],"replies":[{"embeddable":true,"href":"https:\/\/tecsecmty.com\/index.php\/wp-json\/wp\/v2\/comments?post=8811"}],"version-history":[{"count":0,"href":"https:\/\/tecsecmty.com\/index.php\/wp-json\/wp\/v2\/product\/8811\/revisions"}],"wp:featuredmedia":[{"embeddable":true,"href":"https:\/\/tecsecmty.com\/index.php\/wp-json\/wp\/v2\/media\/8810"}],"wp:attachment":[{"href":"https:\/\/tecsecmty.com\/index.php\/wp-json\/wp\/v2\/media?parent=8811"}],"wp:term":[{"taxonomy":"product_brand","embeddable":true,"href":"https:\/\/tecsecmty.com\/index.php\/wp-json\/wp\/v2\/product_brand?post=8811"},{"taxonomy":"product_cat","embeddable":true,"href":"https:\/\/tecsecmty.com\/index.php\/wp-json\/wp\/v2\/product_cat?post=8811"},{"taxonomy":"product_tag","embeddable":true,"href":"https:\/\/tecsecmty.com\/index.php\/wp-json\/wp\/v2\/product_tag?post=8811"}],"curies":[{"name":"wp","href":"https:\/\/api.w.org\/{rel}","templated":true}]}}