{"id":8813,"date":"2023-02-23T22:29:53","date_gmt":"2023-02-24T04:29:53","guid":{"rendered":"https:\/\/tecsecmty.com\/index.php\/producto\/zkteco-kitec10-solucion-para-elevadores-hasta-10-pisos-incluye-1-panel-ec10-licencia-lector-de-huella-y-tarjetas-id-gabinete-y-fuente-con-bateria\/"},"modified":"2023-03-22T23:25:23","modified_gmt":"2023-03-23T05:25:23","slug":"zkteco-kitec10-solucion-para-elevadores-hasta-10-pisos-incluye-1-panel-ec10-licencia-lector-de-huella-y-tarjetas-id-gabinete-y-fuente-con-bateria","status":"publish","type":"product","link":"https:\/\/tecsecmty.com\/index.php\/producto\/zkteco-kitec10-solucion-para-elevadores-hasta-10-pisos-incluye-1-panel-ec10-licencia-lector-de-huella-y-tarjetas-id-gabinete-y-fuente-con-bateria\/","title":{"rendered":"ZKTECO KITEC10 &#8211; Soluci\u00f3n para Elevadores hasta 10 Pisos \/ Incluye 1 Panel EC10 \/ Licencia \/ Lector de Huella y Tarjetas ID \/ Gabinete y Fuente con Bater\u00eda"},"content":{"rendered":"<div class=\"row aling-items-center padding-bottom-2x\">\n<div class=\"col-lg-12\">\n<h5 class=\"card-title text-center\">Informaci\u00f3n General<\/h5>\n<p class=\"ql-align-justify\">El\u00a0<strong>ZK KITEC10<\/strong>\u00a0otorga lo necesario para cubrir una soluci\u00f3n de control del acceso a los pisos de un elevador, ya que contiene el panel EC10, su caja de protecci\u00f3n, bater\u00eda de respaldo, una lectora de huella y\/o tarjetas ID y la licencia para el modulo de elevadores del software\u00a0<strong>ZKBioCVSecurity<\/strong>.<\/p>\n<p class=\"ql-align-justify\">El panel\u00a0<strong>EC10<\/strong>\u00a0es un controlador de seguridad avanzado para elevadores que permite controlar el acceso a los pisos de un edificio estableciendo los privilegios de los usuarios y haciendo uso de la solicitud requerida de verificaci\u00f3n por parte de los usuarios sea por huella digital, tarjeta o contrase\u00f1a, tambi\u00e9n permite restringir el uso por fechas u horarios.<\/p>\n<p class=\"ql-align-justify\">El\u00a0<strong>EC10<\/strong>\u00a0puede controlar un total de 10 pisos pero es posible expandir la capacidad agregando un m\u00e1ximo de 3 m\u00f3dulos de expansi\u00f3n\u00a0EX16\u00a0de 16 pisos cada uno para controlar 58 pisos (<em>los expansores se venden por separado<\/em>).<\/p>\n<p class=\"ql-align-justify\">El sistema es f\u00e1cilmente escalable y permite establecer avanzadas configuraciones de acceso, convirtiendo un edificio convencional en un edificio inteligente de alta seguridad.<\/p>\n<p><img decoding=\"async\" class=\"overview-center-img-web\" src=\"https:\/\/tvc.mx\/media\/698572\/Soluci%C3%B3n-Elevadores-10-Pisos-KITEC10-ZKTeco-TVC-Banner.png\" alt=\"\" \/><\/div>\n<\/div>\n<div class=\"row align-items-center padding-bottom-2x\">\n<div class=\"col-md-5\"><img decoding=\"async\" class=\"d-block m-auto img-thumbnail\" src=\"https:\/\/tvc.mx\/media\/698577\/Soluci%C3%B3n-Elevadores-10-Pisos-KITEC10-ZKTeco-TVC-secundaria.png\" alt=\" \" \/><\/div>\n<div class=\"col-md-7 text-md-left text-center\">\n<h2>Panel EC10<\/h2>\n<p class=\"text-muted\">\n<h3>Caracter\u00edsticas y Especificaciones<\/h3>\n<ul>\n<li><strong>Control de pisos:<\/strong>\u00a010<\/li>\n<li><strong>Huellas digitales:<\/strong>\u00a03,000<\/li>\n<li><strong>Tarjetas:<\/strong>\u00a030,000<\/li>\n<li><strong>Eventos:<\/strong>\u00a0100,000<\/li>\n<li><strong>Fuente de poder:<\/strong>\u00a012V\u00a0DC\u00a01A<\/li>\n<li><strong>Dimensiones:<\/strong>\u00a0242 x 95 x 60 mm<\/li>\n<li><strong>Comunicaci\u00f3n:<\/strong>\u00a0TCP\/IP,\u00a0RS485<\/li>\n<li><strong>Tarjetas expansoras:<\/strong>\u00a0EX16 (<em>Hasta 3<\/em>)<\/li>\n<\/ul>\n<p>&nbsp;<\/p>\n<\/div>\n<\/div>\n<hr class=\"padding-bottom-2x\" \/>\n<div class=\"row align-items-center padding-bottom-2x\">\n<div class=\"col-md-5 order-md-2\"><img decoding=\"async\" class=\"d-block m-auto img-thumbnail\" src=\"https:\/\/tvc.mx\/media\/698582\/Soluci%C3%B3n-Elevadores-10-Pisos-KITEC10-ZKTeco-TVC-secundaria3.png\" alt=\" \" \/><\/div>\n<div class=\"col-md-7 order-md-1 text-md-left text-center\">\n<h2>Lector FR1500S<\/h2>\n<p class=\"text-muted\">\n<h2>Caracter\u00edsticas<\/h2>\n<ul>\n<li class=\"ql-align-justify\">Sensor de huella digital SilkID.<\/li>\n<li class=\"ql-align-justify\">Elegante dise\u00f1o para empotrar sobre pared y\/o superficies planas.<\/li>\n<li class=\"ql-align-justify\">Carcasa frontal de acero inoxidable.<\/li>\n<li class=\"ql-align-justify\">Caja de conexiones est\u00e1ndar.<\/li>\n<li class=\"ql-align-justify\">Cubierta protectora de sensor huellas.<\/li>\n<\/ul>\n<h2>Especificaciones T\u00e9cnicas<\/h2>\n<ul>\n<li><strong>Comunicaci\u00f3n:<\/strong>\u00a0RS485<\/li>\n<li><strong>\u00cdndice de Protecci\u00f3n:<\/strong>\u00a0IP65<\/li>\n<li><strong>Dimensiones:<\/strong>\u00a0121.3 x 77.3 x 38 mm<\/li>\n<li><strong>Versi\u00f3n de Algoritmo:<\/strong>\u00a0ZKFinger VX10.0<\/li>\n<li><strong>Fuente de Alimentaci\u00f3n:<\/strong>\u00a012VDC<\/li>\n<li><strong>Lector de Tarjeta:<\/strong>\u00a0RFID 125KHz<\/li>\n<\/ul>\n<p>&nbsp;<\/p>\n<\/div>\n<\/div>\n<hr class=\"padding-bottom-2x\" \/>\n<div class=\"row align-items-center padding-bottom-2x\">\n<div class=\"col-md-5\"><img decoding=\"async\" class=\"d-block m-auto img-thumbnail\" src=\"https:\/\/tvc.mx\/media\/698612\/Soluci%C3%B3n-Elevadores-10-Pisos-KITEC10-ZKTeco-TVC-secundaria5.png\" alt=\" \" \/><\/div>\n<div class=\"col-md-7 text-md-left text-center\">\n<h2>Licencia: Modulo Elevadores<\/h2>\n<p class=\"text-muted\">\n<h2>Capacidades:<\/h2>\n<ul>\n<li class=\"ql-indent-1\">1 Panel de control de elevadores (EC10)<\/li>\n<li class=\"ql-indent-1 ql-align-justify\">3 Tarjetas expansoras (EX16)<\/li>\n<li class=\"ql-align-justify\">30,000 Usuarios<\/li>\n<\/ul>\n<h2>Requisitos y Especificaciones<\/h2>\n<p>Requisitos m\u00ednimos de la PC\/Servidor:<\/p>\n<ul>\n<li class=\"ql-align-justify ql-indent-1\">Procesador:\u00a0Intel(R) Core (TM) i5 1035 @ 2.6GHz o Superior<\/li>\n<li class=\"ql-align-justify ql-indent-1\">RAM:\u00a08GB o Superior<\/li>\n<li class=\"ql-align-justify\">Almacenamiento:\u00a050GB de Espacio Libre o Mayor (partici\u00f3n NFTS recomendada)<\/li>\n<\/ul>\n<p>&nbsp;<\/p>\n<\/div>\n<\/div>\n<hr class=\"padding-bottom-2x\" \/>\n<div class=\"row align-items-center padding-bottom-2x\">\n<div class=\"col-md-5 order-md-2\"><img decoding=\"async\" class=\"d-block m-auto img-thumbnail\" src=\"https:\/\/tvc.mx\/media\/698587\/Soluci%C3%B3n-Elevadores-10-Pisos-KITEC10-ZKTeco-TVC-secundaria2.png\" alt=\" \" \/><\/div>\n<div class=\"col-md-7 order-md-1 text-md-left text-center\">\n<h2>Gabinete y Fuente<\/h2>\n<p class=\"text-muted\">\n<h2>Especificaciones T\u00e9cnicas<\/h2>\n<p>Gabinete met\u00e1lico<\/p>\n<ul>\n<li><strong>Dimensiones:<\/strong>\u00a0400 x 90.5 x 330 (mm)<\/li>\n<li>Led indicadores de estado<\/li>\n<li>Cerradura con llave<\/li>\n<\/ul>\n<p>Fuente de poder<\/p>\n<ul>\n<li><strong>Entrada de Voltaje:<\/strong>\u00a0110-240 Vca 50\/60Hz<\/li>\n<li><strong>Salida de Voltaje:<\/strong>\u00a013.8Vcd\/5A +1A<\/li>\n<\/ul>\n<p>&nbsp;<\/p>\n<\/div>\n<\/div>\n<hr class=\"padding-bottom-2x\" \/>\n<div class=\"row align-items-center padding-bottom-2x\">\n<div class=\"col-md-5\"><img decoding=\"async\" class=\"d-block m-auto img-thumbnail\" src=\"https:\/\/tvc.mx\/media\/698592\/Soluci%C3%B3n-Elevadores-10-Pisos-KITEC10-ZKTeco-TVC-secundaria4.png\" alt=\" \" \/><\/div>\n<div class=\"col-md-7 text-md-left text-center\">\n<h2>Bater\u00eda de respaldo<\/h2>\n<p class=\"text-muted\">\n<h2>Especificaciones T\u00e9cnicas<\/h2>\n<ul>\n<li><strong>Voltaje:<\/strong>\u00a012 v<\/li>\n<li><strong>Capacidad:<\/strong>\u00a07.0 AH<\/li>\n<li><strong>Dimensiones:<\/strong>\u00a0151 * 65 * 95 mm<\/li>\n<\/ul>\n<h2>Aplicaciones<\/h2>\n<ul>\n<li>Fuente de alimentaci\u00f3n ininterrumpida (UPS)<\/li>\n<li>Sistema de energ\u00eda el\u00e9ctrica (EPS)<\/li>\n<li>Fuente de alimentaci\u00f3n de respaldo de emergencia<\/li>\n<li>Luz de emergencia<\/li>\n<li>Sistema de alarma y seguridad<\/li>\n<li>Aparatos y equipos electr\u00f3nicos<\/li>\n<\/ul>\n<\/div>\n<\/div>\n","protected":false},"excerpt":{"rendered":"<p>Informaci\u00f3n General El\u00a0ZK KITEC10\u00a0otorga lo necesario para cubrir una soluci\u00f3n de control del acceso a los pisos de un elevador, ya que contiene el panel EC10, su caja de protecci\u00f3n, bater\u00eda de respaldo, una lectora de huella y\/o tarjetas ID y la licencia para el&hellip;<\/p>\n","protected":false},"featured_media":8812,"comment_status":"open","ping_status":"closed","template":"","meta":{"om_disable_all_campaigns":false,"_monsterinsights_skip_tracking":false,"_monsterinsights_sitenote_active":false,"_monsterinsights_sitenote_note":"","_monsterinsights_sitenote_category":0},"product_brand":[],"product_cat":[818],"product_tag":[81,727,730,66,731,728,729],"class_list":{"0":"post-8813","1":"product","2":"type-product","3":"status-publish","4":"has-post-thumbnail","6":"product_cat-paneles-de-control-control-de-acceso-zkteco-acceso-asistencia","7":"product_tag-acceso-y-asistencia","8":"product_tag-cerraduras","9":"product_tag-commax-wulian","10":"product_tag-dahua","11":"product_tag-wejoin","12":"product_tag-yli","13":"product_tag-zkteco","15":"first","16":"instock","17":"sale","18":"taxable","19":"shipping-taxable","20":"purchasable","21":"product-type-simple"},"aioseo_notices":[],"_links":{"self":[{"href":"https:\/\/tecsecmty.com\/index.php\/wp-json\/wp\/v2\/product\/8813","targetHints":{"allow":["GET"]}}],"collection":[{"href":"https:\/\/tecsecmty.com\/index.php\/wp-json\/wp\/v2\/product"}],"about":[{"href":"https:\/\/tecsecmty.com\/index.php\/wp-json\/wp\/v2\/types\/product"}],"replies":[{"embeddable":true,"href":"https:\/\/tecsecmty.com\/index.php\/wp-json\/wp\/v2\/comments?post=8813"}],"version-history":[{"count":0,"href":"https:\/\/tecsecmty.com\/index.php\/wp-json\/wp\/v2\/product\/8813\/revisions"}],"wp:featuredmedia":[{"embeddable":true,"href":"https:\/\/tecsecmty.com\/index.php\/wp-json\/wp\/v2\/media\/8812"}],"wp:attachment":[{"href":"https:\/\/tecsecmty.com\/index.php\/wp-json\/wp\/v2\/media?parent=8813"}],"wp:term":[{"taxonomy":"product_brand","embeddable":true,"href":"https:\/\/tecsecmty.com\/index.php\/wp-json\/wp\/v2\/product_brand?post=8813"},{"taxonomy":"product_cat","embeddable":true,"href":"https:\/\/tecsecmty.com\/index.php\/wp-json\/wp\/v2\/product_cat?post=8813"},{"taxonomy":"product_tag","embeddable":true,"href":"https:\/\/tecsecmty.com\/index.php\/wp-json\/wp\/v2\/product_tag?post=8813"}],"curies":[{"name":"wp","href":"https:\/\/api.w.org\/{rel}","templated":true}]}}