{"id":8815,"date":"2023-02-23T22:29:55","date_gmt":"2023-02-24T04:29:55","guid":{"rendered":"https:\/\/tecsecmty.com\/index.php\/producto\/zkteco-c3100idpack-control-de-acceso-profesional-para-1-puerta-con-lector-de-tarjeta-rfid-boton-de-salida-sin-contacto-contrachapa-magnetica-y-soporte-para-contrachapa-paquete-de-10-tarjetas\/"},"modified":"2023-03-22T23:25:15","modified_gmt":"2023-03-23T05:25:15","slug":"zkteco-c3100idpack-control-de-acceso-profesional-para-1-puerta-con-lector-de-tarjeta-rfid-boton-de-salida-sin-contacto-contrachapa-magnetica-y-soporte-para-contrachapa-paquete-de-10-tarjetas","status":"publish","type":"product","link":"https:\/\/tecsecmty.com\/index.php\/producto\/zkteco-c3100idpack-control-de-acceso-profesional-para-1-puerta-con-lector-de-tarjeta-rfid-boton-de-salida-sin-contacto-contrachapa-magnetica-y-soporte-para-contrachapa-paquete-de-10-tarjetas\/","title":{"rendered":"ZKTECO C3100IDPACK &#8211; Control de Acceso Profesional para 1 Puerta con Lector de Tarjeta RFID \/ Bot\u00f3n de Salida sin Contacto \/ Contrachapa Magn\u00e9tica y Soporte para Contrachapa \/ Paquete de 10 Tarjetas \/ Administra con Software ZK Access 3.5"},"content":{"rendered":"<div class=\"row aling-items-center padding-bottom-2x\">\n<div class=\"col-lg-12\">\n<h5 class=\"card-title text-center\">Informaci\u00f3n General<\/h5>\n<h2><strong>Descripci\u00f3n<\/strong><\/h2>\n<p>El\u00a0ZKC3100PAK\u00a0es un control de acceso profesional con un dise\u00f1o de alta seguridad y calidad para el hogar y oficina.<\/p>\n<p>Tiene la facilidad de instalaci\u00f3n ya que contiene el panel C3100 con capacidad de almacenamiento de hasta 30000 tarjetas \/ usuarios, monitoreo en tiempo real y control de su sistema de control de acceso; todo esto desde el software Access 3.5, cuenta con su gabinete de protecci\u00f3n.<\/p>\n<p><img decoding=\"async\" class=\"overview-center-img-web\" src=\"https:\/\/tvc.mx\/media\/284127\/Control-Acceso-Profesional-1Puerta-LectorRFID-Bot%C3%B3n-sin-Contacto-Contrachapa-Soporte-Contrachapa-Tarjetas-Descripci%C3%B3n-C3100IDPACK-ZKTeco.png\" alt=\"\" \/><\/div>\n<\/div>\n<div class=\"row align-items-center padding-bottom-2x\">\n<div class=\"col-md-5 order-md-2\"><img decoding=\"async\" class=\"d-block m-auto img-thumbnail\" src=\"https:\/\/tvc.mx\/media\/284131\/Control-Acceso-Profesional-1Puerta-LectorRFID-Bot%C3%B3n-sin-Contacto-Contrachapa-Soporte-Contrachapa-Tarjetas-IDCARND-C3100IDPACK-ZKTeco.png\" alt=\" \" \/><\/div>\n<div class=\"col-md-7 order-md-1 text-md-left text-center\">\n<h2>Contenido<\/h2>\n<p class=\"text-muted\">\n<h1><strong>ZKTECO IDCARDN<\/strong><\/h1>\n<p><strong>Paquete de 10 tarjetas ID 125 Khz \/ 0.88 mm De grosor \/ Folio impreso \/ Modelo A16060006<\/strong><\/p>\n<ul>\n<li class=\"ql-align-justify\">Paquete con 10 tarjetas ID ultradelgadas.<\/li>\n<li class=\"ql-align-justify\"><strong>Chip TK4100\/TH4100.<\/strong><\/li>\n<li class=\"ql-align-justify\"><strong>Medidas:\u00a0\u00a085mm x 54mm\u00a0x 0.88mm.<\/strong><\/li>\n<li class=\"ql-align-justify\"><strong>Frecuencia: 125 KHz.<\/strong><\/li>\n<li class=\"ql-align-justify\"><strong>Compatibilidad: Equipos con lector de tarjetas ID integrado.<\/strong><\/li>\n<li class=\"ql-align-justify\"><strong>Cumple con est\u00e1ndar ISO1443A.<\/strong><\/li>\n<li class=\"ql-align-justify\"><strong>FOLIADAS<\/strong><\/li>\n<\/ul>\n<h2><\/h2>\n<p>&nbsp;<\/p>\n<\/div>\n<\/div>\n<hr class=\"padding-bottom-2x\" \/>\n<div class=\"row align-items-center padding-bottom-2x\">\n<div class=\"col-md-5\"><img decoding=\"async\" class=\"d-block m-auto img-thumbnail\" src=\"https:\/\/tvc.mx\/media\/284135\/Control-Acceso-Profesional-1Puerta-LectorRFID-Bot%C3%B3n-sin-Contacto-Contrachapa-Soporte-Contrachapa-Tarjetas-Contrachapa-C3100IDPACK-ZKTeco.png\" alt=\" \" \/><\/div>\n<div class=\"col-md-7 text-md-left text-center\">\n<h2>.<\/h2>\n<p class=\"text-muted\">\n<h1 class=\"ql-align-justify\"><strong>CONTRACHAPA MAGN\u00c9TICA<\/strong><\/h1>\n<p class=\"ql-align-justify\"><strong>Contrachapa magn\u00e9tica de una sola puerta, de uso rudo \/ Sujeci\u00f3n de 200 Kg \/ Para puertas de madera, vidrio y met\u00e1licas<\/strong><\/p>\n<ul>\n<li class=\"ql-align-justify\">Tama\u00f1o: 250Lx48.8Wx27.9H (mm)<\/li>\n<li class=\"ql-align-justify\">Dimensi\u00f3n de la placa de armadura: 180Lx38.8Wx13H (mm)<\/li>\n<li class=\"ql-align-justify\">Fuerza de retenci\u00f3n: 200 kg<\/li>\n<li class=\"ql-align-justify\">Voltaje de entrada: 12 o 24VDC<\/li>\n<li class=\"ql-align-justify\">Corriente: 12V \/ 520mA o 24V \/ 260mA<\/li>\n<li class=\"ql-align-justify\">Se\u00f1al de bloqueo de salida: de se\u00f1al (NO \/ NC \/ COM).<\/li>\n<li class=\"ql-align-justify\">Tipos de puerta: Puerta de madera adecuada, Puerta de vidrio, Puerta de metal.<\/li>\n<li class=\"ql-align-justify\">Peso: 2.1KG.<\/li>\n<\/ul>\n<p>&nbsp;<\/p>\n<\/div>\n<\/div>\n<hr class=\"padding-bottom-2x\" \/>\n<div class=\"row align-items-center padding-bottom-2x\">\n<div class=\"col-md-5 order-md-2\"><img decoding=\"async\" class=\"d-block m-auto img-thumbnail\" src=\"https:\/\/tvc.mx\/media\/284139\/Control-Acceso-Profesional-1Puerta-LectorRFID-Bot%C3%B3n-sin-Contacto-Contrachapa-Soporte-Contrachapa-Tarjetas-Soporte-C3100IDPACK-ZKTeco.png\" alt=\" \" \/><\/div>\n<div class=\"col-md-7 order-md-1 text-md-left text-center\">\n<h2>.<\/h2>\n<p class=\"text-muted\">\n<h1 class=\"ql-align-justify\"><strong>SOPORTE DE FIJACI\u00d3N<\/strong><\/h1>\n<p class=\"ql-align-justify\"><strong>Soporte de fijaci\u00f3n ZL para puerta con apertura interior \/ Compatible con chapa magn\u00e9tica<\/strong><\/p>\n<p class=\"ql-align-justify\">Este accesorio puede utilizarse en situaciones donde la puerta abra hacia adentro, dando la seguridad del acceso ocultando la chapa, manteniendo sin alterar la elegancia del entorno externo de la puerta.<\/p>\n<p>&nbsp;<\/p>\n<\/div>\n<\/div>\n<hr class=\"padding-bottom-2x\" \/>\n<div class=\"row align-items-center padding-bottom-2x\">\n<div class=\"col-md-5\"><img decoding=\"async\" class=\"d-block m-auto img-thumbnail\" src=\"https:\/\/tvc.mx\/media\/284143\/Control-Acceso-Profesional-1Puerta-LectorRFID-Bot%C3%B3n-sin-Contacto-Contrachapa-Soporte-Contrachapa-Tarjetas-K11-C3100IDPACK-ZKTeco.png\" alt=\" \" \/><\/div>\n<div class=\"col-md-7 text-md-left text-center\">\n<h2>.<\/h2>\n<p class=\"text-muted\">\n<h1><strong>ZKTECO K11(TLEB102)\u00a0<\/strong><\/h1>\n<p><strong>Boton de salida sin contacto \/ Salidas NC no COM \/ Rango de deteccion hasta 10 CM<\/strong><\/p>\n<p>Nuestro bot\u00f3n modelo K11 utiliza un Sensor para apertura de puertas sin contacto (ZKTeco) permite abrir una puerta sin necesidad de presionar un bot\u00f3n o pasar una tarjeta. El bot\u00f3n conectado a un reloj checador le permitir\u00e1 la apertura de una puerta solamente pasando su mano a una distancia de hasta 10 cm del sensor y con eso ser\u00e1 suficiente para que se active un acceso.<\/p>\n<p>&nbsp;<\/p>\n<\/div>\n<\/div>\n<hr class=\"padding-bottom-2x\" \/>\n<div class=\"row align-items-center padding-bottom-2x\">\n<div class=\"col-md-5 order-md-2\"><img decoding=\"async\" class=\"d-block m-auto img-thumbnail\" src=\"https:\/\/tvc.mx\/media\/284147\/Control-Acceso-Profesional-1Puerta-LectorRFID-Bot%C3%B3n-sin-Contacto-Contrachapa-Soporte-Contrachapa-Tarjetas-KR500-C3100IDPACK-ZKTeco.png\" alt=\" \" \/><\/div>\n<div class=\"col-md-7 order-md-1 text-md-left text-center\">\n<h2>.<\/h2>\n<p class=\"text-muted\">\n<h1><strong>ZK KR500<\/strong><\/h1>\n<p><strong>\u00a0Lector esclavo de tarjetas ID 125 Khz \/ IP65 \/ Wiegand 26 \/ LED Indicador de estado<\/strong><\/p>\n<ul>\n<li class=\"ql-align-justify\">El rango de lecturade hasta10 cm\u00a0para la tarjeta deproximidad<\/li>\n<li class=\"ql-align-justify\">El control externoLED<\/li>\n<li class=\"ql-align-justify\">Control de la Sirenaexterna<\/li>\n<li class=\"ql-align-justify\">Interior \/ Exterioroperaci\u00f3n<\/li>\n<li class=\"ql-align-justify\">Moldeado en epoxis\u00f3lido<\/li>\n<li class=\"ql-align-justify\">Resistente al aguaIP65<\/li>\n<li class=\"ql-align-justify\">Protecci\u00f3n depolaridad inversa<\/li>\n<\/ul>\n<\/div>\n<\/div>\n","protected":false},"excerpt":{"rendered":"<p>Informaci\u00f3n General Descripci\u00f3n El\u00a0ZKC3100PAK\u00a0es un control de acceso profesional con un dise\u00f1o de alta seguridad y calidad para el hogar y oficina. Tiene la facilidad de instalaci\u00f3n ya que contiene el panel C3100 con capacidad de almacenamiento de hasta 30000 tarjetas \/ usuarios, monitoreo en&hellip;<\/p>\n","protected":false},"featured_media":8814,"comment_status":"open","ping_status":"closed","template":"","meta":{"om_disable_all_campaigns":false,"_monsterinsights_skip_tracking":false,"_monsterinsights_sitenote_active":false,"_monsterinsights_sitenote_note":"","_monsterinsights_sitenote_category":0},"product_brand":[],"product_cat":[819],"product_tag":[81,727,730,66,731,728,729],"class_list":{"0":"post-8815","1":"product","2":"type-product","3":"status-publish","4":"has-post-thumbnail","6":"product_cat-proximidad-control-de-acceso-zkteco-acceso-asistencia","7":"product_tag-acceso-y-asistencia","8":"product_tag-cerraduras","9":"product_tag-commax-wulian","10":"product_tag-dahua","11":"product_tag-wejoin","12":"product_tag-yli","13":"product_tag-zkteco","15":"first","16":"instock","17":"sale","18":"taxable","19":"shipping-taxable","20":"purchasable","21":"product-type-simple"},"aioseo_notices":[],"_links":{"self":[{"href":"https:\/\/tecsecmty.com\/index.php\/wp-json\/wp\/v2\/product\/8815","targetHints":{"allow":["GET"]}}],"collection":[{"href":"https:\/\/tecsecmty.com\/index.php\/wp-json\/wp\/v2\/product"}],"about":[{"href":"https:\/\/tecsecmty.com\/index.php\/wp-json\/wp\/v2\/types\/product"}],"replies":[{"embeddable":true,"href":"https:\/\/tecsecmty.com\/index.php\/wp-json\/wp\/v2\/comments?post=8815"}],"version-history":[{"count":0,"href":"https:\/\/tecsecmty.com\/index.php\/wp-json\/wp\/v2\/product\/8815\/revisions"}],"wp:featuredmedia":[{"embeddable":true,"href":"https:\/\/tecsecmty.com\/index.php\/wp-json\/wp\/v2\/media\/8814"}],"wp:attachment":[{"href":"https:\/\/tecsecmty.com\/index.php\/wp-json\/wp\/v2\/media?parent=8815"}],"wp:term":[{"taxonomy":"product_brand","embeddable":true,"href":"https:\/\/tecsecmty.com\/index.php\/wp-json\/wp\/v2\/product_brand?post=8815"},{"taxonomy":"product_cat","embeddable":true,"href":"https:\/\/tecsecmty.com\/index.php\/wp-json\/wp\/v2\/product_cat?post=8815"},{"taxonomy":"product_tag","embeddable":true,"href":"https:\/\/tecsecmty.com\/index.php\/wp-json\/wp\/v2\/product_tag?post=8815"}],"curies":[{"name":"wp","href":"https:\/\/api.w.org\/{rel}","templated":true}]}}