{"id":8818,"date":"2023-02-23T22:30:00","date_gmt":"2023-02-24T04:30:00","guid":{"rendered":"https:\/\/tecsecmty.com\/index.php\/producto\/dahua-asr1101a-lectora-de-tarjetas-mifare-con-teclado-touch-para-password-conexion-rs-485-y-wiegand-leds-rojo-y-verde-fondo-de-luz-azul\/"},"modified":"2023-03-22T23:22:21","modified_gmt":"2023-03-23T05:22:21","slug":"dahua-asr1101a-lectora-de-tarjetas-mifare-con-teclado-touch-para-password-conexion-rs-485-y-wiegand-leds-rojo-y-verde-fondo-de-luz-azul","status":"publish","type":"product","link":"https:\/\/tecsecmty.com\/index.php\/producto\/dahua-asr1101a-lectora-de-tarjetas-mifare-con-teclado-touch-para-password-conexion-rs-485-y-wiegand-leds-rojo-y-verde-fondo-de-luz-azul\/","title":{"rendered":"DAHUA ASR1101A &#8211; Lectora de Tarjetas MiFare con Teclado Touch\/ para Password\/ Conexi\u00f3n RS-485 y Wiegand\/ Leds Rojo y Verde\/ Fondo de Luz Azul\/"},"content":{"rendered":"<div class=\"row aling-items-center padding-bottom-2x\">\n<div class=\"col-lg-12\">\n<h5 class=\"card-title text-center\">Informaci\u00f3n General<\/h5>\n<p>La lectora modelo\u00a0<strong>ASR1101A<\/strong>\u00a0es una\u00a0lectora de tarjetas Mifare que\u00a0cuenta con un teclado tactil.\u00a0Tiene la facilidad de leer tarjetas Mifare o utilizar alguna contrase\u00f1a de desbloqueo y enviar la informaci\u00f3n a un dispositivo de control de acceso para ser verificada posteriormente.<\/p>\n<p><img decoding=\"async\" class=\"overview-center-img-web\" src=\"https:\/\/tvc.mx\/media\/393615\/lectora-para-tarjetas-mifare-y-password-conexion-wiegand-ASR1101A-Dahua.png\" alt=\"\" \/><\/div>\n<\/div>\n<div class=\"row align-items-center padding-bottom-2x\">\n<div class=\"col-md-5\"><img decoding=\"async\" class=\"d-block m-auto img-thumbnail\" src=\"https:\/\/tvc.mx\/media\/52077\/DHI-ASR1101Aconfig5.png\" alt=\" \" \/><\/div>\n<div class=\"col-md-7 text-md-left text-center\">\n<h2>Lector de tarjetas<\/h2>\n<p class=\"text-muted\">\n<p class=\"ql-align-justify\">Cuenta con una comunicaci\u00f3n Wiegand y RS485 para un mejor desempe\u00f1o y facil conexion.<\/p>\n<p class=\"ql-align-justify\">El lector de tarjetas Mifare\u00a0en conjunto con un panelofrece la soluci\u00f3n de control de acceso m\u00e1s segura y rentable en interiores de edificios comerciales, propiedades de corporaciones y comunidades inteligentes.<\/p>\n<p>&nbsp;<\/p>\n<\/div>\n<\/div>\n<hr class=\"padding-bottom-2x\" \/>\n<div class=\"row align-items-center padding-bottom-2x\">\n<div class=\"col-md-5 order-md-2\"><img decoding=\"async\" class=\"d-block m-auto img-thumbnail\" src=\"https:\/\/tvc.mx\/media\/52092\/DHI-ASR1101Aconfig6.png\" alt=\" \" \/><\/div>\n<div class=\"col-md-7 order-md-1 text-md-left text-center\">\n<h2>Aplicaciones<\/h2>\n<p class=\"text-muted\">\n<p class=\"ql-align-justify\">El lector de tarjetas esta dise\u00f1ado para uso en interiores, gracias a su forma y apariencia es considerado para instalaciones de controles de acceso en oficinas u hogar.<\/p>\n<p class=\"ql-align-justify\"><strong>Contiene<\/strong>:<\/p>\n<ul>\n<li class=\"ql-align-justify\">Reader: El lector de tarjetas no t\u00e1ctiles de 13.56 MHz (solo lectura) adopta m\u00e9todos de tarjeta, tarjeta + contrase\u00f1a con teclado Cada vez que el usuario presione la tecla, se escuchar\u00e1 un pitido.<\/li>\n<li class=\"ql-align-justify\">Salida Wiegand est\u00e1ndar o salida RS485.<\/li>\n<li class=\"ql-align-justify\">Distance Distancia de lectura de la tarjeta 5cm ~ 8cm, tiempo de deslizamiento de la tarjeta correspondiente &lt;0.1s.<\/li>\n<li class=\"ql-align-justify\">Perro guardi\u00e1n.<\/li>\n<li class=\"ql-align-justify\">A prueba de iluminaci\u00f3n, sin est\u00e1tica y a prueba de cortocircuitos.<\/li>\n<li class=\"ql-align-justify\">Beeper e indicador.<\/li>\n<\/ul>\n<p>&nbsp;<\/p>\n<\/div>\n<\/div>\n<hr class=\"padding-bottom-2x\" \/>\n<div class=\"row align-items-center padding-bottom-2x\">\n<div class=\"col-md-5\"><img decoding=\"async\" class=\"d-block m-auto img-thumbnail\" src=\"https:\/\/tvc.mx\/media\/393619\/lectora-para-tarjetas-mifare-y-password-conexion-wiegand-ASR1101A-Dahua-pp-caracteristicas.png\" alt=\" \" \/><\/div>\n<div class=\"col-md-7 text-md-left text-center\">\n<h2>Principales Caracter\u00edsticas<\/h2>\n<p class=\"text-muted\">\n<p class=\"ql-align-justify\"><strong>Principales Caracter\u00edsticas<\/strong><\/p>\n<ul>\n<li class=\"ql-align-justify\">Admite RS485, protocolo Wiegand34 (Wiegand 26 opcional).<\/li>\n<li class=\"ql-align-justify\">13.56MHz (Mifare).<\/li>\n<li class=\"ql-align-justify\">LED rojo y verde.<\/li>\n<li class=\"ql-align-justify\">Teclado t\u00e1ctil sensible con luz de fondo azul.<\/li>\n<li class=\"ql-align-justify\">La funci\u00f3n Watch Dog garantiza que el dispositivo no se detenga.<\/li>\n<li class=\"ql-align-justify\">Pitido e indicador LED.<\/li>\n<li class=\"ql-align-justify\">Instalaci\u00f3n en superficie.<\/li>\n<\/ul>\n<p>&nbsp;<\/p>\n<\/div>\n<\/div>\n<hr class=\"padding-bottom-2x\" \/>\n<div class=\"row align-items-center padding-bottom-2x\">\n<div class=\"col-md-5 order-md-2\"><img decoding=\"async\" class=\"d-block m-auto img-thumbnail\" src=\"https:\/\/tvc.mx\/media\/393623\/lectora-para-tarjetas-mifare-y-password-conexion-wiegand-ASR1101A-Dahua-especificaciones.png\" alt=\" \" \/><\/div>\n<div class=\"col-md-7 order-md-1 text-md-left text-center\">\n<h2>Especificaciones<\/h2>\n<p class=\"text-muted\">\n<p class=\"ql-align-justify\"><strong>Sistema<\/strong><\/p>\n<ul>\n<li class=\"ql-align-justify\">Procesador principal de 8 bits<\/li>\n<\/ul>\n<p class=\"ql-align-justify\"><strong>Lector<\/strong><\/p>\n<ul>\n<li class=\"ql-align-justify\">Formato de lectura 13.56MHz.<\/li>\n<li class=\"ql-align-justify\">Rango de lectura 1 cm \u2013 4 cm (m\u00e1x.).<\/li>\n<li class=\"ql-align-justify\">Tiempo de lectura &lt;0.1s.<\/li>\n<\/ul>\n<p class=\"ql-align-justify\"><strong>Funci\u00f3n<\/strong><\/p>\n<ul>\n<li class=\"ql-align-justify\">Alarma de sabotaje: S\u00ed.<\/li>\n<\/ul>\n<p class=\"ql-align-justify\"><strong>Interfaz<\/strong><\/p>\n<ul>\n<li class=\"ql-align-justify\">Al controlador RS485, Wiegand34 (Wiegand 26 opcional)<\/li>\n<\/ul>\n<p class=\"ql-align-justify\"><strong>General<\/strong><\/p>\n<ul>\n<li class=\"ql-align-justify\">Teclado 12 teclas (0-9, *, #).<\/li>\n<li class=\"ql-align-justify\">Teclado t\u00e1ctil sensible Luz de fondo azul.<\/li>\n<li class=\"ql-align-justify\">Zumbador de tono de pitido.<\/li>\n<li class=\"ql-align-justify\">Fuente de alimentaci\u00f3n: De 9V \u2013 15V DC \/ 100mA.<\/li>\n<li class=\"ql-align-justify\">Temperatura de funcionamiento: De -30 \u00b0 C a + 60 \u00b0 C.<\/li>\n<li class=\"ql-align-justify\">Humedad de trabajo \u226495%.<\/li>\n<li class=\"ql-align-justify\">Dimensi\u00f3n (W \u00d7 D \u00d7 H) 87mm \u00d7 13mm \u00d7 136mm.<\/li>\n<li class=\"ql-align-justify\">Peso: 0.25kg.<\/li>\n<li class=\"ql-align-justify\">Ambiente de trabajo interior.<\/li>\n<\/ul>\n<p>&nbsp;<\/p>\n<\/div>\n<\/div>\n<hr class=\"padding-bottom-2x\" \/>\n<div class=\"row align-items-center padding-bottom-2x\">\n<div class=\"col-md-5\"><img decoding=\"async\" class=\"d-block m-auto img-thumbnail\" src=\"https:\/\/tvc.mx\/media\/391039\/DHI-ASR1101A-20220311-105643-PNG-400x300.png\" alt=\"  DHI-ASR1101A Lectora para tarjetas MIFARE y PASSWORD Conexion Wiegand o RS485\" \/><\/div>\n<div class=\"col-md-7 text-md-left text-center\">\n<h2>Incluye:<\/h2>\n<p class=\"text-muted\">\n<ul>\n<li>Equipo<\/li>\n<li>Calcoman\u00eda con las medidas exactas para hacer los orificios donde se vaya a montar<\/li>\n<li>Tornillos \/ taquetes<\/li>\n<li>Gu\u00eda de instalaci\u00f3n r\u00e1pida<\/li>\n<li>P\u00f3liza de garant\u00eda<\/li>\n<li>Gu\u00eda con informaci\u00f3n legal y reglamentaria<\/li>\n<li>Calcoman\u00eda con QR para descargar manuales desde Internet<\/li>\n<\/ul>\n<\/div>\n<\/div>\n","protected":false},"excerpt":{"rendered":"<p>Informaci\u00f3n General La lectora modelo\u00a0ASR1101A\u00a0es una\u00a0lectora de tarjetas Mifare que\u00a0cuenta con un teclado tactil.\u00a0Tiene la facilidad de leer tarjetas Mifare o utilizar alguna contrase\u00f1a de desbloqueo y enviar la informaci\u00f3n a un dispositivo de control de acceso para ser verificada posteriormente. Lector de tarjetas Cuenta&hellip;<\/p>\n","protected":false},"featured_media":1274,"comment_status":"open","ping_status":"closed","template":"","meta":{"om_disable_all_campaigns":false,"_monsterinsights_skip_tracking":false,"_monsterinsights_sitenote_active":false,"_monsterinsights_sitenote_note":"","_monsterinsights_sitenote_category":0},"product_brand":[],"product_cat":[821],"product_tag":[81,727,730,66,731,728,729],"class_list":{"0":"post-8818","1":"product","2":"type-product","3":"status-publish","4":"has-post-thumbnail","6":"product_cat-proximidad-control-de-acceso-dahua-acceso-asistencia","7":"product_tag-acceso-y-asistencia","8":"product_tag-cerraduras","9":"product_tag-commax-wulian","10":"product_tag-dahua","11":"product_tag-wejoin","12":"product_tag-yli","13":"product_tag-zkteco","15":"first","16":"instock","17":"sale","18":"taxable","19":"shipping-taxable","20":"purchasable","21":"product-type-simple"},"aioseo_notices":[],"_links":{"self":[{"href":"https:\/\/tecsecmty.com\/index.php\/wp-json\/wp\/v2\/product\/8818","targetHints":{"allow":["GET"]}}],"collection":[{"href":"https:\/\/tecsecmty.com\/index.php\/wp-json\/wp\/v2\/product"}],"about":[{"href":"https:\/\/tecsecmty.com\/index.php\/wp-json\/wp\/v2\/types\/product"}],"replies":[{"embeddable":true,"href":"https:\/\/tecsecmty.com\/index.php\/wp-json\/wp\/v2\/comments?post=8818"}],"version-history":[{"count":0,"href":"https:\/\/tecsecmty.com\/index.php\/wp-json\/wp\/v2\/product\/8818\/revisions"}],"wp:featuredmedia":[{"embeddable":true,"href":"https:\/\/tecsecmty.com\/index.php\/wp-json\/wp\/v2\/media\/1274"}],"wp:attachment":[{"href":"https:\/\/tecsecmty.com\/index.php\/wp-json\/wp\/v2\/media?parent=8818"}],"wp:term":[{"taxonomy":"product_brand","embeddable":true,"href":"https:\/\/tecsecmty.com\/index.php\/wp-json\/wp\/v2\/product_brand?post=8818"},{"taxonomy":"product_cat","embeddable":true,"href":"https:\/\/tecsecmty.com\/index.php\/wp-json\/wp\/v2\/product_cat?post=8818"},{"taxonomy":"product_tag","embeddable":true,"href":"https:\/\/tecsecmty.com\/index.php\/wp-json\/wp\/v2\/product_tag?post=8818"}],"curies":[{"name":"wp","href":"https:\/\/api.w.org\/{rel}","templated":true}]}}