{"id":8819,"date":"2023-02-23T22:30:00","date_gmt":"2023-02-24T04:30:00","guid":{"rendered":"https:\/\/tecsecmty.com\/index.php\/producto\/dahua-asr1200e-d-lectora-de-tarjetas-id-125-khz-para-exteriores-ip66-conexion-wiegand-o-rs485-indicador-de-luz-y-sonido-accesoprofesional\/"},"modified":"2023-03-22T23:22:21","modified_gmt":"2023-03-23T05:22:21","slug":"dahua-asr1200e-d-lectora-de-tarjetas-id-125-khz-para-exteriores-ip66-conexion-wiegand-o-rs485-indicador-de-luz-y-sonido-accesoprofesional","status":"publish","type":"product","link":"https:\/\/tecsecmty.com\/index.php\/producto\/dahua-asr1200e-d-lectora-de-tarjetas-id-125-khz-para-exteriores-ip66-conexion-wiegand-o-rs485-indicador-de-luz-y-sonido-accesoprofesional\/","title":{"rendered":"DAHUA ASR1200E-D &#8211; Lectora de tarjetas ID 125 Khz \/ Para exteriores \/ IP66 \/ Conexion Wiegand o RS485 \/ Indicador de luz y sonido #AccesoProfesional"},"content":{"rendered":"<div class=\"row aling-items-center padding-bottom-2x\">\n<div class=\"col-lg-12\">\n<h5 class=\"card-title text-center\">INFORMACION GENERAL<\/h5>\n<p>El modelo\u00a0ASR1200ED\u00a0es un equipo lector tarjetas ID que\u00a0tiene la facilidad\u00a0enviar la informaci\u00f3n capturada a un dispositivo de control de acceso para ser verificada posteriormente.<\/p>\n<p><img decoding=\"async\" class=\"overview-center-img-web\" src=\"https:\/\/tvc.mx\/media\/387887\/lectora-de-tarjetas-ID-125-khz-para-exteriores-ASR1200ED-Dahua.png\" alt=\"\" \/><\/div>\n<\/div>\n<div class=\"row align-items-center padding-bottom-2x\">\n<div class=\"col-md-5\"><img decoding=\"async\" class=\"d-block m-auto img-thumbnail\" src=\"https:\/\/tvc.mx\/media\/387895\/IP66-dahua.png\" alt=\" \" \/><\/div>\n<div class=\"col-md-7 text-md-left text-center\">\n<h2>Resumen de Sistema<\/h2>\n<p class=\"text-muted\">\n<p>El lector de tarjetas ID\u00a0\u00a0<strong>ASR1200E-D<\/strong>\u00a0es un equipo que tiene la facilidad de leer tarjetas ID y enviar la informaci\u00f3n a un dispositivo de control de acceso para ser verificada posteriormente. Cuenta con una comunicaci\u00f3n wiegand \u00f3 RS485 y\u00a0un indice de protecci\u00f3n IP66 el cual es a prueba de cortocircuitos y libre de est\u00e1tica.<\/p>\n<p>Como lector de tarjetas ID<strong>\u00a0<\/strong>ofrece la soluci\u00f3n de control de acceso m\u00e1s segura y rentable para edificios comerciales, propiedades de corporaciones y comunidades inteligentes.<\/p>\n<p>&nbsp;<\/p>\n<p>&nbsp;<\/p>\n<\/div>\n<\/div>\n<hr class=\"padding-bottom-2x\" \/>\n<div class=\"row align-items-center padding-bottom-2x\">\n<div class=\"col-md-5 order-md-2\"><img decoding=\"async\" class=\"d-block m-auto img-thumbnail\" src=\"https:\/\/tvc.mx\/media\/387899\/Proximidad-de-las-tarjetas-Dahua.png\" alt=\" \" \/><\/div>\n<div class=\"col-md-7 order-md-1 text-md-left text-center\">\n<h2>Detecci\u00f3n<\/h2>\n<p class=\"text-muted\">\n<p>La\u00a0ASR1200ED\u00a0soporta tarjetas ID de 125Khz las cuales pueden mostrarse en un rango de 3 a 6 cm para su correcta lectura, las tarjetas se adquieren por separado. Para una correcta lectura se recomienda apuntar a el sensor de proximidad con el que cuenta la lectora.<\/p>\n<p>&nbsp;<\/p>\n<\/div>\n<\/div>\n<hr class=\"padding-bottom-2x\" \/>\n<div class=\"row align-items-center padding-bottom-2x\">\n<div class=\"col-md-5\"><img decoding=\"async\" class=\"d-block m-auto img-thumbnail\" src=\"https:\/\/tvc.mx\/media\/387903\/lectora-de-tarjetas-ID-125-khz-para-exteriores-ASR1200ED-Dahua-pp-caracteristicas.png\" alt=\" \" \/><\/div>\n<div class=\"col-md-7 text-md-left text-center\">\n<h2>Caracter\u00edsticas y Especificaciones<\/h2>\n<p class=\"text-muted\">\n<p class=\"ql-align-justify\"><strong>Principales caracter\u00edsticas<\/strong><\/p>\n<ul>\n<li class=\"ql-align-justify\">Wiegand34 (26 opcionales) bits de protocolo RS-485.<\/li>\n<li class=\"ql-align-justify\">125 kHz (EM-ID).<\/li>\n<li class=\"ql-align-justify\">Dise\u00f1o a prueba de agua.<\/li>\n<li class=\"ql-align-justify\">LED indicadores rojos, azules y verdes.<\/li>\n<li class=\"ql-align-justify\">Instalaci\u00f3n en superficie.<\/li>\n<\/ul>\n<p>&nbsp;<\/p>\n<\/div>\n<\/div>\n<hr class=\"padding-bottom-2x\" \/>\n<div class=\"row align-items-center padding-bottom-2x\">\n<div class=\"col-md-5 order-md-2\"><img decoding=\"async\" class=\"d-block m-auto img-thumbnail\" src=\"https:\/\/tvc.mx\/media\/370779\/espedificaciones.png\" alt=\" \" \/><\/div>\n<div class=\"col-md-7 order-md-1 text-md-left text-center\">\n<h2>Especificaciones<\/h2>\n<p class=\"text-muted\">\n<p class=\"ql-align-justify\"><strong>Modelo ASR1200E-D<\/strong><\/p>\n<p class=\"ql-align-justify\"><strong>Sistema<\/strong><\/p>\n<ul>\n<li class=\"ql-align-justify\">Procesador principal de 8 bits<\/li>\n<\/ul>\n<p class=\"ql-align-justify\"><strong>Lector<\/strong><\/p>\n<ul>\n<li class=\"ql-align-justify\">Formato de lectura 125KHz<\/li>\n<li class=\"ql-align-justify\">Rango de lectura de 3-6 cm (m\u00e1x.)<\/li>\n<li class=\"ql-align-justify\">Tiempo de lectura &lt;0.1s<\/li>\n<\/ul>\n<p class=\"ql-align-justify\"><strong>Interfaz<\/strong><\/p>\n<ul>\n<li class=\"ql-align-justify\">Al controlador RS485, Wiegand 34 (26 opcional)<\/li>\n<\/ul>\n<p class=\"ql-align-justify\"><strong>General<\/strong><\/p>\n<ul>\n<li class=\"ql-align-justify\">Zumbador de tono de pitido.<\/li>\n<li class=\"ql-align-justify\">Protecci\u00f3n de ingreso: IP66 (aplique gel de s\u00edlice a los espacios entre el dispositivo y la pared.<\/li>\n<li class=\"ql-align-justify\">Se recomienda silicato de sodio l\u00edquido. Para m\u00e1s detalles, vea el r\u00e1pido gu\u00eda de inicio).<\/li>\n<li class=\"ql-align-justify\">Fuente de alimentaci\u00f3n 9-15V DC \/ 100mA.<\/li>\n<li class=\"ql-align-justify\">Temperatura de funcionamiento -30 \u00b0 C a + 60 \u00b0 C.<\/li>\n<li class=\"ql-align-justify\">Humedad de trabajo \u226495%.<\/li>\n<li class=\"ql-align-justify\">Dimensi\u00f3n (W \u00d7 D \u00d7 H) 96 mm \u00d7 43 mm \u00d7 17 mm.<\/li>\n<li class=\"ql-align-justify\">Peso 0.1kg.<\/li>\n<li class=\"ql-align-justify\">Ambiente de trabajo al aire libre.<\/li>\n<\/ul>\n<p>&nbsp;<\/p>\n<\/div>\n<\/div>\n<hr class=\"padding-bottom-2x\" \/>\n<div class=\"row align-items-center padding-bottom-2x\">\n<div class=\"col-md-5\"><img decoding=\"async\" class=\"d-block m-auto img-thumbnail\" src=\"https:\/\/tvc.mx\/media\/391103\/DHI-ASR1200E-D-20220311-111036-PNG-400x300.png\" alt=\" DHI-ASR1200E-D Lectora de tarjetas ID 125 Khz Para exteriores IP67 Conexion Wiegand RS485\" \/><\/div>\n<div class=\"col-md-7 text-md-left text-center\">\n<h2>Incluye:<\/h2>\n<p class=\"text-muted\">\n<ul>\n<li>Equipo<\/li>\n<li>Tornillos \/ taquetes<\/li>\n<li>Gu\u00eda de instalaci\u00f3n r\u00e1pida<\/li>\n<li>P\u00f3liza de garant\u00eda<\/li>\n<li>Gu\u00eda con informaci\u00f3n legal y reglamentaria<\/li>\n<\/ul>\n<\/div>\n<\/div>\n","protected":false},"excerpt":{"rendered":"<p>INFORMACION GENERAL El modelo\u00a0ASR1200ED\u00a0es un equipo lector tarjetas ID que\u00a0tiene la facilidad\u00a0enviar la informaci\u00f3n capturada a un dispositivo de control de acceso para ser verificada posteriormente. Resumen de Sistema El lector de tarjetas ID\u00a0\u00a0ASR1200E-D\u00a0es un equipo que tiene la facilidad de leer tarjetas ID y&hellip;<\/p>\n","protected":false},"featured_media":1276,"comment_status":"open","ping_status":"closed","template":"","meta":{"om_disable_all_campaigns":false,"_monsterinsights_skip_tracking":false,"_monsterinsights_sitenote_active":false,"_monsterinsights_sitenote_note":"","_monsterinsights_sitenote_category":0},"product_brand":[],"product_cat":[821],"product_tag":[81,727,730,66,731,728,729],"class_list":{"0":"post-8819","1":"product","2":"type-product","3":"status-publish","4":"has-post-thumbnail","6":"product_cat-proximidad-control-de-acceso-dahua-acceso-asistencia","7":"product_tag-acceso-y-asistencia","8":"product_tag-cerraduras","9":"product_tag-commax-wulian","10":"product_tag-dahua","11":"product_tag-wejoin","12":"product_tag-yli","13":"product_tag-zkteco","15":"first","16":"instock","17":"sale","18":"taxable","19":"shipping-taxable","20":"purchasable","21":"product-type-simple"},"aioseo_notices":[],"_links":{"self":[{"href":"https:\/\/tecsecmty.com\/index.php\/wp-json\/wp\/v2\/product\/8819","targetHints":{"allow":["GET"]}}],"collection":[{"href":"https:\/\/tecsecmty.com\/index.php\/wp-json\/wp\/v2\/product"}],"about":[{"href":"https:\/\/tecsecmty.com\/index.php\/wp-json\/wp\/v2\/types\/product"}],"replies":[{"embeddable":true,"href":"https:\/\/tecsecmty.com\/index.php\/wp-json\/wp\/v2\/comments?post=8819"}],"version-history":[{"count":0,"href":"https:\/\/tecsecmty.com\/index.php\/wp-json\/wp\/v2\/product\/8819\/revisions"}],"wp:featuredmedia":[{"embeddable":true,"href":"https:\/\/tecsecmty.com\/index.php\/wp-json\/wp\/v2\/media\/1276"}],"wp:attachment":[{"href":"https:\/\/tecsecmty.com\/index.php\/wp-json\/wp\/v2\/media?parent=8819"}],"wp:term":[{"taxonomy":"product_brand","embeddable":true,"href":"https:\/\/tecsecmty.com\/index.php\/wp-json\/wp\/v2\/product_brand?post=8819"},{"taxonomy":"product_cat","embeddable":true,"href":"https:\/\/tecsecmty.com\/index.php\/wp-json\/wp\/v2\/product_cat?post=8819"},{"taxonomy":"product_tag","embeddable":true,"href":"https:\/\/tecsecmty.com\/index.php\/wp-json\/wp\/v2\/product_tag?post=8819"}],"curies":[{"name":"wp","href":"https:\/\/api.w.org\/{rel}","templated":true}]}}