{"id":882,"date":"2023-02-16T00:07:26","date_gmt":"2023-02-16T00:07:26","guid":{"rendered":"https:\/\/tecsecmty.com\/index.php\/producto\/dvr-2-megapixel-1080p-lite-8-canales-turbohd-2-canales-ip-1-bahia-de-disco-duro-h-265-1-canal-de-audio-audio-por-coaxitron-salida-de-video-full-hd\/"},"modified":"2023-03-22T23:20:44","modified_gmt":"2023-03-23T05:20:44","slug":"dvr-2-megapixel-1080p-lite-8-canales-turbohd-2-canales-ip-1-bahia-de-disco-duro-h-265-1-canal-de-audio-audio-por-coaxitron-salida-de-video-full-hd","status":"publish","type":"product","link":"https:\/\/tecsecmty.com\/index.php\/producto\/dvr-2-megapixel-1080p-lite-8-canales-turbohd-2-canales-ip-1-bahia-de-disco-duro-h-265-1-canal-de-audio-audio-por-coaxitron-salida-de-video-full-hd\/","title":{"rendered":"DVR 2 Megapixel (1080P) Lite \/ 8 Canales TURBOHD + 2 Canales IP \/ 1 Bahia de Disco Duro \/ H.265+ \/ 1 Canal de Audio \/ Audio por Coaxitron \/ Salida de video Full HD"},"content":{"rendered":"<div class=\"container\">\n<div class=\"row\">\n<div class=\"col-md-12\">\n<div class=\"row\">\n<div class=\"row\">\n<div class=\"col-md-12\">\n<h4 class=\"text-primary center info-text\" style=\"text-align: center\">Informaci\u00f3n de Producto<\/h4>\n<\/div>\n<\/div>\n<div class=\"row\" style=\"text-align: center\">\n<div class=\"col-md-12\">\n<h3>DVR 2 Megapixel (1080P) Lite \/ 8 Canales TURBOHD + 2 Canales IP \/ 1 Bah\u00eda de Disco Duro \/ H.265+ \/ 1 Canal de Audio \/ Audio por Coaxitron \/ Salida de v\u00eddeo Full HD<\/h3>\n<\/div>\n<\/div>\n<div id=\"producto_container\" class=\"row\" style=\"text-align: center\">\n<div class=\"col-md-4\"><img decoding=\"async\" class=\"img-responsive center-block\" src=\"https:\/\/ftp3.syscom.mx\/usuarios\/fotos\/BancoFotografiasSyscom\/HIKVISION\/DS7108HGHIK1(S)\/DS7108HGHIK1(S)-p.PNG\" alt=\"DS-7108HGHI-K1(S)\" \/><\/p>\n<div class=\"row\">\n<div id=\"galerias\" class=\"col-sm-12\"><\/div>\n<\/div>\n<\/div>\n<div class=\"col-md-4\">\n<div><img decoding=\"async\" class=\"img-responsive img-thumbnail\" src=\"https:\/\/ftp3.syscom.mx\/usuarios\/fotos\/logotipos\/hikvision.png\" \/><\/div>\n<div><img decoding=\"async\" class=\"icono_info_product\" src=\"https:\/\/ftp3.syscom.mx\/usuarios\/ftp\/syscom_mx\/3-17-19-54-acusense.png?v=1593128259?v=1600727277?v=1600728320?v=1600729187?v=1600788062?v=1614732497\" \/><img decoding=\"async\" class=\"icono_info_product\" src=\"https:\/\/ftp3.syscom.mx\/usuarios\/fotos\/compression\/compression.png?v=1599263261?v=1620500991?v=1.04\" \/><img decoding=\"async\" class=\"icono_info_product\" src=\"https:\/\/ftp3.syscom.mx\/usuarios\/fotos\/audiovideomismocable.png?v=1588118778\" \/><\/div>\n<div>\n<p>Modelo:\u00a0<span class=\"modelo-marca\">DS-7108HGHI-K1(S)<\/span><\/p>\n<p>Marca:\u00a0<span class=\"modelo-marca\">HIKVISION<\/span><\/p>\n<\/div>\n<div><\/div>\n<\/div>\n<div class=\"col-md-4\">\n<div class=\"row\">\n<div class=\"col-md-12 default_padding_bottom\"><\/div>\n<\/div>\n<\/div>\n<\/div>\n<\/div>\n<div class=\"row \" style=\"text-align: center\">\n<div class=\"col-md-12\">\n<div class=\"row\">\n<h3 class=\"text-primary\">Especificaciones:<\/h3>\n<\/div>\n<div class=\"row well\">\n<p><img decoding=\"async\" class=\"fr-fic fr-dii\" src=\"https:\/\/ftp3.syscom.mx\/usuarios\/jsosa\/HIKVISION\/imagenes\/logo\/hikvision%20see%20far.png\" \/><\/p>\n<p>&nbsp;<\/p>\n<div><\/div>\n<p>&nbsp;<\/p>\n<div class=\"row\">\n<div class=\"col-sm-4\">\n<div><strong>Caracter\u00edsticas principales:<\/strong><\/p>\n<ul>\n<li>Soporte de tecnolog\u00edas: HD-TVI \/ HD-CVI \/ AHD \/ Anal\u00f3gico (CVBS) \/ IP.<\/li>\n<li>Software cliente iVMS-4200.<\/li>\n<li>Compatible con Hik-Connect P2P (<a href=\"https:\/\/appstore.hikvision.com\/\" target=\"_blank\" rel=\"noopener\">https:\/\/appstore.hikvision.com\/<\/a>).<\/li>\n<li>Soporta servicio Hik-connect Domain \/ DynDNS \/ NO-IP.<\/li>\n<li>Soporta 8 canales TURBOHD \/ analogicos + 2 canal IP = 10 canales en total.<\/li>\n<li><strong>NOTA: Permite apagar canales an\u00e1logos para agregar canales IP.<\/strong><\/li>\n<li><strong>El audio se recibe por la se\u00f1al TVI<\/strong><\/li>\n<li><strong>Cuenta con AcuSense para filtar humanos y vehiculos por detecci\u00f3n de movimiento\u00a0(No cuenta con videoanaliticos como cruces de linea \/ entrada de area)<\/strong><\/li>\n<\/ul>\n<p><strong>Para conectar los canales IP requiere utilizar un switch\/switch poe (no incluido)<\/strong><\/p>\n<\/div>\n<\/div>\n<div class=\"col-sm-4\">\n<div><strong>Caracter\u00edsticas F\u00edsicas y El\u00e9ctricas:<\/strong><\/p>\n<ul>\n<li>Alimentaci\u00f3n: 12 Vcc.<\/li>\n<li>Consumo sin disco duro: 17 W.<\/li>\n<li>Temperatura de operaci\u00f3n: -10 \u00baC hasta 55 \u00baC<\/li>\n<li>Dimensiones: 200 \u00d7 200 \u00d7 45 mm (W \u00d7 D \u00d7 H)<\/li>\n<li>Peso: 0.8 Kg sin disco duro.<\/li>\n<li>Nota: No soporta canal cero.<\/li>\n<li>No soporta control remoto.<\/li>\n<li>Garantia: 2 a\u00f1os.<\/li>\n<\/ul>\n<\/div>\n<\/div>\n<div class=\"col-sm-4\">\n<div><strong>Interfaces Entradas \/ Salidas:<\/strong><\/p>\n<ul>\n<li>Entrada de video:\n<ul>\n<li>8 canales (BNC, 1.0Vp-p, 75\u03a9).<\/li>\n<\/ul>\n<\/li>\n<li>Salida de video:\n<ul>\n<li>HDMI\/VGA: 1920\u00d71080, 1280\u00d71024, 1280\u00d7720, 1024\u00d7768.<\/li>\n<\/ul>\n<\/li>\n<li>Entrada audio: 1 (RCA, 2.0 Vp-p, 1K\u03a9).<\/li>\n<li>8 Entradas de audio por coaxitron (<a href=\"https:\/\/www.syscom.mx\/principal\/promociones\/camaras_con_audio_por_coaxitron_2_mp-5477.html?ordenar=Relevancia&amp;pag=1\" target=\"_blank\" rel=\"noopener\">modelos compatibles<\/a>).<\/li>\n<li>Salida audio: 1 (RCA, 2.0 Vp-p, 1K\u03a9).<\/li>\n<li>Entrada alarma: N\/A<\/li>\n<li>Salida alarma: N\/A<\/li>\n<li>Interfaz USB: 2 puerto (2.0) trasero.<\/li>\n<li>Interfaz red: 1 puetos (RJ-45 10\/100 Mbps).<\/li>\n<li>Capacidad HDD: 1 @ 4 TB.<\/li>\n<\/ul>\n<p><strong>Para utilizar audio de 2 v\u00edas se recomienda colocar un micr\u00f3fono en la entrada de audio, no se recomienda para audio de 2 v\u00edas una c\u00e1mara con audio por coaxitron<\/strong><\/p>\n<\/div>\n<\/div>\n<\/div>\n<p>&nbsp;<\/p>\n<div class=\"row\">\n<div class=\"col-sm-12\">\n<div><strong>Compresi\u00f3n y resoluci\u00f3n:<\/strong><\/p>\n<ul>\n<li>H.265Pro+ \/ H.265Pro \/ H.265 \/ H.264+ \/ H.264.<\/li>\n<li>HD-TVI: 1080P Lite @ 30 IPS.<\/li>\n<li>HD-CVI: 1080P Lite @ 30 IPS.<\/li>\n<li>AHD: 1080P Lite @ 30 IPS.<\/li>\n<li>CVBS: WD1 @ 30 IPS.<\/li>\n<li>IP: 5 Megapixel.<\/li>\n<\/ul>\n<\/div>\n<\/div>\n<\/div>\n<div class=\"row\">\n<div class=\"col-sm-12\">\n<div><\/div>\n<\/div>\n<\/div>\n<p>&nbsp;<\/p>\n<h1><strong>Recursos<\/strong><\/h1>\n<p>&nbsp;<\/p>\n<div class=\"row default_margin_bottom\">\n<div class=\"col-sm-4\"><a href=\"https:\/\/www.hikvision.com\/es-la\/support\/download\/software\/ivms4200-series\/?q=serie%20ivms4200&amp;position=1\" target=\"_blank\" rel=\"noopener\"><img decoding=\"async\" class=\"img-responsive\" src=\"https:\/\/ftp3.syscom.mx\/usuarios\/gmagos\/HIK\/IP\/IPC\/Imagenes%20pagina\/Descargas%20IVMS4200.jpg\" \/><\/a><\/div>\n<div class=\"col-sm-4\"><a href=\"https:\/\/appstore.hikvision.com\/\" target=\"_blank\" rel=\"noopener\"><img decoding=\"async\" class=\"img-responsive\" src=\"https:\/\/ftp3.syscom.mx\/usuarios\/gmagos\/HIK\/IP\/IPC\/Imagenes%20pagina\/Descargas%20de%20app.jpg\" \/><\/a><\/div>\n<div class=\"col-sm-4\"><a href=\"https:\/\/ftp3.syscom.mx\/usuarios\/jsosa\/HIKVISION\/specs\/DVR\/DS7100HGHIK1S\/Datasheet%20of%20DS-7100HGHI-K1%20V4.30.200%2020200331.pdf\" target=\"_blank\" rel=\"noopener\"><img decoding=\"async\" class=\"img-responsive\" src=\"https:\/\/ftp3.syscom.mx\/usuarios\/gmagos\/HIK\/IP\/IPC\/Imagenes%20pagina\/Descarga%20de%20PDF.jpg\" \/><\/a><\/div>\n<\/div>\n<p><img decoding=\"async\" src=\"https:\/\/ftp3.syscom.mx\/usuarios\/fotos\/S04TURBOG3\/195128-explicaci%C3%B3n_acusense_turbohd.jpeg\" alt=\"\" width=\"100%\" \/><\/p>\n<p>&nbsp;<\/p>\n<p><img decoding=\"async\" class=\"fr-fic fr-dii\" src=\"https:\/\/ftp3.syscom.mx\/usuarios\/jsosa\/HIKVISION\/imagenes\/banners\/solution%20complete.png\" \/><\/p>\n<p>&nbsp;<\/p>\n<\/div>\n<\/div>\n<\/div>\n<\/div>\n<\/div>\n<\/div>\n<p><img decoding=\"async\" class=\"aligncenter\" src=\"https:\/\/tracker.metricool.com\/c3po.jpg?hash=95c94f37730bb8f54dd4308f1f878f9\" \/><\/p>\n","protected":false},"excerpt":{"rendered":"<p>Informaci\u00f3n de Producto DVR 2 Megapixel (1080P) Lite \/ 8 Canales TURBOHD + 2 Canales IP \/ 1 Bah\u00eda de Disco Duro \/ H.265+ \/ 1 Canal de Audio \/ Audio por Coaxitron \/ Salida de v\u00eddeo Full HD Modelo:\u00a0DS-7108HGHI-K1(S) Marca:\u00a0HIKVISION Especificaciones: &nbsp; &nbsp; Caracter\u00edsticas&hellip;<\/p>\n","protected":false},"featured_media":1696,"comment_status":"open","ping_status":"closed","template":"","meta":{"om_disable_all_campaigns":false,"_monsterinsights_skip_tracking":false,"_monsterinsights_sitenote_active":false,"_monsterinsights_sitenote_note":"","_monsterinsights_sitenote_category":0},"product_brand":[],"product_cat":[56],"product_tag":[58,59,57],"class_list":{"0":"post-882","1":"product","2":"type-product","3":"status-publish","4":"has-post-thumbnail","6":"product_cat-videograbadoras-analogicas-turbohd-tvi-ahd-cvi","7":"product_tag-dvr","8":"product_tag-videograbadora","9":"product_tag-videograbadoras-analogicas-turbohd-tvi-ahd-cvi","11":"first","12":"instock","13":"taxable","14":"shipping-taxable","15":"product-type-simple"},"aioseo_notices":[],"_links":{"self":[{"href":"https:\/\/tecsecmty.com\/index.php\/wp-json\/wp\/v2\/product\/882","targetHints":{"allow":["GET"]}}],"collection":[{"href":"https:\/\/tecsecmty.com\/index.php\/wp-json\/wp\/v2\/product"}],"about":[{"href":"https:\/\/tecsecmty.com\/index.php\/wp-json\/wp\/v2\/types\/product"}],"replies":[{"embeddable":true,"href":"https:\/\/tecsecmty.com\/index.php\/wp-json\/wp\/v2\/comments?post=882"}],"version-history":[{"count":2,"href":"https:\/\/tecsecmty.com\/index.php\/wp-json\/wp\/v2\/product\/882\/revisions"}],"predecessor-version":[{"id":1697,"href":"https:\/\/tecsecmty.com\/index.php\/wp-json\/wp\/v2\/product\/882\/revisions\/1697"}],"wp:featuredmedia":[{"embeddable":true,"href":"https:\/\/tecsecmty.com\/index.php\/wp-json\/wp\/v2\/media\/1696"}],"wp:attachment":[{"href":"https:\/\/tecsecmty.com\/index.php\/wp-json\/wp\/v2\/media?parent=882"}],"wp:term":[{"taxonomy":"product_brand","embeddable":true,"href":"https:\/\/tecsecmty.com\/index.php\/wp-json\/wp\/v2\/product_brand?post=882"},{"taxonomy":"product_cat","embeddable":true,"href":"https:\/\/tecsecmty.com\/index.php\/wp-json\/wp\/v2\/product_cat?post=882"},{"taxonomy":"product_tag","embeddable":true,"href":"https:\/\/tecsecmty.com\/index.php\/wp-json\/wp\/v2\/product_tag?post=882"}],"curies":[{"name":"wp","href":"https:\/\/api.w.org\/{rel}","templated":true}]}}