{"id":8823,"date":"2023-02-23T22:30:03","date_gmt":"2023-02-24T04:30:03","guid":{"rendered":"https:\/\/tecsecmty.com\/index.php\/producto\/zkteco-kr1000-lector-esclavo-de-tarjetas-rfid-125-khz-tarjeta-tipo-clamshell-zas475002-conexion-wiegand-26-bits-requiere-panel-de-control-de-acceso-c3xxx\/"},"modified":"2023-03-22T23:25:23","modified_gmt":"2023-03-23T05:25:23","slug":"zkteco-kr1000-lector-esclavo-de-tarjetas-rfid-125-khz-tarjeta-tipo-clamshell-zas475002-conexion-wiegand-26-bits-requiere-panel-de-control-de-acceso-c3xxx","status":"publish","type":"product","link":"https:\/\/tecsecmty.com\/index.php\/producto\/zkteco-kr1000-lector-esclavo-de-tarjetas-rfid-125-khz-tarjeta-tipo-clamshell-zas475002-conexion-wiegand-26-bits-requiere-panel-de-control-de-acceso-c3xxx\/","title":{"rendered":"ZKTECO KR1000 &#8211; Lector Esclavo de Tarjetas RFID 125 Khz, Tarjeta Tipo ClamShell (ZAS475002) \/ Conexi\u00f3n Wiegand 26 bits, Requiere Panel de Control de Acceso C3XXX"},"content":{"rendered":"<div class=\"row aling-items-center padding-bottom-2x\">\n<div class=\"col-lg-12\">\n<h5 class=\"card-title text-center\">Informaci\u00f3n General<\/h5>\n<p>RFID (siglas de Radio Frequency IDentification, en espa\u00f1ol identificaci\u00f3n por radiofrecuencia) es un sistema de almacenamiento y recuperaci\u00f3n de datos remoto que usa dispositivos denominados etiquetas, tarjetas, transpondedores o tags RFID. El prop\u00f3sito fundamental de la tecnolog\u00eda RFID es transmitir la identidad de un objeto (similar a un n\u00famero de serie \u00fanico) mediante ondas de radio. Las tecnolog\u00edas RFID se agrupan dentro de las denominadas Auto ID (automatic identification, o identificaci\u00f3n autom\u00e1tica).<\/p>\n<p>Las etiquetas RFID son unos dispositivos peque\u00f1os, similares a una pegatina, que pueden ser adheridas o incorporadas a un producto, un animal o una persona. Contienen antenas para permitirles recibir y responder a peticiones por radiofrecuencia desde un emisor-receptor RFID. Las etiquetas pasivas no necesitan alimentaci\u00f3n el\u00e9ctrica interna, mientras que las activas s\u00ed lo requieren. Una de las ventajas del uso de radiofrecuencia (en lugar, por ejemplo, de infrarrojos) es que no se requiere visi\u00f3n directa entre emisor y receptor.<\/p>\n<p>Las lectoras especiales de largo alcance de la marca ZK, son la mejor opci\u00f3n para las integraciones en control de acceso vehicular o peatonal, as\u00ed como el control de asistencia, con su alcance puede tener una amplia cobertura en los sistemas a implementar, con su comunicaci\u00f3n wiegand 26 bit puede tener la versatilidad y compatibilidad con muchos de los sistemas de control de acceso disponibles y con su protecci\u00f3n IP65 nada podr\u00e1 detenerlo.<\/p>\n<p><img decoding=\"async\" class=\"overview-center-img-web\" src=\"https:\/\/tvc.mx\/media\/275519\/Lectora-Esclavo-de-Tarjetas-ID-lectura-hasta-80cm-con-Tarjeta-Tipo-Clamshell-Descripci%C3%B3n-KR1000-ZKTECO.png\" alt=\"\" \/><\/div>\n<\/div>\n<div class=\"row align-items-center padding-bottom-2x\">\n<div class=\"col-md-5 order-md-2\"><img decoding=\"async\" class=\"d-block m-auto img-thumbnail\" src=\"https:\/\/tvc.mx\/media\/273651\/Lectora-Esclavo-de-Tarjetas-ID-lectura-hasta-80cm-con-Tarjeta-Tipo-Clamshell-Caracter%C3%ADsticas-KR1000-ZKTECO.png\" alt=\" \" \/><\/div>\n<div class=\"col-md-7 order-md-1 text-md-left text-center\">\n<h2>Principales Caracter\u00edsticas<\/h2>\n<p class=\"text-muted\">\n<p>Recibir informaci\u00f3n de tarjetas RFID para transferirlas a los paneles de control o controles de acceso conectados<\/p>\n<p>Interfaz wiegand 26bit<\/p>\n<p>Dise\u00f1o compacto y moderno<\/p>\n<p>Para exterior IP65<\/p>\n<p>Lector de tarjetas ID<\/p>\n<p>&nbsp;<\/p>\n<\/div>\n<\/div>\n<hr class=\"padding-bottom-2x\" \/>\n<div class=\"row align-items-center padding-bottom-2x\">\n<div class=\"col-md-5\"><img decoding=\"async\" class=\"d-block m-auto img-thumbnail\" src=\"https:\/\/tvc.mx\/media\/273655\/Lectora-Esclavo-de-Tarjetas-ID-lectura-hasta-80cm-con-Tarjeta-Tipo-Clamshell-Especificaciones-KR1000-ZKTECO.png\" alt=\" \" \/><\/div>\n<div class=\"col-md-7 text-md-left text-center\">\n<h2>Especificaciones T\u00e9cnicas<\/h2>\n<p class=\"text-muted\">\n<p>Rango de lectura: Mediano alcance<\/p>\n<p>Tarjeta recomendad: Tarjetas perforadas tipo clamshell para un mayor alcance, (ZAS475002).<\/p>\n<p>Tiempo de lectura: menos de 200ms<\/p>\n<p>Voltaje: 10-15 VCD \/ 3000 mA<\/p>\n<p>Temperatura: -20\u00b0 a 55\u00b0 C<\/p>\n<p>Humedad: 15% a 90%<\/p>\n<p>Color: Negro<\/p>\n<p>Material:\u00a0pl\u00e1stico ABS<\/p>\n<p>Dimensiones: 240mm x 235mm x 35mm<\/p>\n<p>Peso: 1.2KG<\/p>\n<p>Indice de proteccion: IP65<\/p>\n<\/div>\n<\/div>\n","protected":false},"excerpt":{"rendered":"<p>Informaci\u00f3n General RFID (siglas de Radio Frequency IDentification, en espa\u00f1ol identificaci\u00f3n por radiofrecuencia) es un sistema de almacenamiento y recuperaci\u00f3n de datos remoto que usa dispositivos denominados etiquetas, tarjetas, transpondedores o tags RFID. El prop\u00f3sito fundamental de la tecnolog\u00eda RFID es transmitir la identidad de&hellip;<\/p>\n","protected":false},"featured_media":8822,"comment_status":"open","ping_status":"closed","template":"","meta":{"om_disable_all_campaigns":false,"_monsterinsights_skip_tracking":false,"_monsterinsights_sitenote_active":false,"_monsterinsights_sitenote_note":"","_monsterinsights_sitenote_category":0},"product_brand":[],"product_cat":[819],"product_tag":[81,727,730,66,731,728,729],"class_list":{"0":"post-8823","1":"product","2":"type-product","3":"status-publish","4":"has-post-thumbnail","6":"product_cat-proximidad-control-de-acceso-zkteco-acceso-asistencia","7":"product_tag-acceso-y-asistencia","8":"product_tag-cerraduras","9":"product_tag-commax-wulian","10":"product_tag-dahua","11":"product_tag-wejoin","12":"product_tag-yli","13":"product_tag-zkteco","15":"first","16":"instock","17":"sale","18":"taxable","19":"shipping-taxable","20":"purchasable","21":"product-type-simple"},"aioseo_notices":[],"_links":{"self":[{"href":"https:\/\/tecsecmty.com\/index.php\/wp-json\/wp\/v2\/product\/8823","targetHints":{"allow":["GET"]}}],"collection":[{"href":"https:\/\/tecsecmty.com\/index.php\/wp-json\/wp\/v2\/product"}],"about":[{"href":"https:\/\/tecsecmty.com\/index.php\/wp-json\/wp\/v2\/types\/product"}],"replies":[{"embeddable":true,"href":"https:\/\/tecsecmty.com\/index.php\/wp-json\/wp\/v2\/comments?post=8823"}],"version-history":[{"count":0,"href":"https:\/\/tecsecmty.com\/index.php\/wp-json\/wp\/v2\/product\/8823\/revisions"}],"wp:featuredmedia":[{"embeddable":true,"href":"https:\/\/tecsecmty.com\/index.php\/wp-json\/wp\/v2\/media\/8822"}],"wp:attachment":[{"href":"https:\/\/tecsecmty.com\/index.php\/wp-json\/wp\/v2\/media?parent=8823"}],"wp:term":[{"taxonomy":"product_brand","embeddable":true,"href":"https:\/\/tecsecmty.com\/index.php\/wp-json\/wp\/v2\/product_brand?post=8823"},{"taxonomy":"product_cat","embeddable":true,"href":"https:\/\/tecsecmty.com\/index.php\/wp-json\/wp\/v2\/product_cat?post=8823"},{"taxonomy":"product_tag","embeddable":true,"href":"https:\/\/tecsecmty.com\/index.php\/wp-json\/wp\/v2\/product_tag?post=8823"}],"curies":[{"name":"wp","href":"https:\/\/api.w.org\/{rel}","templated":true}]}}