{"id":8825,"date":"2023-02-23T22:30:05","date_gmt":"2023-02-24T04:30:05","guid":{"rendered":"https:\/\/tecsecmty.com\/index.php\/producto\/zkteco-kr500-lector-esclavo-de-tarjetas-id-125-khz-ip65-wiegand-26-led-indicador-de-estado\/"},"modified":"2023-03-22T23:25:23","modified_gmt":"2023-03-23T05:25:23","slug":"zkteco-kr500-lector-esclavo-de-tarjetas-id-125-khz-ip65-wiegand-26-led-indicador-de-estado","status":"publish","type":"product","link":"https:\/\/tecsecmty.com\/index.php\/producto\/zkteco-kr500-lector-esclavo-de-tarjetas-id-125-khz-ip65-wiegand-26-led-indicador-de-estado\/","title":{"rendered":"ZKTECO KR500 &#8211; Lector Esclavo de Tarjetas ID 125 Khz\/ IP65\/ Wiegand 26\/ LED Indicador de Estado"},"content":{"rendered":"<div class=\"row aling-items-center padding-bottom-2x\">\n<div class=\"col-lg-12\">\n<h5 class=\"card-title text-center\">Informaci\u00f3n General<\/h5>\n<p>RFID (siglas de Radio Frequency IDentification, en espa\u00f1ol identificaci\u00f3n por radiofrecuencia) es un sistema de almacenamiento y recuperaci\u00f3n de datos remoto que usa dispositivos denominados etiquetas, tarjetas, transpondedores o tags RFID. El prop\u00f3sito fundamental de la tecnolog\u00eda RFID es transmitir la identidad de un objeto (similar a un n\u00famero de serie \u00fanico) mediante ondas de radio. Las tecnolog\u00edas RFID se agrupan dentro de las denominadas Auto ID (automatic identification, o identificaci\u00f3n automatica). Las etiquetas RFID son unos dispositivos peque\u00f1os, similares a una pegatina, que pueden ser adheridas o incorporadas a un producto, un animal o una persona. Contienen antenas para permitirles recibir y responder a peticiones por radiofrecuencia desde un emisor-receptor RFID. Las etiquetas pasivas no necesitan alimentaci\u00f3n el\u00e9ctrica interna, mientras que las activas s\u00ed lo requieren. Una de las ventajas del uso de radiofrecuencia (en lugar, por ejemplo, de infrarrojos) es que no se requiere visi\u00f3n directa entre emisor y receptor.<\/p>\n<p><img decoding=\"async\" class=\"overview-center-img-web\" src=\"https:\/\/tvc.mx\/media\/47463\/kr500.jpg\" alt=\"\" \/><\/div>\n<\/div>\n<div class=\"row align-items-center padding-bottom-2x\">\n<div class=\"col-md-5\"><img decoding=\"async\" class=\"d-block m-auto img-thumbnail\" src=\"https:\/\/tvc.mx\/media\/47466\/kr500-400x300.jpg\" alt=\" \" \/><\/div>\n<div class=\"col-md-7 text-md-left text-center\">\n<h2>Principales Caracter\u00edsticas<\/h2>\n<p class=\"text-muted\">\n<p>El rango de lecturade hasta10 cm para la tarjeta deproximidad<\/p>\n<p>El control externoLED<\/p>\n<p>Control de la Sirenaexterna<\/p>\n<p>Interior \/ Exterioroperaci\u00f3n<\/p>\n<p>Moldeado en epoxis\u00f3lido<\/p>\n<p>Resistente al aguaIP65<\/p>\n<p>Protecci\u00f3n depolaridad inversa<\/p>\n<p>&nbsp;<\/p>\n<\/div>\n<\/div>\n<hr class=\"padding-bottom-2x\" \/>\n<div class=\"row align-items-center padding-bottom-2x\">\n<div class=\"col-md-5 order-md-2\"><img decoding=\"async\" class=\"d-block m-auto img-thumbnail\" src=\"https:\/\/tvc.mx\/media\/47478\/Sin-t%C3%ADtulo-3.jpg\" alt=\" \" \/><\/div>\n<div class=\"col-md-7 order-md-1 text-md-left text-center\">\n<h2>Especificaciones T\u00e9cnicas<\/h2>\n<p class=\"text-muted\">\n<p>Especificaciones<\/p>\n<p>Lector de tarjetas ID 125Khz<\/p>\n<p>Fuente de poder: 6 &#8211; 14 VCD @ 70mA<\/p>\n<p>Buzzer integrado<\/p>\n<p>Humedad relativa: 10 a 90%<\/p>\n<p>Tiempo de lectura: &lt;300ms<\/p>\n<p>Wiegand 26bit<\/p>\n<p>LED color rojo y verde<\/p>\n<p>Dimensiones:<\/p>\n<p>Altura: 7.8cm<\/p>\n<p>Profundidad: 1.6 cm<\/p>\n<p>Ancho Peso: 4.4 cm<\/p>\n<p>Total50g<\/p>\n<\/div>\n<\/div>\n","protected":false},"excerpt":{"rendered":"<p>Informaci\u00f3n General RFID (siglas de Radio Frequency IDentification, en espa\u00f1ol identificaci\u00f3n por radiofrecuencia) es un sistema de almacenamiento y recuperaci\u00f3n de datos remoto que usa dispositivos denominados etiquetas, tarjetas, transpondedores o tags RFID. El prop\u00f3sito fundamental de la tecnolog\u00eda RFID es transmitir la identidad de&hellip;<\/p>\n","protected":false},"featured_media":8824,"comment_status":"open","ping_status":"closed","template":"","meta":{"om_disable_all_campaigns":false,"_monsterinsights_skip_tracking":false,"_monsterinsights_sitenote_active":false,"_monsterinsights_sitenote_note":"","_monsterinsights_sitenote_category":0},"product_brand":[],"product_cat":[819],"product_tag":[81,727,730,66,731,728,729],"class_list":{"0":"post-8825","1":"product","2":"type-product","3":"status-publish","4":"has-post-thumbnail","6":"product_cat-proximidad-control-de-acceso-zkteco-acceso-asistencia","7":"product_tag-acceso-y-asistencia","8":"product_tag-cerraduras","9":"product_tag-commax-wulian","10":"product_tag-dahua","11":"product_tag-wejoin","12":"product_tag-yli","13":"product_tag-zkteco","15":"first","16":"instock","17":"sale","18":"taxable","19":"shipping-taxable","20":"purchasable","21":"product-type-simple"},"aioseo_notices":[],"_links":{"self":[{"href":"https:\/\/tecsecmty.com\/index.php\/wp-json\/wp\/v2\/product\/8825","targetHints":{"allow":["GET"]}}],"collection":[{"href":"https:\/\/tecsecmty.com\/index.php\/wp-json\/wp\/v2\/product"}],"about":[{"href":"https:\/\/tecsecmty.com\/index.php\/wp-json\/wp\/v2\/types\/product"}],"replies":[{"embeddable":true,"href":"https:\/\/tecsecmty.com\/index.php\/wp-json\/wp\/v2\/comments?post=8825"}],"version-history":[{"count":0,"href":"https:\/\/tecsecmty.com\/index.php\/wp-json\/wp\/v2\/product\/8825\/revisions"}],"wp:featuredmedia":[{"embeddable":true,"href":"https:\/\/tecsecmty.com\/index.php\/wp-json\/wp\/v2\/media\/8824"}],"wp:attachment":[{"href":"https:\/\/tecsecmty.com\/index.php\/wp-json\/wp\/v2\/media?parent=8825"}],"wp:term":[{"taxonomy":"product_brand","embeddable":true,"href":"https:\/\/tecsecmty.com\/index.php\/wp-json\/wp\/v2\/product_brand?post=8825"},{"taxonomy":"product_cat","embeddable":true,"href":"https:\/\/tecsecmty.com\/index.php\/wp-json\/wp\/v2\/product_cat?post=8825"},{"taxonomy":"product_tag","embeddable":true,"href":"https:\/\/tecsecmty.com\/index.php\/wp-json\/wp\/v2\/product_tag?post=8825"}],"curies":[{"name":"wp","href":"https:\/\/api.w.org\/{rel}","templated":true}]}}