{"id":8829,"date":"2023-02-23T22:30:11","date_gmt":"2023-02-24T04:30:11","guid":{"rendered":"https:\/\/tecsecmty.com\/index.php\/producto\/zkteco-proid10bm-lector-esclavo-de-tarjetas-mifare-frecuencia-13-56-mhz-conexion-wiegand-26-o-34-ajustable-ip65-compatible-con-paneles-serie-c3-o-inbio\/"},"modified":"2023-03-22T23:25:30","modified_gmt":"2023-03-23T05:25:30","slug":"zkteco-proid10bm-lector-esclavo-de-tarjetas-mifare-frecuencia-13-56-mhz-conexion-wiegand-26-o-34-ajustable-ip65-compatible-con-paneles-serie-c3-o-inbio","status":"publish","type":"product","link":"https:\/\/tecsecmty.com\/index.php\/producto\/zkteco-proid10bm-lector-esclavo-de-tarjetas-mifare-frecuencia-13-56-mhz-conexion-wiegand-26-o-34-ajustable-ip65-compatible-con-paneles-serie-c3-o-inbio\/","title":{"rendered":"ZKTECO PROID10BM &#8211; Lector Esclavo de Tarjetas Mifare \/ Frecuencia 13.56 Mhz \/ Conexi\u00f3n Wiegand 26 o 34 Ajustable \/ IP65 \/ Compatible con Paneles Serie C3 o InBio"},"content":{"rendered":"<div class=\"row aling-items-center padding-bottom-2x\">\n<div class=\"col-lg-12\">\n<h5 class=\"card-title text-center\">Informaci\u00f3n General<\/h5>\n<h4>La serie de lectores ProID est\u00e1 dise\u00f1ada para ofrecer diferentes opciones de tecnolog\u00edas en tarjetas a los clientes, tales como 13.56MHz MIFARE o 125KHz RF ID (ZTA2000005).<\/h4>\n<h4><\/h4>\n<h4>Con una robusta protecci\u00f3n a todo tipo de clima y un est\u00e9tico y moderno dise\u00f1o, la serie de lectores ProID es la mejor opci\u00f3n para aplicaciones en interior o exterior.<\/h4>\n<p><img decoding=\"async\" class=\"overview-center-img-web\" src=\"https:\/\/tvc.mx\/media\/286447\/Lector-Esclavo-Tarjetas-Mifare-Frecuencia-13.56Mhz-PROID10BM-ZK-TVC-Banner.png\" alt=\"\" \/><\/div>\n<\/div>\n<div class=\"row align-items-center padding-bottom-2x\">\n<div class=\"col-md-5\"><img decoding=\"async\" class=\"d-block m-auto img-thumbnail\" src=\"https:\/\/tvc.mx\/media\/286451\/Lector-Esclavo-Tarjetas-Mifare-Frecuencia-13.56Mhz-PROID10BM-ZK-TVC-Complemento.png\" alt=\" \" \/><\/div>\n<div class=\"col-md-7 text-md-left text-center\">\n<h2>Caracter\u00edsticas<\/h2>\n<p class=\"text-muted\">\n<ul>\n<li>Estabilidad y eficiencia de energ\u00eda.<\/li>\n<li>Luz LED<\/li>\n<li>Salida Wiegand ajustable en campo (26 \u00f3 34 bits).<\/li>\n<li>Dise\u00f1o a prueba de agua, ideal para aplicaciones en interior o exterior.<\/li>\n<li>Disponible en color negro<\/li>\n<li>Tarjetas compatibles MIFARE 13.56MHz<\/li>\n<\/ul>\n<p>&nbsp;<\/p>\n<\/div>\n<\/div>\n<hr class=\"padding-bottom-2x\" \/>\n<div class=\"row align-items-center padding-bottom-2x\">\n<div class=\"col-md-5 order-md-2\"><img decoding=\"async\" class=\"d-block m-auto img-thumbnail\" src=\"https:\/\/tvc.mx\/media\/286455\/Lector-Esclavo-Tarjetas-Mifare-Frecuencia-13.56Mhz-PROID10BM-ZK-TVC-Complemento2.png\" alt=\" \" \/><\/div>\n<div class=\"col-md-7 order-md-1 text-md-left text-center\">\n<h2>Especificaciones T\u00e9cnicas<\/h2>\n<p class=\"text-muted\">\n<p><strong>Rango de Lectura:<\/strong>\u00a03.5cm.<\/p>\n<p><strong>Tiempo de Lectura:<\/strong>\u00a0\u2264300ms<\/p>\n<p><strong>Voltaje de Operaci\u00f3n:<\/strong>\u00a07-13V DC<\/p>\n<p><strong>Consumo de Corriente:<\/strong>\u00a0&lt; 80mA<\/p>\n<p><strong>Temperatura de Operaci\u00f3n:<\/strong>\u00a0-20\u00b0c a 65\u00b0c<\/p>\n<p><strong>Humedad de Operaci\u00f3n:<\/strong>\u00a010% &#8211; 90%<\/p>\n<p><strong>\u00cdndice de Protecci\u00f3n:<\/strong>\u00a0IP65<\/p>\n<p><strong>Dimensiones:<\/strong>\u00a080.5 x 44 x 15mm<\/p>\n<\/div>\n<\/div>\n","protected":false},"excerpt":{"rendered":"<p>Informaci\u00f3n General La serie de lectores ProID est\u00e1 dise\u00f1ada para ofrecer diferentes opciones de tecnolog\u00edas en tarjetas a los clientes, tales como 13.56MHz MIFARE o 125KHz RF ID (ZTA2000005). Con una robusta protecci\u00f3n a todo tipo de clima y un est\u00e9tico y moderno dise\u00f1o, la&hellip;<\/p>\n","protected":false},"featured_media":8828,"comment_status":"open","ping_status":"closed","template":"","meta":{"om_disable_all_campaigns":false,"_monsterinsights_skip_tracking":false,"_monsterinsights_sitenote_active":false,"_monsterinsights_sitenote_note":"","_monsterinsights_sitenote_category":0},"product_brand":[],"product_cat":[819],"product_tag":[81,727,730,66,731,728,729],"class_list":{"0":"post-8829","1":"product","2":"type-product","3":"status-publish","4":"has-post-thumbnail","6":"product_cat-proximidad-control-de-acceso-zkteco-acceso-asistencia","7":"product_tag-acceso-y-asistencia","8":"product_tag-cerraduras","9":"product_tag-commax-wulian","10":"product_tag-dahua","11":"product_tag-wejoin","12":"product_tag-yli","13":"product_tag-zkteco","15":"first","16":"instock","17":"sale","18":"taxable","19":"shipping-taxable","20":"purchasable","21":"product-type-simple"},"aioseo_notices":[],"_links":{"self":[{"href":"https:\/\/tecsecmty.com\/index.php\/wp-json\/wp\/v2\/product\/8829","targetHints":{"allow":["GET"]}}],"collection":[{"href":"https:\/\/tecsecmty.com\/index.php\/wp-json\/wp\/v2\/product"}],"about":[{"href":"https:\/\/tecsecmty.com\/index.php\/wp-json\/wp\/v2\/types\/product"}],"replies":[{"embeddable":true,"href":"https:\/\/tecsecmty.com\/index.php\/wp-json\/wp\/v2\/comments?post=8829"}],"version-history":[{"count":0,"href":"https:\/\/tecsecmty.com\/index.php\/wp-json\/wp\/v2\/product\/8829\/revisions"}],"wp:featuredmedia":[{"embeddable":true,"href":"https:\/\/tecsecmty.com\/index.php\/wp-json\/wp\/v2\/media\/8828"}],"wp:attachment":[{"href":"https:\/\/tecsecmty.com\/index.php\/wp-json\/wp\/v2\/media?parent=8829"}],"wp:term":[{"taxonomy":"product_brand","embeddable":true,"href":"https:\/\/tecsecmty.com\/index.php\/wp-json\/wp\/v2\/product_brand?post=8829"},{"taxonomy":"product_cat","embeddable":true,"href":"https:\/\/tecsecmty.com\/index.php\/wp-json\/wp\/v2\/product_cat?post=8829"},{"taxonomy":"product_tag","embeddable":true,"href":"https:\/\/tecsecmty.com\/index.php\/wp-json\/wp\/v2\/product_tag?post=8829"}],"curies":[{"name":"wp","href":"https:\/\/api.w.org\/{rel}","templated":true}]}}